{"id":9285,"date":"2024-09-10T14:02:46","date_gmt":"2024-09-10T14:02:46","guid":{"rendered":"https:\/\/yousanusb.com\/?post_type=product&#038;p=9285"},"modified":"2025-11-10T09:16:20","modified_gmt":"2025-11-10T09:16:20","slug":"heart-shaped-wood-flash-drive-usb-with-gift-box-memory-stick-thumb-drivers","status":"publish","type":"product","link":"https:\/\/www.yousanusb.com\/es\/producto\/heart-shaped-wood-flash-drive-usb-with-gift-box-memory-stick-thumb-drivers\/","title":{"rendered":"Memoria USB de madera en forma de coraz\u00f3n con caja de regalo"},"content":{"rendered":"<p>Memoria USB de madera en forma de coraz\u00f3n: Esculpir el afecto en el grano de la madera, mezclando la practicidad con la ternura.<\/p>\n\n\n\n<p>Fabricada con madera maciza natural de primera calidad en forma de coraz\u00f3n, cada pieza presenta patrones \u00fanicos de madera natural con texturas c\u00e1lidas y delicadas. Su tama\u00f1o compacto cabe c\u00f3modamente en la palma de la mano, con los bordes pulidos en un acabado suave y redondeado. Sirve tanto de eficaz herramienta de almacenamiento como de rom\u00e1ntica muestra de afecto, transformando cada transferencia de archivos en un tierno ritual.<\/p>\n\n\n\n<div class=\"wp-block-columns is-layout-flex wp-container-core-columns-is-layout-1 wp-block-columns-is-layout-flex\">\n<div class=\"wp-block-column is-layout-flow wp-block-column-is-layout-flow\">\n<figure class=\"wp-block-image size-full\"><img fetchpriority=\"high\" decoding=\"async\" width=\"1000\" height=\"1000\" src=\"https:\/\/www.yousanusb.com\/wp-content\/uploads\/2024\/09\/bulk-wooden-usb-flash-drive.jpg\" alt=\"unidad flash usb de madera a granel\" class=\"wp-image-9288\" srcset=\"https:\/\/www.yousanusb.com\/wp-content\/uploads\/2024\/09\/bulk-wooden-usb-flash-drive.jpg 1000w, https:\/\/www.yousanusb.com\/wp-content\/uploads\/2024\/09\/bulk-wooden-usb-flash-drive-300x300.jpg 300w, https:\/\/www.yousanusb.com\/wp-content\/uploads\/2024\/09\/bulk-wooden-usb-flash-drive-150x150.jpg 150w, https:\/\/www.yousanusb.com\/wp-content\/uploads\/2024\/09\/bulk-wooden-usb-flash-drive-768x768.jpg 768w, https:\/\/www.yousanusb.com\/wp-content\/uploads\/2024\/09\/bulk-wooden-usb-flash-drive-600x600.jpg 600w, https:\/\/www.yousanusb.com\/wp-content\/uploads\/2024\/09\/bulk-wooden-usb-flash-drive-100x100.jpg 100w\" sizes=\"(max-width: 1000px) 100vw, 1000px\" \/><\/figure>\n<\/div>\n\n\n\n<div class=\"wp-block-column is-layout-flow wp-block-column-is-layout-flow\">\n<figure class=\"wp-block-image size-full\"><img decoding=\"async\" width=\"1000\" height=\"1000\" src=\"https:\/\/www.yousanusb.com\/wp-content\/uploads\/2024\/09\/cheap-custom-wood-usb-flash-drives.jpg\" alt=\"memorias usb de madera personalizadas baratas\" class=\"wp-image-9289\" srcset=\"https:\/\/www.yousanusb.com\/wp-content\/uploads\/2024\/09\/cheap-custom-wood-usb-flash-drives.jpg 1000w, https:\/\/www.yousanusb.com\/wp-content\/uploads\/2024\/09\/cheap-custom-wood-usb-flash-drives-300x300.jpg 300w, https:\/\/www.yousanusb.com\/wp-content\/uploads\/2024\/09\/cheap-custom-wood-usb-flash-drives-150x150.jpg 150w, https:\/\/www.yousanusb.com\/wp-content\/uploads\/2024\/09\/cheap-custom-wood-usb-flash-drives-768x768.jpg 768w, https:\/\/www.yousanusb.com\/wp-content\/uploads\/2024\/09\/cheap-custom-wood-usb-flash-drives-600x600.jpg 600w, https:\/\/www.yousanusb.com\/wp-content\/uploads\/2024\/09\/cheap-custom-wood-usb-flash-drives-100x100.jpg 100w\" sizes=\"(max-width: 1000px) 100vw, 1000px\" \/><\/figure>\n<\/div>\n<\/div>\n\n\n\n<p>Caracter\u00edsticas principales<\/p>\n\n\n\n<p>Est\u00e9tica rom\u00e1ntica: La cl\u00e1sica forma de coraz\u00f3n combinada con las vetas de madera natural elimina la frialdad del pl\u00e1stico. Cada veta es un regalo de la naturaleza, por lo que al sostenerla se siente como una ficha de madera imbuida de amor.<\/p>\n\n\n\n<p>Material fiable: Fabricado con madera maciza de primera calidad, es robusto y resistente a golpes y da\u00f1os. Su textura c\u00e1lida y agradable a la piel mantiene su calidad incluso con un uso prolongado.<\/p>\n\n\n\n<div class=\"wp-block-columns is-layout-flex wp-container-core-columns-is-layout-2 wp-block-columns-is-layout-flex\">\n<div class=\"wp-block-column is-layout-flow wp-block-column-is-layout-flow\">\n<figure class=\"wp-block-image size-full\"><img decoding=\"async\" width=\"1000\" height=\"1000\" src=\"https:\/\/www.yousanusb.com\/wp-content\/uploads\/2024\/09\/china-64gb-usb-wooden-flash-drive-customized.jpg\" alt=\"china 64gb usb unidad flash de madera personalizada\" class=\"wp-image-9291\" srcset=\"https:\/\/www.yousanusb.com\/wp-content\/uploads\/2024\/09\/china-64gb-usb-wooden-flash-drive-customized.jpg 1000w, https:\/\/www.yousanusb.com\/wp-content\/uploads\/2024\/09\/china-64gb-usb-wooden-flash-drive-customized-300x300.jpg 300w, https:\/\/www.yousanusb.com\/wp-content\/uploads\/2024\/09\/china-64gb-usb-wooden-flash-drive-customized-150x150.jpg 150w, https:\/\/www.yousanusb.com\/wp-content\/uploads\/2024\/09\/china-64gb-usb-wooden-flash-drive-customized-768x768.jpg 768w, https:\/\/www.yousanusb.com\/wp-content\/uploads\/2024\/09\/china-64gb-usb-wooden-flash-drive-customized-600x600.jpg 600w, https:\/\/www.yousanusb.com\/wp-content\/uploads\/2024\/09\/china-64gb-usb-wooden-flash-drive-customized-100x100.jpg 100w\" sizes=\"(max-width: 1000px) 100vw, 1000px\" \/><\/figure>\n<\/div>\n\n\n\n<div class=\"wp-block-column is-layout-flow wp-block-column-is-layout-flow\">\n<figure class=\"wp-block-image size-full\"><img loading=\"lazy\" decoding=\"async\" width=\"1000\" height=\"1000\" src=\"https:\/\/www.yousanusb.com\/wp-content\/uploads\/2024\/09\/china-64gb-usb-wooden-flash-drive.jpg\" alt=\"china 64gb usb unidad flash de madera\" class=\"wp-image-9290\" srcset=\"https:\/\/www.yousanusb.com\/wp-content\/uploads\/2024\/09\/china-64gb-usb-wooden-flash-drive.jpg 1000w, https:\/\/www.yousanusb.com\/wp-content\/uploads\/2024\/09\/china-64gb-usb-wooden-flash-drive-300x300.jpg 300w, https:\/\/www.yousanusb.com\/wp-content\/uploads\/2024\/09\/china-64gb-usb-wooden-flash-drive-150x150.jpg 150w, https:\/\/www.yousanusb.com\/wp-content\/uploads\/2024\/09\/china-64gb-usb-wooden-flash-drive-768x768.jpg 768w, https:\/\/www.yousanusb.com\/wp-content\/uploads\/2024\/09\/china-64gb-usb-wooden-flash-drive-600x600.jpg 600w, https:\/\/www.yousanusb.com\/wp-content\/uploads\/2024\/09\/china-64gb-usb-wooden-flash-drive-100x100.jpg 100w\" sizes=\"(max-width: 1000px) 100vw, 1000px\" \/><\/figure>\n<\/div>\n<\/div>\n\n\n\n<p>Rendimiento: Equipado con una interfaz USB de alta velocidad para una lectura y escritura r\u00e1pidas y sin retrasos. Compatible con ordenadores, tabletas, sistemas de coche y mucho m\u00e1s, almacena sin esfuerzo fotos, v\u00eddeos, documentos y datos cotidianos.<\/p>\n\n\n\n<p>Escenarios vers\u00e1tiles: Perfecto como regalo considerado entre parejas, un elegante organizador de oficina para documentos o un creativo regalo de cumplea\u00f1os\/aniversario, que combina recuerdos entra\u00f1ables con funcionalidad pr\u00e1ctica.<\/p>","protected":false},"excerpt":{"rendered":"<ul>\n<li>Dise\u00f1o en forma de coraz\u00f3n<\/li>\n<li>Material de madera<\/li>\n<li>Adecuado para regalo<\/li>\n<li>Mayor velocidad y alta calidad<\/li>\n<li>Fiabilidad y seguridad<\/li>\n<li>Ideal para todos los usos<\/li>\n<\/ul>","protected":false},"featured_media":9287,"comment_status":"open","ping_status":"closed","template":"","meta":{"_seopress_robots_primary_cat":"none","_seopress_titles_title":"","_seopress_titles_desc":"","_seopress_robots_index":""},"class_list":["post-9285","product","type-product","status-publish","has-post-thumbnail","hentry","product_cat-wooden-usb-flash-drive","product_tag-bulk-wooden-heart-shape-usb-flash-drive"],"_links":{"self":[{"href":"https:\/\/www.yousanusb.com\/es\/wp-json\/wp\/v2\/product\/9285"}],"collection":[{"href":"https:\/\/www.yousanusb.com\/es\/wp-json\/wp\/v2\/product"}],"about":[{"href":"https:\/\/www.yousanusb.com\/es\/wp-json\/wp\/v2\/types\/product"}],"replies":[{"embeddable":true,"href":"https:\/\/www.yousanusb.com\/es\/wp-json\/wp\/v2\/comments?post=9285"}],"wp:featuredmedia":[{"embeddable":true,"href":"https:\/\/www.yousanusb.com\/es\/wp-json\/wp\/v2\/media\/9287"}],"wp:attachment":[{"href":"https:\/\/www.yousanusb.com\/es\/wp-json\/wp\/v2\/media?parent=9285"}],"curies":[{"name":"wp","href":"https:\/\/api.w.org\/{rel}","templated":true}]}}