{"id":9316,"date":"2024-09-10T14:52:05","date_gmt":"2024-09-10T14:52:05","guid":{"rendered":"https:\/\/yousanusb.com\/?post_type=product&#038;p=9316"},"modified":"2025-10-06T00:27:56","modified_gmt":"2025-10-06T00:27:56","slug":"usb-flash-drive-with-keychains-sleek-metal-usb-thumb-drives-memory-stick","status":"publish","type":"product","link":"https:\/\/www.yousanusb.com\/es\/producto\/usb-flash-drive-with-keychains-sleek-metal-usb-thumb-drives-memory-stick\/","title":{"rendered":"Memoria USB Tri\u00e1ngulo de Metal"},"content":{"rendered":"<h2 class=\"wp-block-heading\">\u00bfQu\u00e9 es una memoria USB Tri\u00e1ngulo de Metal? <\/h2>\n\n\n\n<div class=\"wp-block-columns is-layout-flex wp-container-core-columns-is-layout-1 wp-block-columns-is-layout-flex\">\n<div class=\"wp-block-column is-layout-flow wp-block-column-is-layout-flow\"><div class=\"wp-block-image\">\n<figure class=\"aligncenter size-full is-resized\"><img fetchpriority=\"high\" decoding=\"async\" width=\"790\" height=\"790\" src=\"https:\/\/yousanusb.com\/wp-content\/uploads\/2024\/09\/Triangular-Metal-USB-Drive.jpg\" alt=\"Memoria USB triangular de metal\" class=\"wp-image-17338\" style=\"width:450px\" srcset=\"https:\/\/www.yousanusb.com\/wp-content\/uploads\/2024\/09\/Triangular-Metal-USB-Drive.jpg 790w, https:\/\/www.yousanusb.com\/wp-content\/uploads\/2024\/09\/Triangular-Metal-USB-Drive-300x300.jpg 300w, https:\/\/www.yousanusb.com\/wp-content\/uploads\/2024\/09\/Triangular-Metal-USB-Drive-150x150.jpg 150w, https:\/\/www.yousanusb.com\/wp-content\/uploads\/2024\/09\/Triangular-Metal-USB-Drive-768x768.jpg 768w, https:\/\/www.yousanusb.com\/wp-content\/uploads\/2024\/09\/Triangular-Metal-USB-Drive-12x12.jpg 12w, https:\/\/www.yousanusb.com\/wp-content\/uploads\/2024\/09\/Triangular-Metal-USB-Drive-600x600.jpg 600w, https:\/\/www.yousanusb.com\/wp-content\/uploads\/2024\/09\/Triangular-Metal-USB-Drive-100x100.jpg 100w\" sizes=\"(max-width: 790px) 100vw, 790px\" \/><\/figure><\/div><\/div>\n\n\n\n<div class=\"wp-block-column is-vertically-aligned-center is-layout-flow wp-block-column-is-layout-flow\">\n<p>La unidad flash USB Tri\u00e1ngulo de Metal es un dispositivo de almacenamiento port\u00e1til que presenta un cuerpo principal rectangular alargado con un innovador dise\u00f1o triangular hueco en un extremo, totalmente recubierto de metal liso.<\/p>\n\n\n\n<p>Rompiendo con las formas convencionales de los USB, fusiona la est\u00e9tica geom\u00e9trica con funciones pr\u00e1cticas, satisfaciendo las necesidades de almacenamiento de datos a la vez que destaca como un accesorio con estilo tanto en los negocios como en los escenarios cotidianos.<\/p>\n<\/div>\n<\/div>\n\n\n\n<h2 class=\"wp-block-heading\">\u00bfCu\u00e1l es el estilo de dise\u00f1o de la memoria USB Tri\u00e1ngulo de metal? <\/h2>\n\n\n\n<p>Esta unidad USB se adhiere a un concepto minimalista de dise\u00f1o met\u00e1lico: utilizando un marco rectangular recto y alargado, abandona las decoraciones elaboradas, perfilando una silueta lisa y resistente con l\u00edneas geom\u00e9tricas puras, encarnando el ethos \"menos es m\u00e1s\" del dise\u00f1o moderno. El material met\u00e1lico imparte una textura fr\u00eda pero delicada, con una superficie brillante que refleja un ligero ambiente de lujo que realza la sensaci\u00f3n de calidad superior de los productos tecnol\u00f3gicos.<\/p>\n\n\n\n<p>Lo m\u00e1s destacado es el dise\u00f1o hueco triangular de la parte superior: el contorno del tri\u00e1ngulo no est\u00e1 cortado con dureza, sino que hace una transici\u00f3n natural con bordes curvos, formando un eco visual de \"l\u00edneas r\u00edgidas\" y \"arcos suaves\" con el cuerpo rectangular. Geom\u00e9tricamente, la colisi\u00f3n del tri\u00e1ngulo y el rect\u00e1ngulo rompe la monoton\u00eda de la tira larga al tiempo que crea un equilibrio visual a trav\u00e9s de proporciones precisas, sirviendo como punto de memoria central del dise\u00f1o.<\/p>\n\n\n\n<div class=\"wp-block-columns is-layout-flex wp-container-core-columns-is-layout-2 wp-block-columns-is-layout-flex\">\n<div class=\"wp-block-column is-layout-flow wp-block-column-is-layout-flow\"><div class=\"wp-block-image\">\n<figure class=\"aligncenter size-full is-resized\"><img decoding=\"async\" width=\"800\" height=\"800\" src=\"https:\/\/yousanusb.com\/wp-content\/uploads\/2024\/09\/O1CN014XQ84a28nWOS3LSDR_2215366637977-0-cib.jpg_.webp.jpg\" alt=\"Memoria USB met\u00e1lica con dise\u00f1o triangular1\" class=\"wp-image-17332\" style=\"width:450px\" srcset=\"https:\/\/www.yousanusb.com\/wp-content\/uploads\/2024\/09\/O1CN014XQ84a28nWOS3LSDR_2215366637977-0-cib.jpg_.webp.jpg 800w, https:\/\/www.yousanusb.com\/wp-content\/uploads\/2024\/09\/O1CN014XQ84a28nWOS3LSDR_2215366637977-0-cib.jpg_.webp-300x300.jpg 300w, https:\/\/www.yousanusb.com\/wp-content\/uploads\/2024\/09\/O1CN014XQ84a28nWOS3LSDR_2215366637977-0-cib.jpg_.webp-150x150.jpg 150w, https:\/\/www.yousanusb.com\/wp-content\/uploads\/2024\/09\/O1CN014XQ84a28nWOS3LSDR_2215366637977-0-cib.jpg_.webp-768x768.jpg 768w, https:\/\/www.yousanusb.com\/wp-content\/uploads\/2024\/09\/O1CN014XQ84a28nWOS3LSDR_2215366637977-0-cib.jpg_.webp-12x12.jpg 12w, https:\/\/www.yousanusb.com\/wp-content\/uploads\/2024\/09\/O1CN014XQ84a28nWOS3LSDR_2215366637977-0-cib.jpg_.webp-600x600.jpg 600w, https:\/\/www.yousanusb.com\/wp-content\/uploads\/2024\/09\/O1CN014XQ84a28nWOS3LSDR_2215366637977-0-cib.jpg_.webp-100x100.jpg 100w\" sizes=\"(max-width: 800px) 100vw, 800px\" \/><\/figure><\/div><\/div>\n\n\n\n<div class=\"wp-block-column is-layout-flow wp-block-column-is-layout-flow\"><div class=\"wp-block-image\">\n<figure class=\"aligncenter size-full is-resized\"><img decoding=\"async\" width=\"650\" height=\"650\" src=\"https:\/\/yousanusb.com\/wp-content\/uploads\/2024\/09\/Metal-USB-Flash-Drive-with-Triangular-Design.jpg\" alt=\"Memoria USB met\u00e1lica con dise\u00f1o triangular\" class=\"wp-image-17330\" style=\"width:400px\" srcset=\"https:\/\/www.yousanusb.com\/wp-content\/uploads\/2024\/09\/Metal-USB-Flash-Drive-with-Triangular-Design.jpg 650w, https:\/\/www.yousanusb.com\/wp-content\/uploads\/2024\/09\/Metal-USB-Flash-Drive-with-Triangular-Design-300x300.jpg 300w, https:\/\/www.yousanusb.com\/wp-content\/uploads\/2024\/09\/Metal-USB-Flash-Drive-with-Triangular-Design-150x150.jpg 150w, https:\/\/www.yousanusb.com\/wp-content\/uploads\/2024\/09\/Metal-USB-Flash-Drive-with-Triangular-Design-12x12.jpg 12w, https:\/\/www.yousanusb.com\/wp-content\/uploads\/2024\/09\/Metal-USB-Flash-Drive-with-Triangular-Design-600x600.jpg 600w, https:\/\/www.yousanusb.com\/wp-content\/uploads\/2024\/09\/Metal-USB-Flash-Drive-with-Triangular-Design-100x100.jpg 100w\" sizes=\"(max-width: 650px) 100vw, 650px\" \/><\/figure><\/div><\/div>\n<\/div>\n\n\n\n<h2 class=\"wp-block-heading\">Interfaces y par\u00e1metros de la memoria USB Tri\u00e1ngulo de Metal <\/h2>\n\n\n\n<figure class=\"wp-block-table\"><table class=\"has-fixed-layout\"><tbody><tr><td>Par\u00e1metro<\/td><td>USB 2.0<\/td><td>USB 3.0<\/td><td>Escenarios de aplicaci\u00f3n<\/td><\/tr><tr><td>Capacidad<\/td><td>8G\/16G\/32G<\/td><td>32G\/64G\/128G<\/td><td>Documentos diarios \/ transferencia de archivos peque\u00f1os<\/td><\/tr><tr><td>Dimensiones \/ Peso<\/td><td>39\u00d712\u00d74,5 mm \/ 15 g<\/td><td>39\u00d712\u00d74,5 mm \/ 15 g<\/td><td>Universal para todos los escenarios, ligero y sin cargas<\/td><\/tr><tr><td>Velocidad de lectura<\/td><td>15-25 MB\/s<\/td><td>80-150 MB\/s<\/td><td>Adecuado para el procesamiento de documentos de oficina<\/td><\/tr><tr><td>Velocidad de escritura<\/td><td>8-15 MB\/s<\/td><td>20-40 MB\/s<\/td><td>Almacenamiento de tareas de los estudiantes<\/td><\/tr><\/tbody><\/table><\/figure>\n\n\n\n<div style=\"height:50px\" aria-hidden=\"true\" class=\"wp-block-spacer\"><\/div>\n\n\n\n<h2 class=\"wp-block-heading\">\u00bfEn qu\u00e9 colores est\u00e1 disponible la memoria USB Tri\u00e1ngulo de metal?<\/h2>\n\n\n\n<div class=\"wp-block-columns is-layout-flex wp-container-core-columns-is-layout-3 wp-block-columns-is-layout-flex\">\n<div class=\"wp-block-column is-layout-flow wp-block-column-is-layout-flow\"><div class=\"wp-block-image\">\n<figure class=\"aligncenter size-full is-resized\"><img loading=\"lazy\" decoding=\"async\" width=\"800\" height=\"800\" src=\"https:\/\/yousanusb.com\/wp-content\/uploads\/2024\/09\/Gold-Triangle-Metal-USB-Flash-Drive.jpg\" alt=\"Memoria USB Tri\u00e1ngulo de Metal Dorado\" class=\"wp-image-17328\" style=\"width:450px\" srcset=\"https:\/\/www.yousanusb.com\/wp-content\/uploads\/2024\/09\/Gold-Triangle-Metal-USB-Flash-Drive.jpg 800w, https:\/\/www.yousanusb.com\/wp-content\/uploads\/2024\/09\/Gold-Triangle-Metal-USB-Flash-Drive-300x300.jpg 300w, https:\/\/www.yousanusb.com\/wp-content\/uploads\/2024\/09\/Gold-Triangle-Metal-USB-Flash-Drive-150x150.jpg 150w, https:\/\/www.yousanusb.com\/wp-content\/uploads\/2024\/09\/Gold-Triangle-Metal-USB-Flash-Drive-768x768.jpg 768w, https:\/\/www.yousanusb.com\/wp-content\/uploads\/2024\/09\/Gold-Triangle-Metal-USB-Flash-Drive-12x12.jpg 12w, https:\/\/www.yousanusb.com\/wp-content\/uploads\/2024\/09\/Gold-Triangle-Metal-USB-Flash-Drive-600x600.jpg 600w, https:\/\/www.yousanusb.com\/wp-content\/uploads\/2024\/09\/Gold-Triangle-Metal-USB-Flash-Drive-100x100.jpg 100w\" sizes=\"(max-width: 800px) 100vw, 800px\" \/><\/figure><\/div><\/div>\n\n\n\n<div class=\"wp-block-column is-vertically-aligned-center is-layout-flow wp-block-column-is-layout-flow\">\n<h3 class=\"wp-block-heading\">De oro: <\/h3>\n\n\n\n<p>Gracias a la tecnolog\u00eda de chapado al vac\u00edo a nivel nanom\u00e9trico, brilla como un amanecer dorado con luz intensa y aparece reservado como un halo de anta\u00f1o con luz tenue. <\/p>\n\n\n\n<p>El grano \u00fanico del metal evita que el oro resulte llamativo, sino que emana \"lujo discreto\". <\/p>\n\n\n\n<p>Este color es especialmente adecuado para los sectores de las finanzas, el lujo y otros, ya que transmite estabilidad de marca y estilo a trav\u00e9s del color.<\/p>\n<\/div>\n<\/div>\n\n\n\n<h3 class=\"wp-block-heading\"><\/h3>\n\n\n\n<div class=\"wp-block-columns is-layout-flex wp-container-core-columns-is-layout-4 wp-block-columns-is-layout-flex\">\n<div class=\"wp-block-column is-vertically-aligned-center is-layout-flow wp-block-column-is-layout-flow\">\n<h3 class=\"wp-block-heading\">De plata: <\/h3>\n\n\n\n<p>Tras 24 horas de tratamiento de anodizado, presenta una carcasa plateada mate arenada con una textura tan delicada como la arena fina bajo la yema de los dedos, asombrosamente resistente a las huellas dactilares. <\/p>\n\n\n\n<p>El fr\u00edo tono plateado transmite una \"vibraci\u00f3n tecnol\u00f3gica futurista\", en consonancia visual con los editores de c\u00f3digo y las interfaces de software de dise\u00f1o, lo que lo convierte en un \"compa\u00f1ero de oficina\" para programadores y dise\u00f1adores.<\/p>\n<\/div>\n\n\n\n<div class=\"wp-block-column is-layout-flow wp-block-column-is-layout-flow\"><div class=\"wp-block-image\">\n<figure class=\"aligncenter size-full is-resized\"><img loading=\"lazy\" decoding=\"async\" width=\"800\" height=\"800\" src=\"https:\/\/yousanusb.com\/wp-content\/uploads\/2024\/09\/Silver-Triangle-Metal-USB-Flash-Drive.jpg\" alt=\"Memoria USB triangular de metal plateado\" class=\"wp-image-17334\" style=\"width:450px\" srcset=\"https:\/\/www.yousanusb.com\/wp-content\/uploads\/2024\/09\/Silver-Triangle-Metal-USB-Flash-Drive.jpg 800w, https:\/\/www.yousanusb.com\/wp-content\/uploads\/2024\/09\/Silver-Triangle-Metal-USB-Flash-Drive-300x300.jpg 300w, https:\/\/www.yousanusb.com\/wp-content\/uploads\/2024\/09\/Silver-Triangle-Metal-USB-Flash-Drive-150x150.jpg 150w, https:\/\/www.yousanusb.com\/wp-content\/uploads\/2024\/09\/Silver-Triangle-Metal-USB-Flash-Drive-768x768.jpg 768w, https:\/\/www.yousanusb.com\/wp-content\/uploads\/2024\/09\/Silver-Triangle-Metal-USB-Flash-Drive-12x12.jpg 12w, https:\/\/www.yousanusb.com\/wp-content\/uploads\/2024\/09\/Silver-Triangle-Metal-USB-Flash-Drive-600x600.jpg 600w, https:\/\/www.yousanusb.com\/wp-content\/uploads\/2024\/09\/Silver-Triangle-Metal-USB-Flash-Drive-100x100.jpg 100w\" sizes=\"(max-width: 800px) 100vw, 800px\" \/><\/figure><\/div><\/div>\n<\/div>\n\n\n\n<h3 class=\"wp-block-heading\"><\/h3>\n\n\n\n<div class=\"wp-block-columns is-layout-flex wp-container-core-columns-is-layout-6 wp-block-columns-is-layout-flex\">\n<div class=\"wp-block-column is-layout-flow wp-block-column-is-layout-flow\">\n<div class=\"wp-block-columns is-layout-flex wp-container-core-columns-is-layout-5 wp-block-columns-is-layout-flex\">\n<div class=\"wp-block-column is-layout-flow wp-block-column-is-layout-flow\"><div class=\"wp-block-image\">\n<figure class=\"aligncenter size-full is-resized\"><img loading=\"lazy\" decoding=\"async\" width=\"800\" height=\"800\" src=\"https:\/\/yousanusb.com\/wp-content\/uploads\/2024\/09\/Pink-Triangle-Metal-USB-Flash-Drive.png\" alt=\"Memoria USB met\u00e1lica triangular rosa\" class=\"wp-image-17333\" style=\"width:450px\" srcset=\"https:\/\/www.yousanusb.com\/wp-content\/uploads\/2024\/09\/Pink-Triangle-Metal-USB-Flash-Drive.png 800w, https:\/\/www.yousanusb.com\/wp-content\/uploads\/2024\/09\/Pink-Triangle-Metal-USB-Flash-Drive-300x300.png 300w, https:\/\/www.yousanusb.com\/wp-content\/uploads\/2024\/09\/Pink-Triangle-Metal-USB-Flash-Drive-150x150.png 150w, https:\/\/www.yousanusb.com\/wp-content\/uploads\/2024\/09\/Pink-Triangle-Metal-USB-Flash-Drive-768x768.png 768w, https:\/\/www.yousanusb.com\/wp-content\/uploads\/2024\/09\/Pink-Triangle-Metal-USB-Flash-Drive-12x12.png 12w, https:\/\/www.yousanusb.com\/wp-content\/uploads\/2024\/09\/Pink-Triangle-Metal-USB-Flash-Drive-600x600.png 600w, https:\/\/www.yousanusb.com\/wp-content\/uploads\/2024\/09\/Pink-Triangle-Metal-USB-Flash-Drive-100x100.png 100w\" sizes=\"(max-width: 800px) 100vw, 800px\" \/><\/figure><\/div><\/div>\n<\/div>\n<\/div>\n\n\n\n<div class=\"wp-block-column is-vertically-aligned-center is-layout-flow wp-block-column-is-layout-flow\">\n<h3 class=\"wp-block-heading\">Rosa: <\/h3>\n\n\n\n<p>Rompiendo con la rigidez de los colores met\u00e1licos, mezcla la calidez del oro rosa con la dulzura del rosa flor de cerezo en una proporci\u00f3n de 3:7, presentando una textura transl\u00facida nacarada sobre la base de aleaci\u00f3n de aluminio. <\/p>\n\n\n\n<p>Este \"rosa met\u00e1lico\" equilibra h\u00e1bilmente dulzura y sofisticaci\u00f3n: cuando se combina con un llavero, a\u00f1ade un toque de vivacidad a un bolso para ir al trabajo; como regalo de graduaci\u00f3n para una mejor amiga, la concha rosa grabada con los nombres de cada una es a la vez pr\u00e1ctica y llena de recuerdos.<\/p>\n<\/div>\n<\/div>\n\n\n\n<h3 class=\"wp-block-heading\"><\/h3>\n\n\n\n<h2 class=\"wp-block-heading\">\u00bfSe puede personalizar la memoria USB Tri\u00e1ngulo de metal con un logotipo? <\/h2>\n\n\n\n<p>Admite la personalizaci\u00f3n de enlace completo para crear puntos de recuerdo de marca exclusivos tanto para el producto como para el envase:<\/p>\n\n\n\n<div class=\"wp-block-columns is-layout-flex wp-container-core-columns-is-layout-7 wp-block-columns-is-layout-flex\">\n<div class=\"wp-block-column is-vertically-aligned-center is-layout-flow wp-block-column-is-layout-flow\">\n<p>- Personalizaci\u00f3n del cuerpo: Tanto la parte delantera como la trasera se pueden personalizar:<\/p>\n\n\n\n<p>Grabado l\u00e1ser: Utilizando un l\u00e1ser de fibra de 30W, talla l\u00edneas delicadas de 0,1mm de profundidad en la superficie met\u00e1lica, adecuado para logotipos, firmas, fechas conmemorativas, etc., con resistencia al desgaste a nivel de ara\u00f1azos que no se desvanece despu\u00e9s de 5 a\u00f1os de uso.<\/p>\n\n\n\n<p>Impresi\u00f3n en seda: Utilizando tintas ecol\u00f3gicas importadas, puede presentar toda la gama de colores Pantone, admitiendo degradados y patrones multicolor para un fuerte impacto visual.<\/p>\n\n\n\n<p>Estampado en color: Un proceso de alta gama que consigue efectos estereosc\u00f3picos en 3D, con bordes elevados de 0,3 mm en el logotipo, lo que permite sentir la \"temperatura\" de la marca al tacto; ideal para la personalizaci\u00f3n de regalos de alta gama.<\/p>\n<\/div>\n\n\n\n<div class=\"wp-block-column is-layout-flow wp-block-column-is-layout-flow\"><div class=\"wp-block-image\">\n<figure class=\"aligncenter size-full is-resized\"><img loading=\"lazy\" decoding=\"async\" width=\"790\" height=\"788\" src=\"https:\/\/yousanusb.com\/wp-content\/uploads\/2024\/09\/Triangle-Metal-USB-Flash-Drive-with-logo.jpg\" alt=\"Memoria USB met\u00e1lica triangular con logotipo\" class=\"wp-image-17335\" style=\"width:450px\" srcset=\"https:\/\/www.yousanusb.com\/wp-content\/uploads\/2024\/09\/Triangle-Metal-USB-Flash-Drive-with-logo.jpg 790w, https:\/\/www.yousanusb.com\/wp-content\/uploads\/2024\/09\/Triangle-Metal-USB-Flash-Drive-with-logo-300x300.jpg 300w, https:\/\/www.yousanusb.com\/wp-content\/uploads\/2024\/09\/Triangle-Metal-USB-Flash-Drive-with-logo-150x150.jpg 150w, https:\/\/www.yousanusb.com\/wp-content\/uploads\/2024\/09\/Triangle-Metal-USB-Flash-Drive-with-logo-768x766.jpg 768w, https:\/\/www.yousanusb.com\/wp-content\/uploads\/2024\/09\/Triangle-Metal-USB-Flash-Drive-with-logo-12x12.jpg 12w, https:\/\/www.yousanusb.com\/wp-content\/uploads\/2024\/09\/Triangle-Metal-USB-Flash-Drive-with-logo-600x598.jpg 600w, https:\/\/www.yousanusb.com\/wp-content\/uploads\/2024\/09\/Triangle-Metal-USB-Flash-Drive-with-logo-100x100.jpg 100w\" sizes=\"(max-width: 790px) 100vw, 790px\" \/><\/figure><\/div><\/div>\n<\/div>\n\n\n\n<div class=\"wp-block-columns is-layout-flex wp-container-core-columns-is-layout-8 wp-block-columns-is-layout-flex\">\n<div class=\"wp-block-column is-layout-flow wp-block-column-is-layout-flow\"><div class=\"wp-block-image\">\n<figure class=\"aligncenter size-full is-resized\"><img loading=\"lazy\" decoding=\"async\" width=\"800\" height=\"800\" src=\"https:\/\/yousanusb.com\/wp-content\/uploads\/2024\/09\/Triangle-Metal-USB-Flash-Drive-with-Package-box.jpg\" alt=\"Memoria USB met\u00e1lica triangular con caja\" class=\"wp-image-17336\" style=\"width:450px\" srcset=\"https:\/\/www.yousanusb.com\/wp-content\/uploads\/2024\/09\/Triangle-Metal-USB-Flash-Drive-with-Package-box.jpg 800w, https:\/\/www.yousanusb.com\/wp-content\/uploads\/2024\/09\/Triangle-Metal-USB-Flash-Drive-with-Package-box-300x300.jpg 300w, https:\/\/www.yousanusb.com\/wp-content\/uploads\/2024\/09\/Triangle-Metal-USB-Flash-Drive-with-Package-box-150x150.jpg 150w, https:\/\/www.yousanusb.com\/wp-content\/uploads\/2024\/09\/Triangle-Metal-USB-Flash-Drive-with-Package-box-768x768.jpg 768w, https:\/\/www.yousanusb.com\/wp-content\/uploads\/2024\/09\/Triangle-Metal-USB-Flash-Drive-with-Package-box-12x12.jpg 12w, https:\/\/www.yousanusb.com\/wp-content\/uploads\/2024\/09\/Triangle-Metal-USB-Flash-Drive-with-Package-box-600x600.jpg 600w, https:\/\/www.yousanusb.com\/wp-content\/uploads\/2024\/09\/Triangle-Metal-USB-Flash-Drive-with-Package-box-100x100.jpg 100w\" sizes=\"(max-width: 800px) 100vw, 800px\" \/><\/figure><\/div><\/div>\n\n\n\n<div class=\"wp-block-column is-vertically-aligned-center is-layout-flow wp-block-column-is-layout-flow\">\n<p>- Mejoras de embalaje:<\/p>\n\n\n\n<p>B\u00e1sico: Bolsa de PP transparente (sencilla y ecol\u00f3gica, adecuada para el comercio electr\u00f3nico al por menor).<\/p>\n\n\n\n<p>Negocio: Caja de hojalata (el forro interior flocado protege la unidad USB, con personalizaci\u00f3n del logotipo estampado en oro en la superficie de la caja, preferida para compras corporativas).<\/p>\n\n\n\n<p>Caja de regalo: Caja de papel con tapa de cielo y tierra (con un coj\u00edn de tela de seda en el interior, que admite la impresi\u00f3n en cuatricrom\u00eda de historias de marca\/par\u00e1metros de producto-apta para cajas de regalo de festivales y regalos de acompa\u00f1antes de conferencias).<\/p>\n<\/div>\n<\/div>\n\n\n\n<h3 class=\"wp-block-heading\">P1: \u00bfSe perder\u00e1n los datos si la unidad USB se cae al agua un d\u00eda de lluvia? <\/h3>\n\n\n\n<p>A1: \u00a1No te preocupes! La carcasa met\u00e1lica presenta un dise\u00f1o impermeable de nivel IPX4 (resistente a salpicaduras e inmersiones de corta duraci\u00f3n), y la placa de circuitos interna est\u00e1 recubierta con un nano revestimiento impermeable.<\/p>\n\n\n\n<p>Aunque se caiga accidentalmente en un vaso de agua o se moje bajo la lluvia, puede seguir utiliz\u00e1ndose con normalidad despu\u00e9s de secarse. Con dise\u00f1o de estructura a prueba de golpes, no se da\u00f1a f\u00e1cilmente cuando se deja caer desde 1,5 metros a un suelo de m\u00e1rmol, proporcionando tranquilidad para el trabajo al aire libre y los viajes.<\/p>\n\n\n\n<h3 class=\"wp-block-heading\">P2: \u00bfSe deformar\u00e1 el hueco triangular despu\u00e9s de colgar un llavero durante mucho tiempo? <\/h3>\n\n\n\n<p>A2: \u00a1No! La zona hueca triangular se ha sometido a 5.000 pruebas de carga (colgar un peso de 1 kg para tirar repetidamente), con un grado de fatiga del metal de s\u00f3lo 0,05%, equivalente a colgar llaves 10 veces al d\u00eda durante 10 a\u00f1os sin que se deformen.<\/p>\n\n\n\n<p>El borde hueco tiene un grosor de 1,2 mm, 3 veces m\u00e1s resistente que los orificios para colgar USB normales, con lo que se consigue realmente \"tanto apariencia como durabilidad\".<\/p>\n\n\n\n<p><\/p>","protected":false},"excerpt":{"rendered":"<ul>\n<li>Dise\u00f1o triangular<\/li>\n<li>Material met\u00e1lico<\/li>\n<li>Impermeable y duradero<\/li>\n<li>Mayor velocidad y alta calidad<\/li>\n<li>Fiabilidad y seguridad<\/li>\n<li>Ideal para todos los usos<\/li>\n<\/ul>","protected":false},"featured_media":17337,"comment_status":"open","ping_status":"closed","template":"","meta":{"_seopress_robots_primary_cat":"none","_seopress_titles_title":"Metal Triangle USB Flash Drive","_seopress_titles_desc":"Metal Triangle USB Flash Drive","_seopress_robots_index":""},"class_list":["post-9316","product","type-product","status-publish","has-post-thumbnail","hentry","product_cat-usb30-flash-drive","product_cat-metal-usb-flash-drive","product_tag-rose-gold-usb-flash-drive","product_tag-custom-metal-keychain-usb-flash-drive","product_tag-buy-metal-leather-usb-flash-drive"],"_links":{"self":[{"href":"https:\/\/www.yousanusb.com\/es\/wp-json\/wp\/v2\/product\/9316"}],"collection":[{"href":"https:\/\/www.yousanusb.com\/es\/wp-json\/wp\/v2\/product"}],"about":[{"href":"https:\/\/www.yousanusb.com\/es\/wp-json\/wp\/v2\/types\/product"}],"replies":[{"embeddable":true,"href":"https:\/\/www.yousanusb.com\/es\/wp-json\/wp\/v2\/comments?post=9316"}],"wp:featuredmedia":[{"embeddable":true,"href":"https:\/\/www.yousanusb.com\/es\/wp-json\/wp\/v2\/media\/17337"}],"wp:attachment":[{"href":"https:\/\/www.yousanusb.com\/es\/wp-json\/wp\/v2\/media?parent=9316"}],"curies":[{"name":"wp","href":"https:\/\/api.w.org\/{rel}","templated":true}]}}