{"id":9378,"date":"2024-09-11T00:57:35","date_gmt":"2024-09-11T00:57:35","guid":{"rendered":"https:\/\/yousanusb.com\/?post_type=product&#038;p=9378"},"modified":"2025-11-13T04:35:18","modified_gmt":"2025-11-13T04:35:18","slug":"cute-usb-flash-drive-gamepad-thumb-drive-novelty-game-model-usb-flash-drive-memory-stick","status":"publish","type":"product","link":"https:\/\/www.yousanusb.com\/es\/producto\/cute-usb-flash-drive-gamepad-thumb-drive-novelty-game-model-usb-flash-drive-memory-stick\/","title":{"rendered":"Novedad Juego Modelo USB Flash Drive Memory Stick"},"content":{"rendered":"<div class=\"wp-block-columns is-layout-flex wp-container-core-columns-is-layout-1 wp-block-columns-is-layout-flex\">\n<div class=\"wp-block-column is-layout-flow wp-block-column-is-layout-flow\">\n<figure class=\"wp-block-image size-full\"><img fetchpriority=\"high\" decoding=\"async\" width=\"1000\" height=\"1000\" src=\"https:\/\/www.yousanusb.com\/wp-content\/uploads\/2024\/09\/custom-cute-controller-usb-flash-drive.jpg\" alt=\"custom cute controller usb flash drive\" class=\"wp-image-9384\" srcset=\"https:\/\/www.yousanusb.com\/wp-content\/uploads\/2024\/09\/custom-cute-controller-usb-flash-drive.jpg 1000w, https:\/\/www.yousanusb.com\/wp-content\/uploads\/2024\/09\/custom-cute-controller-usb-flash-drive-300x300.jpg 300w, https:\/\/www.yousanusb.com\/wp-content\/uploads\/2024\/09\/custom-cute-controller-usb-flash-drive-150x150.jpg 150w, https:\/\/www.yousanusb.com\/wp-content\/uploads\/2024\/09\/custom-cute-controller-usb-flash-drive-768x768.jpg 768w, https:\/\/www.yousanusb.com\/wp-content\/uploads\/2024\/09\/custom-cute-controller-usb-flash-drive-600x600.jpg 600w, https:\/\/www.yousanusb.com\/wp-content\/uploads\/2024\/09\/custom-cute-controller-usb-flash-drive-100x100.jpg 100w\" sizes=\"(max-width: 1000px) 100vw, 1000px\" \/><\/figure>\n<\/div>\n\n\n\n<div class=\"wp-block-column is-vertically-aligned-center is-layout-flow wp-block-column-is-layout-flow\">\n<p>Se trata de una unidad USB con forma de mando de videojuegos. Su dise\u00f1o imita la forma de un mando de juegos, reproduciendo fielmente detalles como botones y joysticks. Con una combinaci\u00f3n de colores negro y gris e iconos de botones de colores, consigue una gran fidelidad de dise\u00f1o y se adapta a la est\u00e9tica de los dispositivos de juego.<\/p>\n\n\n\n<p>El cuerpo principal est\u00e1 hecho de silicona, que ofrece un tacto suave a la vez que flexibilidad y protecci\u00f3n. Resiste los peque\u00f1os golpes, ca\u00eddas y ara\u00f1azos cotidianos.<\/p>\n\n\n\n<p>La unidad USB consta de un cuerpo principal y una tapa que se encajan para formar un controlador completo, lo que aumenta su atractivo l\u00fadico. Un orificio para llavero en la parte superior permite engancharlo a llaveros u otros objetos personales para llevarlo c\u00f3modamente. Su tama\u00f1o compacto hace que ocupe el m\u00ednimo espacio.<\/p>\n<\/div>\n<\/div>\n\n\n\n<div class=\"wp-block-columns is-layout-flex wp-container-core-columns-is-layout-2 wp-block-columns-is-layout-flex\">\n<div class=\"wp-block-column is-vertically-aligned-center is-layout-flow wp-block-column-is-layout-flow\">\n<p>En cuanto a la funcionalidad, cuenta con una interfaz USB est\u00e1ndar compatible con los principales sistemas, como Windows y Mac, que permite el funcionamiento plug-and-play sin necesidad de controladores adicionales.<\/p>\n\n\n\n<p>Puede almacenar varios tipos de datos, como documentos, im\u00e1genes y v\u00eddeos. Disponible en opciones de capacidad est\u00e1ndar, satisface las necesidades diarias de almacenamiento para el trabajo de oficina y el estudio. Con velocidades de lectura\/escritura estables, gestiona eficazmente las transferencias diarias de archivos.<\/p>\n\n\n\n<p>Adecuado para el uso diario personal y el almacenamiento de datos de estudiantes, tambi\u00e9n sirve como accesorio distintivo para los entusiastas de los juegos.<\/p>\n<\/div>\n\n\n\n<div class=\"wp-block-column is-layout-flow wp-block-column-is-layout-flow\">\n<figure class=\"wp-block-image size-full\"><img decoding=\"async\" width=\"1000\" height=\"1000\" src=\"https:\/\/www.yousanusb.com\/wp-content\/uploads\/2024\/09\/custom-branded-16gb-usb-drive.jpg\" alt=\"unidad usb de 16gb de marca personalizada\" class=\"wp-image-9380\" srcset=\"https:\/\/www.yousanusb.com\/wp-content\/uploads\/2024\/09\/custom-branded-16gb-usb-drive.jpg 1000w, https:\/\/www.yousanusb.com\/wp-content\/uploads\/2024\/09\/custom-branded-16gb-usb-drive-300x300.jpg 300w, https:\/\/www.yousanusb.com\/wp-content\/uploads\/2024\/09\/custom-branded-16gb-usb-drive-150x150.jpg 150w, https:\/\/www.yousanusb.com\/wp-content\/uploads\/2024\/09\/custom-branded-16gb-usb-drive-768x768.jpg 768w, https:\/\/www.yousanusb.com\/wp-content\/uploads\/2024\/09\/custom-branded-16gb-usb-drive-600x600.jpg 600w, https:\/\/www.yousanusb.com\/wp-content\/uploads\/2024\/09\/custom-branded-16gb-usb-drive-100x100.jpg 100w\" sizes=\"(max-width: 1000px) 100vw, 1000px\" \/><\/figure>\n<\/div>\n<\/div>","protected":false},"excerpt":{"rendered":"<ul>\n<li>Material PVC<\/li>\n<li>Dise\u00f1o de mandos de juegos<\/li>\n<li>MOQ\uff1a100pcs<\/li>\n<li>Adecuado para regalo<\/li>\n<li>Fiabilidad y seguridad<\/li>\n<li>Ideal para todos los usos<\/li>\n<\/ul>","protected":false},"featured_media":9385,"comment_status":"open","ping_status":"closed","template":"","meta":{"_seopress_robots_primary_cat":"none","_seopress_titles_title":"","_seopress_titles_desc":"","_seopress_robots_index":""},"class_list":["post-9378","product","type-product","status-publish","has-post-thumbnail","hentry","product_cat-custom-usb-drive","product_tag-custom-game-controller-usb-drive"],"_links":{"self":[{"href":"https:\/\/www.yousanusb.com\/es\/wp-json\/wp\/v2\/product\/9378"}],"collection":[{"href":"https:\/\/www.yousanusb.com\/es\/wp-json\/wp\/v2\/product"}],"about":[{"href":"https:\/\/www.yousanusb.com\/es\/wp-json\/wp\/v2\/types\/product"}],"replies":[{"embeddable":true,"href":"https:\/\/www.yousanusb.com\/es\/wp-json\/wp\/v2\/comments?post=9378"}],"wp:featuredmedia":[{"embeddable":true,"href":"https:\/\/www.yousanusb.com\/es\/wp-json\/wp\/v2\/media\/9385"}],"wp:attachment":[{"href":"https:\/\/www.yousanusb.com\/es\/wp-json\/wp\/v2\/media?parent=9378"}],"curies":[{"name":"wp","href":"https:\/\/api.w.org\/{rel}","templated":true}]}}