{"id":9396,"date":"2024-09-11T01:29:27","date_gmt":"2024-09-11T01:29:27","guid":{"rendered":"https:\/\/yousanusb.com\/?post_type=product&#038;p=9396"},"modified":"2025-10-06T00:27:48","modified_gmt":"2025-10-06T00:27:48","slug":"usb-flash-drive-waterproof-usb-stick-high-speed-memory-stick-with-keychain","status":"publish","type":"product","link":"https:\/\/www.yousanusb.com\/es\/producto\/usb-flash-drive-waterproof-usb-stick-high-speed-memory-stick-with-keychain\/","title":{"rendered":"Memoria USB met\u00e1lica SAMSUNG BAR Plus"},"content":{"rendered":"<h2 class=\"wp-block-heading\">\u00bfQu\u00e9 es la memoria USB met\u00e1lica SAMSUNG BAR Plus?<strong> <\/strong><\/h2>\n\n\n\n<div class=\"wp-block-columns is-layout-flex wp-container-core-columns-is-layout-2 wp-block-columns-is-layout-flex\">\n<div class=\"wp-block-column is-layout-flow wp-block-column-is-layout-flow\" style=\"flex-basis:100%\">\n<div class=\"wp-block-columns is-layout-flex wp-container-core-columns-is-layout-1 wp-block-columns-is-layout-flex\">\n<div class=\"wp-block-column is-layout-flow wp-block-column-is-layout-flow\">\n<figure class=\"wp-block-image size-full\"><img fetchpriority=\"high\" decoding=\"async\" width=\"800\" height=\"800\" src=\"https:\/\/yousanusb.com\/wp-content\/uploads\/2024\/09\/SAMSUNG-BAR-Plus-Metal-USB-Flash-Drive.jpg\" alt=\"Memoria USB met\u00e1lica SAMSUNG BAR Plus\" class=\"wp-image-17111\" srcset=\"https:\/\/www.yousanusb.com\/wp-content\/uploads\/2024\/09\/SAMSUNG-BAR-Plus-Metal-USB-Flash-Drive.jpg 800w, https:\/\/www.yousanusb.com\/wp-content\/uploads\/2024\/09\/SAMSUNG-BAR-Plus-Metal-USB-Flash-Drive-300x300.jpg 300w, https:\/\/www.yousanusb.com\/wp-content\/uploads\/2024\/09\/SAMSUNG-BAR-Plus-Metal-USB-Flash-Drive-150x150.jpg 150w, https:\/\/www.yousanusb.com\/wp-content\/uploads\/2024\/09\/SAMSUNG-BAR-Plus-Metal-USB-Flash-Drive-768x768.jpg 768w, https:\/\/www.yousanusb.com\/wp-content\/uploads\/2024\/09\/SAMSUNG-BAR-Plus-Metal-USB-Flash-Drive-12x12.jpg 12w, https:\/\/www.yousanusb.com\/wp-content\/uploads\/2024\/09\/SAMSUNG-BAR-Plus-Metal-USB-Flash-Drive-600x600.jpg 600w, https:\/\/www.yousanusb.com\/wp-content\/uploads\/2024\/09\/SAMSUNG-BAR-Plus-Metal-USB-Flash-Drive-100x100.jpg 100w\" sizes=\"(max-width: 800px) 100vw, 800px\" \/><\/figure>\n<\/div>\n\n\n\n<div class=\"wp-block-column is-vertically-aligned-center is-layout-flow wp-block-column-is-layout-flow\">\n<p>La memoria USB met\u00e1lica SAMSUNG BAR Plus es un dispositivo de almacenamiento de gama alta dise\u00f1ado por Samsung para usuarios que buscan tanto est\u00e9tica como rendimiento. Cuenta con un dise\u00f1o aerodin\u00e1mico irregular de una sola pieza, con el cuerpo forjado a partir de una pieza entera de aleaci\u00f3n de aluminio a trav\u00e9s de la artesan\u00eda de precisi\u00f3n.<\/p>\n\n\n\n<p>Las l\u00edneas suaves y naturales se adaptan al arco de la palma, garantizando un agarre c\u00f3modo y antideslizante. La superficie est\u00e1 recubierta de una delicada capa met\u00e1lica mate, que ofrece un tacto suave como el sat\u00e9n, a la vez que es resistente a las huellas dactilares y al desgaste.<\/p>\n<\/div>\n<\/div>\n<\/div>\n<\/div>\n\n\n\n<p><\/p>\n\n\n\n<h2 class=\"wp-block-heading\">Interfaces y par\u00e1metros de la memoria USB Metal de SAMSUNG<\/h2>\n\n\n\n<figure class=\"wp-block-table\"><table class=\"has-fixed-layout\"><tbody><tr><td>Art\u00edculo<\/td><td>Configuraci\u00f3n<\/td><\/tr><tr><td>Tipo de interfaz<\/td><td>Interfaz USB 3.0 de alta velocidad (compatible a la baja con USB 2.0)<\/td><\/tr><tr><td>Capacidad<\/td><td>32GB\/64GB\/128GB\/256GB\/512GB<\/td><\/tr><tr><td>Velocidad de lectura<\/td><td>Hasta 200 MB\/s (con interfaz USB 3.0)<\/td><\/tr><tr><td>Talla\/Peso<\/td><td>40\u00d712\u00d715,46 mm \/ 10 g<\/td><\/tr><tr><td>Temperatura de funcionamiento<\/td><td>-25\u2103~85\u2103<\/td><\/tr><\/tbody><\/table><\/figure>\n\n\n\n<div style=\"height:50px\" aria-hidden=\"true\" class=\"wp-block-spacer\"><\/div>\n\n\n\n<h2 class=\"wp-block-heading\">\u00bfDe qu\u00e9 colores son las memorias USB met\u00e1licas SAMSUNG BAR Plus? <\/h2>\n\n\n\n<div class=\"wp-block-columns is-layout-flex wp-container-core-columns-is-layout-3 wp-block-columns-is-layout-flex\">\n<div class=\"wp-block-column is-layout-flow wp-block-column-is-layout-flow\">\n<figure class=\"wp-block-image size-full is-resized\"><img decoding=\"async\" width=\"800\" height=\"800\" src=\"https:\/\/yousanusb.com\/wp-content\/uploads\/2024\/09\/Black-SAMSUNG-BAR-Plus-Metal-USB-Flash-Drive.jpg\" alt=\"Memoria USB met\u00e1lica SAMSUNG BAR Plus negra\" class=\"wp-image-17109\" style=\"width:450px\" srcset=\"https:\/\/www.yousanusb.com\/wp-content\/uploads\/2024\/09\/Black-SAMSUNG-BAR-Plus-Metal-USB-Flash-Drive.jpg 800w, https:\/\/www.yousanusb.com\/wp-content\/uploads\/2024\/09\/Black-SAMSUNG-BAR-Plus-Metal-USB-Flash-Drive-300x300.jpg 300w, https:\/\/www.yousanusb.com\/wp-content\/uploads\/2024\/09\/Black-SAMSUNG-BAR-Plus-Metal-USB-Flash-Drive-150x150.jpg 150w, https:\/\/www.yousanusb.com\/wp-content\/uploads\/2024\/09\/Black-SAMSUNG-BAR-Plus-Metal-USB-Flash-Drive-768x768.jpg 768w, https:\/\/www.yousanusb.com\/wp-content\/uploads\/2024\/09\/Black-SAMSUNG-BAR-Plus-Metal-USB-Flash-Drive-12x12.jpg 12w, https:\/\/www.yousanusb.com\/wp-content\/uploads\/2024\/09\/Black-SAMSUNG-BAR-Plus-Metal-USB-Flash-Drive-600x600.jpg 600w, https:\/\/www.yousanusb.com\/wp-content\/uploads\/2024\/09\/Black-SAMSUNG-BAR-Plus-Metal-USB-Flash-Drive-100x100.jpg 100w\" sizes=\"(max-width: 800px) 100vw, 800px\" \/><\/figure>\n<\/div>\n\n\n\n<div class=\"wp-block-column is-vertically-aligned-center is-layout-flow wp-block-column-is-layout-flow\">\n<h3 class=\"wp-block-heading\">Negro cl\u00e1sico<\/h3>\n\n\n\n<p>Este color utiliza la tecnolog\u00eda de anodizado en 8 etapas para formar una densa capa protectora en la superficie met\u00e1lica, presentando una textura de arena estrellada tan profunda como la noche; bajo la luz, las sutiles part\u00edculas met\u00e1licas se muestran tenuemente, revelando el lujo en una elegancia discreta.<\/p>\n\n\n\n<p>El cuerpo negro combina a la perfecci\u00f3n con los escenarios empresariales. Tanto si se conecta a un ordenador para la presentaci\u00f3n de una reuni\u00f3n como si se regala a los clientes como recuerdo de empresa, el grabado de un LOGOTIPO estampado en oro realza al instante la profesionalidad, lo que lo convierte en la primera opci\u00f3n para sectores rigurosos como el financiero y el jur\u00eddico, infundiendo estilo a cada intercambio de datos.<\/p>\n<\/div>\n<\/div>\n\n\n\n<h3 class=\"wp-block-heading\"><\/h3>\n\n\n\n<div class=\"wp-block-columns is-layout-flex wp-container-core-columns-is-layout-4 wp-block-columns-is-layout-flex\">\n<div class=\"wp-block-column is-vertically-aligned-center is-layout-flow wp-block-column-is-layout-flow\">\n<h3 class=\"wp-block-heading\">Plata de moda<\/h3>\n\n\n\n<p>Este color se somete a un tratamiento de arenado a nanoescala, con una superficie tan suave como la luz de la luna, que presenta un toque aterciopelado de plata del amanecer. El tacto delicado y suave muestra diferentes lustres bajo la luz natural, equilibrando la frialdad de los productos tecnol\u00f3gicos con un temperamento suave.<\/p>\n\n\n\n<p>Los j\u00f3venes usuarios pueden grabar motivos personalizados en la superficie, combin\u00e1ndola con mochilas o llaveros para convertirse al instante en un art\u00edculo de moda. Los dise\u00f1adores que la llevan para propuestas al aire libre muestran su gusto por la moda, ya que el cuerpo plateado complementa los dispositivos digitales.<\/p>\n<\/div>\n\n\n\n<div class=\"wp-block-column is-layout-flow wp-block-column-is-layout-flow\">\n<figure class=\"wp-block-image size-full is-resized\"><img decoding=\"async\" width=\"800\" height=\"800\" src=\"https:\/\/yousanusb.com\/wp-content\/uploads\/2024\/09\/SAMSUNG-BAR-Plus-Metallic-USB-Flash-Drive.jpg\" alt=\"Memoria USB SAMSUNG BAR Plus Metallic\" class=\"wp-image-17112\" style=\"width:450px\" srcset=\"https:\/\/www.yousanusb.com\/wp-content\/uploads\/2024\/09\/SAMSUNG-BAR-Plus-Metallic-USB-Flash-Drive.jpg 800w, https:\/\/www.yousanusb.com\/wp-content\/uploads\/2024\/09\/SAMSUNG-BAR-Plus-Metallic-USB-Flash-Drive-300x300.jpg 300w, https:\/\/www.yousanusb.com\/wp-content\/uploads\/2024\/09\/SAMSUNG-BAR-Plus-Metallic-USB-Flash-Drive-150x150.jpg 150w, https:\/\/www.yousanusb.com\/wp-content\/uploads\/2024\/09\/SAMSUNG-BAR-Plus-Metallic-USB-Flash-Drive-768x768.jpg 768w, https:\/\/www.yousanusb.com\/wp-content\/uploads\/2024\/09\/SAMSUNG-BAR-Plus-Metallic-USB-Flash-Drive-12x12.jpg 12w, https:\/\/www.yousanusb.com\/wp-content\/uploads\/2024\/09\/SAMSUNG-BAR-Plus-Metallic-USB-Flash-Drive-600x600.jpg 600w, https:\/\/www.yousanusb.com\/wp-content\/uploads\/2024\/09\/SAMSUNG-BAR-Plus-Metallic-USB-Flash-Drive-100x100.jpg 100w\" sizes=\"(max-width: 800px) 100vw, 800px\" \/><\/figure>\n<\/div>\n<\/div>\n\n\n\n<h2 class=\"wp-block-heading\">\u00bfSe puede personalizar la memoria USB met\u00e1lica SAMSUNG BAR Plus con un logotipo? <\/h2>\n\n\n\n<p>\u00a1S\u00ed! La memoria USB met\u00e1lica SAMSUNG BAR Plus permite personalizar el logotipo tanto en la parte delantera como en la trasera gracias a la tecnolog\u00eda de grabado por l\u00e1ser. Los l\u00e1seres de alta precisi\u00f3n tallan patrones claros con una profundidad de 0,05 mm en la superficie met\u00e1lica, con bordes lisos sin rebabas que no se desgastan despu\u00e9s de un uso prolongado.<\/p>\n\n\n\n<p>Tanto si se trata del logotipo de una marca empresarial como de un s\u00edmbolo personal exclusivo, puede conservarse de forma permanente. Adem\u00e1s de la personalizaci\u00f3n del cuerpo, tambi\u00e9n se puede elegir con flexibilidad el embalaje: la configuraci\u00f3n est\u00e1ndar es una simple bolsa de PP, adecuada para compras a granel; para un grado mejorado, las cajas de hierro o papel son opcionales, y la superficie de la caja tambi\u00e9n admite la personalizaci\u00f3n del logotipo.<\/p>\n\n\n\n<div class=\"wp-block-columns is-layout-flex wp-container-core-columns-is-layout-5 wp-block-columns-is-layout-flex\">\n<div class=\"wp-block-column is-layout-flow wp-block-column-is-layout-flow\"><div class=\"wp-block-image\">\n<figure class=\"aligncenter size-full is-resized\"><img loading=\"lazy\" decoding=\"async\" width=\"800\" height=\"800\" src=\"https:\/\/yousanusb.com\/wp-content\/uploads\/2024\/09\/Silver-SAMSUNG-BAR-Plus-Metal-USB-Flash-Drive.jpg\" alt=\"Memoria USB met\u00e1lica SAMSUNG BAR Plus plateada\" class=\"wp-image-17113\" style=\"width:450px\" srcset=\"https:\/\/www.yousanusb.com\/wp-content\/uploads\/2024\/09\/Silver-SAMSUNG-BAR-Plus-Metal-USB-Flash-Drive.jpg 800w, https:\/\/www.yousanusb.com\/wp-content\/uploads\/2024\/09\/Silver-SAMSUNG-BAR-Plus-Metal-USB-Flash-Drive-300x300.jpg 300w, https:\/\/www.yousanusb.com\/wp-content\/uploads\/2024\/09\/Silver-SAMSUNG-BAR-Plus-Metal-USB-Flash-Drive-150x150.jpg 150w, https:\/\/www.yousanusb.com\/wp-content\/uploads\/2024\/09\/Silver-SAMSUNG-BAR-Plus-Metal-USB-Flash-Drive-768x768.jpg 768w, https:\/\/www.yousanusb.com\/wp-content\/uploads\/2024\/09\/Silver-SAMSUNG-BAR-Plus-Metal-USB-Flash-Drive-12x12.jpg 12w, https:\/\/www.yousanusb.com\/wp-content\/uploads\/2024\/09\/Silver-SAMSUNG-BAR-Plus-Metal-USB-Flash-Drive-600x600.jpg 600w, https:\/\/www.yousanusb.com\/wp-content\/uploads\/2024\/09\/Silver-SAMSUNG-BAR-Plus-Metal-USB-Flash-Drive-100x100.jpg 100w\" sizes=\"(max-width: 800px) 100vw, 800px\" \/><\/figure><\/div><\/div>\n\n\n\n<div class=\"wp-block-column is-layout-flow wp-block-column-is-layout-flow\"><div class=\"wp-block-image\">\n<figure class=\"aligncenter size-full is-resized\"><img loading=\"lazy\" decoding=\"async\" width=\"705\" height=\"705\" src=\"https:\/\/yousanusb.com\/wp-content\/uploads\/2024\/09\/111111111111111111111.jpg\" alt=\"Memoria USB met\u00e1lica negra y plateada\" class=\"wp-image-17108\" style=\"width:450px\" srcset=\"https:\/\/www.yousanusb.com\/wp-content\/uploads\/2024\/09\/111111111111111111111.jpg 705w, https:\/\/www.yousanusb.com\/wp-content\/uploads\/2024\/09\/111111111111111111111-300x300.jpg 300w, https:\/\/www.yousanusb.com\/wp-content\/uploads\/2024\/09\/111111111111111111111-150x150.jpg 150w, https:\/\/www.yousanusb.com\/wp-content\/uploads\/2024\/09\/111111111111111111111-12x12.jpg 12w, https:\/\/www.yousanusb.com\/wp-content\/uploads\/2024\/09\/111111111111111111111-600x600.jpg 600w, https:\/\/www.yousanusb.com\/wp-content\/uploads\/2024\/09\/111111111111111111111-100x100.jpg 100w\" sizes=\"(max-width: 705px) 100vw, 705px\" \/><\/figure><\/div><\/div>\n<\/div>\n\n\n\n<h2 class=\"wp-block-heading\">\u00bfPor qu\u00e9 la memoria USB met\u00e1lica SAMSUNG BAR Plus es adecuada como regalo? <\/h2>\n\n\n\n<ul class=\"wp-block-list\">\n<li>Marca conocida<strong>: <\/strong>Como gigante en el campo del almacenamiento, Samsung cuenta con m\u00e1s de 30 a\u00f1os de acumulaci\u00f3n t\u00e9cnica. Las part\u00edculas de memoria flash 3D NAND de desarrollo propio ofrecen una vida \u00fatil 5 veces superior a la de los productos ordinarios, junto con un servicio de garant\u00eda de 5 a\u00f1os para demostrar sinceridad y garant\u00eda en los regalos.<\/li>\n\n\n\n<li>Aspecto exquisito: El cuerpo met\u00e1lico de una sola pieza, combinado con un dise\u00f1o de ojo de cerradura triangular, no s\u00f3lo crea una est\u00e9tica aerodin\u00e1mica gracias a la tecnolog\u00eda CNC, sino que tambi\u00e9n resuelve el problema de la p\u00e9rdida f\u00e1cil. Al colgarse en llaveros, se garantiza la portabilidad y se evita la p\u00e9rdida, mientras que la superficie mate resiste las huellas dactilares, por lo que es adecuado tanto para el mundo de los negocios como para el de la moda.<\/li>\n\n\n\n<li>Personalizaci\u00f3n exclusiva: Los logotipos grabados con l\u00e1ser en ambas caras hacen que los regalos integren comunicaci\u00f3n de marca y valor emocional. Las empresas pueden imprimir logotipos de marca, mientras que los particulares pueden grabar nombres o aniversarios, dotando a las herramientas de almacenamiento de un significado especial.<\/li>\n\n\n\n<li>Embalaje flexible: Desde asequibles bolsas de PP hasta cajas de hierro de alta gama, los envases pueden personalizarse seg\u00fan el presupuesto y la ocasi\u00f3n: ya sea para beneficios para empleados, regalos para exposiciones o importantes recompensas para clientes, la consideraci\u00f3n puede transmitirse a trav\u00e9s de un dise\u00f1o detallado.<\/li>\n<\/ul>\n\n\n\n<h3 class=\"wp-block-heading\">P1: \u00bfEs la carcasa de la memoria USB met\u00e1lica SAMSUNG BAR Plus resistente al agua y a los golpes? <\/h3>\n\n\n\n<p>R: Tiene un excelente rendimiento a prueba de agua y de golpes. El cuerpo utiliza un material de aleaci\u00f3n de aluminio duro, pasando una prueba de ca\u00edda de 1,5 m (sobre suelo de cemento) sin deformaci\u00f3n. Soporta el nivel IPX5 de impermeabilidad (anti-salpicaduras), mientras que soporta -25\u2103~85\u2103 altas y bajas temperaturas, anti-magnetismo, y anti-rayos X. La seguridad de los datos est\u00e1 garantizada incluso en caso de ca\u00eddas accidentales, salpicaduras o entornos extremos.<\/p>\n\n\n\n<h3 class=\"wp-block-heading\">P2: \u00bfSe puede colgar la memoria USB met\u00e1lica SAMSUNG BAR Plus en un llavero? <\/h3>\n\n\n\n<p>R: \u00a1S\u00ed! Uno de los extremos de la unidad USB est\u00e1 dise\u00f1ado con un agujero triangular anillo de ranura de aleaci\u00f3n de alta resistencia, que puede ser f\u00e1cilmente colgado en llaveros o correas de la mochila. No s\u00f3lo facilita el transporte, sino que tambi\u00e9n previene eficazmente la p\u00e9rdida accidental, especialmente adecuado para oficinistas y estudiantes en movimiento, eliminando el \"problema de la p\u00e9rdida\" de herramientas de almacenamiento.<\/p>\n\n\n\n<p><\/p>","protected":false},"excerpt":{"rendered":"<ul>\n<li>Dise\u00f1o de llavero<\/li>\n<li>Material met\u00e1lico<\/li>\n<li>Impermeable y duradero<\/li>\n<li>Mayor velocidad y alta calidad<\/li>\n<li>Fiabilidad y seguridad<\/li>\n<li>Ideal para todos los usos<\/li>\n<\/ul>","protected":false},"featured_media":17116,"comment_status":"open","ping_status":"closed","template":"","meta":{"_seopress_robots_primary_cat":"none","_seopress_titles_title":"","_seopress_titles_desc":"","_seopress_robots_index":""},"class_list":["post-9396","product","type-product","status-publish","has-post-thumbnail","hentry","product_cat-usb30-flash-drive","product_cat-metal-usb-flash-drive","product_tag-custom-metal-keychain-usb-flash-drive","product_tag-buy-metal-leather-usb-flash-drive"],"_links":{"self":[{"href":"https:\/\/www.yousanusb.com\/es\/wp-json\/wp\/v2\/product\/9396"}],"collection":[{"href":"https:\/\/www.yousanusb.com\/es\/wp-json\/wp\/v2\/product"}],"about":[{"href":"https:\/\/www.yousanusb.com\/es\/wp-json\/wp\/v2\/types\/product"}],"replies":[{"embeddable":true,"href":"https:\/\/www.yousanusb.com\/es\/wp-json\/wp\/v2\/comments?post=9396"}],"wp:featuredmedia":[{"embeddable":true,"href":"https:\/\/www.yousanusb.com\/es\/wp-json\/wp\/v2\/media\/17116"}],"wp:attachment":[{"href":"https:\/\/www.yousanusb.com\/es\/wp-json\/wp\/v2\/media?parent=9396"}],"curies":[{"name":"wp","href":"https:\/\/api.w.org\/{rel}","templated":true}]}}