{"id":9983,"date":"2024-10-31T05:46:24","date_gmt":"2024-10-31T05:46:24","guid":{"rendered":"https:\/\/yousanusb.com\/?post_type=product&#038;p=9983"},"modified":"2026-02-27T10:10:08","modified_gmt":"2026-02-27T10:10:08","slug":"small-order-payment-usb-flash-drive","status":"publish","type":"product","link":"https:\/\/www.yousanusb.com\/es\/producto\/small-order-payment-usb-flash-drive\/","title":{"rendered":"Pago por pedido reducido"},"content":{"rendered":"<p>Este enlace es principalmente para clientes que pagan menos de 500 d\u00f3lares, o clientes que s\u00f3lo tienen tarjetas de cr\u00e9dito, o clientes que trabajan con nosotros por primera vez para pagar un pedido de prueba, y necesitamos que nuestro vendedor compruebe el importe total antes de realizar el pedido.<\/p>\n\n\n<p><\/p>","protected":false},"excerpt":{"rendered":"<p>1\u3001Este enlace es para el pago.<br \/>\n2\u3001Principalmente aceptamos pago con tarjeta de cr\u00e9dito.<br \/>\n3\u3001No se recomienda PayPal.<br \/>\n4\u3001El pago debe ser confirmado previamente con nuestro comercial.<br \/>\n5\u3001Ingresa la cantidad correspondiente a los d\u00f3lares que debes pagar.<\/p>","protected":false},"featured_media":9888,"comment_status":"open","ping_status":"closed","template":"","meta":{"_seopress_robots_primary_cat":"none","_seopress_titles_title":"","_seopress_titles_desc":"","_seopress_robots_index":""},"class_list":["post-9983","product","type-product","status-publish","has-post-thumbnail","hentry","product_cat-small-order-payment-products","product_tag-small-order-usb-drive"],"_links":{"self":[{"href":"https:\/\/www.yousanusb.com\/es\/wp-json\/wp\/v2\/product\/9983"}],"collection":[{"href":"https:\/\/www.yousanusb.com\/es\/wp-json\/wp\/v2\/product"}],"about":[{"href":"https:\/\/www.yousanusb.com\/es\/wp-json\/wp\/v2\/types\/product"}],"replies":[{"embeddable":true,"href":"https:\/\/www.yousanusb.com\/es\/wp-json\/wp\/v2\/comments?post=9983"}],"wp:featuredmedia":[{"embeddable":true,"href":"https:\/\/www.yousanusb.com\/es\/wp-json\/wp\/v2\/media\/9888"}],"wp:attachment":[{"href":"https:\/\/www.yousanusb.com\/es\/wp-json\/wp\/v2\/media?parent=9983"}],"curies":[{"name":"wp","href":"https:\/\/api.w.org\/{rel}","templated":true}]}}