{"id":10388,"date":"2024-11-13T21:54:36","date_gmt":"2024-11-13T21:54:36","guid":{"rendered":"https:\/\/yousanusb.com\/?post_type=product&#038;p=10388"},"modified":"2025-10-16T01:43:49","modified_gmt":"2025-10-16T01:43:49","slug":"biodegradable-mini-round-card-flash-drive","status":"publish","type":"product","link":"https:\/\/www.yousanusb.com\/fr\/produit\/biodegradable-mini-round-card-flash-drive\/","title":{"rendered":"Cl\u00e9 USB biod\u00e9gradable \u00e0 carte ronde"},"content":{"rendered":"<p>This biodegradable round card USB flash drive is made from a natural, eco-friendly material that can gradually break down under specific conditions. It reduces the long-term environmental impact of traditional plastic USB drives, aligning with a lifestyle that is focused on sustainability and environmental protection.<\/p>\n\n\n\n<div class=\"wp-block-columns is-layout-flex wp-container-core-columns-is-layout-1 wp-block-columns-is-layout-flex\">\n<div class=\"wp-block-column is-layout-flow wp-block-column-is-layout-flow\">\n<figure class=\"wp-block-image size-full\"><img fetchpriority=\"high\" decoding=\"async\" width=\"800\" height=\"800\" src=\"https:\/\/www.yousanusb.com\/wp-content\/uploads\/2024\/11\/Eco-Friendly-Round-Degradable-USB-Drive.png\" alt=\"\" class=\"wp-image-18530\" srcset=\"https:\/\/www.yousanusb.com\/wp-content\/uploads\/2024\/11\/Eco-Friendly-Round-Degradable-USB-Drive.png 800w, https:\/\/www.yousanusb.com\/wp-content\/uploads\/2024\/11\/Eco-Friendly-Round-Degradable-USB-Drive-300x300.png 300w, https:\/\/www.yousanusb.com\/wp-content\/uploads\/2024\/11\/Eco-Friendly-Round-Degradable-USB-Drive-150x150.png 150w, https:\/\/www.yousanusb.com\/wp-content\/uploads\/2024\/11\/Eco-Friendly-Round-Degradable-USB-Drive-768x768.png 768w, https:\/\/www.yousanusb.com\/wp-content\/uploads\/2024\/11\/Eco-Friendly-Round-Degradable-USB-Drive-12x12.png 12w, https:\/\/www.yousanusb.com\/wp-content\/uploads\/2024\/11\/Eco-Friendly-Round-Degradable-USB-Drive-600x600.png 600w, https:\/\/www.yousanusb.com\/wp-content\/uploads\/2024\/11\/Eco-Friendly-Round-Degradable-USB-Drive-100x100.png 100w\" sizes=\"(max-width: 800px) 100vw, 800px\" \/><\/figure>\n<\/div>\n\n\n\n<div class=\"wp-block-column is-layout-flow wp-block-column-is-layout-flow\">\n<figure class=\"wp-block-image size-full\"><img decoding=\"async\" width=\"800\" height=\"800\" src=\"https:\/\/www.yousanusb.com\/wp-content\/uploads\/2024\/11\/eco-round-card-usb-drive.png\" alt=\"\" class=\"wp-image-18528\" srcset=\"https:\/\/www.yousanusb.com\/wp-content\/uploads\/2024\/11\/eco-round-card-usb-drive.png 800w, https:\/\/www.yousanusb.com\/wp-content\/uploads\/2024\/11\/eco-round-card-usb-drive-300x300.png 300w, https:\/\/www.yousanusb.com\/wp-content\/uploads\/2024\/11\/eco-round-card-usb-drive-150x150.png 150w, https:\/\/www.yousanusb.com\/wp-content\/uploads\/2024\/11\/eco-round-card-usb-drive-768x768.png 768w, https:\/\/www.yousanusb.com\/wp-content\/uploads\/2024\/11\/eco-round-card-usb-drive-12x12.png 12w, https:\/\/www.yousanusb.com\/wp-content\/uploads\/2024\/11\/eco-round-card-usb-drive-600x600.png 600w, https:\/\/www.yousanusb.com\/wp-content\/uploads\/2024\/11\/eco-round-card-usb-drive-100x100.png 100w\" sizes=\"(max-width: 800px) 100vw, 800px\" \/><\/figure>\n<\/div>\n<\/div>\n\n\n\n<p>This Eco-friendly circular USB flash drive breaks away from the traditional U-shaped design with its sleek, round shape, making it more approachable. It is small and lightweight.It can easily be attached to a key chain or stored in a small bag.<br>The interface can be USB 2.0 or USB 3.0, and can smoothly store various types of data, such as files, photos, and videos. Additionally, the product can be customized with a brand logo, artistic pattern, or personalized text to achieve a promotional effect.<\/p>\n\n\n\n<div class=\"wp-block-columns is-layout-flex wp-container-core-columns-is-layout-2 wp-block-columns-is-layout-flex\">\n<div class=\"wp-block-column is-layout-flow wp-block-column-is-layout-flow\">\n<figure class=\"wp-block-image size-full\"><img decoding=\"async\" width=\"600\" height=\"600\" src=\"https:\/\/www.yousanusb.com\/wp-content\/uploads\/2024\/11\/Eco-Friendly-Round-Card-USB-Flash-Memory-Drive.jpg\" alt=\"\" class=\"wp-image-18529\" srcset=\"https:\/\/www.yousanusb.com\/wp-content\/uploads\/2024\/11\/Eco-Friendly-Round-Card-USB-Flash-Memory-Drive.jpg 600w, https:\/\/www.yousanusb.com\/wp-content\/uploads\/2024\/11\/Eco-Friendly-Round-Card-USB-Flash-Memory-Drive-300x300.jpg 300w, https:\/\/www.yousanusb.com\/wp-content\/uploads\/2024\/11\/Eco-Friendly-Round-Card-USB-Flash-Memory-Drive-150x150.jpg 150w, https:\/\/www.yousanusb.com\/wp-content\/uploads\/2024\/11\/Eco-Friendly-Round-Card-USB-Flash-Memory-Drive-12x12.jpg 12w, https:\/\/www.yousanusb.com\/wp-content\/uploads\/2024\/11\/Eco-Friendly-Round-Card-USB-Flash-Memory-Drive-100x100.jpg 100w\" sizes=\"(max-width: 600px) 100vw, 600px\" \/><\/figure>\n<\/div>\n\n\n\n<div class=\"wp-block-column is-layout-flow wp-block-column-is-layout-flow\">\n<figure class=\"wp-block-image size-full\"><img loading=\"lazy\" decoding=\"async\" width=\"600\" height=\"600\" src=\"https:\/\/www.yousanusb.com\/wp-content\/uploads\/2024\/11\/Customized-Eco-friendly-Biodegradable-Round-Card-USB-Flash.jpg\" alt=\"\" class=\"wp-image-18527\" srcset=\"https:\/\/www.yousanusb.com\/wp-content\/uploads\/2024\/11\/Customized-Eco-friendly-Biodegradable-Round-Card-USB-Flash.jpg 600w, https:\/\/www.yousanusb.com\/wp-content\/uploads\/2024\/11\/Customized-Eco-friendly-Biodegradable-Round-Card-USB-Flash-300x300.jpg 300w, https:\/\/www.yousanusb.com\/wp-content\/uploads\/2024\/11\/Customized-Eco-friendly-Biodegradable-Round-Card-USB-Flash-150x150.jpg 150w, https:\/\/www.yousanusb.com\/wp-content\/uploads\/2024\/11\/Customized-Eco-friendly-Biodegradable-Round-Card-USB-Flash-12x12.jpg 12w, https:\/\/www.yousanusb.com\/wp-content\/uploads\/2024\/11\/Customized-Eco-friendly-Biodegradable-Round-Card-USB-Flash-100x100.jpg 100w\" sizes=\"(max-width: 600px) 100vw, 600px\" \/><\/figure>\n<\/div>\n<\/div>","protected":false},"excerpt":{"rendered":"<ul>\n<li>Mat\u00e9riau biod\u00e9gradable respectueux de l'environnement<\/li>\n<li>Conception mini et compacte<\/li>\n<li>Style carte ultra-mince<\/li>\n<li>Option de logo personnalisable<\/li>\n<li>MOQ:100PCS<\/li>\n<\/ul>","protected":false},"featured_media":18530,"comment_status":"open","ping_status":"closed","template":"","meta":{"_seopress_robots_primary_cat":"none","_seopress_titles_title":"Biodegradable Mini Round Card Flash Drive-YOUSAN mini card factory","_seopress_titles_desc":"Biodegradable Mini Round Card Flash Drive! Wholesale & bulk available. Customize logos. As a China manufacturer, we offer high-quality ones, eco-friendly & stylish, ideal for various needs.","_seopress_robots_index":""},"class_list":["post-10388","product","type-product","status-publish","has-post-thumbnail","hentry","product_cat-biodegradable-usb-flash-disk","product_cat-card-usb-flash-drive","product_tag-biodegradable-card-flash-drive","product_tag-round-card-usb-flash-drive"],"_links":{"self":[{"href":"https:\/\/www.yousanusb.com\/fr\/wp-json\/wp\/v2\/product\/10388"}],"collection":[{"href":"https:\/\/www.yousanusb.com\/fr\/wp-json\/wp\/v2\/product"}],"about":[{"href":"https:\/\/www.yousanusb.com\/fr\/wp-json\/wp\/v2\/types\/product"}],"replies":[{"embeddable":true,"href":"https:\/\/www.yousanusb.com\/fr\/wp-json\/wp\/v2\/comments?post=10388"}],"wp:featuredmedia":[{"embeddable":true,"href":"https:\/\/www.yousanusb.com\/fr\/wp-json\/wp\/v2\/media\/18530"}],"wp:attachment":[{"href":"https:\/\/www.yousanusb.com\/fr\/wp-json\/wp\/v2\/media?parent=10388"}],"curies":[{"name":"wp","href":"https:\/\/api.w.org\/{rel}","templated":true}]}}