{"id":10458,"date":"2024-11-18T06:20:54","date_gmt":"2024-11-18T06:20:54","guid":{"rendered":"https:\/\/yousanusb.com\/?post_type=product&#038;p=10458"},"modified":"2024-11-18T08:50:46","modified_gmt":"2024-11-18T08:50:46","slug":"high-speed-udp-usb-3-0-memory-flash","status":"publish","type":"product","link":"https:\/\/www.yousanusb.com\/fr\/produit\/high-speed-udp-usb-3-0-memory-flash\/","title":{"rendered":"UDP \u00e0 grande vitesse USB 3.0 M\u00e9moire Flash"},"content":{"rendered":"<p>Ce produit est semi-fini et peut \u00eatre vendu en gros.<br \/>\nInterface : USB 3.0<br \/>\nCapacit\u00e9 de stockage de la m\u00e9moire : 4GB\/8GB\/16GB\/32GB\/64GB\/128GB<br \/>\nRemarque :<br \/>\nA propos de la capacit\u00e9 : l'algorithme informatique est diff\u00e9rent de la capacit\u00e9 du disque U de l'algorithme, l'algorithme informatique 1G B=1024MB, mais la capacit\u00e9 du disque U de l'algorithme 1GB=1000MB, de sorte que la quantit\u00e9 r\u00e9elle de m\u00e9moire est la suivante :<\/p>\n<p>4GB = (3.6GB-3.8GB),<br \/>\n8GB= (7.40GB-7.55GB),<br \/>\n16GB= (14.6GB-15.1GB),<br \/>\n32GB= (28.9GB-30.5GB)<br \/>\n64GB= (58.0GB-60.0GB)<br \/>\n128GB=(118.5GB-120.9GB)<\/p>\n<p>Vitesse de lecture et d'\u00e9criture : plus de 10M\/S (vitesse de transmission au-del\u00e0 d'une certaine relation avec l'utilisation de l'ordinateur).<\/p>","protected":false},"excerpt":{"rendered":"<ul>\n<li>USB3.0<\/li>\n<li>UDP \u00e0 grande vitesse<\/li>\n<li>MOQ:1PCS<\/li>\n<li>24X11X1.4mm<\/li>\n<\/ul>","protected":false},"featured_media":10463,"comment_status":"open","ping_status":"closed","template":"","meta":{"_seopress_robots_primary_cat":"none","_seopress_titles_title":"High Speed UDP USB 3.0 Memory Flash","_seopress_titles_desc":"This product is semi-finished and can be wholesale","_seopress_robots_index":""},"class_list":["post-10458","product","type-product","status-publish","has-post-thumbnail","hentry","product_cat-usb-flash-drive-chips","product_tag-udp","product_tag-usb3-0-flash"],"_links":{"self":[{"href":"https:\/\/www.yousanusb.com\/fr\/wp-json\/wp\/v2\/product\/10458"}],"collection":[{"href":"https:\/\/www.yousanusb.com\/fr\/wp-json\/wp\/v2\/product"}],"about":[{"href":"https:\/\/www.yousanusb.com\/fr\/wp-json\/wp\/v2\/types\/product"}],"replies":[{"embeddable":true,"href":"https:\/\/www.yousanusb.com\/fr\/wp-json\/wp\/v2\/comments?post=10458"}],"wp:featuredmedia":[{"embeddable":true,"href":"https:\/\/www.yousanusb.com\/fr\/wp-json\/wp\/v2\/media\/10463"}],"wp:attachment":[{"href":"https:\/\/www.yousanusb.com\/fr\/wp-json\/wp\/v2\/media?parent=10458"}],"curies":[{"name":"wp","href":"https:\/\/api.w.org\/{rel}","templated":true}]}}