{"id":10465,"date":"2024-11-18T06:44:25","date_gmt":"2024-11-18T06:44:25","guid":{"rendered":"https:\/\/yousanusb.com\/?post_type=product&#038;p=10465"},"modified":"2025-05-13T07:10:25","modified_gmt":"2025-05-13T07:10:25","slug":"otg-usb-flash-chip-with-type-c","status":"publish","type":"product","link":"https:\/\/www.yousanusb.com\/fr\/produit\/otg-usb-flash-chip-with-type-c\/","title":{"rendered":"Cl\u00e9 USB OTG avec Type-c"},"content":{"rendered":"<p>        La puce flash OTG USB3.0 avec type-C est un contr\u00f4leur h\u00f4te avanc\u00e9 \u00e0 double r\u00f4le et une solution de m\u00e9moire flash NAND con\u00e7ue pour les p\u00e9riph\u00e9riques de stockage USB Type-C polyvalents.Prenant en charge les taux de transfert USB 3.0 SuperSpeed (jusqu'\u00e0 5 Gbps),elle permet une communication de donn\u00e9es bidirectionnelle rapide tout en int\u00e9grant de mani\u00e8re transparente la fonctionnalit\u00e9 OTG(On-The-Go)permettant aux p\u00e9riph\u00e9riques d'agir en tant qu'h\u00f4te ou p\u00e9riph\u00e9rique (par exemple,smartphones,tablettes ou modules industriels agissant comme des UFD).<\/p>\n\n\n\n<figure class=\"wp-block-table\"><table class=\"has-fixed-layout\"><tbody><tr><td><strong>Capacit\u00e9 USB 3.0<\/strong><\/td><td>8GB\/16GB\/32GB\/64GB\/128GB\/256GB\/512GB<\/td><\/tr><tr><td><strong>Taille du produit<\/strong><\/td><td>57,5*12*4,5mm<\/td><\/tr><tr><td><strong>Poids<\/strong><\/td><td>5g<\/td><\/tr><tr><td><strong>Couleur<\/strong><\/td><td>Vert\/Bleu<\/td><\/tr><tr><td><strong>Mat\u00e9riau<\/strong><\/td><td>M\u00e9tal<\/td><\/tr><tr><td><strong>Interface<\/strong><\/td><td>USB 3.0<\/td><\/tr><tr><td><strong>Vitesse d'\u00e9criture USB 3.0<\/strong><\/td><td>10-15MB\/S<\/td><\/tr><tr><td><strong>Vitesse de lecture USB 3.0<\/strong><\/td><td>60-80MB\/S<\/td><\/tr><\/tbody><\/table><\/figure>\n\n\n\n<p>\u3000 <\/p>\n\n\n\n<p>        Son interface Type-C compacte garantit une compatibilit\u00e9 plug-and-play avec les appareils modernes, ainsi qu'une r\u00e9trocompatibilit\u00e9 avec les h\u00f4tes et hubs USB 2.0\/1.1.<\/p>\n\n\n\n<div class=\"wp-block-columns is-layout-flex wp-container-core-columns-is-layout-1 wp-block-columns-is-layout-flex\">\n<div class=\"wp-block-column is-layout-flow wp-block-column-is-layout-flow\">\n<figure class=\"wp-block-image size-full\"><img fetchpriority=\"high\" decoding=\"async\" width=\"800\" height=\"800\" src=\"https:\/\/yousanusb.com\/wp-content\/uploads\/2024\/11\/7856150.jpg\" alt=\"\" class=\"wp-image-14934\" srcset=\"https:\/\/www.yousanusb.com\/wp-content\/uploads\/2024\/11\/7856150.jpg 800w, https:\/\/www.yousanusb.com\/wp-content\/uploads\/2024\/11\/7856150-300x300.jpg 300w, https:\/\/www.yousanusb.com\/wp-content\/uploads\/2024\/11\/7856150-150x150.jpg 150w, https:\/\/www.yousanusb.com\/wp-content\/uploads\/2024\/11\/7856150-768x768.jpg 768w, https:\/\/www.yousanusb.com\/wp-content\/uploads\/2024\/11\/7856150-12x12.jpg 12w, https:\/\/www.yousanusb.com\/wp-content\/uploads\/2024\/11\/7856150-600x600.jpg 600w, https:\/\/www.yousanusb.com\/wp-content\/uploads\/2024\/11\/7856150-100x100.jpg 100w\" sizes=\"(max-width: 800px) 100vw, 800px\" \/><\/figure>\n<\/div>\n\n\n\n<div class=\"wp-block-column is-layout-flow wp-block-column-is-layout-flow\">\n<figure class=\"wp-block-image size-full\"><img decoding=\"async\" width=\"800\" height=\"800\" src=\"https:\/\/yousanusb.com\/wp-content\/uploads\/2024\/11\/7856151.jpg\" alt=\"\" class=\"wp-image-14935\" srcset=\"https:\/\/www.yousanusb.com\/wp-content\/uploads\/2024\/11\/7856151.jpg 800w, https:\/\/www.yousanusb.com\/wp-content\/uploads\/2024\/11\/7856151-300x300.jpg 300w, https:\/\/www.yousanusb.com\/wp-content\/uploads\/2024\/11\/7856151-150x150.jpg 150w, https:\/\/www.yousanusb.com\/wp-content\/uploads\/2024\/11\/7856151-768x768.jpg 768w, https:\/\/www.yousanusb.com\/wp-content\/uploads\/2024\/11\/7856151-12x12.jpg 12w, https:\/\/www.yousanusb.com\/wp-content\/uploads\/2024\/11\/7856151-600x600.jpg 600w, https:\/\/www.yousanusb.com\/wp-content\/uploads\/2024\/11\/7856151-100x100.jpg 100w\" sizes=\"(max-width: 800px) 100vw, 800px\" \/><\/figure>\n<\/div>\n\n\n\n<div class=\"wp-block-column is-layout-flow wp-block-column-is-layout-flow\">\n<figure class=\"wp-block-image size-full\"><img decoding=\"async\" width=\"800\" height=\"800\" src=\"https:\/\/yousanusb.com\/wp-content\/uploads\/2024\/11\/7856152.jpg\" alt=\"\" class=\"wp-image-14936\" srcset=\"https:\/\/www.yousanusb.com\/wp-content\/uploads\/2024\/11\/7856152.jpg 800w, https:\/\/www.yousanusb.com\/wp-content\/uploads\/2024\/11\/7856152-300x300.jpg 300w, https:\/\/www.yousanusb.com\/wp-content\/uploads\/2024\/11\/7856152-150x150.jpg 150w, https:\/\/www.yousanusb.com\/wp-content\/uploads\/2024\/11\/7856152-768x768.jpg 768w, https:\/\/www.yousanusb.com\/wp-content\/uploads\/2024\/11\/7856152-12x12.jpg 12w, https:\/\/www.yousanusb.com\/wp-content\/uploads\/2024\/11\/7856152-600x600.jpg 600w, https:\/\/www.yousanusb.com\/wp-content\/uploads\/2024\/11\/7856152-100x100.jpg 100w\" sizes=\"(max-width: 800px) 100vw, 800px\" \/><\/figure>\n<\/div>\n<\/div>\n\n\n\n<p>Con\u00e7ue pour la fiabilit\u00e9,cette puce int\u00e8gre un code correcteur d'erreurs (ECC),un nivellement de l'usure,la prise en charge de la commande TRIM et une gestion dynamique de l'alimentation pour optimiser l'endurance,l'int\u00e9grit\u00e9 des donn\u00e9es et l'efficacit\u00e9 \u00e9nerg\u00e9tique.La capacit\u00e9 de double r\u00f4le la rend id\u00e9ale pour les accessoires mobiles,les terminaux IoT industriels,les commutateurs KVM commerciaux et les solutions de stockage portables n\u00e9cessitant une connectivit\u00e9 inter-appareils.<\/p>\n\n\n\n<p>        Gr\u00e2ce \u00e0 sa conception thermique robuste et \u00e0 son faible encombrement, la puce flash OTG USB3.0 offre des performances \u00e9lev\u00e9es pour des t\u00e2ches telles que la synchronisation des m\u00e9dias, les mises \u00e0 jour du micrologiciel et les sauvegardes de donn\u00e9es s\u00e9curis\u00e9es dans des environnements exigeants.<\/p>\n\n\n\n<p><\/p>","protected":false},"excerpt":{"rendered":"<p>Capacit\u00e9 : 8GB\/16GB\/32GB\/64GB\/128GB\/256GB\/512GB Produit <br \/>Taille : 57,5*12*4,5mm<br \/>Poids : 5g <br \/>Couleur:Vert\/Bleu<br \/>Mat\u00e9riau : m\u00e9tal <br \/>Interface:USB 3.0 <br \/>Vitesse d'\u00e9criture : 10-15MB\/S <br \/>Vitesse de lecture : 60-80MB\/S<\/p>","protected":false},"featured_media":10432,"comment_status":"open","ping_status":"closed","template":"","meta":{"_seopress_robots_primary_cat":"none","_seopress_titles_title":"OTG USB Flash Chip With Type-c","_seopress_titles_desc":"This product is semi-finished and can be wholesale","_seopress_robots_index":""},"class_list":["post-10465","product","type-product","status-publish","has-post-thumbnail","hentry","product_cat-usb-flash-drive-chips","product_tag-udp","product_tag-usb-2-0-flash-chips","product_tag-usb3-0-flash"],"_links":{"self":[{"href":"https:\/\/www.yousanusb.com\/fr\/wp-json\/wp\/v2\/product\/10465"}],"collection":[{"href":"https:\/\/www.yousanusb.com\/fr\/wp-json\/wp\/v2\/product"}],"about":[{"href":"https:\/\/www.yousanusb.com\/fr\/wp-json\/wp\/v2\/types\/product"}],"replies":[{"embeddable":true,"href":"https:\/\/www.yousanusb.com\/fr\/wp-json\/wp\/v2\/comments?post=10465"}],"wp:featuredmedia":[{"embeddable":true,"href":"https:\/\/www.yousanusb.com\/fr\/wp-json\/wp\/v2\/media\/10432"}],"wp:attachment":[{"href":"https:\/\/www.yousanusb.com\/fr\/wp-json\/wp\/v2\/media?parent=10465"}],"curies":[{"name":"wp","href":"https:\/\/api.w.org\/{rel}","templated":true}]}}