{"id":10650,"date":"2024-11-18T12:54:25","date_gmt":"2024-11-18T12:54:25","guid":{"rendered":"https:\/\/yousanusb.com\/?post_type=product&#038;p=10650"},"modified":"2025-11-12T08:02:18","modified_gmt":"2025-11-12T08:02:18","slug":"rectangular-cardboard-usb-flash-drive","status":"publish","type":"product","link":"https:\/\/www.yousanusb.com\/fr\/produit\/rectangular-cardboard-usb-flash-drive\/","title":{"rendered":"Cl\u00e9 USB en carton rectangulaire"},"content":{"rendered":"<div class=\"wp-block-columns is-layout-flex wp-container-core-columns-is-layout-1 wp-block-columns-is-layout-flex\">\n<div class=\"wp-block-column is-layout-flow wp-block-column-is-layout-flow\">\n<figure class=\"wp-block-image size-full\"><img fetchpriority=\"high\" decoding=\"async\" width=\"800\" height=\"800\" src=\"https:\/\/www.yousanusb.com\/wp-content\/uploads\/2024\/11\/Paper-usb-flash-pendrive.jpg\" alt=\"Cl\u00e9 USB \u00e0 m\u00e9moire flash\" class=\"wp-image-10655\" srcset=\"https:\/\/www.yousanusb.com\/wp-content\/uploads\/2024\/11\/Paper-usb-flash-pendrive.jpg 800w, https:\/\/www.yousanusb.com\/wp-content\/uploads\/2024\/11\/Paper-usb-flash-pendrive-300x300.jpg 300w, https:\/\/www.yousanusb.com\/wp-content\/uploads\/2024\/11\/Paper-usb-flash-pendrive-150x150.jpg 150w, https:\/\/www.yousanusb.com\/wp-content\/uploads\/2024\/11\/Paper-usb-flash-pendrive-768x768.jpg 768w, https:\/\/www.yousanusb.com\/wp-content\/uploads\/2024\/11\/Paper-usb-flash-pendrive-600x600.jpg 600w, https:\/\/www.yousanusb.com\/wp-content\/uploads\/2024\/11\/Paper-usb-flash-pendrive-100x100.jpg 100w\" sizes=\"(max-width: 800px) 100vw, 800px\" \/><\/figure>\n<\/div>\n\n\n\n<div class=\"wp-block-column is-vertically-aligned-center is-layout-flow wp-block-column-is-layout-flow\">\n<p>This USB flash drive features a sleek rectangular shape,crafted to resemble a piece of cardboard.The design is not only trendy but also gives it a distinct and recognizable look.<\/p>\n\n\n\n<p>The smooth finish and clean lines make it a stylish accessory that stands out from the traditional plastic or metal USB drives.It&#8217;s available in a variety of colors,allowing you to choose the one that best suits your personal style or brand identity.<\/p>\n<\/div>\n<\/div>\n\n\n\n<div class=\"wp-block-columns is-layout-flex wp-container-core-columns-is-layout-2 wp-block-columns-is-layout-flex\">\n<div class=\"wp-block-column is-vertically-aligned-center is-layout-flow wp-block-column-is-layout-flow\">\n<p><strong>Unique Design:<\/strong>Sleek rectangular shape resembling cardboard,available in various colors.<\/p>\n\n\n\n<p><strong>Great Performance:<\/strong>Offers different storage capacities,compatible with major OS,high-speed data transfer.<\/p>\n\n\n\n<p><strong>Respect de l'environnement<\/strong>:Made of recyclable materials,reducing carbon footprint.<\/p>\n\n\n\n<p><strong>Durable&amp;Portable<\/strong>:Withstands daily use,lightweight and easy to carry.<\/p>\n<\/div>\n\n\n\n<div class=\"wp-block-column is-layout-flow wp-block-column-is-layout-flow\">\n<figure class=\"wp-block-image size-full\"><img decoding=\"async\" width=\"800\" height=\"800\" src=\"https:\/\/www.yousanusb.com\/wp-content\/uploads\/2024\/11\/Paper-usb-flash-disk.jpg\" alt=\"Paper-usb-flash-disk\" class=\"wp-image-10654\" srcset=\"https:\/\/www.yousanusb.com\/wp-content\/uploads\/2024\/11\/Paper-usb-flash-disk.jpg 800w, https:\/\/www.yousanusb.com\/wp-content\/uploads\/2024\/11\/Paper-usb-flash-disk-300x300.jpg 300w, https:\/\/www.yousanusb.com\/wp-content\/uploads\/2024\/11\/Paper-usb-flash-disk-150x150.jpg 150w, https:\/\/www.yousanusb.com\/wp-content\/uploads\/2024\/11\/Paper-usb-flash-disk-768x768.jpg 768w, https:\/\/www.yousanusb.com\/wp-content\/uploads\/2024\/11\/Paper-usb-flash-disk-600x600.jpg 600w, https:\/\/www.yousanusb.com\/wp-content\/uploads\/2024\/11\/Paper-usb-flash-disk-100x100.jpg 100w\" sizes=\"(max-width: 800px) 100vw, 800px\" \/><\/figure>\n<\/div>\n<\/div>","protected":false},"excerpt":{"rendered":"<ul>\n<li>Unique Design<\/li>\n<li>Paper material<\/li>\n<li>Logo personnalis\u00e9<\/li>\n<li>MOQ:100pcs<\/li>\n<li>Respect de l'environnement<\/li>\n<\/ul>","protected":false},"featured_media":10655,"comment_status":"open","ping_status":"closed","template":"","meta":{"_seopress_robots_primary_cat":"none","_seopress_titles_title":"Rectangular Cardboard USB Flash Drive","_seopress_titles_desc":"Great Performance:Offers different storage capacities,compatible with major OS,high-speed data transfer.","_seopress_robots_index":""},"class_list":["post-10650","product","type-product","status-publish","has-post-thumbnail","hentry","product_cat-biodegradable-usb-flash-disk","product_tag-eco-friendly-usb-drive","product_tag-paper-usb-drive"],"_links":{"self":[{"href":"https:\/\/www.yousanusb.com\/fr\/wp-json\/wp\/v2\/product\/10650"}],"collection":[{"href":"https:\/\/www.yousanusb.com\/fr\/wp-json\/wp\/v2\/product"}],"about":[{"href":"https:\/\/www.yousanusb.com\/fr\/wp-json\/wp\/v2\/types\/product"}],"replies":[{"embeddable":true,"href":"https:\/\/www.yousanusb.com\/fr\/wp-json\/wp\/v2\/comments?post=10650"}],"wp:featuredmedia":[{"embeddable":true,"href":"https:\/\/www.yousanusb.com\/fr\/wp-json\/wp\/v2\/media\/10655"}],"wp:attachment":[{"href":"https:\/\/www.yousanusb.com\/fr\/wp-json\/wp\/v2\/media?parent=10650"}],"curies":[{"name":"wp","href":"https:\/\/api.w.org\/{rel}","templated":true}]}}