{"id":10669,"date":"2024-11-18T13:23:19","date_gmt":"2024-11-18T13:23:19","guid":{"rendered":"https:\/\/yousanusb.com\/?post_type=product&#038;p=10669"},"modified":"2025-10-04T01:35:45","modified_gmt":"2025-10-04T01:35:45","slug":"degradable-rotating-otg-usb-flash-drive","status":"publish","type":"product","link":"https:\/\/www.yousanusb.com\/fr\/produit\/degradable-rotating-otg-usb-flash-drive\/","title":{"rendered":"Cl\u00e9 USB biod\u00e9gradable rotative OTG"},"content":{"rendered":"<p>Cette cl\u00e9 USB biod\u00e9gradable rotative est une solution de stockage innovante qui allie un design cr\u00e9atif \u00e0 des principes respectueux de l'environnement. Dot\u00e9e d'un capuchon rotatif \u00e0 360\u00b0, d'un mat\u00e9riau biod\u00e9gradable en fibre de paille et d'une fonctionnalit\u00e9 plug-and-play pour les smartphones et les ordinateurs, elle est devenue un choix populaire pour la personnalisation de cadeaux d'entreprise et le stockage portable personnel.<\/p>\n\n\n\n<h2 class=\"wp-block-heading\">Quelles sont les principales caract\u00e9ristiques de la cl\u00e9 USB pour t\u00e9l\u00e9phone rotatif \u00e0 360\u00b0 ?<\/h2>\n\n\n\n<div class=\"wp-block-columns is-layout-flex wp-container-core-columns-is-layout-1 wp-block-columns-is-layout-flex\">\n<div class=\"wp-block-column is-vertically-aligned-center is-layout-flow wp-block-column-is-layout-flow\">\n<figure class=\"wp-block-image size-full\"><img fetchpriority=\"high\" decoding=\"async\" width=\"800\" height=\"600\" src=\"https:\/\/yousanusb.com\/wp-content\/uploads\/2024\/11\/Wheat-Straw-Color-Degradable-Rotating-Phone-USB-Flash-Drive.jpg\" alt=\"Paille de bl\u00e9 Couleur D\u00e9gradable T\u00e9l\u00e9phone Rotatif Cl\u00e9 USB\" class=\"wp-image-16982\" srcset=\"https:\/\/www.yousanusb.com\/wp-content\/uploads\/2024\/11\/Wheat-Straw-Color-Degradable-Rotating-Phone-USB-Flash-Drive.jpg 800w, https:\/\/www.yousanusb.com\/wp-content\/uploads\/2024\/11\/Wheat-Straw-Color-Degradable-Rotating-Phone-USB-Flash-Drive-300x225.jpg 300w, https:\/\/www.yousanusb.com\/wp-content\/uploads\/2024\/11\/Wheat-Straw-Color-Degradable-Rotating-Phone-USB-Flash-Drive-768x576.jpg 768w, https:\/\/www.yousanusb.com\/wp-content\/uploads\/2024\/11\/Wheat-Straw-Color-Degradable-Rotating-Phone-USB-Flash-Drive-16x12.jpg 16w, https:\/\/www.yousanusb.com\/wp-content\/uploads\/2024\/11\/Wheat-Straw-Color-Degradable-Rotating-Phone-USB-Flash-Drive-600x450.jpg 600w\" sizes=\"(max-width: 800px) 100vw, 800px\" \/><\/figure>\n<\/div>\n\n\n\n<div class=\"wp-block-column is-layout-flow wp-block-column-is-layout-flow\">\n<h3 class=\"wp-block-heading\">\u2776 Rotation \u00e0 360\u00b0 sans couvercle<\/h3>\n\n\n\n<p>La cl\u00e9 USB OTG rotative est dot\u00e9e d'une tige rotative amortie pour un mouvement libre sans n\u00e9cessiter de capuchon de protection suppl\u00e9mentaire. Lorsqu'elle est rang\u00e9e, le port USB se r\u00e9tracte automatiquement, ce qui \u00e9vite l'oxydation ou l'usure des contacts m\u00e9talliques et am\u00e9liore la durabilit\u00e9 de la cl\u00e9.<\/p>\n\n\n\n<h3 class=\"wp-block-heading\">\u2777 Fibre de paille Mat\u00e9riau biod\u00e9gradable<\/h3>\n\n\n\n<p>Le bo\u00eetier est fabriqu\u00e9 \u00e0 partir d'un mat\u00e9riau composite \u00e0 base de fibres de paille certifi\u00e9 FSC (contenant des fibres v\u00e9g\u00e9tales naturelles 30%), qui se d\u00e9grade naturellement dans le sol apr\u00e8s \u00e9limination, r\u00e9duisant ainsi la pollution blanche \u00e0 sa source. La surface du mat\u00e9riau conserve la texture naturelle de la paille, offrant une sensation de chaleur, de douceur et de naturel unique.<\/p>\n\n\n\n<p>\u2778 Compatibilit\u00e9 \u00e0 deux extr\u00e9mit\u00e9s Plug-and-Play <\/p>\n\n\n\n<p>Prend en charge la fonction OTG, sans pilote ni application. Il se connecte directement aux t\u00e9l\u00e9phones Android (Micro-USB), aux appareils Type-C, aux ordinateurs Windows et Mac pour un transfert de fichiers en une seule \u00e9tape.<\/p>\n<\/div>\n<\/div>\n\n\n\n<h2 class=\"wp-block-heading\">Interfaces et param\u00e8tres de la cl\u00e9 USB OTG \u00e0 rotation 360<\/h2>\n\n\n\n<h3 class=\"wp-block-heading\">\u2776 Plusieurs versions d'interface pour r\u00e9pondre \u00e0 diff\u00e9rents besoins<\/h3>\n\n\n\n<figure class=\"wp-block-table\"><table class=\"has-fixed-layout\"><thead><tr><th>Type d'interface<\/th><th>Vitesse de transmission (lecture)<\/th><th>Appareils compatibles<\/th><th>Sc\u00e9narios d'utilisation typiques<\/th><\/tr><\/thead><tbody><tr><td>USB 2.0<\/td><td>Jusqu'\u00e0 480 Mbps<\/td><td>Vieux ordinateurs\/t\u00e9l\u00e9phones Android d'entr\u00e9e de gamme<\/td><td>Stockage de documents, de photos et de petits fichiers<\/td><\/tr><tr><td>USB 3.0<\/td><td>Jusqu'\u00e0 5Gbps<\/td><td>Ordinateurs grand public\/t\u00e9l\u00e9phones de type C<\/td><td>Transfert rapide de vid\u00e9os HD et de paquets compress\u00e9s de grande taille<\/td><\/tr><tr><td>USB 3.1<\/td><td>Jusqu'\u00e0 10 Gbps<\/td><td>Nouveaux ordinateurs portables\/dispositifs \u00e0 semi-conducteurs \u00e0 haute vitesse<\/td><td>Montage vid\u00e9o 4K\/transfert ultra-rapide de fichiers de jeu<\/td><\/tr><\/tbody><\/table><\/figure>\n\n\n\n<h3 class=\"wp-block-heading\">\u2777 Param\u00e8tres techniques de base (en prenant le mod\u00e8le 64 Go comme exemple)<\/h3>\n\n\n\n<figure class=\"wp-block-table\"><table class=\"has-fixed-layout\"><thead><tr><th>Cat\u00e9gorie de param\u00e8tres<\/th><th>Indicateurs sp\u00e9cifiques<\/th><\/tr><\/thead><tbody><tr><td>Taille<\/td><td>63mm\u00d715mm\u00d78mm (L\u00d7L\u00d7H)<\/td><\/tr><tr><td>Poids<\/td><td>20g (35% plus l\u00e9ger que les cl\u00e9s USB traditionnelles en plastique)<\/td><\/tr><tr><td>Temp\u00e9rature de fonctionnement<\/td><td>-10\u2103~60\u2103<\/td><\/tr><tr><td>Temp\u00e9rature de stockage<\/td><td>-20\u2103~85\u2103<\/td><\/tr><tr><td>Type d'interface<\/td><td>Interfaces doubles (c\u00f4t\u00e9 t\u00e9l\u00e9phone + c\u00f4t\u00e9 ordinateur)<\/td><\/tr><tr><td>Normes de certification<\/td><td>Certification foresti\u00e8re FSC, certification environnementale RoHS<\/td><\/tr><tr><td>Temps de conservation des donn\u00e9es<\/td><td>Au moins 10 ans<\/td><\/tr><\/tbody><\/table><\/figure>\n\n\n\n<h2 class=\"wp-block-heading\">Quelles sont les couleurs disponibles pour la cl\u00e9 USB OTG rotative \u00e0 360\u00b0 ?<\/h2>\n\n\n\n<h3 class=\"wp-block-heading\">\u2776 Cinq options de couleur pour des sc\u00e9narios vari\u00e9s<\/h3>\n\n\n\n<div class=\"wp-block-columns is-layout-flex wp-container-core-columns-is-layout-2 wp-block-columns-is-layout-flex\">\n<div class=\"wp-block-column is-layout-flow wp-block-column-is-layout-flow\"><div class=\"wp-block-image\">\n<figure class=\"aligncenter size-full\"><img fetchpriority=\"high\" decoding=\"async\" width=\"800\" height=\"600\" src=\"https:\/\/yousanusb.com\/wp-content\/uploads\/2024\/11\/Wheat-Straw-Color-Degradable-Rotating-Phone-USB-Flash-Drive.jpg\" alt=\"Paille de bl\u00e9 Couleur D\u00e9gradable T\u00e9l\u00e9phone Rotatif Cl\u00e9 USB\" class=\"wp-image-16982\" srcset=\"https:\/\/www.yousanusb.com\/wp-content\/uploads\/2024\/11\/Wheat-Straw-Color-Degradable-Rotating-Phone-USB-Flash-Drive.jpg 800w, https:\/\/www.yousanusb.com\/wp-content\/uploads\/2024\/11\/Wheat-Straw-Color-Degradable-Rotating-Phone-USB-Flash-Drive-300x225.jpg 300w, https:\/\/www.yousanusb.com\/wp-content\/uploads\/2024\/11\/Wheat-Straw-Color-Degradable-Rotating-Phone-USB-Flash-Drive-768x576.jpg 768w, https:\/\/www.yousanusb.com\/wp-content\/uploads\/2024\/11\/Wheat-Straw-Color-Degradable-Rotating-Phone-USB-Flash-Drive-16x12.jpg 16w, https:\/\/www.yousanusb.com\/wp-content\/uploads\/2024\/11\/Wheat-Straw-Color-Degradable-Rotating-Phone-USB-Flash-Drive-600x450.jpg 600w\" sizes=\"(max-width: 800px) 100vw, 800px\" \/><figcaption class=\"wp-element-caption\">Couleur de la paille de bl\u00e9<\/figcaption><\/figure><\/div>\n\n\n<p>Fibre de paille naturelle de couleur originale, conservant la texture de la plante, pleine de sens environnemental rustique. Pr\u00e9f\u00e9r\u00e9 par 80% des utilisateurs, convient \u00e0 la personnalisation de la marque sur le th\u00e8me de l'environnement.<\/p>\n<\/div>\n\n\n\n<div class=\"wp-block-column is-layout-flow wp-block-column-is-layout-flow\"><div class=\"wp-block-image\">\n<figure class=\"aligncenter size-full\"><img decoding=\"async\" width=\"800\" height=\"600\" src=\"https:\/\/yousanusb.com\/wp-content\/uploads\/2024\/11\/White-Degradable-Rotating-Phone-USB-Flash-Drive.jpg\" alt=\"Cl\u00e9 USB rotative blanche d\u00e9gradable pour t\u00e9l\u00e9phone\" class=\"wp-image-16983\" srcset=\"https:\/\/www.yousanusb.com\/wp-content\/uploads\/2024\/11\/White-Degradable-Rotating-Phone-USB-Flash-Drive.jpg 800w, https:\/\/www.yousanusb.com\/wp-content\/uploads\/2024\/11\/White-Degradable-Rotating-Phone-USB-Flash-Drive-300x225.jpg 300w, https:\/\/www.yousanusb.com\/wp-content\/uploads\/2024\/11\/White-Degradable-Rotating-Phone-USB-Flash-Drive-768x576.jpg 768w, https:\/\/www.yousanusb.com\/wp-content\/uploads\/2024\/11\/White-Degradable-Rotating-Phone-USB-Flash-Drive-16x12.jpg 16w, https:\/\/www.yousanusb.com\/wp-content\/uploads\/2024\/11\/White-Degradable-Rotating-Phone-USB-Flash-Drive-600x450.jpg 600w\" sizes=\"(max-width: 800px) 100vw, 800px\" \/><figcaption class=\"wp-element-caption\">Blanc <\/figcaption><\/figure><\/div>\n\n\n<p>Blanc perle minimaliste, polyvalent et neutre en termes de couleurs, pr\u00e9f\u00e9r\u00e9 pour la personnalisation des marques technologiques.<\/p>\n<\/div>\n\n\n\n<div class=\"wp-block-column is-layout-flow wp-block-column-is-layout-flow\"><div class=\"wp-block-image\">\n<figure class=\"aligncenter size-full\"><img decoding=\"async\" width=\"800\" height=\"600\" src=\"https:\/\/yousanusb.com\/wp-content\/uploads\/2024\/11\/Green-Degradable-Rotating-Phone-USB-Flash-Drive.jpg\" alt=\"Cl\u00e9 USB rotative pour t\u00e9l\u00e9phone vert d\u00e9gradable\" class=\"wp-image-16978\" srcset=\"https:\/\/www.yousanusb.com\/wp-content\/uploads\/2024\/11\/Green-Degradable-Rotating-Phone-USB-Flash-Drive.jpg 800w, https:\/\/www.yousanusb.com\/wp-content\/uploads\/2024\/11\/Green-Degradable-Rotating-Phone-USB-Flash-Drive-300x225.jpg 300w, https:\/\/www.yousanusb.com\/wp-content\/uploads\/2024\/11\/Green-Degradable-Rotating-Phone-USB-Flash-Drive-768x576.jpg 768w, https:\/\/www.yousanusb.com\/wp-content\/uploads\/2024\/11\/Green-Degradable-Rotating-Phone-USB-Flash-Drive-16x12.jpg 16w, https:\/\/www.yousanusb.com\/wp-content\/uploads\/2024\/11\/Green-Degradable-Rotating-Phone-USB-Flash-Drive-600x450.jpg 600w\" sizes=\"(max-width: 800px) 100vw, 800px\" \/><figcaption class=\"wp-element-caption\">Vert<\/figcaption><\/figure><\/div>\n\n\n<p>Vert tendre, appr\u00e9ci\u00e9 par les utilisateurs qui pr\u00f4nent une esth\u00e9tique naturelle, saine et tranquille, convenant aux marques de soins naturels, de maternit\u00e9 et de b\u00e9b\u00e9 biologiques, et de produits \u00e9cologiques pour la maison.<\/p>\n<\/div>\n\n\n\n<div class=\"wp-block-column is-layout-flow wp-block-column-is-layout-flow\"><div class=\"wp-block-image\">\n<figure class=\"aligncenter size-full\"><img loading=\"lazy\" decoding=\"async\" width=\"800\" height=\"600\" src=\"https:\/\/yousanusb.com\/wp-content\/uploads\/2024\/11\/Blue-Degradable-Rotating-Phone-USB-Flash-Drive.jpg\" alt=\"Cl\u00e9 USB rotative bleue d\u00e9gradable pour t\u00e9l\u00e9phone\" class=\"wp-image-16975\" srcset=\"https:\/\/www.yousanusb.com\/wp-content\/uploads\/2024\/11\/Blue-Degradable-Rotating-Phone-USB-Flash-Drive.jpg 800w, https:\/\/www.yousanusb.com\/wp-content\/uploads\/2024\/11\/Blue-Degradable-Rotating-Phone-USB-Flash-Drive-300x225.jpg 300w, https:\/\/www.yousanusb.com\/wp-content\/uploads\/2024\/11\/Blue-Degradable-Rotating-Phone-USB-Flash-Drive-768x576.jpg 768w, https:\/\/www.yousanusb.com\/wp-content\/uploads\/2024\/11\/Blue-Degradable-Rotating-Phone-USB-Flash-Drive-16x12.jpg 16w, https:\/\/www.yousanusb.com\/wp-content\/uploads\/2024\/11\/Blue-Degradable-Rotating-Phone-USB-Flash-Drive-600x450.jpg 600w\" sizes=\"(max-width: 800px) 100vw, 800px\" \/><figcaption class=\"wp-element-caption\">Bleu<\/figcaption><\/figure><\/div>\n\n\n<p>Le bleu profond de la mer des affaires, calme et<strong> <\/strong>\u00e9l\u00e9gant\uff0cpr\u00e9f\u00e9r\u00e9 pour la personnalisation des logos d'entreprise<\/p>\n<\/div>\n\n\n\n<div class=\"wp-block-column is-layout-flow wp-block-column-is-layout-flow\"><div class=\"wp-block-image\">\n<figure class=\"aligncenter size-full\"><img loading=\"lazy\" decoding=\"async\" width=\"800\" height=\"600\" src=\"https:\/\/yousanusb.com\/wp-content\/uploads\/2024\/11\/Pink-Degradable-Rotating-Phone-USB-Flash-Drive.jpg\" alt=\"Cl\u00e9 USB rotative pour t\u00e9l\u00e9phone rose d\u00e9gradable\" class=\"wp-image-16979\" srcset=\"https:\/\/www.yousanusb.com\/wp-content\/uploads\/2024\/11\/Pink-Degradable-Rotating-Phone-USB-Flash-Drive.jpg 800w, https:\/\/www.yousanusb.com\/wp-content\/uploads\/2024\/11\/Pink-Degradable-Rotating-Phone-USB-Flash-Drive-300x225.jpg 300w, https:\/\/www.yousanusb.com\/wp-content\/uploads\/2024\/11\/Pink-Degradable-Rotating-Phone-USB-Flash-Drive-768x576.jpg 768w, https:\/\/www.yousanusb.com\/wp-content\/uploads\/2024\/11\/Pink-Degradable-Rotating-Phone-USB-Flash-Drive-16x12.jpg 16w, https:\/\/www.yousanusb.com\/wp-content\/uploads\/2024\/11\/Pink-Degradable-Rotating-Phone-USB-Flash-Drive-600x450.jpg 600w\" sizes=\"(max-width: 800px) 100vw, 800px\" \/><figcaption class=\"wp-element-caption\">Rose<\/figcaption><\/figure><\/div>\n\n\n<p>Douceur du rose des cerisiers, pr\u00e9f\u00e9r\u00e9e des utilisatrices, adapt\u00e9e aux marques de beaut\u00e9\/maternit\u00e9 et aux marques pour b\u00e9b\u00e9s.<\/p>\n<\/div>\n<\/div>\n\n\n\n<h3 class=\"wp-block-heading\">\u2777 Options de capacit\u00e9 commune<\/h3>\n\n\n\n<p>Disponible en capacit\u00e9s standard : 8GB\/16GB\/32GB\/64GB\/128GB. La personnalisation de 256 Go et plus est possible (r\u00e9servation pr\u00e9alable n\u00e9cessaire). Qu'il s'agisse de stocker des centaines de photos (8 Go), plusieurs films HD (64 Go) ou des fichiers de conception professionnelle (128 Go), vous pouvez choisir en fonction de vos besoins.<\/p>\n\n\n\n<h2 class=\"wp-block-heading\">Logo personnalis\u00e9 pour cl\u00e9 USB OTG rotative \u00e0 360<\/h2>\n\n\n\n<h3 class=\"wp-block-heading\">\u2776 Personnalisation du logo : Imprimable sur les deux faces<\/h3>\n\n\n\n<p>- Proc\u00e9d\u00e9 de s\u00e9rigraphie : Impression pr\u00e9cise monochromatique, adapt\u00e9e aux logos ou slogans simples, quantit\u00e9 minimale de commande de 50 pi\u00e8ces, faible co\u00fbt et grande durabilit\u00e9. Note : La taille de la zone du logo est de 30mm\u00d715mm, en option pour le centre avant\/coin arri\u00e8re, avec un service d'\u00e9preuve de conception gratuit fourni.<\/p>\n\n\n\n<p>- Processus d'impression en couleur : Motifs en quadrichromie\/effets de d\u00e9grad\u00e9, supportant des conceptions complexes (telles que les images de la marque IP, les illustrations sur le th\u00e8me de l'environnement), quantit\u00e9 minimale de commande de 100 pi\u00e8ces, avec un fort impact visuel.<\/p>\n\n\n\n<div class=\"wp-block-columns is-layout-flex wp-container-core-columns-is-layout-3 wp-block-columns-is-layout-flex\">\n<div class=\"wp-block-column is-layout-flow wp-block-column-is-layout-flow\">\n<figure class=\"wp-block-image size-full\"><img loading=\"lazy\" decoding=\"async\" width=\"800\" height=\"600\" src=\"https:\/\/yousanusb.com\/wp-content\/uploads\/2024\/11\/Custom-Logo-for-White-OTG-USB-Drive.jpg\" alt=\"Logo personnalis\u00e9 pour cl\u00e9 USB OTG blanche\" class=\"wp-image-16977\" srcset=\"https:\/\/www.yousanusb.com\/wp-content\/uploads\/2024\/11\/Custom-Logo-for-White-OTG-USB-Drive.jpg 800w, https:\/\/www.yousanusb.com\/wp-content\/uploads\/2024\/11\/Custom-Logo-for-White-OTG-USB-Drive-300x225.jpg 300w, https:\/\/www.yousanusb.com\/wp-content\/uploads\/2024\/11\/Custom-Logo-for-White-OTG-USB-Drive-768x576.jpg 768w, https:\/\/www.yousanusb.com\/wp-content\/uploads\/2024\/11\/Custom-Logo-for-White-OTG-USB-Drive-16x12.jpg 16w, https:\/\/www.yousanusb.com\/wp-content\/uploads\/2024\/11\/Custom-Logo-for-White-OTG-USB-Drive-600x450.jpg 600w\" sizes=\"(max-width: 800px) 100vw, 800px\" \/><\/figure>\n<\/div>\n\n\n\n<div class=\"wp-block-column is-layout-flow wp-block-column-is-layout-flow\">\n<figure class=\"wp-block-image size-full\"><img loading=\"lazy\" decoding=\"async\" width=\"800\" height=\"600\" src=\"https:\/\/www.yousanusb.com\/wp-content\/uploads\/2024\/11\/Standard-Degradable-Rotating-USB-Flash-Drive.webp\" alt=\"\" class=\"wp-image-19109\" srcset=\"https:\/\/www.yousanusb.com\/wp-content\/uploads\/2024\/11\/Standard-Degradable-Rotating-USB-Flash-Drive.webp 800w, https:\/\/www.yousanusb.com\/wp-content\/uploads\/2024\/11\/Standard-Degradable-Rotating-USB-Flash-Drive-300x225.webp 300w, https:\/\/www.yousanusb.com\/wp-content\/uploads\/2024\/11\/Standard-Degradable-Rotating-USB-Flash-Drive-768x576.webp 768w, https:\/\/www.yousanusb.com\/wp-content\/uploads\/2024\/11\/Standard-Degradable-Rotating-USB-Flash-Drive-16x12.webp 16w, https:\/\/www.yousanusb.com\/wp-content\/uploads\/2024\/11\/Standard-Degradable-Rotating-USB-Flash-Drive-600x450.webp 600w\" sizes=\"(max-width: 800px) 100vw, 800px\" \/><\/figure>\n<\/div>\n<\/div>\n\n\n\n<h3 class=\"wp-block-heading\">\u2777 Personnalisation des emballages : Le concept environnemental \u00e0 tous les niveaux<\/h3>\n\n\n\n<p>- Emballage standard : Sac PP biod\u00e9gradable (style \u00e9conomique) ou bo\u00eete cadeau en fibre de paille (style am\u00e9lior\u00e9, reprenant le mat\u00e9riau de la cl\u00e9 USB pour mettre l'accent sur le ton environnemental) ;<\/p>\n\n\n\n<p>- Emballage personnalis\u00e9 : Il est possible d'imprimer des slogans de marque (tels que \"R\u00e9duisez le plastique pour la terre, commencez par le stockage\") afin d'am\u00e9liorer la qualit\u00e9 du cadeau.<\/p>\n\n\n\n<div class=\"wp-block-columns is-layout-flex wp-container-core-columns-is-layout-4 wp-block-columns-is-layout-flex\">\n<div class=\"wp-block-column is-layout-flow wp-block-column-is-layout-flow\">\n<figure class=\"wp-block-image size-full\"><img loading=\"lazy\" decoding=\"async\" width=\"800\" height=\"800\" src=\"https:\/\/www.yousanusb.com\/wp-content\/uploads\/2024\/11\/Rotating-Degradable-USB-Flash-Drive-with-Logo.webp\" alt=\"\" class=\"wp-image-19110\" srcset=\"https:\/\/www.yousanusb.com\/wp-content\/uploads\/2024\/11\/Rotating-Degradable-USB-Flash-Drive-with-Logo.webp 800w, https:\/\/www.yousanusb.com\/wp-content\/uploads\/2024\/11\/Rotating-Degradable-USB-Flash-Drive-with-Logo-300x300.webp 300w, https:\/\/www.yousanusb.com\/wp-content\/uploads\/2024\/11\/Rotating-Degradable-USB-Flash-Drive-with-Logo-150x150.webp 150w, https:\/\/www.yousanusb.com\/wp-content\/uploads\/2024\/11\/Rotating-Degradable-USB-Flash-Drive-with-Logo-768x768.webp 768w, https:\/\/www.yousanusb.com\/wp-content\/uploads\/2024\/11\/Rotating-Degradable-USB-Flash-Drive-with-Logo-12x12.webp 12w, https:\/\/www.yousanusb.com\/wp-content\/uploads\/2024\/11\/Rotating-Degradable-USB-Flash-Drive-with-Logo-600x600.webp 600w, https:\/\/www.yousanusb.com\/wp-content\/uploads\/2024\/11\/Rotating-Degradable-USB-Flash-Drive-with-Logo-100x100.webp 100w\" sizes=\"(max-width: 800px) 100vw, 800px\" \/><\/figure>\n<\/div>\n\n\n\n<div class=\"wp-block-column is-layout-flow wp-block-column-is-layout-flow\">\n<figure class=\"wp-block-image size-full\"><img loading=\"lazy\" decoding=\"async\" width=\"800\" height=\"600\" src=\"https:\/\/yousanusb.com\/wp-content\/uploads\/2024\/11\/Straw-Fiber-Gift-Box-with-Custom-logo.jpg\" alt=\"Bo\u00eete cadeau en fibre de paille avec logo personnalis\u00e9\" class=\"wp-image-16980\" srcset=\"https:\/\/www.yousanusb.com\/wp-content\/uploads\/2024\/11\/Straw-Fiber-Gift-Box-with-Custom-logo.jpg 800w, https:\/\/www.yousanusb.com\/wp-content\/uploads\/2024\/11\/Straw-Fiber-Gift-Box-with-Custom-logo-300x225.jpg 300w, https:\/\/www.yousanusb.com\/wp-content\/uploads\/2024\/11\/Straw-Fiber-Gift-Box-with-Custom-logo-768x576.jpg 768w, https:\/\/www.yousanusb.com\/wp-content\/uploads\/2024\/11\/Straw-Fiber-Gift-Box-with-Custom-logo-16x12.jpg 16w, https:\/\/www.yousanusb.com\/wp-content\/uploads\/2024\/11\/Straw-Fiber-Gift-Box-with-Custom-logo-600x450.jpg 600w\" sizes=\"(max-width: 800px) 100vw, 800px\" \/><\/figure>\n<\/div>\n<\/div>\n\n\n\n<h2 class=\"wp-block-heading\">FAQ :<\/h2>\n\n\n\n<h2 class=\"wp-block-heading\">Q1 : Quelles sont les interfaces adapt\u00e9es \u00e0 la prise en charge des cl\u00e9s USB ? Faut-il faire une distinction ?<\/h2>\n\n\n\n<p><strong>A :<\/strong>\u00a0Prend en charge deux interfaces t\u00e9l\u00e9phoniques classiques :<br>- Interface Android (Micro-USB) : Compatible avec les anciens appareils Android comme Huawei\/Xiaomi\/Samsung ;<br>- Interface de type C : Compatible avec le nouvel iPhone (n\u00e9cessite un convertisseur), la s\u00e9rie Huawei Mate, le MacBook et d'autres appareils Type-C.<br>Rappel sp\u00e9cial : L'interface du t\u00e9l\u00e9phone adopte une \"conception de prise aveugle\", sans qu'il soit n\u00e9cessaire de faire la distinction entre l'avant et l'arri\u00e8re, plug-and-play, plus pratique que les cl\u00e9s USB traditionnelles.<\/p>\n\n\n\n<h2 class=\"wp-block-heading\">Q2 : Quelles certifications environnementales ont \u00e9t\u00e9 obtenues ?<\/h2>\n\n\n\n<p><strong>A :<\/strong>\u00a0Le mat\u00e9riau biod\u00e9gradable affecte-t-il la durabilit\u00e9 des cl\u00e9s USB ? Non. Le bo\u00eetier utilise un proc\u00e9d\u00e9 composite \"fibre de paille + r\u00e9sine haute r\u00e9sistance\", offrant une r\u00e9sistance aux chutes sup\u00e9rieure \u00e0 celle des cl\u00e9s USB en plastique conventionnelles (r\u00e9siste \u00e0 des chutes de 1,5 m\u00e8tre sans dommage). Les r\u00e9f\u00e9rences de certification sont les suivantes :<br>Certification RoHS : Exempt de six substances dangereuses, dont le plomb, le mercure et les polybromobiph\u00e9nyles, conforme aux normes environnementales de l'UE, sans danger pour les femmes enceintes et les enfants.<br>Certification FSC : Les mati\u00e8res premi\u00e8res proviennent de for\u00eats g\u00e9r\u00e9es durablement, ce qui garantit la tra\u00e7abilit\u00e9 de l'origine des fibres de paille ;<\/p>\n\n\n\n<p>Cette cl\u00e9 USB biod\u00e9gradable rotative se distingue par ses principaux avantages : un design rotatif sans capuchon, un mat\u00e9riau biod\u00e9gradable d\u00e9riv\u00e9 de la paille et un double transfert de donn\u00e9es \u00e0 grande vitesse. Elle constitue un excellent choix pour la personnalisation en masse des entreprises afin de promouvoir les marques, tout en offrant aux particuliers une solution de stockage d\u00e9di\u00e9e pour adopter un mode de vie \u00e0 faible \u00e9mission de carbone. Cliquez sur le bouton ci-dessous pour demander un \u00e9chantillon gratuit de couleur paille ou personnaliser votre logo exclusif en ligne.<\/p>","protected":false},"excerpt":{"rendered":"<ul>\n<li>Mat\u00e9riau biod\u00e9gradable<\/li>\n<li>Rotation \u00e0 360\u00b0 sans couvercle<\/li>\n<li>Cl\u00e9 USB \u00e9cologique<\/li>\n<li>Pr\u00eat \u00e0 l'emploi<\/li>\n<li>Plusieurs couleurs disponibles<\/li>\n<li>MOQ:100pcs<\/li>\n<\/ul>","protected":false},"featured_media":16975,"comment_status":"open","ping_status":"closed","template":"","meta":{"_seopress_robots_primary_cat":"none","_seopress_titles_title":"Degradable Rotating OTG USB Flash Drive","_seopress_titles_desc":"Environmentally Friendly Material:Our Degradable Rotating OTG USB Flash Drive is crafted from eco-friendly,degradable materials.","_seopress_robots_index":""},"class_list":["post-10669","product","type-product","status-publish","has-post-thumbnail","hentry","product_cat-biodegradable-usb-flash-disk","product_cat-rotating-usb-flash-drive","product_cat-otg-usb-flash-drive","product_tag-otg-usb-flash-drive"],"_links":{"self":[{"href":"https:\/\/www.yousanusb.com\/fr\/wp-json\/wp\/v2\/product\/10669"}],"collection":[{"href":"https:\/\/www.yousanusb.com\/fr\/wp-json\/wp\/v2\/product"}],"about":[{"href":"https:\/\/www.yousanusb.com\/fr\/wp-json\/wp\/v2\/types\/product"}],"replies":[{"embeddable":true,"href":"https:\/\/www.yousanusb.com\/fr\/wp-json\/wp\/v2\/comments?post=10669"}],"wp:featuredmedia":[{"embeddable":true,"href":"https:\/\/www.yousanusb.com\/fr\/wp-json\/wp\/v2\/media\/16975"}],"wp:attachment":[{"href":"https:\/\/www.yousanusb.com\/fr\/wp-json\/wp\/v2\/media?parent=10669"}],"curies":[{"name":"wp","href":"https:\/\/api.w.org\/{rel}","templated":true}]}}