{"id":10739,"date":"2024-11-18T15:55:22","date_gmt":"2024-11-18T15:55:22","guid":{"rendered":"https:\/\/yousanusb.com\/?post_type=product&#038;p=10739"},"modified":"2025-11-11T08:01:53","modified_gmt":"2025-11-11T08:01:53","slug":"ultra-thin-book-clip-usb-flash-drive","status":"publish","type":"product","link":"https:\/\/www.yousanusb.com\/fr\/produit\/ultra-thin-book-clip-usb-flash-drive\/","title":{"rendered":"Cl\u00e9 USB \u00e0 clip ultra-mince"},"content":{"rendered":"<div class=\"wp-block-columns is-layout-flex wp-container-core-columns-is-layout-1 wp-block-columns-is-layout-flex\">\n<div class=\"wp-block-column is-layout-flow wp-block-column-is-layout-flow\">\n<figure class=\"wp-block-image size-full\"><img fetchpriority=\"high\" decoding=\"async\" width=\"800\" height=\"800\" src=\"https:\/\/www.yousanusb.com\/wp-content\/uploads\/2024\/11\/Ultra-thin-Book-Clip-USB-Flash-Drive-with-logo.jpg\" alt=\"\" class=\"wp-image-10744\" srcset=\"https:\/\/www.yousanusb.com\/wp-content\/uploads\/2024\/11\/Ultra-thin-Book-Clip-USB-Flash-Drive-with-logo.jpg 800w, https:\/\/www.yousanusb.com\/wp-content\/uploads\/2024\/11\/Ultra-thin-Book-Clip-USB-Flash-Drive-with-logo-300x300.jpg 300w, https:\/\/www.yousanusb.com\/wp-content\/uploads\/2024\/11\/Ultra-thin-Book-Clip-USB-Flash-Drive-with-logo-150x150.jpg 150w, https:\/\/www.yousanusb.com\/wp-content\/uploads\/2024\/11\/Ultra-thin-Book-Clip-USB-Flash-Drive-with-logo-768x768.jpg 768w, https:\/\/www.yousanusb.com\/wp-content\/uploads\/2024\/11\/Ultra-thin-Book-Clip-USB-Flash-Drive-with-logo-600x600.jpg 600w, https:\/\/www.yousanusb.com\/wp-content\/uploads\/2024\/11\/Ultra-thin-Book-Clip-USB-Flash-Drive-with-logo-100x100.jpg 100w\" sizes=\"(max-width: 800px) 100vw, 800px\" \/><\/figure>\n<\/div>\n\n\n\n<div class=\"wp-block-column is-vertically-aligned-center is-layout-flow wp-block-column-is-layout-flow\">\n<ul class=\"wp-block-list\">\n<li><strong>Design de mode ultra-mince :<\/strong> Cette cl\u00e9 USB ultra-mince de type marque-page pr\u00e9sente un profil exceptionnellement \u00e9l\u00e9gant et fin, alliant l'attrait esth\u00e9tique \u00e0 une portabilit\u00e9 exceptionnelle. Elle se glisse sans effort dans les poches, les portefeuilles ou se clipse sur les ordinateurs portables sans ajouter d'encombrement, ce qui la rend id\u00e9ale pour les voyageurs press\u00e9s.<br><br><\/li>\n\n\n\n<li><strong>Fonction innovante de pince \u00e0 livres<\/strong>: Gr\u00e2ce \u00e0 son design unique en forme de pince \u00e0 livres, cette cl\u00e9 USB a une double fonction. Elle se fixe sur le bord des documents, des cahiers ou m\u00eame des livres, ce qui permet de garder vos fichiers importants \u00e0 port\u00e9e de main tout en \u00e9vitant qu'ils ne se perdent. C'est un compl\u00e9ment astucieux et pratique \u00e0 vos accessoires quotidiens.<\/li>\n<\/ul>\n<\/div>\n<\/div>\n\n\n\n<ul class=\"wp-block-list\">\n<li>Grande capacit\u00e9 de stockage : Malgr\u00e9 son profil mince, il offre plusieurs options de capacit\u00e9 de stockage pour r\u00e9pondre \u00e0 tous vos besoins. Que vous ayez besoin de stocker des documents, des photos, des vid\u00e9os ou de la musique, vous trouverez la capacit\u00e9 ad\u00e9quate pour conserver toutes vos donn\u00e9es pr\u00e9cieuses, ce qui vous permettra de ne jamais manquer d'espace.<\/li>\n\n\n\n<li>Large compatibilit\u00e9 : Cette cl\u00e9 USB est con\u00e7ue pour une collaboration transparente avec plusieurs appareils. Compatible avec les syst\u00e8mes d'exploitation Windows, Mac et Linux, ainsi qu'avec les ordinateurs portables, les ordinateurs de bureau, les tablettes et les smartphones, elle permet de transf\u00e9rer sans effort des donn\u00e9es entre diff\u00e9rents appareils, ce qui en fait une solution de stockage polyvalente et fiable.<\/li>\n<\/ul>\n\n\n\n<p>Cette cl\u00e9 USB existe en deux mod\u00e8les : l'un pr\u00e9sente un clip de forme ovale avec un trou de suspension circulaire, tandis que l'autre est de forme carr\u00e9e, \u00e0 bords droits, sans trou de suspension, ce qui lui conf\u00e8re un aspect plus net et plus \u00e9pur\u00e9.<\/p>\n\n\n\n<div class=\"wp-block-columns is-layout-flex wp-container-core-columns-is-layout-2 wp-block-columns-is-layout-flex\">\n<div class=\"wp-block-column is-layout-flow wp-block-column-is-layout-flow\"><div class=\"wp-block-image\">\n<figure class=\"aligncenter size-full\"><img decoding=\"async\" width=\"800\" height=\"800\" src=\"https:\/\/www.yousanusb.com\/wp-content\/uploads\/2024\/11\/Ultra-thin-Book-Clip-USB-Flash-Drive.jpg\" alt=\"\" class=\"wp-image-10743\" srcset=\"https:\/\/www.yousanusb.com\/wp-content\/uploads\/2024\/11\/Ultra-thin-Book-Clip-USB-Flash-Drive.jpg 800w, https:\/\/www.yousanusb.com\/wp-content\/uploads\/2024\/11\/Ultra-thin-Book-Clip-USB-Flash-Drive-300x300.jpg 300w, https:\/\/www.yousanusb.com\/wp-content\/uploads\/2024\/11\/Ultra-thin-Book-Clip-USB-Flash-Drive-150x150.jpg 150w, https:\/\/www.yousanusb.com\/wp-content\/uploads\/2024\/11\/Ultra-thin-Book-Clip-USB-Flash-Drive-768x768.jpg 768w, https:\/\/www.yousanusb.com\/wp-content\/uploads\/2024\/11\/Ultra-thin-Book-Clip-USB-Flash-Drive-600x600.jpg 600w, https:\/\/www.yousanusb.com\/wp-content\/uploads\/2024\/11\/Ultra-thin-Book-Clip-USB-Flash-Drive-100x100.jpg 100w\" sizes=\"(max-width: 800px) 100vw, 800px\" \/><figcaption class=\"wp-element-caption\">clip de style carr\u00e9<\/figcaption><\/figure><\/div><\/div>\n\n\n\n<div class=\"wp-block-column is-layout-flow wp-block-column-is-layout-flow\"><div class=\"wp-block-image\">\n<figure class=\"aligncenter size-full\"><img decoding=\"async\" width=\"800\" height=\"800\" src=\"https:\/\/www.yousanusb.com\/wp-content\/uploads\/2024\/11\/Ultra-thin-Book-Clip-USB-Flash-Disk.jpg\" alt=\"\" class=\"wp-image-10742\" srcset=\"https:\/\/www.yousanusb.com\/wp-content\/uploads\/2024\/11\/Ultra-thin-Book-Clip-USB-Flash-Disk.jpg 800w, https:\/\/www.yousanusb.com\/wp-content\/uploads\/2024\/11\/Ultra-thin-Book-Clip-USB-Flash-Disk-300x300.jpg 300w, https:\/\/www.yousanusb.com\/wp-content\/uploads\/2024\/11\/Ultra-thin-Book-Clip-USB-Flash-Disk-150x150.jpg 150w, https:\/\/www.yousanusb.com\/wp-content\/uploads\/2024\/11\/Ultra-thin-Book-Clip-USB-Flash-Disk-768x768.jpg 768w, https:\/\/www.yousanusb.com\/wp-content\/uploads\/2024\/11\/Ultra-thin-Book-Clip-USB-Flash-Disk-600x600.jpg 600w, https:\/\/www.yousanusb.com\/wp-content\/uploads\/2024\/11\/Ultra-thin-Book-Clip-USB-Flash-Disk-100x100.jpg 100w\" sizes=\"(max-width: 800px) 100vw, 800px\" \/><figcaption class=\"wp-element-caption\">pince ovale<\/figcaption><\/figure><\/div><\/div>\n<\/div>","protected":false},"excerpt":{"rendered":"<ul>\n<li>Style ultra-mince<\/li>\n<li>\u00a0Conception de l'agrafe de livre<\/li>\n<li>Plusieurs couleurs peuvent \u00eatre choisies<\/li>\n<li>MOQ:100PCS<\/li>\n<li>Logo personnalis\u00e9<\/li>\n<\/ul>","protected":false},"featured_media":10743,"comment_status":"open","ping_status":"closed","template":"","meta":{"_seopress_robots_primary_cat":"none","_seopress_titles_title":"Ultra-thin Book Clip USB Flash Drive","_seopress_titles_desc":"Sleek and Ultra-thin Design:The Ultra-thin Book Clip USB Flash Drive features an incredibly sleek and ultra-thin profile,making it not only stylish but also highly portable.It can easily slip into your pocket,wallet,or attach to a notebook without adding any bulk,perfect for those on the go.","_seopress_robots_index":""},"class_list":["post-10739","product","type-product","status-publish","has-post-thumbnail","hentry","product_cat-usb-flash-drive","product_tag-clip-usb-flash-drive"],"_links":{"self":[{"href":"https:\/\/www.yousanusb.com\/fr\/wp-json\/wp\/v2\/product\/10739"}],"collection":[{"href":"https:\/\/www.yousanusb.com\/fr\/wp-json\/wp\/v2\/product"}],"about":[{"href":"https:\/\/www.yousanusb.com\/fr\/wp-json\/wp\/v2\/types\/product"}],"replies":[{"embeddable":true,"href":"https:\/\/www.yousanusb.com\/fr\/wp-json\/wp\/v2\/comments?post=10739"}],"wp:featuredmedia":[{"embeddable":true,"href":"https:\/\/www.yousanusb.com\/fr\/wp-json\/wp\/v2\/media\/10743"}],"wp:attachment":[{"href":"https:\/\/www.yousanusb.com\/fr\/wp-json\/wp\/v2\/media?parent=10739"}],"curies":[{"name":"wp","href":"https:\/\/api.w.org\/{rel}","templated":true}]}}