{"id":10747,"date":"2024-11-18T16:00:25","date_gmt":"2024-11-18T16:00:25","guid":{"rendered":"https:\/\/yousanusb.com\/?post_type=product&#038;p=10747"},"modified":"2025-11-11T11:06:48","modified_gmt":"2025-11-11T11:06:48","slug":"white-keychain-usb-flash-drive","status":"publish","type":"product","link":"https:\/\/www.yousanusb.com\/fr\/produit\/white-keychain-usb-flash-drive\/","title":{"rendered":"Cl\u00e9 USB blanche avec porte-cl\u00e9s"},"content":{"rendered":"<div class=\"wp-block-columns is-layout-flex wp-container-core-columns-is-layout-1 wp-block-columns-is-layout-flex\">\n<div class=\"wp-block-column is-layout-flow wp-block-column-is-layout-flow\">\n<figure class=\"wp-block-image size-full\"><img fetchpriority=\"high\" decoding=\"async\" width=\"800\" height=\"800\" src=\"https:\/\/www.yousanusb.com\/wp-content\/uploads\/2024\/11\/White-Keychain-USB-Flash-Drive-3.jpg\" alt=\"\" class=\"wp-image-10752\" srcset=\"https:\/\/www.yousanusb.com\/wp-content\/uploads\/2024\/11\/White-Keychain-USB-Flash-Drive-3.jpg 800w, https:\/\/www.yousanusb.com\/wp-content\/uploads\/2024\/11\/White-Keychain-USB-Flash-Drive-3-300x300.jpg 300w, https:\/\/www.yousanusb.com\/wp-content\/uploads\/2024\/11\/White-Keychain-USB-Flash-Drive-3-150x150.jpg 150w, https:\/\/www.yousanusb.com\/wp-content\/uploads\/2024\/11\/White-Keychain-USB-Flash-Drive-3-768x768.jpg 768w, https:\/\/www.yousanusb.com\/wp-content\/uploads\/2024\/11\/White-Keychain-USB-Flash-Drive-3-600x600.jpg 600w, https:\/\/www.yousanusb.com\/wp-content\/uploads\/2024\/11\/White-Keychain-USB-Flash-Drive-3-100x100.jpg 100w\" sizes=\"(max-width: 800px) 100vw, 800px\" \/><\/figure>\n<\/div>\n\n\n\n<div class=\"wp-block-column is-vertically-aligned-center is-layout-flow wp-block-column-is-layout-flow\">\n<p>Cette cl\u00e9 USB blanche porte-cl\u00e9s pr\u00e9sente un design int\u00e9gr\u00e9, associant un corps rectangulaire \u00e0 un \u00e9l\u00e9ment incurv\u00e9 du porte-cl\u00e9s. <\/p>\n\n\n\n<p>Le corps est compos\u00e9 de deux parties - m\u00e9tal et plastique - aux lignes \u00e9pur\u00e9es. De taille compacte, il s'adapte parfaitement \u00e0 un porte-cl\u00e9s pour \u00eatre facilement transport\u00e9. <\/p>\n\n\n\n<p>D\u00e9pourvu de fioritures inutiles, son design pratique convient \u00e0 un usage quotidien.<\/p>\n<\/div>\n<\/div>\n\n\n\n<div class=\"wp-block-columns is-layout-flex wp-container-core-columns-is-layout-2 wp-block-columns-is-layout-flex\">\n<div class=\"wp-block-column is-vertically-aligned-center is-layout-flow wp-block-column-is-layout-flow\">\n<p>L'extr\u00e9mit\u00e9 de l'interface est en m\u00e9tal pour une meilleure durabilit\u00e9 contre l'usure et les rayures. La poign\u00e9e est en plastique blanc, offrant une sensation de l\u00e9g\u00e8ret\u00e9 et une prise en main confortable. La surface en plastique subit une finition mate pour minimiser les traces d'empreintes digitales, ce qui garantit un aspect propre lors d'une utilisation prolong\u00e9e.<\/p>\n\n\n\n<p>Pour une utilisation professionnelle, il est dot\u00e9 d'une interface USB standard avec des vitesses de lecture et d'\u00e9criture stables. Compatible avec les principaux syst\u00e8mes d'exploitation tels que Windows et Mac, elle offre une fonctionnalit\u00e9 plug-and-play sans n\u00e9cessiter de pilotes suppl\u00e9mentaires. <\/p>\n\n\n\n<p>La capacit\u00e9 de stockage couvre les plages couramment utilis\u00e9es et permet de stocker efficacement des documents bureautiques, des images et d'autres fichiers. La stabilit\u00e9 des donn\u00e9es en lecture\/\u00e9criture a \u00e9t\u00e9 test\u00e9e avec de faibles taux d'erreur, ce qui permet de r\u00e9pondre \u00e0 divers besoins de stockage dans les bureaux et les \u00e9tablissements d'enseignement.<\/p>\n<\/div>\n\n\n\n<div class=\"wp-block-column is-layout-flow wp-block-column-is-layout-flow\">\n<figure class=\"wp-block-image size-full\"><img decoding=\"async\" width=\"800\" height=\"800\" src=\"https:\/\/www.yousanusb.com\/wp-content\/uploads\/2024\/11\/White-Keychain-USB-Flash-Drive-4.jpg\" alt=\"\" class=\"wp-image-10753\" srcset=\"https:\/\/www.yousanusb.com\/wp-content\/uploads\/2024\/11\/White-Keychain-USB-Flash-Drive-4.jpg 800w, https:\/\/www.yousanusb.com\/wp-content\/uploads\/2024\/11\/White-Keychain-USB-Flash-Drive-4-300x300.jpg 300w, https:\/\/www.yousanusb.com\/wp-content\/uploads\/2024\/11\/White-Keychain-USB-Flash-Drive-4-150x150.jpg 150w, https:\/\/www.yousanusb.com\/wp-content\/uploads\/2024\/11\/White-Keychain-USB-Flash-Drive-4-768x768.jpg 768w, https:\/\/www.yousanusb.com\/wp-content\/uploads\/2024\/11\/White-Keychain-USB-Flash-Drive-4-600x600.jpg 600w, https:\/\/www.yousanusb.com\/wp-content\/uploads\/2024\/11\/White-Keychain-USB-Flash-Drive-4-100x100.jpg 100w\" sizes=\"(max-width: 800px) 100vw, 800px\" \/><\/figure>\n<\/div>\n<\/div>","protected":false},"excerpt":{"rendered":"<ul>\n<li>Couleur blanche<\/li>\n<li>Porte-cl\u00e9s<\/li>\n<li>LOGO personnalis\u00e9<\/li>\n<li>MOQ:100PCS<\/li>\n<li>USB2.0 et USB3.0<\/li>\n<\/ul>","protected":false},"featured_media":10750,"comment_status":"open","ping_status":"closed","template":"","meta":{"_seopress_robots_primary_cat":"none","_seopress_titles_title":"White Keychain USB Flash Drive","_seopress_titles_desc":"The White Keychain USB Flash Drive is a practical and stylish storage solution. Its sleek white design looks great and easily attaches to your keys for on-the-go convenience.","_seopress_robots_index":""},"class_list":["post-10747","product","type-product","status-publish","has-post-thumbnail","hentry","product_cat-usb-flash-drive","product_tag-keychain-usb-flash-drive","product_tag-white-usb-flash-drive"],"_links":{"self":[{"href":"https:\/\/www.yousanusb.com\/fr\/wp-json\/wp\/v2\/product\/10747"}],"collection":[{"href":"https:\/\/www.yousanusb.com\/fr\/wp-json\/wp\/v2\/product"}],"about":[{"href":"https:\/\/www.yousanusb.com\/fr\/wp-json\/wp\/v2\/types\/product"}],"replies":[{"embeddable":true,"href":"https:\/\/www.yousanusb.com\/fr\/wp-json\/wp\/v2\/comments?post=10747"}],"wp:featuredmedia":[{"embeddable":true,"href":"https:\/\/www.yousanusb.com\/fr\/wp-json\/wp\/v2\/media\/10750"}],"wp:attachment":[{"href":"https:\/\/www.yousanusb.com\/fr\/wp-json\/wp\/v2\/media?parent=10747"}],"curies":[{"name":"wp","href":"https:\/\/api.w.org\/{rel}","templated":true}]}}