{"id":10798,"date":"2024-11-20T02:31:13","date_gmt":"2024-11-20T02:31:13","guid":{"rendered":"https:\/\/yousanusb.com\/?post_type=product&#038;p=10798"},"modified":"2025-11-12T01:31:37","modified_gmt":"2025-11-12T01:31:37","slug":"desk-and-chair-shaped-usb-flash-drive","status":"publish","type":"product","link":"https:\/\/www.yousanusb.com\/fr\/produit\/desk-and-chair-shaped-usb-flash-drive\/","title":{"rendered":"Cl\u00e9 USB en forme de bureau et de chaise"},"content":{"rendered":"<p>Cette cl\u00e9 USB pr\u00e9sente un design de chaise et de bureau aux couleurs vives, ce qui en fait un outil de stockage pratique et amusant pour tous les jours.<\/p>\n\n\n\n<div class=\"wp-block-columns is-layout-flex wp-container-core-columns-is-layout-1 wp-block-columns-is-layout-flex\">\n<div class=\"wp-block-column is-layout-flow wp-block-column-is-layout-flow\">\n<figure class=\"wp-block-image size-full\"><img fetchpriority=\"high\" decoding=\"async\" width=\"800\" height=\"800\" src=\"https:\/\/www.yousanusb.com\/wp-content\/uploads\/2024\/11\/desk-and-chair-usb-flash-drive-pendrive-3.jpg\" alt=\"\" class=\"wp-image-10794\" srcset=\"https:\/\/www.yousanusb.com\/wp-content\/uploads\/2024\/11\/desk-and-chair-usb-flash-drive-pendrive-3.jpg 800w, https:\/\/www.yousanusb.com\/wp-content\/uploads\/2024\/11\/desk-and-chair-usb-flash-drive-pendrive-3-300x300.jpg 300w, https:\/\/www.yousanusb.com\/wp-content\/uploads\/2024\/11\/desk-and-chair-usb-flash-drive-pendrive-3-150x150.jpg 150w, https:\/\/www.yousanusb.com\/wp-content\/uploads\/2024\/11\/desk-and-chair-usb-flash-drive-pendrive-3-768x768.jpg 768w, https:\/\/www.yousanusb.com\/wp-content\/uploads\/2024\/11\/desk-and-chair-usb-flash-drive-pendrive-3-600x600.jpg 600w, https:\/\/www.yousanusb.com\/wp-content\/uploads\/2024\/11\/desk-and-chair-usb-flash-drive-pendrive-3-100x100.jpg 100w\" sizes=\"(max-width: 800px) 100vw, 800px\" \/><\/figure>\n<\/div>\n\n\n\n<div class=\"wp-block-column is-vertically-aligned-center is-layout-flow wp-block-column-is-layout-flow\">\n<p>Il existe deux types de cl\u00e9s USB : les cl\u00e9s USB de chaise et les cl\u00e9s USB de bureau. <\/p>\n\n\n\n<p>La chaise usb drives prend la forme d'un tabouret miniature, le port USB \u00e9tant dissimul\u00e9 dans son corps et un petit bloc carr\u00e9 servant de couvercle au port. <\/p>\n\n\n\n<p>La cl\u00e9 USB de bureau utilise un plateau de table comme corps de la cl\u00e9 USB, avec un port standard sur sa face inf\u00e9rieure, compl\u00e9t\u00e9 par de nombreux accessoires en forme de tabouret.<\/p>\n\n\n\n<p> Ce design recr\u00e9e la forme famili\u00e8re d'un meuble de tous les jours tout en int\u00e9grant une fonctionnalit\u00e9 de stockage dans une pi\u00e8ce ornementale - servant de d\u00e9coration de bureau lorsqu'elle n'est pas utilis\u00e9e, et facilement s\u00e9par\u00e9e pour la connexion des appareils et l'acc\u00e8s aux donn\u00e9es lorsque cela est n\u00e9cessaire. Il allie avec brio cr\u00e9ativit\u00e9 et praticit\u00e9.<\/p>\n<\/div>\n<\/div>\n\n\n\n<div class=\"wp-block-columns is-layout-flex wp-container-core-columns-is-layout-2 wp-block-columns-is-layout-flex\">\n<div class=\"wp-block-column is-vertically-aligned-center is-layout-flow wp-block-column-is-layout-flow\">\n<p>Fabriqu\u00e9 en plastique ABS respectueux de l'environnement, il est \u00e0 la fois l\u00e9ger et durable, ce qui le rend facile \u00e0 transporter. Son prix abordable en fait un cadeau promotionnel id\u00e9al.<\/p>\n\n\n\n<p>D'une couleur verte fluorescente uniforme et vibrante, il pr\u00e9sente un ton vif et tr\u00e8s visible. Le design g\u00e9n\u00e9ral est net et coh\u00e9rent, et s'adapte \u00e0 la plupart des environnements de bureau.<\/p>\n\n\n\n<p>Sur le plan fonctionnel, il est dot\u00e9 d'une interface USB standard compatible avec les appareils \u00e9lectroniques courants tels que les ordinateurs et les tablettes. Prenant en charge les principaux protocoles de transfert, il offre des vitesses de lecture et d'\u00e9criture stables pour le stockage et le transfert de fichiers courants tels que des documents, des images et de petites vid\u00e9os. <\/p>\n\n\n\n<p>Disponible dans des capacit\u00e9s pratiques telles que 8 Go et 16 Go, il garantit un stockage s\u00e9curis\u00e9 des donn\u00e9es et r\u00e9pond aux besoins de stockage de base pour le travail de bureau, l'\u00e9tude et d'autres sc\u00e9narios similaires.<\/p>\n<\/div>\n\n\n\n<div class=\"wp-block-column is-layout-flow wp-block-column-is-layout-flow\">\n<figure class=\"wp-block-image size-full\"><img decoding=\"async\" width=\"800\" height=\"800\" src=\"https:\/\/www.yousanusb.com\/wp-content\/uploads\/2024\/11\/desk-and-chair-usb-flash-drive-pendrive-4.jpg\" alt=\"\" class=\"wp-image-10795\" srcset=\"https:\/\/www.yousanusb.com\/wp-content\/uploads\/2024\/11\/desk-and-chair-usb-flash-drive-pendrive-4.jpg 800w, https:\/\/www.yousanusb.com\/wp-content\/uploads\/2024\/11\/desk-and-chair-usb-flash-drive-pendrive-4-300x300.jpg 300w, https:\/\/www.yousanusb.com\/wp-content\/uploads\/2024\/11\/desk-and-chair-usb-flash-drive-pendrive-4-150x150.jpg 150w, https:\/\/www.yousanusb.com\/wp-content\/uploads\/2024\/11\/desk-and-chair-usb-flash-drive-pendrive-4-768x768.jpg 768w, https:\/\/www.yousanusb.com\/wp-content\/uploads\/2024\/11\/desk-and-chair-usb-flash-drive-pendrive-4-600x600.jpg 600w, https:\/\/www.yousanusb.com\/wp-content\/uploads\/2024\/11\/desk-and-chair-usb-flash-drive-pendrive-4-100x100.jpg 100w\" sizes=\"(max-width: 800px) 100vw, 800px\" \/><\/figure>\n<\/div>\n<\/div>","protected":false},"excerpt":{"rendered":"<ul>\n<li>Usb en forme de chaise<\/li>\n<li>Usb en forme de bureau<\/li>\n<li>MOQ:500PCS<\/li>\n<li>Logo personnalis\u00e9<\/li>\n<li>Prix de gros<\/li>\n<\/ul>","protected":false},"featured_media":10794,"comment_status":"open","ping_status":"closed","template":"","meta":{"_seopress_robots_primary_cat":"none","_seopress_titles_title":"Desk And Chair Shaped USB Flash Drive","_seopress_titles_desc":"","_seopress_robots_index":""},"class_list":["post-10798","product","type-product","status-publish","has-post-thumbnail","hentry","product_cat-usb-flash-drive","product_tag-chair-usb-flash-drive","product_tag-desk-usb-flash-drive"],"_links":{"self":[{"href":"https:\/\/www.yousanusb.com\/fr\/wp-json\/wp\/v2\/product\/10798"}],"collection":[{"href":"https:\/\/www.yousanusb.com\/fr\/wp-json\/wp\/v2\/product"}],"about":[{"href":"https:\/\/www.yousanusb.com\/fr\/wp-json\/wp\/v2\/types\/product"}],"replies":[{"embeddable":true,"href":"https:\/\/www.yousanusb.com\/fr\/wp-json\/wp\/v2\/comments?post=10798"}],"wp:featuredmedia":[{"embeddable":true,"href":"https:\/\/www.yousanusb.com\/fr\/wp-json\/wp\/v2\/media\/10794"}],"wp:attachment":[{"href":"https:\/\/www.yousanusb.com\/fr\/wp-json\/wp\/v2\/media?parent=10798"}],"curies":[{"name":"wp","href":"https:\/\/api.w.org\/{rel}","templated":true}]}}