{"id":10801,"date":"2024-11-20T02:45:17","date_gmt":"2024-11-20T02:45:17","guid":{"rendered":"https:\/\/yousanusb.com\/?post_type=product&#038;p=10801"},"modified":"2025-11-12T03:12:57","modified_gmt":"2025-11-12T03:12:57","slug":"plastic-key-shape-usb-flash-drive","status":"publish","type":"product","link":"https:\/\/www.yousanusb.com\/fr\/produit\/plastic-key-shape-usb-flash-drive\/","title":{"rendered":"Cl\u00e9 USB en plastique en forme de cl\u00e9"},"content":{"rendered":"<p>Cette cl\u00e9 USB pr\u00e9sente un design classique en forme de cl\u00e9, repr\u00e9sentant l'un des mod\u00e8les pionniers des cl\u00e9s USB cr\u00e9atives. Elle a toujours connu de bonnes performances de vente sur le march\u00e9.<\/p>\n\n\n\n<div class=\"wp-block-columns is-layout-flex wp-container-core-columns-is-layout-1 wp-block-columns-is-layout-flex\">\n<div class=\"wp-block-column is-layout-flow wp-block-column-is-layout-flow\">\n<figure class=\"wp-block-image size-full\"><img fetchpriority=\"high\" decoding=\"async\" width=\"800\" height=\"800\" src=\"https:\/\/www.yousanusb.com\/wp-content\/uploads\/2024\/11\/Plastic-Key-Shape-USB-Flash-Drive-1.jpg\" alt=\"\" class=\"wp-image-10804\" srcset=\"https:\/\/www.yousanusb.com\/wp-content\/uploads\/2024\/11\/Plastic-Key-Shape-USB-Flash-Drive-1.jpg 800w, https:\/\/www.yousanusb.com\/wp-content\/uploads\/2024\/11\/Plastic-Key-Shape-USB-Flash-Drive-1-300x300.jpg 300w, https:\/\/www.yousanusb.com\/wp-content\/uploads\/2024\/11\/Plastic-Key-Shape-USB-Flash-Drive-1-150x150.jpg 150w, https:\/\/www.yousanusb.com\/wp-content\/uploads\/2024\/11\/Plastic-Key-Shape-USB-Flash-Drive-1-768x768.jpg 768w, https:\/\/www.yousanusb.com\/wp-content\/uploads\/2024\/11\/Plastic-Key-Shape-USB-Flash-Drive-1-600x600.jpg 600w, https:\/\/www.yousanusb.com\/wp-content\/uploads\/2024\/11\/Plastic-Key-Shape-USB-Flash-Drive-1-100x100.jpg 100w\" sizes=\"(max-width: 800px) 100vw, 800px\" \/><\/figure>\n<\/div>\n\n\n\n<div class=\"wp-block-column is-vertically-aligned-center is-layout-flow wp-block-column-is-layout-flow\">\n<p>Cette cl\u00e9 USB en forme de cl\u00e9 est orn\u00e9e d'un motif en forme de huit \u00e0 double c\u0153ur \u00e9vid\u00e9 sur la poign\u00e9e de la cl\u00e9. Le port USB est dissimul\u00e9 \u00e0 l'extr\u00e9mit\u00e9 de la tige de la cl\u00e9, et un couvercle assorti \u00e0 la tige de la cl\u00e9 prot\u00e8ge l'interface. La zone \u00e9vid\u00e9e de la poign\u00e9e permet d'attacher un cordon, ce qui facilite le transport quotidien et r\u00e9duit le risque de perte.<\/p>\n\n\n\n<p>Disponible en trois gammes de couleurs fondamentales - noir, rouge et blanc - la palette est \u00e9pur\u00e9e et polyvalente. Des couleurs diff\u00e9rentes peuvent \u00eatre utilis\u00e9es pour distinguer le contenu du stockage ou compl\u00e9ter divers sc\u00e9narios d'utilisation, tandis que les choix de couleurs intemporelles renforcent encore son attrait sur le march\u00e9.<\/p>\n\n\n\n<p> Ce mod\u00e8le est un premier exemple de l'association d'une fonctionnalit\u00e9 pratique et d'une forme cr\u00e9ative dans les cl\u00e9s USB. La reproduction fid\u00e8le de d\u00e9tails cl\u00e9s lui conf\u00e8re un attrait classique, qui est l'une des principales raisons de ses excellentes performances commerciales.<\/p>\n<\/div>\n<\/div>\n\n\n\n<div class=\"wp-block-columns is-layout-flex wp-container-core-columns-is-layout-2 wp-block-columns-is-layout-flex\">\n<div class=\"wp-block-column is-vertically-aligned-center is-layout-flow wp-block-column-is-layout-flow\">\n<p>Le mat\u00e9riau utilis\u00e9 est le plastique ABS, qui offre une construction l\u00e9g\u00e8re et une bonne r\u00e9sistance aux petits chocs et rayures quotidiens. Sa surface lisse offre une prise en main et une sensation agr\u00e9ables lors de l'utilisation. <\/p>\n\n\n\n<p>Ce mat\u00e9riau se caract\u00e9rise \u00e9galement par son co\u00fbt mod\u00e9r\u00e9, ce qui permet de r\u00e9pondre aux besoins des consommateurs du march\u00e9 de masse tout en reproduisant fid\u00e8lement les d\u00e9tails du design de la cl\u00e9.<\/p>\n\n\n\n<p>En termes de fonctionnalit\u00e9s, il est dot\u00e9 d'une interface USB standard compatible avec les appareils \u00e9lectroniques courants tels que les ordinateurs et les tablettes. Elle offre des vitesses de lecture et d'\u00e9criture stables et est propos\u00e9e dans des capacit\u00e9s populaires telles que 8 Go et 16 Go, r\u00e9pondant ainsi aux besoins quotidiens de stockage et de transfert de documents, d'images et de petites vid\u00e9os.<\/p>\n\n\n\n<p> Ses performances conviennent aux sc\u00e9narios de stockage de base, et la stabilit\u00e9 de l'exp\u00e9rience utilisateur, associ\u00e9e \u00e0 un design classique, lui vaut une popularit\u00e9 constante.<\/p>\n<\/div>\n\n\n\n<div class=\"wp-block-column is-layout-flow wp-block-column-is-layout-flow\">\n<figure class=\"wp-block-image size-full\"><img decoding=\"async\" width=\"800\" height=\"800\" src=\"https:\/\/www.yousanusb.com\/wp-content\/uploads\/2024\/11\/Plastic-Key-Shape-USB-Flash-Drive-4.jpg\" alt=\"\" class=\"wp-image-10807\" srcset=\"https:\/\/www.yousanusb.com\/wp-content\/uploads\/2024\/11\/Plastic-Key-Shape-USB-Flash-Drive-4.jpg 800w, https:\/\/www.yousanusb.com\/wp-content\/uploads\/2024\/11\/Plastic-Key-Shape-USB-Flash-Drive-4-300x300.jpg 300w, https:\/\/www.yousanusb.com\/wp-content\/uploads\/2024\/11\/Plastic-Key-Shape-USB-Flash-Drive-4-150x150.jpg 150w, https:\/\/www.yousanusb.com\/wp-content\/uploads\/2024\/11\/Plastic-Key-Shape-USB-Flash-Drive-4-768x768.jpg 768w, https:\/\/www.yousanusb.com\/wp-content\/uploads\/2024\/11\/Plastic-Key-Shape-USB-Flash-Drive-4-600x600.jpg 600w, https:\/\/www.yousanusb.com\/wp-content\/uploads\/2024\/11\/Plastic-Key-Shape-USB-Flash-Drive-4-100x100.jpg 100w\" sizes=\"(max-width: 800px) 100vw, 800px\" \/><\/figure>\n<\/div>\n<\/div>","protected":false},"excerpt":{"rendered":"<ul>\n<li>Style en forme de cl\u00e9<\/li>\n<li>Plusieurs couleurs au choix<\/li>\n<li>UDP 2.0 et 3.0 peuvent choisir<\/li>\n<li>MOQ:100PCS<\/li>\n<li>Prix de gros<\/li>\n<li>Conception gratuite<\/li>\n<\/ul>","protected":false},"featured_media":10804,"comment_status":"open","ping_status":"closed","template":"","meta":{"_seopress_robots_primary_cat":"none","_seopress_titles_title":"Plastic Key Shape USB Flash Drive","_seopress_titles_desc":"","_seopress_robots_index":""},"class_list":["post-10801","product","type-product","status-publish","has-post-thumbnail","hentry","product_cat-usb-flash-drive"],"_links":{"self":[{"href":"https:\/\/www.yousanusb.com\/fr\/wp-json\/wp\/v2\/product\/10801"}],"collection":[{"href":"https:\/\/www.yousanusb.com\/fr\/wp-json\/wp\/v2\/product"}],"about":[{"href":"https:\/\/www.yousanusb.com\/fr\/wp-json\/wp\/v2\/types\/product"}],"replies":[{"embeddable":true,"href":"https:\/\/www.yousanusb.com\/fr\/wp-json\/wp\/v2\/comments?post=10801"}],"wp:featuredmedia":[{"embeddable":true,"href":"https:\/\/www.yousanusb.com\/fr\/wp-json\/wp\/v2\/media\/10804"}],"wp:attachment":[{"href":"https:\/\/www.yousanusb.com\/fr\/wp-json\/wp\/v2\/media?parent=10801"}],"curies":[{"name":"wp","href":"https:\/\/api.w.org\/{rel}","templated":true}]}}