{"id":10953,"date":"2024-11-24T16:25:12","date_gmt":"2024-11-24T16:25:12","guid":{"rendered":"https:\/\/yousanusb.com\/?post_type=product&#038;p=10953"},"modified":"2025-10-05T07:48:28","modified_gmt":"2025-10-05T07:48:28","slug":"4-in-1-cross-usb-c-flash-drive","status":"publish","type":"product","link":"https:\/\/www.yousanusb.com\/fr\/produit\/4-in-1-cross-usb-c-flash-drive\/","title":{"rendered":"Cl\u00e9 USB 4-en-1 Cross"},"content":{"rendered":"<p>\u00c0 l'\u00e8re de la g\u00e9n\u00e9ralisation des appareils intelligents, la collaboration multi-appareils entre smartphones, tablettes et ordinateurs est devenue la norme, ce qui rend le transfert de donn\u00e9es entre appareils de plus en plus essentiel. <\/p>\n\n\n\n<div class=\"wp-block-columns is-layout-flex wp-container-core-columns-is-layout-1 wp-block-columns-is-layout-flex\">\n<div class=\"wp-block-column is-vertically-aligned-center is-layout-flow wp-block-column-is-layout-flow\">\n<figure class=\"wp-block-image size-full\"><img fetchpriority=\"high\" decoding=\"async\" width=\"800\" height=\"800\" src=\"https:\/\/www.yousanusb.com\/wp-content\/uploads\/2024\/11\/Cross-usb-c-flash-drive-1.jpg\" alt=\"\" class=\"wp-image-10954\" srcset=\"https:\/\/www.yousanusb.com\/wp-content\/uploads\/2024\/11\/Cross-usb-c-flash-drive-1.jpg 800w, https:\/\/www.yousanusb.com\/wp-content\/uploads\/2024\/11\/Cross-usb-c-flash-drive-1-300x300.jpg 300w, https:\/\/www.yousanusb.com\/wp-content\/uploads\/2024\/11\/Cross-usb-c-flash-drive-1-150x150.jpg 150w, https:\/\/www.yousanusb.com\/wp-content\/uploads\/2024\/11\/Cross-usb-c-flash-drive-1-768x768.jpg 768w, https:\/\/www.yousanusb.com\/wp-content\/uploads\/2024\/11\/Cross-usb-c-flash-drive-1-600x600.jpg 600w, https:\/\/www.yousanusb.com\/wp-content\/uploads\/2024\/11\/Cross-usb-c-flash-drive-1-100x100.jpg 100w\" sizes=\"(max-width: 800px) 100vw, 800px\" \/><\/figure>\n<\/div>\n\n\n\n<div class=\"wp-block-column is-vertically-aligned-center is-layout-flow wp-block-column-is-layout-flow\">\n<p>Cette cl\u00e9 USB 4-en-1, dot\u00e9e d'une conception \"couverture compl\u00e8te des interfaces + stockage pratique\", sert de passerelle de donn\u00e9es efficace qui \u00e9limine les barri\u00e8res entre les appareils. Chaque port est \u00e9quip\u00e9 d'un capuchon de protection transparent qui emp\u00eache la poussi\u00e8re et les rayures d'endommager les connecteurs.<br><br>Il pr\u00e9sente un design unique en forme de croix qui int\u00e8gre de mani\u00e8re transparente quatre ports : USB-A, Type-C, Lightning et Micro USB.<br><strong>Port USB-A<\/strong>: Compatible avec les ordinateurs de bureau, les ordinateurs portables, les imprimantes, les accessoires automobiles et d'autres appareils dot\u00e9s de ports USB traditionnels - un outil de travail fiable pour les environnements de bureau.<br><strong>Port de type C<\/strong>: Compatible avec les t\u00e9l\u00e9phones et tablettes Android ainsi qu'avec les ordinateurs portables les plus r\u00e9cents, ce qui correspond \u00e0 la tendance actuelle en faveur de la connectivit\u00e9 de type C.<br><strong>Port Lightning<\/strong>: Con\u00e7u sp\u00e9cifiquement pour les appareils Apple, il permet aux utilisateurs d'iPhone et d'iPad de se connecter directement sans adaptateur suppl\u00e9mentaire.<br><strong>Port micro USB<\/strong>: Compatible avec les anciens appareils Android, ce qui garantit un transfert de donn\u00e9es transparent pour les utilisateurs qui utilisent encore des mod\u00e8les anciens.<\/p>\n<\/div>\n<\/div>\n\n\n\n<div class=\"wp-block-columns is-layout-flex wp-container-core-columns-is-layout-2 wp-block-columns-is-layout-flex\">\n<div class=\"wp-block-column is-vertically-aligned-center is-layout-flow wp-block-column-is-layout-flow\">\n<p>En pratique, cette cl\u00e9 USB prend en charge la fonctionnalit\u00e9 \"plug-and-play\" sans n\u00e9cessiter l'installation d'un pilote suppl\u00e9mentaire, ce qui r\u00e9duit consid\u00e9rablement le seuil d'utilisation. Dot\u00e9e de puces de stockage \u00e0 grande vitesse, elle offre des performances stables et efficaces pour le transfert de documents quotidiens et de vid\u00e9os haute d\u00e9finition, r\u00e9pondant ainsi aux besoins de transmission dans la plupart des sc\u00e9narios. En outre, le lecteur peut \u00eatre personnalis\u00e9 avec des logos et d'autres graphiques, ce qui permet une exposition r\u00e9p\u00e9t\u00e9e de la marque lors d'activit\u00e9s promotionnelles.<br><\/p>\n<\/div>\n\n\n\n<div class=\"wp-block-column is-layout-flow wp-block-column-is-layout-flow\">\n<figure class=\"wp-block-image size-full\"><img decoding=\"async\" width=\"800\" height=\"800\" src=\"https:\/\/www.yousanusb.com\/wp-content\/uploads\/2024\/11\/Cross-usb-c-flash-drive-5.jpg\" alt=\"\" class=\"wp-image-10958\" srcset=\"https:\/\/www.yousanusb.com\/wp-content\/uploads\/2024\/11\/Cross-usb-c-flash-drive-5.jpg 800w, https:\/\/www.yousanusb.com\/wp-content\/uploads\/2024\/11\/Cross-usb-c-flash-drive-5-300x300.jpg 300w, https:\/\/www.yousanusb.com\/wp-content\/uploads\/2024\/11\/Cross-usb-c-flash-drive-5-150x150.jpg 150w, https:\/\/www.yousanusb.com\/wp-content\/uploads\/2024\/11\/Cross-usb-c-flash-drive-5-768x768.jpg 768w, https:\/\/www.yousanusb.com\/wp-content\/uploads\/2024\/11\/Cross-usb-c-flash-drive-5-600x600.jpg 600w, https:\/\/www.yousanusb.com\/wp-content\/uploads\/2024\/11\/Cross-usb-c-flash-drive-5-100x100.jpg 100w\" sizes=\"(max-width: 800px) 100vw, 800px\" \/><\/figure>\n<\/div>\n<\/div>","protected":false},"excerpt":{"rendered":"<ul>\n<li>4 in1 OTG High Speed<\/li>\n<li>Pour t\u00e9l\u00e9phones de type C, ordinateurs portables, Mac, PC, etc.<\/li>\n<li>Pas besoin d'APP<\/li>\n<li>Large compatibilit\u00e9<\/li>\n<li>MOQ:100pcs<\/li>\n<\/ul>","protected":false},"featured_media":10956,"comment_status":"open","ping_status":"closed","template":"","meta":{"_seopress_robots_primary_cat":"none","_seopress_titles_title":"4-in-1-Cross usb c flash drive","_seopress_titles_desc":"4 in 1 OTG USB Flash Drive 32GB 64GB 128GB USB 3.0 Type C Phone External Storage Pendrive for iPhone iOS Android Windows","_seopress_robots_index":""},"class_list":["post-10953","product","type-product","status-publish","has-post-thumbnail","hentry","product_cat-otg-usb-flash-drive","product_tag-cross-usb-flash-drive","product_tag-type-c-flash-drive-for-android","product_tag-otg-usb-flash-drive"],"_links":{"self":[{"href":"https:\/\/www.yousanusb.com\/fr\/wp-json\/wp\/v2\/product\/10953"}],"collection":[{"href":"https:\/\/www.yousanusb.com\/fr\/wp-json\/wp\/v2\/product"}],"about":[{"href":"https:\/\/www.yousanusb.com\/fr\/wp-json\/wp\/v2\/types\/product"}],"replies":[{"embeddable":true,"href":"https:\/\/www.yousanusb.com\/fr\/wp-json\/wp\/v2\/comments?post=10953"}],"wp:featuredmedia":[{"embeddable":true,"href":"https:\/\/www.yousanusb.com\/fr\/wp-json\/wp\/v2\/media\/10956"}],"wp:attachment":[{"href":"https:\/\/www.yousanusb.com\/fr\/wp-json\/wp\/v2\/media?parent=10953"}],"curies":[{"name":"wp","href":"https:\/\/api.w.org\/{rel}","templated":true}]}}