{"id":11012,"date":"2024-11-25T16:42:37","date_gmt":"2024-11-25T16:42:37","guid":{"rendered":"https:\/\/yousanusb.com\/?post_type=product&#038;p=11012"},"modified":"2025-12-13T13:25:51","modified_gmt":"2025-12-13T13:25:51","slug":"flip-card-usb-flash-pendrives","status":"publish","type":"product","link":"https:\/\/www.yousanusb.com\/fr\/produit\/flip-card-usb-flash-pendrives\/","title":{"rendered":"Cl\u00e9 USB \u00e0 m\u00e9moire flash Flip Card"},"content":{"rendered":"<p>Cl\u00e9 USB \u00e0 m\u00e9moire flash Flip Card<\/p>","protected":false},"excerpt":{"rendered":"<ul>\n<li>Lecteur usb en forme de carte<\/li>\n<li>Style mini<\/li>\n<li>MOQ:100pcs<\/li>\n<li>Smaple gratuit<\/li>\n<li>Prix d'usine<\/li>\n<\/ul>","protected":false},"featured_media":10973,"comment_status":"open","ping_status":"closed","template":"","meta":{"_seopress_robots_primary_cat":"none","_seopress_titles_title":"Flip Card USB Flash Pendrives","_seopress_titles_desc":"","_seopress_robots_index":""},"class_list":["post-11012","product","type-product","status-publish","has-post-thumbnail","hentry","product_cat-card-usb-flash-drive","product_tag-flip-usb-pendrive","product_tag-mini-card-usb-disk","product_tag-plastic-card-usb-flash-drive"],"_links":{"self":[{"href":"https:\/\/www.yousanusb.com\/fr\/wp-json\/wp\/v2\/product\/11012"}],"collection":[{"href":"https:\/\/www.yousanusb.com\/fr\/wp-json\/wp\/v2\/product"}],"about":[{"href":"https:\/\/www.yousanusb.com\/fr\/wp-json\/wp\/v2\/types\/product"}],"replies":[{"embeddable":true,"href":"https:\/\/www.yousanusb.com\/fr\/wp-json\/wp\/v2\/comments?post=11012"}],"wp:featuredmedia":[{"embeddable":true,"href":"https:\/\/www.yousanusb.com\/fr\/wp-json\/wp\/v2\/media\/10973"}],"wp:attachment":[{"href":"https:\/\/www.yousanusb.com\/fr\/wp-json\/wp\/v2\/media?parent=11012"}],"curies":[{"name":"wp","href":"https:\/\/api.w.org\/{rel}","templated":true}]}}