{"id":1164,"date":"2021-06-09T03:21:31","date_gmt":"2021-06-09T03:21:31","guid":{"rendered":"https:\/\/yousanusb.com\/?post_type=product&#038;p=1164"},"modified":"2025-11-10T07:30:32","modified_gmt":"2025-11-10T07:30:32","slug":"se09-model-metal-usb-flash-drive","status":"publish","type":"product","link":"https:\/\/www.yousanusb.com\/fr\/produit\/se09-model-metal-usb-flash-drive\/","title":{"rendered":"SE09 Cl\u00e9 USB3.0 en m\u00e9tal"},"content":{"rendered":"<p>La cl\u00e9 SE09 est actuellement le mod\u00e8le de cl\u00e9 USB le plus populaire et celui dont le volume de commandes est le plus \u00e9lev\u00e9. Elle est dot\u00e9e d'une conception plug-in int\u00e9gr\u00e9e, \u00e9liminant le traditionnel capuchon anti-poussi\u00e8re s\u00e9par\u00e9. Il suffit de la faire glisser et de l'ins\u00e9rer dans votre appareil pour qu'elle soit pr\u00eate \u00e0 l'emploi, ce qui la rend adapt\u00e9e \u00e0 tous les sc\u00e9narios.<\/p>\n\n\n\n<div class=\"wp-block-columns is-layout-flex wp-container-core-columns-is-layout-1 wp-block-columns-is-layout-flex\">\n<div class=\"wp-block-column is-layout-flow wp-block-column-is-layout-flow\">\n<figure class=\"wp-block-image size-full\"><img fetchpriority=\"high\" decoding=\"async\" width=\"800\" height=\"800\" src=\"https:\/\/www.yousanusb.com\/wp-content\/uploads\/2021\/06\/se09-model-metal-usb-flash-drive1.jpg\" alt=\"\" class=\"wp-image-1166\" srcset=\"https:\/\/www.yousanusb.com\/wp-content\/uploads\/2021\/06\/se09-model-metal-usb-flash-drive1.jpg 800w, https:\/\/www.yousanusb.com\/wp-content\/uploads\/2021\/06\/se09-model-metal-usb-flash-drive1-600x600.jpg 600w, https:\/\/www.yousanusb.com\/wp-content\/uploads\/2021\/06\/se09-model-metal-usb-flash-drive1-100x100.jpg 100w, https:\/\/www.yousanusb.com\/wp-content\/uploads\/2021\/06\/se09-model-metal-usb-flash-drive1-300x300.jpg 300w, https:\/\/www.yousanusb.com\/wp-content\/uploads\/2021\/06\/se09-model-metal-usb-flash-drive1-150x150.jpg 150w, https:\/\/www.yousanusb.com\/wp-content\/uploads\/2021\/06\/se09-model-metal-usb-flash-drive1-768x768.jpg 768w\" sizes=\"(max-width: 800px) 100vw, 800px\" \/><\/figure>\n<\/div>\n\n\n\n<div class=\"wp-block-column is-layout-flow wp-block-column-is-layout-flow\">\n<figure class=\"wp-block-image size-large\"><img decoding=\"async\" width=\"1024\" height=\"1024\" src=\"https:\/\/www.yousanusb.com\/wp-content\/uploads\/2021\/06\/SE09-ROSEGOLD-metal-USB-Flash-Drive-1024x1024.png\" alt=\"\" class=\"wp-image-8991\" srcset=\"https:\/\/www.yousanusb.com\/wp-content\/uploads\/2021\/06\/SE09-ROSEGOLD-metal-USB-Flash-Drive-1024x1024.png 1024w, https:\/\/www.yousanusb.com\/wp-content\/uploads\/2021\/06\/SE09-ROSEGOLD-metal-USB-Flash-Drive-300x300.png 300w, https:\/\/www.yousanusb.com\/wp-content\/uploads\/2021\/06\/SE09-ROSEGOLD-metal-USB-Flash-Drive-150x150.png 150w, https:\/\/www.yousanusb.com\/wp-content\/uploads\/2021\/06\/SE09-ROSEGOLD-metal-USB-Flash-Drive-768x768.png 768w, https:\/\/www.yousanusb.com\/wp-content\/uploads\/2021\/06\/SE09-ROSEGOLD-metal-USB-Flash-Drive-1536x1536.png 1536w, https:\/\/www.yousanusb.com\/wp-content\/uploads\/2021\/06\/SE09-ROSEGOLD-metal-USB-Flash-Drive-600x600.png 600w, https:\/\/www.yousanusb.com\/wp-content\/uploads\/2021\/06\/SE09-ROSEGOLD-metal-USB-Flash-Drive-100x100.png 100w, https:\/\/www.yousanusb.com\/wp-content\/uploads\/2021\/06\/SE09-ROSEGOLD-metal-USB-Flash-Drive.png 1600w\" sizes=\"(max-width: 1024px) 100vw, 1024px\" \/><\/figure>\n<\/div>\n<\/div>\n\n\n\n<p>En ce qui concerne le choix des mat\u00e9riaux, la SE09 s'affranchit des limites du plastique des cl\u00e9s USB ordinaires, puisqu'elle est enti\u00e8rement fabriqu\u00e9e en acier inoxydable 304. Compar\u00e9 aux corps en plastique, l'acier inoxydable 304 conf\u00e8re au produit une sensation m\u00e9tallique raffin\u00e9e et de qualit\u00e9 sup\u00e9rieure.<\/p>\n\n\n\n<div class=\"wp-block-columns is-layout-flex wp-container-core-columns-is-layout-2 wp-block-columns-is-layout-flex\">\n<div class=\"wp-block-column is-layout-flow wp-block-column-is-layout-flow\">\n<figure class=\"wp-block-image size-large\"><img decoding=\"async\" width=\"1024\" height=\"1024\" src=\"https:\/\/www.yousanusb.com\/wp-content\/uploads\/2021\/06\/USB-Stick-SE09-black-1024x1024.png\" alt=\"\" class=\"wp-image-8998\" srcset=\"https:\/\/www.yousanusb.com\/wp-content\/uploads\/2021\/06\/USB-Stick-SE09-black-1024x1024.png 1024w, https:\/\/www.yousanusb.com\/wp-content\/uploads\/2021\/06\/USB-Stick-SE09-black-300x300.png 300w, https:\/\/www.yousanusb.com\/wp-content\/uploads\/2021\/06\/USB-Stick-SE09-black-150x150.png 150w, https:\/\/www.yousanusb.com\/wp-content\/uploads\/2021\/06\/USB-Stick-SE09-black-768x768.png 768w, https:\/\/www.yousanusb.com\/wp-content\/uploads\/2021\/06\/USB-Stick-SE09-black-1536x1536.png 1536w, https:\/\/www.yousanusb.com\/wp-content\/uploads\/2021\/06\/USB-Stick-SE09-black-600x600.png 600w, https:\/\/www.yousanusb.com\/wp-content\/uploads\/2021\/06\/USB-Stick-SE09-black-100x100.png 100w, https:\/\/www.yousanusb.com\/wp-content\/uploads\/2021\/06\/USB-Stick-SE09-black.png 1600w\" sizes=\"(max-width: 1024px) 100vw, 1024px\" \/><\/figure>\n<\/div>\n\n\n\n<div class=\"wp-block-column is-layout-flow wp-block-column-is-layout-flow\">\n<figure class=\"wp-block-image size-full\"><img loading=\"lazy\" decoding=\"async\" width=\"800\" height=\"800\" src=\"https:\/\/www.yousanusb.com\/wp-content\/uploads\/2021\/06\/se09-model-metal-usb-flash-drive5.jpg\" alt=\"\" class=\"wp-image-1170\" srcset=\"https:\/\/www.yousanusb.com\/wp-content\/uploads\/2021\/06\/se09-model-metal-usb-flash-drive5.jpg 800w, https:\/\/www.yousanusb.com\/wp-content\/uploads\/2021\/06\/se09-model-metal-usb-flash-drive5-600x600.jpg 600w, https:\/\/www.yousanusb.com\/wp-content\/uploads\/2021\/06\/se09-model-metal-usb-flash-drive5-100x100.jpg 100w, https:\/\/www.yousanusb.com\/wp-content\/uploads\/2021\/06\/se09-model-metal-usb-flash-drive5-300x300.jpg 300w, https:\/\/www.yousanusb.com\/wp-content\/uploads\/2021\/06\/se09-model-metal-usb-flash-drive5-150x150.jpg 150w, https:\/\/www.yousanusb.com\/wp-content\/uploads\/2021\/06\/se09-model-metal-usb-flash-drive5-768x768.jpg 768w\" sizes=\"(max-width: 800px) 100vw, 800px\" \/><\/figure>\n<\/div>\n<\/div>\n\n\n\n<p><strong>Trois avantages cl\u00e9s :<\/strong><\/p>\n\n\n\n<p>1. R\u00e9sistance aux chutes et aux rayures : R\u00e9siste \u00e0 des tests de chute de 1,5 m\u00e8tre tout en restant enti\u00e8rement fonctionnel. Les chocs quotidiens et les rayures du bureau ne laissent aucune marque visible.<\/p>\n\n\n\n<p>2. Dissipation sup\u00e9rieure de la chaleur : La conductivit\u00e9 thermique du m\u00e9tal maintient la temp\u00e9rature du corps en dessous de 35\u00b0C pendant les transferts de donn\u00e9es prolong\u00e9s, \u00e9vitant ainsi les b\u00e9gaiements de transmission dus \u00e0 la surchauffe.<\/p>\n\n\n\n<p>3. R\u00e9sistance \u00e0 la corrosion : R\u00e9siste \u00e0 la rouille et \u00e0 la d\u00e9formation m\u00eame lorsqu'elle est expos\u00e9e \u00e0 la sueur ou \u00e0 une l\u00e9g\u00e8re humidit\u00e9, ce qui prolonge sa dur\u00e9e de vie de plus de trois fois par rapport aux cl\u00e9s USB en plastique.<\/p>\n\n\n\n<div class=\"wp-block-columns is-layout-flex wp-container-core-columns-is-layout-3 wp-block-columns-is-layout-flex\">\n<div class=\"wp-block-column is-layout-flow wp-block-column-is-layout-flow\">\n<figure class=\"wp-block-image size-full\"><img loading=\"lazy\" decoding=\"async\" width=\"800\" height=\"800\" src=\"https:\/\/www.yousanusb.com\/wp-content\/uploads\/2021\/06\/se09-model-metal-usb-flash-drive2.jpg\" alt=\"\" class=\"wp-image-1167\" srcset=\"https:\/\/www.yousanusb.com\/wp-content\/uploads\/2021\/06\/se09-model-metal-usb-flash-drive2.jpg 800w, https:\/\/www.yousanusb.com\/wp-content\/uploads\/2021\/06\/se09-model-metal-usb-flash-drive2-600x600.jpg 600w, https:\/\/www.yousanusb.com\/wp-content\/uploads\/2021\/06\/se09-model-metal-usb-flash-drive2-100x100.jpg 100w, https:\/\/www.yousanusb.com\/wp-content\/uploads\/2021\/06\/se09-model-metal-usb-flash-drive2-300x300.jpg 300w, https:\/\/www.yousanusb.com\/wp-content\/uploads\/2021\/06\/se09-model-metal-usb-flash-drive2-150x150.jpg 150w, https:\/\/www.yousanusb.com\/wp-content\/uploads\/2021\/06\/se09-model-metal-usb-flash-drive2-768x768.jpg 768w\" sizes=\"(max-width: 800px) 100vw, 800px\" \/><\/figure>\n<\/div>\n\n\n\n<div class=\"wp-block-column is-layout-flow wp-block-column-is-layout-flow\">\n<figure class=\"wp-block-image size-full\"><img loading=\"lazy\" decoding=\"async\" width=\"800\" height=\"650\" src=\"https:\/\/www.yousanusb.com\/wp-content\/uploads\/2021\/06\/se09-model-metal-usb-flash-drive7.jpg\" alt=\"\" class=\"wp-image-1172\" srcset=\"https:\/\/www.yousanusb.com\/wp-content\/uploads\/2021\/06\/se09-model-metal-usb-flash-drive7.jpg 800w, https:\/\/www.yousanusb.com\/wp-content\/uploads\/2021\/06\/se09-model-metal-usb-flash-drive7-600x488.jpg 600w, https:\/\/www.yousanusb.com\/wp-content\/uploads\/2021\/06\/se09-model-metal-usb-flash-drive7-300x244.jpg 300w, https:\/\/www.yousanusb.com\/wp-content\/uploads\/2021\/06\/se09-model-metal-usb-flash-drive7-768x624.jpg 768w\" sizes=\"(max-width: 800px) 100vw, 800px\" \/><\/figure>\n<\/div>\n<\/div>","protected":false},"excerpt":{"rendered":"<ul>\n<li>Les plus populaires<\/li>\n<li>\u00c9chantillon gratuit<\/li>\n<li>Imperm\u00e9able \u00e0 l'eau<\/li>\n<li>Bo\u00eetier m\u00e9tallique Kingstone SE09<\/li>\n<li>Impression de LOGO<\/li>\n<li>MOQ:10pcs<\/li>\n<\/ul>","protected":false},"featured_media":8991,"comment_status":"open","ping_status":"closed","template":"","meta":{"_seopress_robots_primary_cat":"none","_seopress_titles_title":"SE09 Model Metal USB Flash Drive","_seopress_titles_desc":"Waterproof Metal case Kingstone SE09 Model 1GB USB Stick With Free LOGO Printing","_seopress_robots_index":""},"class_list":["post-1164","product","type-product","status-publish","has-post-thumbnail","hentry","product_cat-usb30-flash-drive","product_cat-metal-usb-flash-drive","product_tag-rose-gold-usb-flash-drive","product_tag-se09-usb-drive","product_tag-custom-metal-keychain-usb-flash-drive","product_tag-buy-metal-leather-usb-flash-drive"],"_links":{"self":[{"href":"https:\/\/www.yousanusb.com\/fr\/wp-json\/wp\/v2\/product\/1164"}],"collection":[{"href":"https:\/\/www.yousanusb.com\/fr\/wp-json\/wp\/v2\/product"}],"about":[{"href":"https:\/\/www.yousanusb.com\/fr\/wp-json\/wp\/v2\/types\/product"}],"replies":[{"embeddable":true,"href":"https:\/\/www.yousanusb.com\/fr\/wp-json\/wp\/v2\/comments?post=1164"}],"wp:featuredmedia":[{"embeddable":true,"href":"https:\/\/www.yousanusb.com\/fr\/wp-json\/wp\/v2\/media\/8991"}],"wp:attachment":[{"href":"https:\/\/www.yousanusb.com\/fr\/wp-json\/wp\/v2\/media?parent=1164"}],"curies":[{"name":"wp","href":"https:\/\/api.w.org\/{rel}","templated":true}]}}