{"id":11677,"date":"2024-12-07T00:53:46","date_gmt":"2024-12-07T00:53:46","guid":{"rendered":"https:\/\/yousanusb.com\/?post_type=product&#038;p=11677"},"modified":"2024-12-07T00:53:46","modified_gmt":"2024-12-07T00:53:46","slug":"customized-dog-bone-flash-drive-by-pet-supplies","status":"publish","type":"product","link":"https:\/\/www.yousanusb.com\/fr\/produit\/customized-dog-bone-flash-drive-by-pet-supplies\/","title":{"rendered":"Cl\u00e9 USB personnalis\u00e9e en forme d'os de chien par Pet Supplies"},"content":{"rendered":"<p>Notre cl\u00e9 USB personnalis\u00e9e en forme d'os de chien par Pet Supplies est un cadeau unique et pratique. En forme de charmant os de chien, c'est non seulement un adorable objet sur le th\u00e8me des animaux de compagnie, mais aussi une cl\u00e9 USB fonctionnelle.<br \/>\nEn tant que fabricant professionnel de cl\u00e9s USB, nous proposons des services de personnalisation pour r\u00e9pondre \u00e0 diff\u00e9rents besoins. Elle dispose d'une grande capacit\u00e9 de stockage, ce qui vous permet de stocker des photos, des documents et bien plus encore. Son mat\u00e9riau de haute qualit\u00e9 garantit sa durabilit\u00e9, ce qui en fait un souvenir imp\u00e9rissable.<br \/>\nId\u00e9al pour les amoureux des animaux, il peut \u00eatre utilis\u00e9 comme cadeau promotionnel dans l'industrie des animaux de compagnie ou comme souvenir personnalis\u00e9. Gr\u00e2ce \u00e0 nos options de conception personnalis\u00e9e, vous pouvez ajouter des logos ou des motifs sp\u00e9ciaux, ce qui en fait un objet unique.<\/p>","protected":false},"excerpt":{"rendered":"<p>Notre cl\u00e9 USB personnalis\u00e9e en forme d'os de chien par Pet Supplies est un cadeau unique et pratique. En forme de charmant os de chien, c'est non seulement un adorable objet sur le th\u00e8me des animaux de compagnie, mais aussi une cl\u00e9 USB fonctionnelle.<\/p>","protected":false},"featured_media":11687,"comment_status":"open","ping_status":"closed","template":"","meta":{"_seopress_robots_primary_cat":"","_seopress_titles_title":"","_seopress_titles_desc":"","_seopress_robots_index":""},"class_list":["post-11677","product","type-product","status-publish","has-post-thumbnail","hentry","product_cat-usb-flash-drive-customer","product_tag-dog-bone-flash-drive"],"_links":{"self":[{"href":"https:\/\/www.yousanusb.com\/fr\/wp-json\/wp\/v2\/product\/11677"}],"collection":[{"href":"https:\/\/www.yousanusb.com\/fr\/wp-json\/wp\/v2\/product"}],"about":[{"href":"https:\/\/www.yousanusb.com\/fr\/wp-json\/wp\/v2\/types\/product"}],"replies":[{"embeddable":true,"href":"https:\/\/www.yousanusb.com\/fr\/wp-json\/wp\/v2\/comments?post=11677"}],"wp:featuredmedia":[{"embeddable":true,"href":"https:\/\/www.yousanusb.com\/fr\/wp-json\/wp\/v2\/media\/11687"}],"wp:attachment":[{"href":"https:\/\/www.yousanusb.com\/fr\/wp-json\/wp\/v2\/media?parent=11677"}],"curies":[{"name":"wp","href":"https:\/\/api.w.org\/{rel}","templated":true}]}}