{"id":11762,"date":"2024-12-07T01:05:44","date_gmt":"2024-12-07T01:05:44","guid":{"rendered":"https:\/\/yousanusb.com\/?post_type=product&#038;p=11762"},"modified":"2024-12-07T01:06:01","modified_gmt":"2024-12-07T01:06:01","slug":"customized-giveaway-car-key-flash-drive-for-mercedes-benz-company","status":"publish","type":"product","link":"https:\/\/www.yousanusb.com\/fr\/produit\/customized-giveaway-car-key-flash-drive-for-mercedes-benz-company\/","title":{"rendered":"Cl\u00e9 USB personnalis\u00e9e pour Mercedes-Benz"},"content":{"rendered":"<p>Notre cl\u00e9 USB personnalis\u00e9e pour Mercedes-Benz est un cadeau d'entreprise de premier choix. En forme de cl\u00e9 de voiture Mercedes-Benz, elle n'est pas seulement un accessoire \u00e9l\u00e9gant, mais aussi une cl\u00e9 USB tr\u00e8s fonctionnelle.<br \/>\nEn tant que fabricant professionnel de disques en U, nous garantissons une qualit\u00e9 et une personnalisation de premier ordre. Ce disque offre un espace de stockage suffisant pour les documents, pr\u00e9sentations ou supports marketing importants de Mercedes-Benz. Son design \u00e9l\u00e9gant, avec le logo embl\u00e9matique de Mercedes-Benz bien en \u00e9vidence, en fait un objet de collection recherch\u00e9.<br \/>\nDurable et portable, c'est le cadeau id\u00e9al pour renforcer la notori\u00e9t\u00e9 de la marque et laisser une impression durable sur les clients, les partenaires et les enthousiastes.<\/p>","protected":false},"excerpt":{"rendered":"<p>Notre cl\u00e9 USB personnalis\u00e9e pour Mercedes-Benz est un cadeau d'entreprise de premier choix. En forme de cl\u00e9 de voiture Mercedes-Benz, elle n'est pas seulement un accessoire \u00e9l\u00e9gant, mais aussi une cl\u00e9 USB tr\u00e8s fonctionnelle.<\/p>","protected":false},"featured_media":11735,"comment_status":"open","ping_status":"closed","template":"","meta":{"_seopress_robots_primary_cat":"none","_seopress_titles_title":"Customized giveaway car key flash drive for Mercedes-Benz company","_seopress_titles_desc":"Our Customized Giveaway Car Key Flash Drive for Mercedes-Benz is a premium corporate gift. Shaped like a sleek Mercedes-Benz car key, it's not just a stylish accessory but a highly functional USB drive.","_seopress_robots_index":""},"class_list":["post-11762","product","type-product","status-publish","has-post-thumbnail","hentry","product_cat-usb-flash-drive-customer","product_tag-car-key-flash-drive"],"_links":{"self":[{"href":"https:\/\/www.yousanusb.com\/fr\/wp-json\/wp\/v2\/product\/11762"}],"collection":[{"href":"https:\/\/www.yousanusb.com\/fr\/wp-json\/wp\/v2\/product"}],"about":[{"href":"https:\/\/www.yousanusb.com\/fr\/wp-json\/wp\/v2\/types\/product"}],"replies":[{"embeddable":true,"href":"https:\/\/www.yousanusb.com\/fr\/wp-json\/wp\/v2\/comments?post=11762"}],"wp:featuredmedia":[{"embeddable":true,"href":"https:\/\/www.yousanusb.com\/fr\/wp-json\/wp\/v2\/media\/11735"}],"wp:attachment":[{"href":"https:\/\/www.yousanusb.com\/fr\/wp-json\/wp\/v2\/media?parent=11762"}],"curies":[{"name":"wp","href":"https:\/\/api.w.org\/{rel}","templated":true}]}}