{"id":11771,"date":"2024-12-07T01:13:59","date_gmt":"2024-12-07T01:13:59","guid":{"rendered":"https:\/\/yousanusb.com\/?post_type=product&#038;p=11771"},"modified":"2024-12-07T02:37:24","modified_gmt":"2024-12-07T02:37:24","slug":"customized-light-bulb-flash-drive-by-carb-nb","status":"publish","type":"product","link":"https:\/\/www.yousanusb.com\/fr\/produit\/customized-light-bulb-flash-drive-by-carb-nb\/","title":{"rendered":"Cl\u00e9 USB \u00e0 ampoule personnalis\u00e9e par Carb NB"},"content":{"rendered":"<p>La cl\u00e9 USB personnalis\u00e9e en forme d'ampoule de Carb NB est un cadeau innovant et pratique. En forme d'ampoule, elle se d\u00e9marque des cl\u00e9s USB ordinaires. En tant que fabricant professionnel de cl\u00e9s USB, nous avons con\u00e7u ce dispositif en gardant \u00e0 l'esprit \u00e0 la fois le style et la fonctionnalit\u00e9. Elle offre un espace de stockage convenable, id\u00e9al pour stocker tout ce qui est important, des documents professionnels aux photos et vid\u00e9os personnelles.<br \/>\nImaginez qu'il soit utilis\u00e9 lors du lancement d'un produit de Carb NB, o\u00f9 il peut \u00eatre offert aux participants comme souvenir m\u00e9morable. Il est \u00e9galement id\u00e9al pour une utilisation au bureau, car il permet aux employ\u00e9s de transporter facilement des dossiers li\u00e9s au travail. Le design de l'ampoule peut m\u00eame servir de pi\u00e8ce d\u00e9corative sur un porte-cl\u00e9s ou un bureau.<br \/>\nAvec le logo de Carb NB ou un design personnalis\u00e9 imprim\u00e9 dessus, cette cl\u00e9 USB devient un puissant outil de promotion de la marque. Que ce soit \u00e0 des fins de marketing ou simplement comme cadeau attentionn\u00e9, la cl\u00e9 USB \u00e0 ampoules personnalis\u00e9es est s\u00fbre de faire une impression durable.<\/p>","protected":false},"excerpt":{"rendered":"<p>La cl\u00e9 USB personnalis\u00e9e en forme d'ampoule de Carb NB est un cadeau innovant et pratique. En forme d'ampoule, elle se d\u00e9marque des cl\u00e9s USB ordinaires.<\/p>","protected":false},"featured_media":11696,"comment_status":"open","ping_status":"closed","template":"","meta":{"_seopress_robots_primary_cat":"none","_seopress_titles_title":"Customized light bulb flash drive by Carb NB","_seopress_titles_desc":"The Customized Light Bulb Flash Drive by Carb NB is a truly innovative and practical gift. Shaped like a light bulb, it's a unique departure from ordinary USB drives.","_seopress_robots_index":""},"class_list":["post-11771","product","type-product","status-publish","has-post-thumbnail","hentry","product_cat-luminescent-usb-flash-drive","product_cat-usb-flash-drive-customer","product_tag-bulb-flash-drive","product_tag-light-flash-drive"],"_links":{"self":[{"href":"https:\/\/www.yousanusb.com\/fr\/wp-json\/wp\/v2\/product\/11771"}],"collection":[{"href":"https:\/\/www.yousanusb.com\/fr\/wp-json\/wp\/v2\/product"}],"about":[{"href":"https:\/\/www.yousanusb.com\/fr\/wp-json\/wp\/v2\/types\/product"}],"replies":[{"embeddable":true,"href":"https:\/\/www.yousanusb.com\/fr\/wp-json\/wp\/v2\/comments?post=11771"}],"wp:featuredmedia":[{"embeddable":true,"href":"https:\/\/www.yousanusb.com\/fr\/wp-json\/wp\/v2\/media\/11696"}],"wp:attachment":[{"href":"https:\/\/www.yousanusb.com\/fr\/wp-json\/wp\/v2\/media?parent=11771"}],"curies":[{"name":"wp","href":"https:\/\/api.w.org\/{rel}","templated":true}]}}