{"id":11776,"date":"2024-12-07T01:15:57","date_gmt":"2024-12-07T01:15:57","guid":{"rendered":"https:\/\/yousanusb.com\/?post_type=product&#038;p=11776"},"modified":"2024-12-07T01:15:58","modified_gmt":"2024-12-07T01:15:58","slug":"customized-sports-watch-flash-drive-by-casio-corporation","status":"publish","type":"product","link":"https:\/\/www.yousanusb.com\/fr\/produit\/customized-sports-watch-flash-drive-by-casio-corporation\/","title":{"rendered":"Cl\u00e9 USB personnalis\u00e9e pour montres de sport par CASIO Corporation"},"content":{"rendered":"<p>La cl\u00e9 USB personnalis\u00e9e en forme de montre de sport de CASIO Corporation est une fusion de style et d'utilit\u00e9. Cette cl\u00e9 USB unique est con\u00e7ue pour ressembler \u00e0 une montre de sport \u00e0 la mode, ce qui en fait un accessoire qui attire l'attention. En tant que fabricant professionnel de cl\u00e9s USB, nous garantissons une construction et une personnalisation de haute qualit\u00e9.<br \/>\nIl offre une capacit\u00e9 de stockage suffisante pour r\u00e9pondre \u00e0 divers besoins en mati\u00e8re de donn\u00e9es, tels que les plans de remise en forme, les vid\u00e9os d'entra\u00eenement ou les pr\u00e9sentations d'entreprise importantes li\u00e9es \u00e0 des \u00e9v\u00e9nements sportifs ou \u00e0 des lancements de produits. Les athl\u00e8tes et les passionn\u00e9s de fitness peuvent l'utiliser pour stocker les enregistrements de leurs s\u00e9ances d'entra\u00eenement et le suivi de leurs progr\u00e8s.<br \/>\nPour les campagnes de marketing de CASIO, il constitue un excellent cadeau lors d'expositions sportives, de marathons ou d'inaugurations de salles de sport. Avec le logo de CASIO bien en vue, elle constitue non seulement un moyen pratique de transf\u00e9rer des donn\u00e9es, mais aussi une publicit\u00e9 ambulante. Qu'elle soit accroch\u00e9e \u00e0 un sac de sport ou port\u00e9e comme une pi\u00e8ce d'apparat, cette cl\u00e9 USB personnalis\u00e9e ne manquera pas d'accro\u00eetre la notori\u00e9t\u00e9 de la marque et d'\u00eatre un atout pratique pour les utilisateurs dans le monde du sport et au-del\u00e0.<\/p>","protected":false},"excerpt":{"rendered":"<p>La cl\u00e9 USB personnalis\u00e9e en forme de montre de sport de CASIO Corporation est une fusion de style et d'utilit\u00e9. Cette cl\u00e9 USB unique est con\u00e7ue pour ressembler \u00e0 une montre de sport \u00e0 la mode, ce qui en fait un accessoire qui attire l'attention.<\/p>","protected":false},"featured_media":11703,"comment_status":"open","ping_status":"closed","template":"","meta":{"_seopress_robots_primary_cat":"","_seopress_titles_title":"Customized sports watch flash drive by CASIO Corporation","_seopress_titles_desc":"","_seopress_robots_index":""},"class_list":["post-11776","product","type-product","status-publish","has-post-thumbnail","hentry","product_cat-usb-flash-drive-customer","product_tag-sports-watch-flash-drive","product_tag-watch-flash-drive"],"_links":{"self":[{"href":"https:\/\/www.yousanusb.com\/fr\/wp-json\/wp\/v2\/product\/11776"}],"collection":[{"href":"https:\/\/www.yousanusb.com\/fr\/wp-json\/wp\/v2\/product"}],"about":[{"href":"https:\/\/www.yousanusb.com\/fr\/wp-json\/wp\/v2\/types\/product"}],"replies":[{"embeddable":true,"href":"https:\/\/www.yousanusb.com\/fr\/wp-json\/wp\/v2\/comments?post=11776"}],"wp:featuredmedia":[{"embeddable":true,"href":"https:\/\/www.yousanusb.com\/fr\/wp-json\/wp\/v2\/media\/11703"}],"wp:attachment":[{"href":"https:\/\/www.yousanusb.com\/fr\/wp-json\/wp\/v2\/media?parent=11776"}],"curies":[{"name":"wp","href":"https:\/\/api.w.org\/{rel}","templated":true}]}}