{"id":11779,"date":"2024-12-07T01:17:56","date_gmt":"2024-12-07T01:17:56","guid":{"rendered":"https:\/\/yousanusb.com\/?post_type=product&#038;p=11779"},"modified":"2024-12-07T01:25:29","modified_gmt":"2024-12-07T01:25:29","slug":"customized-usb-flash-drive-with-red-leather-case-by-cicr-corporation","status":"publish","type":"product","link":"https:\/\/www.yousanusb.com\/fr\/produit\/customized-usb-flash-drive-with-red-leather-case-by-cicr-corporation\/","title":{"rendered":"Cl\u00e9 USB personnalis\u00e9e avec \u00e9tui en cuir rouge par CICR Corporation"},"content":{"rendered":"<p>La cl\u00e9 USB personnalis\u00e9e avec \u00e9tui en cuir rouge de CICR Corporation, fabriqu\u00e9e par YOUSAN Flash Drive Factory, est un cadeau d'entreprise remarquable. Cette cl\u00e9 USB est envelopp\u00e9e dans une somptueuse housse en cuir rouge qui offre non seulement une protection, mais rayonne \u00e9galement d'un sentiment de luxe et de raffinement.<br \/>\nElle offre un espace de stockage important, ce qui la rend appropri\u00e9e pour stocker un large \u00e9ventail de donn\u00e9es importantes de l'ICRC, telles que des rapports de recherche, des propositions de projet et des documents de coop\u00e9ration internationale. Lors d'\u00e9v\u00e9nements d'entreprise tels que les galas annuels ou les sommets internationaux organis\u00e9s par l'ICRC, ces cl\u00e9s USB peuvent \u00eatre offertes \u00e0 des invit\u00e9s et partenaires estim\u00e9s. Les destinataires peuvent les utiliser pour transf\u00e9rer et stocker des informations pr\u00e9cieuses de mani\u00e8re pratique.<br \/>\nL'\u00e9tui en cuir rouge, sur lequel est imprim\u00e9 le logo du CICR, est un rappel constant de la marque et des valeurs de l'entreprise. Que ce soit lors d'une n\u00e9gociation commerciale ou d'un \u00e9v\u00e9nement de r\u00e9seautage professionnel, cette cl\u00e9 USB personnalis\u00e9e est un symbole de la sophistication du CICR et du savoir-faire de YOUSAN.<\/p>","protected":false},"excerpt":{"rendered":"<p>La cl\u00e9 USB personnalis\u00e9e avec \u00e9tui en cuir rouge de CICR Corporation est un objet promotionnel \u00e9l\u00e9gant et pratique. Cette cl\u00e9 USB, envelopp\u00e9e dans une \u00e9l\u00e9gante housse en cuir rouge, respire la sophistication.<\/p>","protected":false},"featured_media":11686,"comment_status":"open","ping_status":"closed","template":"","meta":{"_seopress_robots_primary_cat":"none","_seopress_titles_title":"Customized USB flash drive with red leather case by CICR Corporation","_seopress_titles_desc":"The Customized USB Flash Drive with Red Leather Case by CICR Corporation, crafted by YOUSAN Flash Drive Factory, is a remarkable corporate gift.","_seopress_robots_index":""},"class_list":["post-11779","product","type-product","status-publish","has-post-thumbnail","hentry","product_cat-usb-flash-drive-customer","product_tag-usb-flash-drive-with-red-leather-case"],"_links":{"self":[{"href":"https:\/\/www.yousanusb.com\/fr\/wp-json\/wp\/v2\/product\/11779"}],"collection":[{"href":"https:\/\/www.yousanusb.com\/fr\/wp-json\/wp\/v2\/product"}],"about":[{"href":"https:\/\/www.yousanusb.com\/fr\/wp-json\/wp\/v2\/types\/product"}],"replies":[{"embeddable":true,"href":"https:\/\/www.yousanusb.com\/fr\/wp-json\/wp\/v2\/comments?post=11779"}],"wp:featuredmedia":[{"embeddable":true,"href":"https:\/\/www.yousanusb.com\/fr\/wp-json\/wp\/v2\/media\/11686"}],"wp:attachment":[{"href":"https:\/\/www.yousanusb.com\/fr\/wp-json\/wp\/v2\/media?parent=11779"}],"curies":[{"name":"wp","href":"https:\/\/api.w.org\/{rel}","templated":true}]}}