{"id":11789,"date":"2024-12-07T01:29:14","date_gmt":"2024-12-07T01:29:14","guid":{"rendered":"https:\/\/yousanusb.com\/?post_type=product&#038;p=11789"},"modified":"2024-12-07T01:29:14","modified_gmt":"2024-12-07T01:29:14","slug":"customized-usb-pen-by-unionpay-payment-company","status":"publish","type":"product","link":"https:\/\/www.yousanusb.com\/fr\/produit\/customized-usb-pen-by-unionpay-payment-company\/","title":{"rendered":"Stylo USB personnalis\u00e9 par la soci\u00e9t\u00e9 de paiement UNIONPAY"},"content":{"rendered":"<p>Le stylo USB personnalis\u00e9 de la soci\u00e9t\u00e9 de paiement UNIONPAY, fabriqu\u00e9 par YOUSAN Flash Drive Factory, est un cadeau d'entreprise unique et tr\u00e8s fonctionnel. Ce produit innovant combine l'aspect pratique d'un stylo avec la commodit\u00e9 d'une cl\u00e9 USB.<br \/>\nLe design \u00e9pur\u00e9 du stylo est \u00e0 la fois \u00e9l\u00e9gant et agr\u00e9able \u00e0 tenir, ce qui le rend adapt\u00e9 \u00e0 une utilisation quotidienne au bureau ou en d\u00e9placement. Gr\u00e2ce \u00e0 sa m\u00e9moire USB int\u00e9gr\u00e9e, il offre suffisamment d'espace pour stocker des documents importants li\u00e9s \u00e0 UNIONPAY, tels que des rapports financiers, des analyses de march\u00e9 et des donn\u00e9es sur les clients.<br \/>\nIl peut \u00eatre distribu\u00e9 lors des conf\u00e9rences industrielles d'UNIONPAY, des r\u00e9unions d'affaires avec les partenaires, ou comme cadeau sp\u00e9cial aux clients de grande valeur. Les destinataires peuvent facilement le transporter dans leur poche ou leur sac, pr\u00eat \u00e0 acc\u00e9der ou \u00e0 transf\u00e9rer des donn\u00e9es \u00e0 tout moment. Le stylo est personnalis\u00e9 avec le logo d'UNIONPAY, ce qui am\u00e9liore la visibilit\u00e9 de la marque et laisse une impression durable.<br \/>\nQu'il s'agisse de prendre des notes lors d'une r\u00e9union ou de stocker des fichiers importants, ce stylo USB personnalis\u00e9 est un m\u00e9lange parfait d'utilit\u00e9 et de promotion de la marque.<\/p>","protected":false},"excerpt":{"rendered":"<p>Le stylo USB personnalis\u00e9 de la soci\u00e9t\u00e9 de paiement UNIONPAY, fabriqu\u00e9 par YOUSAN Flash Drive Factory, est un cadeau d'entreprise unique et tr\u00e8s fonctionnel. Ce produit innovant combine l'aspect pratique d'un stylo avec la commodit\u00e9 d'une cl\u00e9 USB.<\/p>","protected":false},"featured_media":11756,"comment_status":"open","ping_status":"closed","template":"","meta":{"_seopress_robots_primary_cat":"","_seopress_titles_title":"Customized USB pen by UNIONPAY payment company","_seopress_titles_desc":"The Customized USB Pen by UNIONPAY payment company, expertly crafted by YOUSAN Flash Drive Factory, is a unique and highly functional corporate gift. This innovative product combines the practicality of a pen with the convenience of a USB drive.","_seopress_robots_index":""},"class_list":["post-11789","product","type-product","status-publish","has-post-thumbnail","hentry","product_cat-usb-flash-drive-customer"],"_links":{"self":[{"href":"https:\/\/www.yousanusb.com\/fr\/wp-json\/wp\/v2\/product\/11789"}],"collection":[{"href":"https:\/\/www.yousanusb.com\/fr\/wp-json\/wp\/v2\/product"}],"about":[{"href":"https:\/\/www.yousanusb.com\/fr\/wp-json\/wp\/v2\/types\/product"}],"replies":[{"embeddable":true,"href":"https:\/\/www.yousanusb.com\/fr\/wp-json\/wp\/v2\/comments?post=11789"}],"wp:featuredmedia":[{"embeddable":true,"href":"https:\/\/www.yousanusb.com\/fr\/wp-json\/wp\/v2\/media\/11756"}],"wp:attachment":[{"href":"https:\/\/www.yousanusb.com\/fr\/wp-json\/wp\/v2\/media?parent=11789"}],"curies":[{"name":"wp","href":"https:\/\/api.w.org\/{rel}","templated":true}]}}