{"id":11797,"date":"2024-12-07T01:33:26","date_gmt":"2024-12-07T01:33:26","guid":{"rendered":"https:\/\/yousanusb.com\/?post_type=product&#038;p=11797"},"modified":"2025-10-05T07:58:18","modified_gmt":"2025-10-05T07:58:18","slug":"golden-wrench-usb-flash-drive-customized-by-x-spark-company","status":"publish","type":"product","link":"https:\/\/www.yousanusb.com\/fr\/produit\/golden-wrench-usb-flash-drive-customized-by-x-spark-company\/","title":{"rendered":"Cl\u00e9 USB avec cl\u00e9 en or personnalis\u00e9e par la soci\u00e9t\u00e9 X-spark"},"content":{"rendered":"<p>La cl\u00e9 USB Golden Wrench, personnalis\u00e9e par la soci\u00e9t\u00e9 X-spark et fabriqu\u00e9e par YOUSAN Flash Drive Factory, est un cadeau d'entreprise remarquable qui attire l'attention. En forme de cl\u00e9 dor\u00e9e, elle allie fonctionnalit\u00e9 et design unique.<br \/>\nCette cl\u00e9 USB offre un espace de stockage suffisant pour les manuels techniques, les plans de projet et les informations sur les produits de X-spark. Dans les ateliers d'ing\u00e9nierie ou les s\u00e9minaires industriels de X-spark, elle peut \u00eatre pr\u00e9sent\u00e9e aux employ\u00e9s, aux clients et aux partenaires. Les ing\u00e9nieurs peuvent l'utiliser pour transf\u00e9rer et stocker facilement des donn\u00e9es cruciales relatives \u00e0 leurs projets.<br \/>\nLa finition dor\u00e9e lui conf\u00e8re un aspect \u00e9l\u00e9gant et haut de gamme, tandis que le logo de X-spark affich\u00e9 en \u00e9vidence sur la cl\u00e9 USB constitue un puissant outil de promotion de la marque. Qu'elle soit attach\u00e9e \u00e0 un porte-cl\u00e9s pour un acc\u00e8s facile ou plac\u00e9e sur un bureau en tant qu'objet d\u00e9coratif mais pratique, cette cl\u00e9 USB personnalis\u00e9e en forme de cl\u00e9 dor\u00e9e ne manquera pas d'am\u00e9liorer la reconnaissance de la marque X-spark et de laisser une impression durable dans le monde de l'industrie et des affaires.<\/p>","protected":false},"excerpt":{"rendered":"<p>La cl\u00e9 USB Golden Wrench, personnalis\u00e9e par la soci\u00e9t\u00e9 X-spark et fabriqu\u00e9e par YOUSAN Flash Drive Factory, est un cadeau d'entreprise remarquable qui attire l'attention.<\/p>","protected":false},"featured_media":11729,"comment_status":"open","ping_status":"closed","template":"","meta":{"_seopress_robots_primary_cat":"","_seopress_titles_title":"Golden wrench USB flash drive customized by X-spark Company","_seopress_titles_desc":"The Golden Wrench USB Flash Drive customized by X-spark Company, skillfully manufactured by YOUSAN Flash Drive Factory, is a remarkable and eye-catching corporate gift.","_seopress_robots_index":""},"class_list":["post-11797","product","type-product","status-publish","has-post-thumbnail","hentry","product_cat-usb-flash-drive-customer","product_tag-rose-gold-usb-flash-drive","product_tag-wrench-usb-flash-drive","product_tag-buy-metal-leather-usb-flash-drive"],"_links":{"self":[{"href":"https:\/\/www.yousanusb.com\/fr\/wp-json\/wp\/v2\/product\/11797"}],"collection":[{"href":"https:\/\/www.yousanusb.com\/fr\/wp-json\/wp\/v2\/product"}],"about":[{"href":"https:\/\/www.yousanusb.com\/fr\/wp-json\/wp\/v2\/types\/product"}],"replies":[{"embeddable":true,"href":"https:\/\/www.yousanusb.com\/fr\/wp-json\/wp\/v2\/comments?post=11797"}],"wp:featuredmedia":[{"embeddable":true,"href":"https:\/\/www.yousanusb.com\/fr\/wp-json\/wp\/v2\/media\/11729"}],"wp:attachment":[{"href":"https:\/\/www.yousanusb.com\/fr\/wp-json\/wp\/v2\/media?parent=11797"}],"curies":[{"name":"wp","href":"https:\/\/api.w.org\/{rel}","templated":true}]}}