{"id":11800,"date":"2024-12-07T01:36:32","date_gmt":"2024-12-07T01:36:32","guid":{"rendered":"https:\/\/yousanusb.com\/?post_type=product&#038;p=11800"},"modified":"2025-10-06T00:26:55","modified_gmt":"2025-10-06T00:26:55","slug":"customized-flying-machine-usb-flash-drive-by-huaxun-ark-co","status":"publish","type":"product","link":"https:\/\/www.yousanusb.com\/fr\/produit\/customized-flying-machine-usb-flash-drive-by-huaxun-ark-co\/","title":{"rendered":"Cl\u00e9 USB personnalis\u00e9e pour machine volante par Huaxun Ark Co."},"content":{"rendered":"<p>La cl\u00e9 USB Machine Volante de Huaxun Ark Co, fabriqu\u00e9e par YOUSAN Flash Drive Factory, est un cadeau d'entreprise unique et captivant. Avec sa forme de machine volante innovante, elle pr\u00e9sente un m\u00e9lange de design futuriste et de fonctionnalit\u00e9 pratique.<br \/>\nCette cl\u00e9 USB offre un espace de stockage important pour les donn\u00e9es essentielles de Huaxun Ark Co. telles que les r\u00e9sultats de recherche, les plans de projet et les documents de marketing. Elle peut \u00eatre distribu\u00e9e lors de conf\u00e9rences de l'industrie a\u00e9rospatiale, d'\u00e9v\u00e9nements d'entreprise ou comme cadeau sp\u00e9cial aux partenaires et aux clients. Les passionn\u00e9s d'aviation et les professionnels peuvent l'utiliser pour stocker et transf\u00e9rer des documents, des images ou des vid\u00e9os li\u00e9s au vol.<br \/>\nLa forme distincte de la machine volante, orn\u00e9e du logo de Huaxun Ark Co., sert de publicit\u00e9 mobile, am\u00e9liorant ainsi la visibilit\u00e9 de la marque. Qu'elle soit transport\u00e9e dans une mallette ou expos\u00e9e sur un bureau, cette cl\u00e9 usb personnalis\u00e9e est un symbole des prouesses technologiques et de l'esprit d'avant-garde de Huaxun Ark Co.<\/p>","protected":false},"excerpt":{"rendered":"<p>La cl\u00e9 USB Machine volante personnalis\u00e9e de Huaxun Ark Co, fabriqu\u00e9e par YOUSAN Flash Drive Factory, est un cadeau d'entreprise unique et captivant.<\/p>","protected":false},"featured_media":11755,"comment_status":"open","ping_status":"closed","template":"","meta":{"_seopress_robots_primary_cat":"","_seopress_titles_title":"Customized flying machine USB flash drive by Huaxun Ark Co.","_seopress_titles_desc":"The Customized Flying Machine USB Flash Drive by Huaxun Ark Co., expertly produced by YOUSAN Flash Drive Factory, is a truly unique and captivating corporate gift.","_seopress_robots_index":""},"class_list":["post-11800","product","type-product","status-publish","has-post-thumbnail","hentry","product_cat-usb-flash-drive-customer","product_tag-flying-machine-usb-flash-drive","product_tag-custom-metal-keychain-usb-flash-drive","product_tag-buy-metal-leather-usb-flash-drive"],"_links":{"self":[{"href":"https:\/\/www.yousanusb.com\/fr\/wp-json\/wp\/v2\/product\/11800"}],"collection":[{"href":"https:\/\/www.yousanusb.com\/fr\/wp-json\/wp\/v2\/product"}],"about":[{"href":"https:\/\/www.yousanusb.com\/fr\/wp-json\/wp\/v2\/types\/product"}],"replies":[{"embeddable":true,"href":"https:\/\/www.yousanusb.com\/fr\/wp-json\/wp\/v2\/comments?post=11800"}],"wp:featuredmedia":[{"embeddable":true,"href":"https:\/\/www.yousanusb.com\/fr\/wp-json\/wp\/v2\/media\/11755"}],"wp:attachment":[{"href":"https:\/\/www.yousanusb.com\/fr\/wp-json\/wp\/v2\/media?parent=11800"}],"curies":[{"name":"wp","href":"https:\/\/api.w.org\/{rel}","templated":true}]}}