{"id":11814,"date":"2024-12-07T01:49:00","date_gmt":"2024-12-07T01:49:00","guid":{"rendered":"https:\/\/yousanusb.com\/?post_type=product&#038;p=11814"},"modified":"2024-12-07T01:49:00","modified_gmt":"2024-12-07T01:49:00","slug":"goodyears-customized-usb-flash-drive-with-car-tires","status":"publish","type":"product","link":"https:\/\/www.yousanusb.com\/fr\/produit\/goodyears-customized-usb-flash-drive-with-car-tires\/","title":{"rendered":"Cl\u00e9 USB personnalis\u00e9e par Goodyear avec des pneus de voiture"},"content":{"rendered":"<p>La cl\u00e9 USB personnalis\u00e9e Goodyear avec pneus de voiture, fabriqu\u00e9e par YOUSAN Flash Drive Factory, est un cadeau d'entreprise unique et pratique. En forme de pneu de voiture miniature, elle allie parfaitement le charme de l'automobile et l'utilit\u00e9 num\u00e9rique.<br \/>\nCette cl\u00e9 USB offre une capacit\u00e9 de stockage convenable, id\u00e9ale pour stocker les catalogues de produits Goodyear, les donn\u00e9es techniques et le mat\u00e9riel de marketing. Ces cl\u00e9s USB peuvent \u00eatre distribu\u00e9es lors de salons automobiles, d'\u00e9v\u00e9nements organis\u00e9s par des concessionnaires ou de r\u00e9unions d'entreprises li\u00e9es \u00e0 l'industrie du pneu. Les m\u00e9caniciens et les passionn\u00e9s d'automobile peuvent l'utiliser pour sauvegarder les dossiers d'entretien des v\u00e9hicules, les informations sur la recherche de pneus, ou m\u00eame leurs photos et vid\u00e9os pr\u00e9f\u00e9r\u00e9es li\u00e9es \u00e0 la voiture.<br \/>\nLe design distinctif du pneu de voiture, qui met en \u00e9vidence le logo de Goodyear, constitue un puissant outil de promotion de l'image de marque. Qu'elle soit plac\u00e9e sur un \u00e9tabli, transport\u00e9e dans la bo\u00eete \u00e0 outils d'un m\u00e9canicien ou utilis\u00e9e dans un bureau, cette cl\u00e9 USB personnalis\u00e9e est un rappel constant de la qualit\u00e9 et de l'innovation de Goodyear, ce qui en fait un objet m\u00e9morable et utile pour les destinataires.<\/p>","protected":false},"excerpt":{"rendered":"<p>La cl\u00e9 USB personnalis\u00e9e Goodyear avec pneus de voiture, fabriqu\u00e9e par YOUSAN Flash Drive Factory, est un cadeau d'entreprise unique et pratique. En forme de pneu de voiture miniature, elle allie parfaitement le charme de l'automobile et l'utilit\u00e9 num\u00e9rique.<\/p>","protected":false},"featured_media":11719,"comment_status":"open","ping_status":"closed","template":"","meta":{"_seopress_robots_primary_cat":"","_seopress_titles_title":"Goodyear's customized USB flash drive with car tires","_seopress_titles_desc":"The Goodyear's Customized USB Flash Drive with Car Tires, expertly crafted by YOUSAN Flash Drive Factory, is a unique and practical corporate gift. Shaped like miniature car tires, it showcases a perfect blend of automotive charm and digital utility.","_seopress_robots_index":""},"class_list":["post-11814","product","type-product","status-publish","has-post-thumbnail","hentry","product_cat-usb-flash-drive-customer","product_tag-usb-flash-drive-with-car-tires"],"_links":{"self":[{"href":"https:\/\/www.yousanusb.com\/fr\/wp-json\/wp\/v2\/product\/11814"}],"collection":[{"href":"https:\/\/www.yousanusb.com\/fr\/wp-json\/wp\/v2\/product"}],"about":[{"href":"https:\/\/www.yousanusb.com\/fr\/wp-json\/wp\/v2\/types\/product"}],"replies":[{"embeddable":true,"href":"https:\/\/www.yousanusb.com\/fr\/wp-json\/wp\/v2\/comments?post=11814"}],"wp:featuredmedia":[{"embeddable":true,"href":"https:\/\/www.yousanusb.com\/fr\/wp-json\/wp\/v2\/media\/11719"}],"wp:attachment":[{"href":"https:\/\/www.yousanusb.com\/fr\/wp-json\/wp\/v2\/media?parent=11814"}],"curies":[{"name":"wp","href":"https:\/\/api.w.org\/{rel}","templated":true}]}}