{"id":11817,"date":"2024-12-07T01:51:03","date_gmt":"2024-12-07T01:51:03","guid":{"rendered":"https:\/\/yousanusb.com\/?post_type=product&#038;p=11817"},"modified":"2024-12-07T01:51:03","modified_gmt":"2024-12-07T01:51:03","slug":"mini-robot-usb-flash-drive-for-company-employee-onboarding-gift-giveaway","status":"publish","type":"product","link":"https:\/\/www.yousanusb.com\/fr\/produit\/mini-robot-usb-flash-drive-for-company-employee-onboarding-gift-giveaway\/","title":{"rendered":"Cl\u00e9 USB Mini Robot pour entreprise, cadeau d'accueil pour les employ\u00e9s"},"content":{"rendered":"<p>La cl\u00e9 USB Mini Robot, fabriqu\u00e9e par YOUSAN Flash Drive Factory, est un cadeau d'accueil id\u00e9al pour les employ\u00e9s d'une entreprise. Ce charmant petit appareil n'est pas seulement une cl\u00e9 USB pratique, c'est aussi un d\u00e9licieux souvenir. En forme d'adorable mini-robot, elle ajoute une touche d'amusement et d'innovation au processus d'int\u00e9gration.<br \/>\nIl offre suffisamment d'espace de stockage pour que les nouveaux employ\u00e9s puissent y ranger les politiques importantes de l'entreprise, les documents de formation et leurs propres dossiers professionnels. Lors de l'accueil des nouveaux employ\u00e9s, il peut \u00eatre distribu\u00e9 en guise de bienvenue. Les employ\u00e9s peuvent l'utiliser pour transf\u00e9rer des donn\u00e9es entre leur ordinateur personnel et leur ordinateur professionnel, ou pour enregistrer des notes prises lors de r\u00e9unions d'\u00e9quipe et d'ateliers.<br \/>\nLa personnalisation permet de graver le logo de l'entreprise ou un message de bienvenue sur le corps du robot. Qu'elle soit pos\u00e9e sur le bureau d'un employ\u00e9 comme une jolie d\u00e9coration ou qu'elle soit utilis\u00e9e quotidiennement pour le stockage et le transfert de donn\u00e9es, cette cl\u00e9 USB Mini Robot est un excellent moyen de faire en sorte que les nouveaux employ\u00e9s se sentent sp\u00e9ciaux et li\u00e9s \u00e0 la culture de l'entreprise d\u00e8s le premier jour.<\/p>","protected":false},"excerpt":{"rendered":"<p>La cl\u00e9 USB Mini Robot, fabriqu\u00e9e par YOUSAN Flash Drive Factory, est un cadeau d'accueil id\u00e9al pour les employ\u00e9s d'une entreprise. Ce charmant petit appareil n'est pas seulement une cl\u00e9 USB pratique, mais aussi un charmant souvenir.<\/p>","protected":false},"featured_media":11740,"comment_status":"open","ping_status":"closed","template":"","meta":{"_seopress_robots_primary_cat":"","_seopress_titles_title":"Mini Robot USB flash drive for company employee onboarding gift giveaway","_seopress_titles_desc":"The Mini Robot USB Flash Drive, crafted by YOUSAN Flash Drive Factory, is an ideal company employee onboarding gift. This charming little device is not only a practical USB drive but also a delightful keepsake.","_seopress_robots_index":""},"class_list":["post-11817","product","type-product","status-publish","has-post-thumbnail","hentry","product_cat-usb-flash-drive-customer","product_tag-mini-robot-usb-flash-drive"],"_links":{"self":[{"href":"https:\/\/www.yousanusb.com\/fr\/wp-json\/wp\/v2\/product\/11817"}],"collection":[{"href":"https:\/\/www.yousanusb.com\/fr\/wp-json\/wp\/v2\/product"}],"about":[{"href":"https:\/\/www.yousanusb.com\/fr\/wp-json\/wp\/v2\/types\/product"}],"replies":[{"embeddable":true,"href":"https:\/\/www.yousanusb.com\/fr\/wp-json\/wp\/v2\/comments?post=11817"}],"wp:featuredmedia":[{"embeddable":true,"href":"https:\/\/www.yousanusb.com\/fr\/wp-json\/wp\/v2\/media\/11740"}],"wp:attachment":[{"href":"https:\/\/www.yousanusb.com\/fr\/wp-json\/wp\/v2\/media?parent=11817"}],"curies":[{"name":"wp","href":"https:\/\/api.w.org\/{rel}","templated":true}]}}