{"id":11820,"date":"2024-12-07T01:53:57","date_gmt":"2024-12-07T01:53:57","guid":{"rendered":"https:\/\/yousanusb.com\/?post_type=product&#038;p=11820"},"modified":"2025-10-21T03:36:32","modified_gmt":"2025-10-21T03:36:32","slug":"customized-wooden-usb-pen-by-proecuador","status":"publish","type":"product","link":"https:\/\/www.yousanusb.com\/fr\/produit\/customized-wooden-usb-pen-by-proecuador\/","title":{"rendered":"Stylo USB en bois personnalis\u00e9 par Proecuador"},"content":{"rendered":"<p><\/p>\n\n\n\n<div class=\"wp-block-columns is-layout-flex wp-container-core-columns-is-layout-1 wp-block-columns-is-layout-flex\">\n<div class=\"wp-block-column is-layout-flow wp-block-column-is-layout-flow\">\n<figure class=\"wp-block-image size-full\"><img fetchpriority=\"high\" decoding=\"async\" width=\"450\" height=\"450\" src=\"https:\/\/www.yousanusb.com\/wp-content\/uploads\/2024\/12\/Customized-Wooden-USB-pen-by-Proecuador-1.jpg\" alt=\"Stylo USB en bois personnalis\u00e9 par Proecuador\" class=\"wp-image-13011\" srcset=\"https:\/\/www.yousanusb.com\/wp-content\/uploads\/2024\/12\/Customized-Wooden-USB-pen-by-Proecuador-1.jpg 450w, https:\/\/www.yousanusb.com\/wp-content\/uploads\/2024\/12\/Customized-Wooden-USB-pen-by-Proecuador-1-300x300.jpg 300w, https:\/\/www.yousanusb.com\/wp-content\/uploads\/2024\/12\/Customized-Wooden-USB-pen-by-Proecuador-1-150x150.jpg 150w, https:\/\/www.yousanusb.com\/wp-content\/uploads\/2024\/12\/Customized-Wooden-USB-pen-by-Proecuador-1-100x100.jpg 100w\" sizes=\"(max-width: 450px) 100vw, 450px\" \/><\/figure>\n<\/div>\n\n\n\n<div class=\"wp-block-column is-vertically-aligned-center is-layout-flow wp-block-column-is-layout-flow\">\n<p>Le stylo USB en bois personnalis\u00e9 de Proecuador, habilement fabriqu\u00e9 par YOUSAN Flash Drive Factory, est un cadeau d'entreprise unique et respectueux de l'environnement. Combinant l'\u00e9l\u00e9gance du bois avec la fonctionnalit\u00e9 d'une cl\u00e9 USB et d'un stylo, il s'agit d'un outil polyvalent.<\/p>\n<\/div>\n<\/div>\n\n\n\n<p><br>L'ext\u00e9rieur en bois lui conf\u00e8re un aspect naturel et sophistiqu\u00e9, ce qui lui permet de s'adapter \u00e0 divers environnements professionnels. Il dispose d'une capacit\u00e9 de stockage raisonnable, id\u00e9ale pour conserver les plans d'affaires, les documents de recherche et les informations sur les clients de Proecuador. Lors de r\u00e9unions d'entreprise, de conf\u00e9rences ou de voyages d'affaires, les employ\u00e9s et les repr\u00e9sentants peuvent l'utiliser pour prendre des notes et simultan\u00e9ment transf\u00e9rer ou stocker des donn\u00e9es importantes. Le stylo peut \u00e9galement \u00eatre offert comme article promotionnel lors de salons et d'expositions, attirant l'attention par son charme rustique.<\/p>\n\n\n\n<div class=\"wp-block-columns is-layout-flex wp-container-core-columns-is-layout-2 wp-block-columns-is-layout-flex\">\n<div class=\"wp-block-column is-layout-flow wp-block-column-is-layout-flow\">\n<figure class=\"wp-block-image size-full\"><img decoding=\"async\" width=\"800\" height=\"800\" src=\"https:\/\/www.yousanusb.com\/wp-content\/uploads\/2024\/12\/Customized-Wooden-USB-pen-by-Proecuador.jpg\" alt=\"\" class=\"wp-image-11712\" srcset=\"https:\/\/www.yousanusb.com\/wp-content\/uploads\/2024\/12\/Customized-Wooden-USB-pen-by-Proecuador.jpg 800w, https:\/\/www.yousanusb.com\/wp-content\/uploads\/2024\/12\/Customized-Wooden-USB-pen-by-Proecuador-300x300.jpg 300w, https:\/\/www.yousanusb.com\/wp-content\/uploads\/2024\/12\/Customized-Wooden-USB-pen-by-Proecuador-150x150.jpg 150w, https:\/\/www.yousanusb.com\/wp-content\/uploads\/2024\/12\/Customized-Wooden-USB-pen-by-Proecuador-768x768.jpg 768w, https:\/\/www.yousanusb.com\/wp-content\/uploads\/2024\/12\/Customized-Wooden-USB-pen-by-Proecuador-600x600.jpg 600w, https:\/\/www.yousanusb.com\/wp-content\/uploads\/2024\/12\/Customized-Wooden-USB-pen-by-Proecuador-100x100.jpg 100w\" sizes=\"(max-width: 800px) 100vw, 800px\" \/><\/figure>\n<\/div>\n\n\n\n<div class=\"wp-block-column is-layout-flow wp-block-column-is-layout-flow\">\n<figure class=\"wp-block-image size-full\"><img decoding=\"async\" width=\"800\" height=\"800\" src=\"https:\/\/www.yousanusb.com\/wp-content\/uploads\/2024\/12\/Proecuadordan-ozellestirilmis-ahsap-USB-kalem.jpg\" alt=\"\" class=\"wp-image-11749\" srcset=\"https:\/\/www.yousanusb.com\/wp-content\/uploads\/2024\/12\/Proecuadordan-ozellestirilmis-ahsap-USB-kalem.jpg 800w, https:\/\/www.yousanusb.com\/wp-content\/uploads\/2024\/12\/Proecuadordan-ozellestirilmis-ahsap-USB-kalem-300x300.jpg 300w, https:\/\/www.yousanusb.com\/wp-content\/uploads\/2024\/12\/Proecuadordan-ozellestirilmis-ahsap-USB-kalem-150x150.jpg 150w, https:\/\/www.yousanusb.com\/wp-content\/uploads\/2024\/12\/Proecuadordan-ozellestirilmis-ahsap-USB-kalem-768x768.jpg 768w, https:\/\/www.yousanusb.com\/wp-content\/uploads\/2024\/12\/Proecuadordan-ozellestirilmis-ahsap-USB-kalem-600x600.jpg 600w, https:\/\/www.yousanusb.com\/wp-content\/uploads\/2024\/12\/Proecuadordan-ozellestirilmis-ahsap-USB-kalem-100x100.jpg 100w\" sizes=\"(max-width: 800px) 100vw, 800px\" \/><\/figure>\n<\/div>\n<\/div>\n\n\n\n<p><br>Le logo de Proecuador peut \u00eatre grav\u00e9 sur la surface en bois, am\u00e9liorant ainsi la visibilit\u00e9 de la marque. Que ce soit dans un environnement de bureau ou lors d'activit\u00e9s professionnelles en d\u00e9placement, ce stylo USB en bois personnalis\u00e9 est un accessoire pratique et \u00e9l\u00e9gant qui promeut l'image de l'entreprise tout en r\u00e9pondant aux besoins du travail quotidien.<\/p>\n\n\n\n<div class=\"wp-block-columns is-layout-flex wp-container-core-columns-is-layout-3 wp-block-columns-is-layout-flex\">\n<div class=\"wp-block-column is-layout-flow wp-block-column-is-layout-flow\">\n<figure class=\"wp-block-image size-full\"><img loading=\"lazy\" decoding=\"async\" width=\"800\" height=\"800\" src=\"https:\/\/www.yousanusb.com\/wp-content\/uploads\/2024\/12\/Customized-Wooden-USB-drive-pen-by-Proecuador.jpg\" alt=\"\" class=\"wp-image-11711\" srcset=\"https:\/\/www.yousanusb.com\/wp-content\/uploads\/2024\/12\/Customized-Wooden-USB-drive-pen-by-Proecuador.jpg 800w, https:\/\/www.yousanusb.com\/wp-content\/uploads\/2024\/12\/Customized-Wooden-USB-drive-pen-by-Proecuador-300x300.jpg 300w, https:\/\/www.yousanusb.com\/wp-content\/uploads\/2024\/12\/Customized-Wooden-USB-drive-pen-by-Proecuador-150x150.jpg 150w, https:\/\/www.yousanusb.com\/wp-content\/uploads\/2024\/12\/Customized-Wooden-USB-drive-pen-by-Proecuador-768x768.jpg 768w, https:\/\/www.yousanusb.com\/wp-content\/uploads\/2024\/12\/Customized-Wooden-USB-drive-pen-by-Proecuador-600x600.jpg 600w, https:\/\/www.yousanusb.com\/wp-content\/uploads\/2024\/12\/Customized-Wooden-USB-drive-pen-by-Proecuador-100x100.jpg 100w\" sizes=\"(max-width: 800px) 100vw, 800px\" \/><\/figure>\n<\/div>\n\n\n\n<div class=\"wp-block-column is-vertically-aligned-center is-layout-flow wp-block-column-is-layout-flow\">\n<p>Sleek pen-style design, comparable in length to a standard ballpoint pen, featuring a sturdy wooden clip that securely attaches to notebooks, pockets, or briefcases. Compact and easy to carry, it minimizes space while preventing loss.<\/p>\n\n\n\n<p>Whether you&#8217;re a professional seeking quality, a student drawn to natural aesthetics, or a creative enthusiast needing practical tools, this wooden USB pen combines functionality and style to streamline your essentials. Every use delivers both convenience and a soothing experience.<\/p>\n<\/div>\n<\/div>","protected":false},"excerpt":{"rendered":"<p>Le stylo USB en bois personnalis\u00e9 de Proecuador, habilement fabriqu\u00e9 par YOUSAN Flash Drive Factory, est un cadeau d'entreprise unique et respectueux de l'environnement. Combinant l'\u00e9l\u00e9gance du bois avec la fonctionnalit\u00e9 d'une cl\u00e9 USB et d'un stylo, il s'agit d'un outil polyvalent.<\/p>","protected":false},"featured_media":11681,"comment_status":"open","ping_status":"closed","template":"","meta":{"_seopress_robots_primary_cat":"none","_seopress_titles_title":"Customized Wooden USB pen by Proecuador","_seopress_titles_desc":"The Customized Wooden USB Pen by Proecuador, skillfully manufactured by YOUSAN Flash Drive Factory, is a unique and eco-friendly corporate gift. Combining the elegance of wood with the functionality of a USB drive and a pen, it is a multi-purpose tool.","_seopress_robots_index":""},"class_list":["post-11820","product","type-product","status-publish","has-post-thumbnail","hentry","product_cat-usb-drive-pens","product_cat-usb-flash-drive-customer","product_tag-usb-drive-with-ballpoint-pen","product_tag-wooden-usb-pen"],"_links":{"self":[{"href":"https:\/\/www.yousanusb.com\/fr\/wp-json\/wp\/v2\/product\/11820"}],"collection":[{"href":"https:\/\/www.yousanusb.com\/fr\/wp-json\/wp\/v2\/product"}],"about":[{"href":"https:\/\/www.yousanusb.com\/fr\/wp-json\/wp\/v2\/types\/product"}],"replies":[{"embeddable":true,"href":"https:\/\/www.yousanusb.com\/fr\/wp-json\/wp\/v2\/comments?post=11820"}],"wp:featuredmedia":[{"embeddable":true,"href":"https:\/\/www.yousanusb.com\/fr\/wp-json\/wp\/v2\/media\/11681"}],"wp:attachment":[{"href":"https:\/\/www.yousanusb.com\/fr\/wp-json\/wp\/v2\/media?parent=11820"}],"curies":[{"name":"wp","href":"https:\/\/api.w.org\/{rel}","templated":true}]}}