{"id":11865,"date":"2024-12-07T02:26:32","date_gmt":"2024-12-07T02:26:32","guid":{"rendered":"https:\/\/yousanusb.com\/?post_type=product&#038;p=11865"},"modified":"2025-11-12T07:57:57","modified_gmt":"2025-11-12T07:57:57","slug":"biodegradable-house-shape-key-usb-flash-drive","status":"publish","type":"product","link":"https:\/\/www.yousanusb.com\/fr\/produit\/biodegradable-house-shape-key-usb-flash-drive\/","title":{"rendered":"Cl\u00e9 USB biod\u00e9gradable en forme de maison"},"content":{"rendered":"<div class=\"wp-block-columns is-layout-flex wp-container-core-columns-is-layout-1 wp-block-columns-is-layout-flex\">\n<div class=\"wp-block-column is-layout-flow wp-block-column-is-layout-flow\">\n<figure class=\"wp-block-image size-full\"><img fetchpriority=\"high\" decoding=\"async\" width=\"800\" height=\"800\" src=\"https:\/\/www.yousanusb.com\/wp-content\/uploads\/2024\/12\/Biodegradable-House-Shape-Key-USB-Pendrive.jpg\" alt=\"\" class=\"wp-image-11869\" srcset=\"https:\/\/www.yousanusb.com\/wp-content\/uploads\/2024\/12\/Biodegradable-House-Shape-Key-USB-Pendrive.jpg 800w, https:\/\/www.yousanusb.com\/wp-content\/uploads\/2024\/12\/Biodegradable-House-Shape-Key-USB-Pendrive-300x300.jpg 300w, https:\/\/www.yousanusb.com\/wp-content\/uploads\/2024\/12\/Biodegradable-House-Shape-Key-USB-Pendrive-150x150.jpg 150w, https:\/\/www.yousanusb.com\/wp-content\/uploads\/2024\/12\/Biodegradable-House-Shape-Key-USB-Pendrive-768x768.jpg 768w, https:\/\/www.yousanusb.com\/wp-content\/uploads\/2024\/12\/Biodegradable-House-Shape-Key-USB-Pendrive-600x600.jpg 600w, https:\/\/www.yousanusb.com\/wp-content\/uploads\/2024\/12\/Biodegradable-House-Shape-Key-USB-Pendrive-100x100.jpg 100w\" sizes=\"(max-width: 800px) 100vw, 800px\" \/><\/figure>\n<\/div>\n\n\n\n<div class=\"wp-block-column is-vertically-aligned-center is-layout-flow wp-block-column-is-layout-flow\">\n<h4 class=\"wp-block-heading\">Cl\u00e9 USB en forme de maison<br><\/h4>\n\n\n\n<p>Le mat\u00e9riau biod\u00e9gradable utilis\u00e9 pour son bo\u00eetier en fait un excellent choix pour les personnes soucieuses de l'environnement. Il offre une solution de rangement pratique avec une capacit\u00e9 suffisante pour stocker une vari\u00e9t\u00e9 de dossiers.<\/p>\n\n\n\n<p>Pour les agents immobiliers, il peut contenir des listes de propri\u00e9t\u00e9s, des plans d'\u00e9tage et des informations sur les clients, ce qui constitue un cadeau m\u00e9morable lors des visites de propri\u00e9t\u00e9s ou des journ\u00e9es portes ouvertes. Les propri\u00e9taires peuvent l'utiliser pour stocker des id\u00e9es de r\u00e9novation, des documents de garantie et des photos de famille li\u00e9es \u00e0 leur maison.<\/p>\n\n\n\n<p>La t\u00eate imite la pente d'un toit, avec un corps fin de 2 mm (poids de 5 g) qui se glisse dans un portefeuille. R\u00e9sistant aux chutes de 1,5 m, l'interface USB 2.0 garantit une transmission stable et une dur\u00e9e de stockage de 100 000 cycles. La surface du toit permet d'imprimer des LOGO, ce qui est parfait pour les marques de l'immobilier et de la cr\u00e9ativit\u00e9 culturelle. L'usine offre un service de personnalisation unique pour stimuler la promotion de la marque.<\/p>\n<\/div>\n<\/div>\n\n\n\n<div class=\"wp-block-columns is-layout-flex wp-container-core-columns-is-layout-2 wp-block-columns-is-layout-flex\">\n<div class=\"wp-block-column is-vertically-aligned-center is-layout-flow wp-block-column-is-layout-flow\">\n<p>Dans le domaine de l'\u00e9ducation, il peut \u00eatre utilis\u00e9 pour distribuer du mat\u00e9riel p\u00e9dagogique sur l'architecture ou les sciences de l'environnement. La forme de la maison et sa nature biod\u00e9gradable en font \u00e9galement un excellent article promotionnel pour les entreprises du secteur de la construction ou de la vie verte. <\/p>\n\n\n\n<p>Qu'il s'agisse d'une pi\u00e8ce d\u00e9corative sur un porte-cl\u00e9s ou d'un dispositif de stockage de donn\u00e9es fiable, cette cl\u00e9 USB allie style, utilit\u00e9 et respect de l'environnement dans un seul et m\u00eame emballage.<\/p>\n<\/div>\n\n\n\n<div class=\"wp-block-column is-layout-flow wp-block-column-is-layout-flow\">\n<figure class=\"wp-block-image size-full\"><img decoding=\"async\" width=\"800\" height=\"800\" src=\"https:\/\/www.yousanusb.com\/wp-content\/uploads\/2024\/12\/Biodegradable-House-Shape-Key-USB-Flash-Drive.jpg\" alt=\"\" class=\"wp-image-11868\" srcset=\"https:\/\/www.yousanusb.com\/wp-content\/uploads\/2024\/12\/Biodegradable-House-Shape-Key-USB-Flash-Drive.jpg 800w, https:\/\/www.yousanusb.com\/wp-content\/uploads\/2024\/12\/Biodegradable-House-Shape-Key-USB-Flash-Drive-300x300.jpg 300w, https:\/\/www.yousanusb.com\/wp-content\/uploads\/2024\/12\/Biodegradable-House-Shape-Key-USB-Flash-Drive-150x150.jpg 150w, https:\/\/www.yousanusb.com\/wp-content\/uploads\/2024\/12\/Biodegradable-House-Shape-Key-USB-Flash-Drive-768x768.jpg 768w, https:\/\/www.yousanusb.com\/wp-content\/uploads\/2024\/12\/Biodegradable-House-Shape-Key-USB-Flash-Drive-600x600.jpg 600w, https:\/\/www.yousanusb.com\/wp-content\/uploads\/2024\/12\/Biodegradable-House-Shape-Key-USB-Flash-Drive-100x100.jpg 100w\" sizes=\"(max-width: 800px) 100vw, 800px\" \/><\/figure>\n<\/div>\n<\/div>","protected":false},"excerpt":{"rendered":"<ul>\n<li>Cl\u00e9 USB biod\u00e9gradable en forme de maison<\/li>\n<li>mat\u00e9riaux respectueux de l'environnement<\/li>\n<li>Logo personnalis\u00e9<\/li>\n<li>2 mm d'\u00e9paisseur<\/li>\n<li>MOQ:100pcs<\/li>\n<\/ul>","protected":false},"featured_media":11869,"comment_status":"open","ping_status":"closed","template":"","meta":{"_seopress_robots_primary_cat":"none","_seopress_titles_title":"Biodegradable House Shape Key USB Flash Drive","_seopress_titles_desc":"The Biodegradable House Shape Key USB Flash Drive from YOUSAN Flash Drive Factory is a charming and eco-friendly innovation. This unique flash drive is designed in the shape of a house, adding a touch of whimsy to its functionality.","_seopress_robots_index":""},"class_list":["post-11865","product","type-product","status-publish","has-post-thumbnail","hentry","product_cat-usb30-flash-drive","product_cat-biodegradable-usb-flash-disk","product_cat-retractable-usb-flash-drive","product_tag-biodegradable-key-usb-drive","product_tag-house-shapeusb-flash-drive"],"_links":{"self":[{"href":"https:\/\/www.yousanusb.com\/fr\/wp-json\/wp\/v2\/product\/11865"}],"collection":[{"href":"https:\/\/www.yousanusb.com\/fr\/wp-json\/wp\/v2\/product"}],"about":[{"href":"https:\/\/www.yousanusb.com\/fr\/wp-json\/wp\/v2\/types\/product"}],"replies":[{"embeddable":true,"href":"https:\/\/www.yousanusb.com\/fr\/wp-json\/wp\/v2\/comments?post=11865"}],"wp:featuredmedia":[{"embeddable":true,"href":"https:\/\/www.yousanusb.com\/fr\/wp-json\/wp\/v2\/media\/11869"}],"wp:attachment":[{"href":"https:\/\/www.yousanusb.com\/fr\/wp-json\/wp\/v2\/media?parent=11865"}],"curies":[{"name":"wp","href":"https:\/\/api.w.org\/{rel}","templated":true}]}}