{"id":11872,"date":"2024-12-07T02:29:27","date_gmt":"2024-12-07T02:29:27","guid":{"rendered":"https:\/\/yousanusb.com\/?post_type=product&#038;p=11872"},"modified":"2025-11-12T07:52:37","modified_gmt":"2025-11-12T07:52:37","slug":"biodegradable-triangle-key-usb-flash-drive","status":"publish","type":"product","link":"https:\/\/www.yousanusb.com\/fr\/produit\/biodegradable-triangle-key-usb-flash-drive\/","title":{"rendered":"Cl\u00e9 USB Triangle biod\u00e9gradable"},"content":{"rendered":"<div class=\"wp-block-columns is-layout-flex wp-container-core-columns-is-layout-1 wp-block-columns-is-layout-flex\">\n<div class=\"wp-block-column is-layout-flow wp-block-column-is-layout-flow\">\n<figure class=\"wp-block-image size-full\"><img fetchpriority=\"high\" decoding=\"async\" width=\"800\" height=\"800\" src=\"https:\/\/www.yousanusb.com\/wp-content\/uploads\/2024\/12\/Biyobozunur-Ucgen-Anahtar-USB-Flash-Surucu.jpg\" alt=\"\" class=\"wp-image-11877\" srcset=\"https:\/\/www.yousanusb.com\/wp-content\/uploads\/2024\/12\/Biyobozunur-Ucgen-Anahtar-USB-Flash-Surucu.jpg 800w, https:\/\/www.yousanusb.com\/wp-content\/uploads\/2024\/12\/Biyobozunur-Ucgen-Anahtar-USB-Flash-Surucu-300x300.jpg 300w, https:\/\/www.yousanusb.com\/wp-content\/uploads\/2024\/12\/Biyobozunur-Ucgen-Anahtar-USB-Flash-Surucu-150x150.jpg 150w, https:\/\/www.yousanusb.com\/wp-content\/uploads\/2024\/12\/Biyobozunur-Ucgen-Anahtar-USB-Flash-Surucu-768x768.jpg 768w, https:\/\/www.yousanusb.com\/wp-content\/uploads\/2024\/12\/Biyobozunur-Ucgen-Anahtar-USB-Flash-Surucu-600x600.jpg 600w, https:\/\/www.yousanusb.com\/wp-content\/uploads\/2024\/12\/Biyobozunur-Ucgen-Anahtar-USB-Flash-Surucu-100x100.jpg 100w\" sizes=\"(max-width: 800px) 100vw, 800px\" \/><\/figure>\n<\/div>\n\n\n\n<div class=\"wp-block-column is-vertically-aligned-center is-layout-flow wp-block-column-is-layout-flow\">\n<h4 class=\"wp-block-heading\">Triangular Key-Shaped USB Drive<\/h4>\n\n\n\n<p>Features a triangular head with a 5mm round keyhole for keychain attachment. Offers USB 2.0\/USB 3.0 interfaces and waterproof UDP technology (survives 30 minutes in 1m water). 3.5mm thick, 8g weight, supports 8GB-128GB capacity customization with laser-engraved brand logos\u2014ideal for wholesale.<\/p>\n\n\n\n<p>In an age where environmental conservation is paramount, this drive allows you to store your data with a clear conscience. It has a decent storage capacity, perfect for students to carry lecture notes, study materials, and project files between classes and libraries. <\/p>\n<\/div>\n<\/div>\n\n\n\n<div class=\"wp-block-columns is-layout-flex wp-container-core-columns-is-layout-2 wp-block-columns-is-layout-flex\">\n<div class=\"wp-block-column is-vertically-aligned-center is-layout-flow wp-block-column-is-layout-flow\">\n<p>\u00a0Professionals can use it to transfer work-related documents, presentations, and important data while on the go. For those involved in outdoor activities or travel, it can store maps, itineraries, and travel photos.<\/p>\n\n\n\n<p>Le design de la cl\u00e9 triangulaire en fait \u00e9galement un excellent article promotionnel pour les entreprises des secteurs de la technologie, de l'environnement ou de la cr\u00e9ation. Que vous soyez un nomade num\u00e9rique, un \u00e9tudiant ou un professionnel, cette cl\u00e9 USB biod\u00e9gradable offre \u00e0 la fois style et durabilit\u00e9 dans un emballage compact.<\/p>\n<\/div>\n\n\n\n<div class=\"wp-block-column is-layout-flow wp-block-column-is-layout-flow\">\n<figure class=\"wp-block-image size-full\"><img decoding=\"async\" width=\"800\" height=\"800\" src=\"https:\/\/www.yousanusb.com\/wp-content\/uploads\/2024\/12\/Memoria-USB-Biodegradable-Llave-Triangulo.jpg\" alt=\"\" class=\"wp-image-11878\" srcset=\"https:\/\/www.yousanusb.com\/wp-content\/uploads\/2024\/12\/Memoria-USB-Biodegradable-Llave-Triangulo.jpg 800w, https:\/\/www.yousanusb.com\/wp-content\/uploads\/2024\/12\/elementor\/thumbs\/Memoria-USB-Biodegradable-Llave-Triangulo-qy4yq0why8dcq1drsrfaqbo8er2rtkyw3j3m6eurw8.jpg 300w, https:\/\/www.yousanusb.com\/wp-content\/uploads\/2024\/12\/Memoria-USB-Biodegradable-Llave-Triangulo-150x150.jpg 150w, https:\/\/www.yousanusb.com\/wp-content\/uploads\/2024\/12\/Memoria-USB-Biodegradable-Llave-Triangulo-768x768.jpg 768w, https:\/\/www.yousanusb.com\/wp-content\/uploads\/2024\/12\/Memoria-USB-Biodegradable-Llave-Triangulo-600x600.jpg 600w, https:\/\/www.yousanusb.com\/wp-content\/uploads\/2024\/12\/Memoria-USB-Biodegradable-Llave-Triangulo-100x100.jpg 100w\" sizes=\"(max-width: 800px) 100vw, 800px\" \/><\/figure>\n<\/div>\n<\/div>","protected":false},"excerpt":{"rendered":"<ul>\n<li>Triangular Key-Shaped<\/li>\n<li>Round Key-Shaped<\/li>\n<li>House-Shaped<\/li>\n<li>Logo personnalis\u00e9<\/li>\n<li>2 mm d'\u00e9paisseur<\/li>\n<li>MOQ:100pcss<\/li>\n<\/ul>","protected":false},"featured_media":11877,"comment_status":"open","ping_status":"closed","template":"","meta":{"_seopress_robots_primary_cat":"none","_seopress_titles_title":"Biodegradable Triangle Key USB Flash Drive","_seopress_titles_desc":"The Biodegradable Triangle Key USB Flash Drive from YOUSAN Flash Drive Factory is a remarkable new offering. This unique flash drive features a trendy triangle shape that easily attaches to keys, ensuring it's always within reach. What makes it truly special is its biodegradable outer shell.","_seopress_robots_index":""},"class_list":["post-11872","product","type-product","status-publish","has-post-thumbnail","hentry","product_cat-usb30-flash-drive","product_cat-biodegradable-usb-flash-disk","product_cat-retractable-usb-flash-drive","product_tag-biodegradable-key-usb-drive","product_tag-triangle-key-usb-flash-drive"],"_links":{"self":[{"href":"https:\/\/www.yousanusb.com\/fr\/wp-json\/wp\/v2\/product\/11872"}],"collection":[{"href":"https:\/\/www.yousanusb.com\/fr\/wp-json\/wp\/v2\/product"}],"about":[{"href":"https:\/\/www.yousanusb.com\/fr\/wp-json\/wp\/v2\/types\/product"}],"replies":[{"embeddable":true,"href":"https:\/\/www.yousanusb.com\/fr\/wp-json\/wp\/v2\/comments?post=11872"}],"wp:featuredmedia":[{"embeddable":true,"href":"https:\/\/www.yousanusb.com\/fr\/wp-json\/wp\/v2\/media\/11877"}],"wp:attachment":[{"href":"https:\/\/www.yousanusb.com\/fr\/wp-json\/wp\/v2\/media?parent=11872"}],"curies":[{"name":"wp","href":"https:\/\/api.w.org\/{rel}","templated":true}]}}