{"id":11887,"date":"2024-12-07T02:34:34","date_gmt":"2024-12-07T02:34:34","guid":{"rendered":"https:\/\/yousanusb.com\/?post_type=product&#038;p=11887"},"modified":"2025-11-12T07:36:26","modified_gmt":"2025-11-12T07:36:26","slug":"biodegradable-cardboard-flash-drive","status":"publish","type":"product","link":"https:\/\/www.yousanusb.com\/fr\/produit\/biodegradable-cardboard-flash-drive\/","title":{"rendered":"Cl\u00e9 USB en carton biod\u00e9gradable"},"content":{"rendered":"<p>La cl\u00e9 USB en carton biod\u00e9gradable de YOUSAN Flash Drive Factory est un nouveau produit r\u00e9volutionnaire. Cette cl\u00e9 USB unique pr\u00e9sente un ext\u00e9rieur en carton, ce qui en fait une alternative \u00e9cologique dans le monde du stockage de donn\u00e9es.<\/p>\n\n\n\n<div class=\"wp-block-columns is-layout-flex wp-container-core-columns-is-layout-1 wp-block-columns-is-layout-flex\">\n<div class=\"wp-block-column is-layout-flow wp-block-column-is-layout-flow\">\n<figure class=\"wp-block-image size-full\"><img fetchpriority=\"high\" decoding=\"async\" width=\"800\" height=\"800\" src=\"https:\/\/www.yousanusb.com\/wp-content\/uploads\/2024\/12\/Biodegradable-Cardboard-Flash-Pendrive.jpg\" alt=\"\" class=\"wp-image-11891\" srcset=\"https:\/\/www.yousanusb.com\/wp-content\/uploads\/2024\/12\/Biodegradable-Cardboard-Flash-Pendrive.jpg 800w, https:\/\/www.yousanusb.com\/wp-content\/uploads\/2024\/12\/Biodegradable-Cardboard-Flash-Pendrive-300x300.jpg 300w, https:\/\/www.yousanusb.com\/wp-content\/uploads\/2024\/12\/Biodegradable-Cardboard-Flash-Pendrive-150x150.jpg 150w, https:\/\/www.yousanusb.com\/wp-content\/uploads\/2024\/12\/Biodegradable-Cardboard-Flash-Pendrive-768x768.jpg 768w, https:\/\/www.yousanusb.com\/wp-content\/uploads\/2024\/12\/Biodegradable-Cardboard-Flash-Pendrive-600x600.jpg 600w, https:\/\/www.yousanusb.com\/wp-content\/uploads\/2024\/12\/Biodegradable-Cardboard-Flash-Pendrive-100x100.jpg 100w\" sizes=\"(max-width: 800px) 100vw, 800px\" \/><\/figure>\n<\/div>\n\n\n\n<div class=\"wp-block-column is-vertically-aligned-center is-layout-flow wp-block-column-is-layout-flow\">\n<p>La nature biod\u00e9gradable de la coque en carton est sa principale caract\u00e9ristique. Elle offre une solution durable pour le stockage des contenus num\u00e9riques.<\/p>\n\n\n\n<p> Malgr\u00e9 sa construction respectueuse de l'environnement, il offre une capacit\u00e9 de stockage fiable adapt\u00e9e \u00e0 diff\u00e9rents besoins. <\/p>\n\n\n\n<p>Les \u00e9tudiants peuvent l'utiliser pour enregistrer leurs notes de cours, leurs travaux de recherche et leurs documents d'\u00e9tude. Les professionnels peuvent y stocker des documents de travail, des pr\u00e9sentations et des donn\u00e9es commerciales importantes.<\/p>\n<\/div>\n<\/div>\n\n\n\n<p>Pour les \u00e9v\u00e9nements marketing et promotionnels des entreprises soucieuses de l'environnement, il constitue un cadeau id\u00e9al. Elle peut \u00e9galement \u00eatre utilis\u00e9e dans les biblioth\u00e8ques pour distribuer du mat\u00e9riel de lecture num\u00e9rique ou dans les \u00e9coles pour partager des ressources \u00e9ducatives. Le design compact et l\u00e9ger de la cl\u00e9 USB en carton la rend facile \u00e0 transporter. Avec ce produit innovant, vous pouvez g\u00e9rer vos donn\u00e9es tout en contribuant \u00e0 un environnement plus vert, une combinaison parfaite de technologie moderne et de responsabilit\u00e9 \u00e9cologique.<\/p>\n\n\n\n<div class=\"wp-block-columns is-layout-flex wp-container-core-columns-is-layout-2 wp-block-columns-is-layout-flex\">\n<div class=\"wp-block-column is-layout-flow wp-block-column-is-layout-flow\">\n<figure class=\"wp-block-image size-full\"><img decoding=\"async\" width=\"800\" height=\"800\" src=\"https:\/\/www.yousanusb.com\/wp-content\/uploads\/2024\/12\/Biodegradable-Cardboard-Flash-Drive.jpg\" alt=\"\" class=\"wp-image-11890\" srcset=\"https:\/\/www.yousanusb.com\/wp-content\/uploads\/2024\/12\/Biodegradable-Cardboard-Flash-Drive.jpg 800w, https:\/\/www.yousanusb.com\/wp-content\/uploads\/2024\/12\/Biodegradable-Cardboard-Flash-Drive-300x300.jpg 300w, https:\/\/www.yousanusb.com\/wp-content\/uploads\/2024\/12\/Biodegradable-Cardboard-Flash-Drive-150x150.jpg 150w, https:\/\/www.yousanusb.com\/wp-content\/uploads\/2024\/12\/Biodegradable-Cardboard-Flash-Drive-768x768.jpg 768w, https:\/\/www.yousanusb.com\/wp-content\/uploads\/2024\/12\/Biodegradable-Cardboard-Flash-Drive-600x600.jpg 600w, https:\/\/www.yousanusb.com\/wp-content\/uploads\/2024\/12\/Biodegradable-Cardboard-Flash-Drive-100x100.jpg 100w\" sizes=\"(max-width: 800px) 100vw, 800px\" \/><\/figure>\n<\/div>\n\n\n\n<div class=\"wp-block-column is-layout-flow wp-block-column-is-layout-flow\">\n<figure class=\"wp-block-image size-full\"><img decoding=\"async\" width=\"800\" height=\"800\" src=\"https:\/\/www.yousanusb.com\/wp-content\/uploads\/2024\/12\/Biyobozunur-Karton-Flash-Surucu.jpg\" alt=\"\" class=\"wp-image-11892\" srcset=\"https:\/\/www.yousanusb.com\/wp-content\/uploads\/2024\/12\/Biyobozunur-Karton-Flash-Surucu.jpg 800w, https:\/\/www.yousanusb.com\/wp-content\/uploads\/2024\/12\/Biyobozunur-Karton-Flash-Surucu-300x300.jpg 300w, https:\/\/www.yousanusb.com\/wp-content\/uploads\/2024\/12\/Biyobozunur-Karton-Flash-Surucu-150x150.jpg 150w, https:\/\/www.yousanusb.com\/wp-content\/uploads\/2024\/12\/Biyobozunur-Karton-Flash-Surucu-768x768.jpg 768w, https:\/\/www.yousanusb.com\/wp-content\/uploads\/2024\/12\/Biyobozunur-Karton-Flash-Surucu-600x600.jpg 600w, https:\/\/www.yousanusb.com\/wp-content\/uploads\/2024\/12\/Biyobozunur-Karton-Flash-Surucu-100x100.jpg 100w\" sizes=\"(max-width: 800px) 100vw, 800px\" \/><\/figure>\n<\/div>\n<\/div>","protected":false},"excerpt":{"rendered":"<ul>\n<li>Cl\u00e9 USB en carton biod\u00e9gradable<\/li>\n<li>alternative \u00e9cologique<\/li>\n<li>Certification RoHS\/CE<\/li>\n<li>Sans produits chimiques nocifs<\/li>\n<li>L\u00e9ger et facile \u00e0 transporter<\/li>\n<li>MOQ:100pcs<\/li>\n<\/ul>","protected":false},"featured_media":11891,"comment_status":"open","ping_status":"closed","template":"","meta":{"_seopress_robots_primary_cat":"none","_seopress_titles_title":"Biodegradable Cardboard Flash Drive","_seopress_titles_desc":"The Biodegradable Cardboard Flash Drive from YOUSAN Flash Drive Factory is a revolutionary new product. This unique USB drive features a cardboard exterior, making it an eco-friendly alternative in the world of data storage.","_seopress_robots_index":""},"class_list":["post-11887","product","type-product","status-publish","has-post-thumbnail","hentry","product_cat-usb30-flash-drive","product_cat-biodegradable-usb-flash-disk","product_tag-cardboard-flash-drive"],"_links":{"self":[{"href":"https:\/\/www.yousanusb.com\/fr\/wp-json\/wp\/v2\/product\/11887"}],"collection":[{"href":"https:\/\/www.yousanusb.com\/fr\/wp-json\/wp\/v2\/product"}],"about":[{"href":"https:\/\/www.yousanusb.com\/fr\/wp-json\/wp\/v2\/types\/product"}],"replies":[{"embeddable":true,"href":"https:\/\/www.yousanusb.com\/fr\/wp-json\/wp\/v2\/comments?post=11887"}],"wp:featuredmedia":[{"embeddable":true,"href":"https:\/\/www.yousanusb.com\/fr\/wp-json\/wp\/v2\/media\/11891"}],"wp:attachment":[{"href":"https:\/\/www.yousanusb.com\/fr\/wp-json\/wp\/v2\/media?parent=11887"}],"curies":[{"name":"wp","href":"https:\/\/api.w.org\/{rel}","templated":true}]}}