{"id":11894,"date":"2024-12-07T02:43:42","date_gmt":"2024-12-07T02:43:42","guid":{"rendered":"https:\/\/yousanusb.com\/?post_type=product&#038;p=11894"},"modified":"2025-11-12T03:37:44","modified_gmt":"2025-11-12T03:37:44","slug":"oval-shape-drip-usb-flash-drive","status":"publish","type":"product","link":"https:\/\/www.yousanusb.com\/fr\/produit\/oval-shape-drip-usb-flash-drive\/","title":{"rendered":"Cl\u00e9 USB Drip de forme ovale"},"content":{"rendered":"<div class=\"wp-block-columns is-layout-flex wp-container-core-columns-is-layout-1 wp-block-columns-is-layout-flex\">\n<div class=\"wp-block-column is-layout-flow wp-block-column-is-layout-flow\">\n<figure class=\"wp-block-image size-full\"><img fetchpriority=\"high\" decoding=\"async\" width=\"800\" height=\"800\" src=\"https:\/\/www.yousanusb.com\/wp-content\/uploads\/2024\/12\/Oval-Shape-Drip-USB-Flash-Drive.jpg\" alt=\"\" class=\"wp-image-11898\" srcset=\"https:\/\/www.yousanusb.com\/wp-content\/uploads\/2024\/12\/Oval-Shape-Drip-USB-Flash-Drive.jpg 800w, https:\/\/www.yousanusb.com\/wp-content\/uploads\/2024\/12\/Oval-Shape-Drip-USB-Flash-Drive-300x300.jpg 300w, https:\/\/www.yousanusb.com\/wp-content\/uploads\/2024\/12\/Oval-Shape-Drip-USB-Flash-Drive-150x150.jpg 150w, https:\/\/www.yousanusb.com\/wp-content\/uploads\/2024\/12\/Oval-Shape-Drip-USB-Flash-Drive-768x768.jpg 768w, https:\/\/www.yousanusb.com\/wp-content\/uploads\/2024\/12\/Oval-Shape-Drip-USB-Flash-Drive-600x600.jpg 600w, https:\/\/www.yousanusb.com\/wp-content\/uploads\/2024\/12\/Oval-Shape-Drip-USB-Flash-Drive-100x100.jpg 100w\" sizes=\"(max-width: 800px) 100vw, 800px\" \/><\/figure>\n<\/div>\n\n\n\n<div class=\"wp-block-column is-vertically-aligned-center is-layout-flow wp-block-column-is-layout-flow\">\n<p>La cl\u00e9 USB Oval Shape Drip de YOUSAN Flash Drive Factory est une nouveaut\u00e9 luxueuse et innovante dans le monde du stockage portable. <\/p>\n\n\n\n<p>Sa forme ovale est \u00e9l\u00e9gante et moderne, tandis que la finition unique en goutte d'eau lui conf\u00e8re un air de sophistication et d'\u00e9l\u00e9gance qui la distingue des cl\u00e9s USB ordinaires.<\/p>\n\n\n\n<p>Cette cl\u00e9 USB exquise est fabriqu\u00e9e \u00e0 l'aide d'une technologie de goutte \u00e0 goutte avanc\u00e9e. La couche d'\u00e9gouttage transparente et brillante offre non seulement une surface lisse et tactile, mais sert \u00e9galement de bouclier protecteur pour les composants internes, am\u00e9liorant ainsi sa durabilit\u00e9. <\/p>\n\n\n\n<p>Il est disponible dans une vari\u00e9t\u00e9 de couleurs et de finitions \u00e9clatantes, ce qui permet de le personnaliser pour l'adapter au style de chacun ou de l'entreprise. Dot\u00e9 d'une grande capacit\u00e9 de stockage, il est parfait pour conserver des documents importants, des photos haute r\u00e9solution et m\u00eame des fichiers vid\u00e9o volumineux.<\/p>\n<\/div>\n<\/div>\n\n\n\n<div class=\"wp-block-columns is-layout-flex wp-container-core-columns-is-layout-2 wp-block-columns-is-layout-flex\">\n<div class=\"wp-block-column is-vertically-aligned-center is-layout-flow wp-block-column-is-layout-flow\">\n<p>Cette cl\u00e9 USB elliptique pr\u00e9sente un design \u00e9l\u00e9gant en noir et blanc. Elle est compatible avec l'impression de logos personnalis\u00e9s, ce qui la rend id\u00e9ale pour les cadeaux d'affaires et les cadeaux \u00e9v\u00e9nementiels. <\/p>\n\n\n\n<p>Fabriqu\u00e9 en plastique ABS avec une interface USB standard, il r\u00e9pond aux besoins quotidiens de stockage de dossiers tout en offrant \u00e0 la fois un aspect pratique et une reconnaissance distinctive apr\u00e8s personnalisation.<\/p>\n\n\n\n<p>Les professionnels peuvent l'utiliser pour transporter des pr\u00e9sentations professionnelles et des dossiers de projet, tandis que son aspect \u00e9l\u00e9gant laisse une impression durable sur les clients. Les passionn\u00e9s de mode peuvent y ranger leurs vid\u00e9os de d\u00e9fil\u00e9s et leurs portfolios de cr\u00e9ation pr\u00e9f\u00e9r\u00e9s. <\/p>\n<\/div>\n\n\n\n<div class=\"wp-block-column is-layout-flow wp-block-column-is-layout-flow\">\n<figure class=\"wp-block-image size-full\"><img decoding=\"async\" width=\"800\" height=\"800\" src=\"https:\/\/www.yousanusb.com\/wp-content\/uploads\/2024\/12\/Oval-Shape-Drip-USB-Flash-Disk.jpg\" alt=\"\" class=\"wp-image-11897\" srcset=\"https:\/\/www.yousanusb.com\/wp-content\/uploads\/2024\/12\/Oval-Shape-Drip-USB-Flash-Disk.jpg 800w, https:\/\/www.yousanusb.com\/wp-content\/uploads\/2024\/12\/Oval-Shape-Drip-USB-Flash-Disk-300x300.jpg 300w, https:\/\/www.yousanusb.com\/wp-content\/uploads\/2024\/12\/Oval-Shape-Drip-USB-Flash-Disk-150x150.jpg 150w, https:\/\/www.yousanusb.com\/wp-content\/uploads\/2024\/12\/Oval-Shape-Drip-USB-Flash-Disk-768x768.jpg 768w, https:\/\/www.yousanusb.com\/wp-content\/uploads\/2024\/12\/Oval-Shape-Drip-USB-Flash-Disk-600x600.jpg 600w, https:\/\/www.yousanusb.com\/wp-content\/uploads\/2024\/12\/Oval-Shape-Drip-USB-Flash-Disk-100x100.jpg 100w\" sizes=\"(max-width: 800px) 100vw, 800px\" \/><\/figure>\n<\/div>\n<\/div>","protected":false},"excerpt":{"rendered":"<ul>\n<li>Plastique ABS<\/li>\n<li>Logo personnalis\u00e9<\/li>\n<li>Impression GRATUITE d'un d\u00f4me en \u00e9poxy 4 couleurs<\/li>\n<li>Compatible avec les syst\u00e8mes PC, Mac et Linux<\/li>\n<li>MOQ:100pcs<\/li>\n<\/ul>","protected":false},"featured_media":11898,"comment_status":"open","ping_status":"closed","template":"","meta":{"_seopress_robots_primary_cat":"none","_seopress_titles_title":"Oval Shape Drip USB Flash Drive","_seopress_titles_desc":"The Oval Shape Drip USB Flash Drive from YOUSAN Flash Drive Factory is a luxurious and innovative new addition to the world of portable storage. Its oval shape is sleek and modern, while the unique drip finish gives it an air of sophistication and elegance that sets it apart from ordinary flash drives.","_seopress_robots_index":""},"class_list":["post-11894","product","type-product","status-publish","has-post-thumbnail","hentry","product_cat-usb-flash-drive","product_tag-drip-usb-flash-drive","product_tag-epoxy-usb-drive"],"_links":{"self":[{"href":"https:\/\/www.yousanusb.com\/fr\/wp-json\/wp\/v2\/product\/11894"}],"collection":[{"href":"https:\/\/www.yousanusb.com\/fr\/wp-json\/wp\/v2\/product"}],"about":[{"href":"https:\/\/www.yousanusb.com\/fr\/wp-json\/wp\/v2\/types\/product"}],"replies":[{"embeddable":true,"href":"https:\/\/www.yousanusb.com\/fr\/wp-json\/wp\/v2\/comments?post=11894"}],"wp:featuredmedia":[{"embeddable":true,"href":"https:\/\/www.yousanusb.com\/fr\/wp-json\/wp\/v2\/media\/11898"}],"wp:attachment":[{"href":"https:\/\/www.yousanusb.com\/fr\/wp-json\/wp\/v2\/media?parent=11894"}],"curies":[{"name":"wp","href":"https:\/\/api.w.org\/{rel}","templated":true}]}}