{"id":12561,"date":"2024-12-08T10:34:18","date_gmt":"2024-12-08T10:34:18","guid":{"rendered":"https:\/\/yousanusb.com\/?post_type=product&#038;p=12561"},"modified":"2025-10-10T03:59:36","modified_gmt":"2025-10-10T03:59:36","slug":"stitched-rotating-leather-sleeve-usb-flash-drive","status":"publish","type":"product","link":"https:\/\/www.yousanusb.com\/fr\/produit\/stitched-rotating-leather-sleeve-usb-flash-drive\/","title":{"rendered":"Cl\u00e9 USB avec \u00e9tui en cuir rotatif surpiqu\u00e9"},"content":{"rendered":"<p>La cl\u00e9 USB avec \u00e9tui en cuir rotatif \u00e0 360\u00b0 est le \"best-seller am\u00e9lior\u00e9\" dans la cat\u00e9gorie des cl\u00e9s USB avec \u00e9tui en cuir au cours des deux derni\u00e8res ann\u00e9es, int\u00e9grant de mani\u00e8re innovante une \"cl\u00e9 USB en m\u00e9tal en forme de cl\u00e9 avec un capuchon de protection en cuir rotatif \u00e0 360\u00b0\".<\/p>\n\n\n\n<div class=\"wp-block-columns is-layout-flex wp-container-core-columns-is-layout-1 wp-block-columns-is-layout-flex\">\n<div class=\"wp-block-column is-layout-flow wp-block-column-is-layout-flow\">\n<figure class=\"wp-block-image size-full\"><img fetchpriority=\"high\" decoding=\"async\" width=\"800\" height=\"800\" src=\"https:\/\/www.yousanusb.com\/wp-content\/uploads\/2024\/12\/Dikisli-Doner-Deri-Kilif-USB-Flash-Surucu.webp\" alt=\"\" class=\"wp-image-20260\" srcset=\"https:\/\/www.yousanusb.com\/wp-content\/uploads\/2024\/12\/Dikisli-Doner-Deri-Kilif-USB-Flash-Surucu.webp 800w, https:\/\/www.yousanusb.com\/wp-content\/uploads\/2024\/12\/Dikisli-Doner-Deri-Kilif-USB-Flash-Surucu-300x300.webp 300w, https:\/\/www.yousanusb.com\/wp-content\/uploads\/2024\/12\/Dikisli-Doner-Deri-Kilif-USB-Flash-Surucu-150x150.webp 150w, https:\/\/www.yousanusb.com\/wp-content\/uploads\/2024\/12\/Dikisli-Doner-Deri-Kilif-USB-Flash-Surucu-768x768.webp 768w, https:\/\/www.yousanusb.com\/wp-content\/uploads\/2024\/12\/Dikisli-Doner-Deri-Kilif-USB-Flash-Surucu-12x12.webp 12w, https:\/\/www.yousanusb.com\/wp-content\/uploads\/2024\/12\/Dikisli-Doner-Deri-Kilif-USB-Flash-Surucu-600x600.webp 600w, https:\/\/www.yousanusb.com\/wp-content\/uploads\/2024\/12\/Dikisli-Doner-Deri-Kilif-USB-Flash-Surucu-100x100.webp 100w\" sizes=\"(max-width: 800px) 100vw, 800px\" \/><\/figure>\n<\/div>\n\n\n\n<div class=\"wp-block-column is-vertically-aligned-center is-layout-flow wp-block-column-is-layout-flow\">\n<p>L'\u00e9tui en cuir et la cl\u00e9 USB en m\u00e9tal sont reli\u00e9s par un axe rotatif de pr\u00e9cision, ce qui permet une rotation libre pour l'ouverture et la fermeture. Cela facilite non seulement l'insertion et le retrait, mais permet \u00e9galement \u00e0 l'\u00e9tui en cuir de prot\u00e9ger enti\u00e8rement le port USB (\u00e0 l'\u00e9preuve de la poussi\u00e8re, des rayures et de l'oxydation). Les bords de l'\u00e9tui en cuir pr\u00e9sentent une couture \u00e0 points nou\u00e9s avec des points fins et r\u00e9guliers et un fort effet tridimensionnel, ce qui augmente consid\u00e9rablement la sensation de qualit\u00e9 sup\u00e9rieure du produit. Avec une \u00e9paisseur totale \u22645mm, il est l\u00e9ger et portable, facilement attachable aux cl\u00e9s ou aux sacs.<\/p>\n\n\n\n<p>Vous pouvez personnaliser la couleur et le mat\u00e9riau du cuir que vous pr\u00e9f\u00e9rez, par exemple : bleu, blanc, noir, rouge, vert.<\/p>\n<\/div>\n<\/div>\n\n\n\n<div class=\"wp-block-columns is-layout-flex wp-container-core-columns-is-layout-2 wp-block-columns-is-layout-flex\">\n<div class=\"wp-block-column is-vertically-aligned-center is-layout-flow wp-block-column-is-layout-flow\">\n<p>Cl\u00e9 USB en m\u00e9tal + \u00e9tui en cuir : Fabriqu\u00e9 \u00e0 partir d'un alliage de zinc monocoque moul\u00e9 pour une r\u00e9sistance aux rayures et \u00e0 l'usure, le design en forme de cl\u00e9 ajoute une touche d\u00e9corative. L'\u00e9tui est en cuir PU de haute qualit\u00e9 (par d\u00e9faut) ou en cuir v\u00e9ritable (personnalisable), offrant une flexibilit\u00e9 exceptionnelle. Les piq\u00fbres sur les bords rehaussent le raffinement, tandis que la version en cuir v\u00e9ritable offre une texture luxueuse.<\/p>\n\n\n\n<p>L'\u00e9tui rotatif en forme de cl\u00e9 prend en charge le \"marquage \u00e0 chaud\" sur sa surface pour reproduire avec pr\u00e9cision les logos, les motifs ou le texte de la marque. La cl\u00e9 USB en m\u00e9tal peut \u00eatre grav\u00e9e au laser, ce qui permet une double personnalisation \"embossage de l'\u00e9tui + gravure sur m\u00e9tal\" pour r\u00e9pondre aux exigences m\u00e9ticuleuses des marques haut de gamme.<\/p>\n<\/div>\n\n\n\n<div class=\"wp-block-column is-vertically-aligned-center is-layout-flow wp-block-column-is-layout-flow\">\n<figure class=\"wp-block-image size-full\"><img decoding=\"async\" width=\"800\" height=\"800\" src=\"https:\/\/www.yousanusb.com\/wp-content\/uploads\/2024\/12\/360\u00b0-Rotating-Key-Shaped-USB-Flash-Drive-in-Leather-Sleeve.webp\" alt=\"\" class=\"wp-image-20261\" srcset=\"https:\/\/www.yousanusb.com\/wp-content\/uploads\/2024\/12\/360\u00b0-Rotating-Key-Shaped-USB-Flash-Drive-in-Leather-Sleeve.webp 800w, https:\/\/www.yousanusb.com\/wp-content\/uploads\/2024\/12\/360\u00b0-Rotating-Key-Shaped-USB-Flash-Drive-in-Leather-Sleeve-300x300.webp 300w, https:\/\/www.yousanusb.com\/wp-content\/uploads\/2024\/12\/360\u00b0-Rotating-Key-Shaped-USB-Flash-Drive-in-Leather-Sleeve-150x150.webp 150w, https:\/\/www.yousanusb.com\/wp-content\/uploads\/2024\/12\/360\u00b0-Rotating-Key-Shaped-USB-Flash-Drive-in-Leather-Sleeve-768x768.webp 768w, https:\/\/www.yousanusb.com\/wp-content\/uploads\/2024\/12\/360\u00b0-Rotating-Key-Shaped-USB-Flash-Drive-in-Leather-Sleeve-12x12.webp 12w, https:\/\/www.yousanusb.com\/wp-content\/uploads\/2024\/12\/360\u00b0-Rotating-Key-Shaped-USB-Flash-Drive-in-Leather-Sleeve-600x600.webp 600w, https:\/\/www.yousanusb.com\/wp-content\/uploads\/2024\/12\/360\u00b0-Rotating-Key-Shaped-USB-Flash-Drive-in-Leather-Sleeve-100x100.webp 100w\" sizes=\"(max-width: 800px) 100vw, 800px\" \/><\/figure>\n<\/div>\n<\/div>\n\n\n\n<div class=\"wp-block-columns is-layout-flex wp-container-core-columns-is-layout-3 wp-block-columns-is-layout-flex\">\n<div class=\"wp-block-column is-layout-flow wp-block-column-is-layout-flow\">\n<figure class=\"wp-block-image size-full\"><img decoding=\"async\" width=\"800\" height=\"800\" src=\"https:\/\/www.yousanusb.com\/wp-content\/uploads\/2024\/12\/Leather-USB-drive-4.webp\" alt=\"\" class=\"wp-image-20264\" srcset=\"https:\/\/www.yousanusb.com\/wp-content\/uploads\/2024\/12\/Leather-USB-drive-4.webp 800w, https:\/\/www.yousanusb.com\/wp-content\/uploads\/2024\/12\/Leather-USB-drive-4-300x300.webp 300w, https:\/\/www.yousanusb.com\/wp-content\/uploads\/2024\/12\/Leather-USB-drive-4-150x150.webp 150w, https:\/\/www.yousanusb.com\/wp-content\/uploads\/2024\/12\/Leather-USB-drive-4-768x768.webp 768w, https:\/\/www.yousanusb.com\/wp-content\/uploads\/2024\/12\/Leather-USB-drive-4-12x12.webp 12w, https:\/\/www.yousanusb.com\/wp-content\/uploads\/2024\/12\/Leather-USB-drive-4-600x600.webp 600w, https:\/\/www.yousanusb.com\/wp-content\/uploads\/2024\/12\/Leather-USB-drive-4-100x100.webp 100w\" sizes=\"(max-width: 800px) 100vw, 800px\" \/><\/figure>\n<\/div>\n\n\n\n<div class=\"wp-block-column is-vertically-aligned-center is-layout-flow wp-block-column-is-layout-flow\">\n<p>Les marques automobiles de luxe (telles que BBA et les constructeurs de supercars) les utilisent comme des \"coffrets cadeaux\" pour stocker les manuels des v\u00e9hicules et les donn\u00e9es de conduite.<\/p>\n\n\n\n<p>Les marques de bijoux, de montres et de maroquinerie haut de gamme personnalisent des \"\u00e9ditions estampill\u00e9es du logo de la marque\" en guise de cadeaux de remerciement pour les clients VIP.<\/p>\n\n\n\n<p>Les cr\u00e9ateurs et les marques \u00e0 la mode lancent des \"\u00e9ditions collaboratives\" comprenant des \u00e9tuis en cuir aux couleurs de la marque, avec des cl\u00e9s USB en m\u00e9tal incorporant des \u00e9l\u00e9ments de la marque pour cr\u00e9er des \"accessoires de stockage \u00e0 la mode portables\".<\/p>\n<\/div>\n<\/div>","protected":false},"excerpt":{"rendered":"<ul>\n<li>Rotation de 360<\/li>\n<li>Alliage de zinc<\/li>\n<li>Proc\u00e9d\u00e9 de gaufrage \u00e0 chaud<\/li>\n<li>Cuir PU de haute qualit\u00e9<\/li>\n<li>MOQ\uff1a100PCS<\/li>\n<\/ul>","protected":false},"featured_media":12564,"comment_status":"open","ping_status":"closed","template":"","meta":{"_seopress_robots_primary_cat":"none","_seopress_titles_title":"Stitched Rotating Leather Sleeve USB Flash Drive","_seopress_titles_desc":"The newly launched Stitched Rotating Leather Sleeve USB Flash Drive brings you an unprecedented storage experience.","_seopress_robots_index":""},"class_list":["post-12561","product","type-product","status-publish","has-post-thumbnail","hentry","product_cat-leather-usb-flash-drive","product_cat-rotating-usb-flash-drive","product_tag-rotating-leather-sleeve-usb-flash-drive"],"_links":{"self":[{"href":"https:\/\/www.yousanusb.com\/fr\/wp-json\/wp\/v2\/product\/12561"}],"collection":[{"href":"https:\/\/www.yousanusb.com\/fr\/wp-json\/wp\/v2\/product"}],"about":[{"href":"https:\/\/www.yousanusb.com\/fr\/wp-json\/wp\/v2\/types\/product"}],"replies":[{"embeddable":true,"href":"https:\/\/www.yousanusb.com\/fr\/wp-json\/wp\/v2\/comments?post=12561"}],"wp:featuredmedia":[{"embeddable":true,"href":"https:\/\/www.yousanusb.com\/fr\/wp-json\/wp\/v2\/media\/12564"}],"wp:attachment":[{"href":"https:\/\/www.yousanusb.com\/fr\/wp-json\/wp\/v2\/media?parent=12561"}],"curies":[{"name":"wp","href":"https:\/\/api.w.org\/{rel}","templated":true}]}}