{"id":13309,"date":"2025-01-04T05:34:48","date_gmt":"2025-01-04T05:34:48","guid":{"rendered":"https:\/\/yousanusb.com\/?post_type=product&#038;p=13309"},"modified":"2025-10-05T05:35:56","modified_gmt":"2025-10-05T05:35:56","slug":"new-style-rotating-usb-a-and-usb-c-flash-drive","status":"publish","type":"product","link":"https:\/\/www.yousanusb.com\/fr\/produit\/new-style-rotating-usb-a-and-usb-c-flash-drive\/","title":{"rendered":"nouveau - style cl\u00e9 usb a et usb c rotative"},"content":{"rendered":"<p>Nouveau produit Arriv\u00e9e ! Cl\u00e9 USB rotative en m\u00e9tal \u00e0 double port pour un stockage efficace ! Cette cl\u00e9 USB rotative nouvellement lanc\u00e9e est dot\u00e9e de ports USB-A et USB-C. Elle est fabriqu\u00e9e en m\u00e9tal pour un look \u00e9l\u00e9gant et technophile qui est aussi incroyablement styl\u00e9.Deux couleurs sont disponibles : argent et noir. <\/p>\n\n\n\n<div class=\"wp-block-columns is-layout-flex wp-container-core-columns-is-layout-1 wp-block-columns-is-layout-flex\">\n<div class=\"wp-block-column is-layout-flow wp-block-column-is-layout-flow\">\n<figure class=\"wp-block-image size-full\"><img fetchpriority=\"high\" decoding=\"async\" width=\"800\" height=\"800\" src=\"https:\/\/www.yousanusb.com\/wp-content\/uploads\/2025\/01\/siliver-colored-usb-a-and-usb-c-flash-drive.jpg\" alt=\"siliver - cl\u00e9 usb a et usb c color\u00e9e\" class=\"wp-image-13315\" srcset=\"https:\/\/www.yousanusb.com\/wp-content\/uploads\/2025\/01\/siliver-colored-usb-a-and-usb-c-flash-drive.jpg 800w, https:\/\/www.yousanusb.com\/wp-content\/uploads\/2025\/01\/siliver-colored-usb-a-and-usb-c-flash-drive-300x300.jpg 300w, https:\/\/www.yousanusb.com\/wp-content\/uploads\/2025\/01\/siliver-colored-usb-a-and-usb-c-flash-drive-150x150.jpg 150w, https:\/\/www.yousanusb.com\/wp-content\/uploads\/2025\/01\/siliver-colored-usb-a-and-usb-c-flash-drive-768x768.jpg 768w, https:\/\/www.yousanusb.com\/wp-content\/uploads\/2025\/01\/siliver-colored-usb-a-and-usb-c-flash-drive-12x12.jpg 12w, https:\/\/www.yousanusb.com\/wp-content\/uploads\/2025\/01\/siliver-colored-usb-a-and-usb-c-flash-drive-600x600.jpg 600w, https:\/\/www.yousanusb.com\/wp-content\/uploads\/2025\/01\/siliver-colored-usb-a-and-usb-c-flash-drive-100x100.jpg 100w\" sizes=\"(max-width: 800px) 100vw, 800px\" \/><\/figure>\n<\/div>\n\n\n\n<div class=\"wp-block-column is-layout-flow wp-block-column-is-layout-flow\">\n<figure class=\"wp-block-image size-full\"><img decoding=\"async\" width=\"800\" height=\"800\" src=\"https:\/\/www.yousanusb.com\/wp-content\/uploads\/2025\/01\/gun-colored-usb-a-and-usb-c-flash-drive-manuufacturer.jpg\" alt=\"gun - cl\u00e9 usb a et usb c color\u00e9e-fabricant\" class=\"wp-image-13313\" srcset=\"https:\/\/www.yousanusb.com\/wp-content\/uploads\/2025\/01\/gun-colored-usb-a-and-usb-c-flash-drive-manuufacturer.jpg 800w, https:\/\/www.yousanusb.com\/wp-content\/uploads\/2025\/01\/gun-colored-usb-a-and-usb-c-flash-drive-manuufacturer-300x300.jpg 300w, https:\/\/www.yousanusb.com\/wp-content\/uploads\/2025\/01\/gun-colored-usb-a-and-usb-c-flash-drive-manuufacturer-150x150.jpg 150w, https:\/\/www.yousanusb.com\/wp-content\/uploads\/2025\/01\/gun-colored-usb-a-and-usb-c-flash-drive-manuufacturer-768x768.jpg 768w, https:\/\/www.yousanusb.com\/wp-content\/uploads\/2025\/01\/gun-colored-usb-a-and-usb-c-flash-drive-manuufacturer-12x12.jpg 12w, https:\/\/www.yousanusb.com\/wp-content\/uploads\/2025\/01\/gun-colored-usb-a-and-usb-c-flash-drive-manuufacturer-600x600.jpg 600w, https:\/\/www.yousanusb.com\/wp-content\/uploads\/2025\/01\/gun-colored-usb-a-and-usb-c-flash-drive-manuufacturer-100x100.jpg 100w\" sizes=\"(max-width: 800px) 100vw, 800px\" \/><\/figure>\n<\/div>\n<\/div>\n\n\n\n<div class=\"wp-block-columns is-layout-flex wp-container-core-columns-is-layout-2 wp-block-columns-is-layout-flex\">\n<div class=\"wp-block-column is-vertically-aligned-center is-layout-flow wp-block-column-is-layout-flow\">\n<p><strong>Rotation froide, commutation bilat\u00e9rale<\/strong>: Le design rotatif unique permet de basculer sans effort entre les ports USB A et Type-C, \u00e9liminant ainsi le besoin d'adaptateurs encombrants. Profitez d'un transfert de donn\u00e9es transparent entre t\u00e9l\u00e9phones, ordinateurs et autres appareils pour une connectivit\u00e9 efficace et sans tracas.<br><strong>Finition m\u00e9tallique de qualit\u00e9 sup\u00e9rieure, go\u00fbt exceptionnel<\/strong>: Fabriqu\u00e9 en m\u00e9tal de haute qualit\u00e9 avec un savoir-faire exquis, il offre un toucher doux et soyeux et un \u00e9clat \u00e9blouissant. Choisissez entre l'argent pur pour une \u00e9l\u00e9gance minimaliste ou le gris gunmetal pour une sophistication discr\u00e8te - les deux options mettent en valeur votre style unique.<br><strong>Transfert \u00e0 grande vitesse, fluide et rapide<\/strong>: \u00c9quip\u00e9 d'une interface USB 3.0 \u00e0 haut d\u00e9bit, il atteint des vitesses de transfert th\u00e9oriques allant jusqu'\u00e0 5 Gbps. Transf\u00e9rez sans effort des fichiers volumineux en quelques secondes, \u00e9liminant ainsi les temps d'attente pour le travail ou les loisirs.<br><strong>Compact et portable<\/strong>: Con\u00e7ue pour \u00eatre petite et fine, elle est facile \u00e0 transporter. Cette cl\u00e9 USB est dot\u00e9e d'un trou de serrure et peut \u00eatre directement attach\u00e9e \u00e0 un porte-cl\u00e9s.<\/p>\n<\/div>\n\n\n\n<div class=\"wp-block-column is-vertically-aligned-center is-layout-flow wp-block-column-is-layout-flow\">\n<figure class=\"wp-block-image size-full\"><img decoding=\"async\" width=\"800\" height=\"800\" src=\"https:\/\/www.yousanusb.com\/wp-content\/uploads\/2025\/01\/gun-colored-usb-a-and-usb-c-flash-drive.jpg\" alt=\"gun - cl\u00e9 usb a et usb c color\u00e9e\" class=\"wp-image-13312\" srcset=\"https:\/\/www.yousanusb.com\/wp-content\/uploads\/2025\/01\/gun-colored-usb-a-and-usb-c-flash-drive.jpg 800w, https:\/\/www.yousanusb.com\/wp-content\/uploads\/2025\/01\/gun-colored-usb-a-and-usb-c-flash-drive-300x300.jpg 300w, https:\/\/www.yousanusb.com\/wp-content\/uploads\/2025\/01\/gun-colored-usb-a-and-usb-c-flash-drive-150x150.jpg 150w, https:\/\/www.yousanusb.com\/wp-content\/uploads\/2025\/01\/gun-colored-usb-a-and-usb-c-flash-drive-768x768.jpg 768w, https:\/\/www.yousanusb.com\/wp-content\/uploads\/2025\/01\/gun-colored-usb-a-and-usb-c-flash-drive-12x12.jpg 12w, https:\/\/www.yousanusb.com\/wp-content\/uploads\/2025\/01\/gun-colored-usb-a-and-usb-c-flash-drive-600x600.jpg 600w, https:\/\/www.yousanusb.com\/wp-content\/uploads\/2025\/01\/gun-colored-usb-a-and-usb-c-flash-drive-100x100.jpg 100w\" sizes=\"(max-width: 800px) 100vw, 800px\" \/><\/figure>\n<\/div>\n<\/div>","protected":false},"excerpt":{"rendered":"<ul>\n<li>Nouveau style<\/li>\n<li>Interfaces USB a et USB C<\/li>\n<li>Utilisation de l'ordinateur et du t\u00e9l\u00e9phone portable<\/li>\n<li>Argent et couleur canon<\/li>\n<li>USB3.0 haut d\u00e9bit<\/li>\n<li>Logo personnalis\u00e9<\/li>\n<\/ul>","protected":false},"featured_media":13312,"comment_status":"open","ping_status":"closed","template":"","meta":{"_seopress_robots_primary_cat":"none","_seopress_titles_title":"new - style rotating usb a and usb c flash drive","_seopress_titles_desc":"With the new New-Style Rotating USB A and USB C Flash Drive,it is not only a storage device,but also a fashionable item to show off your taste.Own it now and start your digital life with efficiency and convenience!","_seopress_robots_index":""},"class_list":["post-13309","product","type-product","status-publish","has-post-thumbnail","hentry","product_cat-usb30-flash-drive","product_cat-rotating-usb-flash-drive","product_cat-otg-usb-flash-drive","product_tag-otg-usb-flash-drive","product_tag-buy-metal-leather-usb-flash-drive"],"_links":{"self":[{"href":"https:\/\/www.yousanusb.com\/fr\/wp-json\/wp\/v2\/product\/13309"}],"collection":[{"href":"https:\/\/www.yousanusb.com\/fr\/wp-json\/wp\/v2\/product"}],"about":[{"href":"https:\/\/www.yousanusb.com\/fr\/wp-json\/wp\/v2\/types\/product"}],"replies":[{"embeddable":true,"href":"https:\/\/www.yousanusb.com\/fr\/wp-json\/wp\/v2\/comments?post=13309"}],"wp:featuredmedia":[{"embeddable":true,"href":"https:\/\/www.yousanusb.com\/fr\/wp-json\/wp\/v2\/media\/13312"}],"wp:attachment":[{"href":"https:\/\/www.yousanusb.com\/fr\/wp-json\/wp\/v2\/media?parent=13309"}],"curies":[{"name":"wp","href":"https:\/\/api.w.org\/{rel}","templated":true}]}}