{"id":13316,"date":"2025-01-04T05:37:07","date_gmt":"2025-01-04T05:37:07","guid":{"rendered":"https:\/\/yousanusb.com\/?post_type=product&#038;p=13316"},"modified":"2025-10-06T00:26:27","modified_gmt":"2025-10-06T00:26:27","slug":"fastest-rotating-metal-usb-type-c-flash-drive","status":"publish","type":"product","link":"https:\/\/www.yousanusb.com\/fr\/produit\/fastest-rotating-metal-usb-type-c-flash-drive\/","title":{"rendered":"cl\u00e9 usb type c en m\u00e9tal \u00e0 rotation rapide"},"content":{"rendered":"<p>Cette cl\u00e9 USB Type-C m\u00e9tallique rotative est pl\u00e9biscit\u00e9e par les professionnels pour ses vitesses de lecture fulgurantes. Compacte et portable, elle se glisse facilement dans les poches, les sacs ou sur les porte-cl\u00e9s, vous permettant d'emporter vos donn\u00e9es partout pour plus de commodit\u00e9 au travail.<\/p>\n\n\n\n<div class=\"wp-block-columns is-layout-flex wp-container-core-columns-is-layout-1 wp-block-columns-is-layout-flex\">\n<div class=\"wp-block-column is-layout-flow wp-block-column-is-layout-flow\">\n<figure class=\"wp-block-image size-full\"><img fetchpriority=\"high\" decoding=\"async\" width=\"800\" height=\"800\" src=\"https:\/\/www.yousanusb.com\/wp-content\/uploads\/2025\/01\/siliver-fastest-rotating-metal-usb-type-c-flash-drive.jpg\" alt=\"cl\u00e9 usb de type c en m\u00e9tal \u00e0 rotation la plus rapide, en argent\" class=\"wp-image-13320\" srcset=\"https:\/\/www.yousanusb.com\/wp-content\/uploads\/2025\/01\/siliver-fastest-rotating-metal-usb-type-c-flash-drive.jpg 800w, https:\/\/www.yousanusb.com\/wp-content\/uploads\/2025\/01\/siliver-fastest-rotating-metal-usb-type-c-flash-drive-300x300.jpg 300w, https:\/\/www.yousanusb.com\/wp-content\/uploads\/2025\/01\/siliver-fastest-rotating-metal-usb-type-c-flash-drive-150x150.jpg 150w, https:\/\/www.yousanusb.com\/wp-content\/uploads\/2025\/01\/siliver-fastest-rotating-metal-usb-type-c-flash-drive-768x768.jpg 768w, https:\/\/www.yousanusb.com\/wp-content\/uploads\/2025\/01\/siliver-fastest-rotating-metal-usb-type-c-flash-drive-12x12.jpg 12w, https:\/\/www.yousanusb.com\/wp-content\/uploads\/2025\/01\/siliver-fastest-rotating-metal-usb-type-c-flash-drive-600x600.jpg 600w, https:\/\/www.yousanusb.com\/wp-content\/uploads\/2025\/01\/siliver-fastest-rotating-metal-usb-type-c-flash-drive-100x100.jpg 100w\" sizes=\"(max-width: 800px) 100vw, 800px\" \/><\/figure>\n<\/div>\n\n\n\n<div class=\"wp-block-column is-layout-flow wp-block-column-is-layout-flow\">\n<figure class=\"wp-block-image size-full\"><img decoding=\"async\" width=\"800\" height=\"800\" src=\"https:\/\/www.yousanusb.com\/wp-content\/uploads\/2025\/01\/rose-gold-fastest-rotating-metal-usb-type-c-flash-drive.jpg\" alt=\"cl\u00e9 usb type c \u00e0 rotation rapide en m\u00e9tal rose-or\" class=\"wp-image-13319\" srcset=\"https:\/\/www.yousanusb.com\/wp-content\/uploads\/2025\/01\/rose-gold-fastest-rotating-metal-usb-type-c-flash-drive.jpg 800w, https:\/\/www.yousanusb.com\/wp-content\/uploads\/2025\/01\/rose-gold-fastest-rotating-metal-usb-type-c-flash-drive-300x300.jpg 300w, https:\/\/www.yousanusb.com\/wp-content\/uploads\/2025\/01\/rose-gold-fastest-rotating-metal-usb-type-c-flash-drive-150x150.jpg 150w, https:\/\/www.yousanusb.com\/wp-content\/uploads\/2025\/01\/rose-gold-fastest-rotating-metal-usb-type-c-flash-drive-768x768.jpg 768w, https:\/\/www.yousanusb.com\/wp-content\/uploads\/2025\/01\/rose-gold-fastest-rotating-metal-usb-type-c-flash-drive-12x12.jpg 12w, https:\/\/www.yousanusb.com\/wp-content\/uploads\/2025\/01\/rose-gold-fastest-rotating-metal-usb-type-c-flash-drive-600x600.jpg 600w, https:\/\/www.yousanusb.com\/wp-content\/uploads\/2025\/01\/rose-gold-fastest-rotating-metal-usb-type-c-flash-drive-100x100.jpg 100w\" sizes=\"(max-width: 800px) 100vw, 800px\" \/><\/figure>\n<\/div>\n\n\n\n<div class=\"wp-block-column is-layout-flow wp-block-column-is-layout-flow\">\n<figure class=\"wp-block-image size-full is-resized\"><img decoding=\"async\" width=\"800\" height=\"800\" src=\"https:\/\/www.yousanusb.com\/wp-content\/uploads\/2025\/01\/gunmetal-fastest-rotating-metal-usb-type-c-flash-drive.jpg\" alt=\"gunmetal - cl\u00e9 usb type c en m\u00e9tal \u00e0 rotation la plus rapide\" class=\"wp-image-13318\" style=\"width:273px;height:auto\" srcset=\"https:\/\/www.yousanusb.com\/wp-content\/uploads\/2025\/01\/gunmetal-fastest-rotating-metal-usb-type-c-flash-drive.jpg 800w, https:\/\/www.yousanusb.com\/wp-content\/uploads\/2025\/01\/gunmetal-fastest-rotating-metal-usb-type-c-flash-drive-300x300.jpg 300w, https:\/\/www.yousanusb.com\/wp-content\/uploads\/2025\/01\/gunmetal-fastest-rotating-metal-usb-type-c-flash-drive-150x150.jpg 150w, https:\/\/www.yousanusb.com\/wp-content\/uploads\/2025\/01\/gunmetal-fastest-rotating-metal-usb-type-c-flash-drive-768x768.jpg 768w, https:\/\/www.yousanusb.com\/wp-content\/uploads\/2025\/01\/gunmetal-fastest-rotating-metal-usb-type-c-flash-drive-12x12.jpg 12w, https:\/\/www.yousanusb.com\/wp-content\/uploads\/2025\/01\/gunmetal-fastest-rotating-metal-usb-type-c-flash-drive-600x600.jpg 600w, https:\/\/www.yousanusb.com\/wp-content\/uploads\/2025\/01\/gunmetal-fastest-rotating-metal-usb-type-c-flash-drive-100x100.jpg 100w\" sizes=\"(max-width: 800px) 100vw, 800px\" \/><\/figure>\n<\/div>\n<\/div>\n\n\n\n<div class=\"wp-block-columns is-layout-flex wp-container-core-columns-is-layout-2 wp-block-columns-is-layout-flex\">\n<div class=\"wp-block-column is-vertically-aligned-center is-layout-flow wp-block-column-is-layout-flow\">\n<figure class=\"wp-block-image size-full\"><img loading=\"lazy\" decoding=\"async\" width=\"800\" height=\"800\" src=\"https:\/\/www.yousanusb.com\/wp-content\/uploads\/2025\/01\/fastest-rotating-metal-usb-type-c-flash-drive.jpg\" alt=\"cl\u00e9 usb type c en m\u00e9tal \u00e0 rotation rapide\" class=\"wp-image-13317\" srcset=\"https:\/\/www.yousanusb.com\/wp-content\/uploads\/2025\/01\/fastest-rotating-metal-usb-type-c-flash-drive.jpg 800w, https:\/\/www.yousanusb.com\/wp-content\/uploads\/2025\/01\/fastest-rotating-metal-usb-type-c-flash-drive-300x300.jpg 300w, https:\/\/www.yousanusb.com\/wp-content\/uploads\/2025\/01\/fastest-rotating-metal-usb-type-c-flash-drive-150x150.jpg 150w, https:\/\/www.yousanusb.com\/wp-content\/uploads\/2025\/01\/fastest-rotating-metal-usb-type-c-flash-drive-768x768.jpg 768w, https:\/\/www.yousanusb.com\/wp-content\/uploads\/2025\/01\/fastest-rotating-metal-usb-type-c-flash-drive-12x12.jpg 12w, https:\/\/www.yousanusb.com\/wp-content\/uploads\/2025\/01\/fastest-rotating-metal-usb-type-c-flash-drive-600x600.jpg 600w, https:\/\/www.yousanusb.com\/wp-content\/uploads\/2025\/01\/fastest-rotating-metal-usb-type-c-flash-drive-100x100.jpg 100w\" sizes=\"(max-width: 800px) 100vw, 800px\" \/><\/figure>\n<\/div>\n\n\n\n<div class=\"wp-block-column is-vertically-aligned-center is-layout-flow wp-block-column-is-layout-flow\">\n<p>Fabriqu\u00e9 en m\u00e9tal de premi\u00e8re qualit\u00e9, il offre une sensation de solidit\u00e9 et de durabilit\u00e9 et se d\u00e9cline en trois couleurs : Argent, Gris Gunmetal et Or Rose. Chaque teinte \u00e9voque une atmosph\u00e8re distincte : L'argent incarne la simplicit\u00e9 \u00e9l\u00e9gante, le gris Gunmetal la sophistication classique, tandis que l'or rose allie une texture de qualit\u00e9 sup\u00e9rieure \u00e0 une touche de chaleur, le tout en accord avec les go\u00fbts exigeants des professionnels.<br>Sur le plan du design et de la compatibilit\u00e9, sa structure rotative \u00e0 360 degr\u00e9s est dot\u00e9e d'une double interface (USB-A et USB Type-C) pour une commutation flexible. Qu'elle se connecte \u00e0 des ordinateurs portables, des smartphones ou des tablettes pour transf\u00e9rer des fichiers, cette cl\u00e9 polyvalente assure une compatibilit\u00e9 transparente avec tous les appareils, \u00e9liminant ainsi les tracas li\u00e9s \u00e0 l'incompatibilit\u00e9 des ports.<br>Pour les vitesses de transfert, il exploite la technologie USB 3.0 \u00e0 haut d\u00e9bit, atteignant des taux allant jusqu'\u00e0 5 Gbps pour des performances rapides comme l'\u00e9clair. Qu'il s'agisse de transf\u00e9rer des fichiers de conception volumineux, des ressources vid\u00e9o ou de sauvegarder des donn\u00e9es de travail critiques, il \u00e9limine les longues attentes et offre une exp\u00e9rience de travail efficace.<\/p>\n<\/div>\n<\/div>\n\n\n\n<p><\/p>","protected":false},"excerpt":{"rendered":"<ul>\n<li>Interface USB a et USB C<\/li>\n<li>Argent, bronze, or rose<\/li>\n<li>USB3.0 haut d\u00e9bit<\/li>\n<li>Logo personnalis\u00e9<\/li>\n<li>MOQ:100pcs<\/li>\n<\/ul>","protected":false},"featured_media":13320,"comment_status":"open","ping_status":"closed","template":"","meta":{"_seopress_robots_primary_cat":"none","_seopress_titles_title":"fastest rotating metal usb type c flash drive","_seopress_titles_desc":"Elevate your data storage game with the Fastest Rotating Metal USB Type-C Flash Drive ,where cutting-edge technology meets sleek,modern design.This isn\u2019t just a flash drive\u2014it\u2019s a statement piece for the tech-savvy and style-conscious.","_seopress_robots_index":""},"class_list":["post-13316","product","type-product","status-publish","has-post-thumbnail","hentry","product_cat-usb30-flash-drive","product_cat-rotating-usb-flash-drive","product_cat-otg-usb-flash-drive","product_tag-custom-metal-keychain-usb-flash-drive","product_tag-otg-usb-flash-drive","product_tag-buy-metal-leather-usb-flash-drive"],"_links":{"self":[{"href":"https:\/\/www.yousanusb.com\/fr\/wp-json\/wp\/v2\/product\/13316"}],"collection":[{"href":"https:\/\/www.yousanusb.com\/fr\/wp-json\/wp\/v2\/product"}],"about":[{"href":"https:\/\/www.yousanusb.com\/fr\/wp-json\/wp\/v2\/types\/product"}],"replies":[{"embeddable":true,"href":"https:\/\/www.yousanusb.com\/fr\/wp-json\/wp\/v2\/comments?post=13316"}],"wp:featuredmedia":[{"embeddable":true,"href":"https:\/\/www.yousanusb.com\/fr\/wp-json\/wp\/v2\/media\/13320"}],"wp:attachment":[{"href":"https:\/\/www.yousanusb.com\/fr\/wp-json\/wp\/v2\/media?parent=13316"}],"curies":[{"name":"wp","href":"https:\/\/api.w.org\/{rel}","templated":true}]}}