{"id":13326,"date":"2025-01-04T05:54:29","date_gmt":"2025-01-04T05:54:29","guid":{"rendered":"https:\/\/yousanusb.com\/?post_type=product&#038;p=13326"},"modified":"2025-10-05T05:35:38","modified_gmt":"2025-10-05T05:35:38","slug":"rose-gold-type-c-cell-phone-usb-flash-drive-computer-dual-use-64g128g256g","status":"publish","type":"product","link":"https:\/\/www.yousanusb.com\/fr\/produit\/rose-gold-type-c-cell-phone-usb-flash-drive-computer-dual-use-64g128g256g\/","title":{"rendered":"Cl\u00e9 USB c or rose Ordinateur double usage 64g128g256g"},"content":{"rendered":"<p>Cette cl\u00e9 USB pour t\u00e9l\u00e9phone Type-C en or rose est une solution de stockage haut de gamme con\u00e7ue pour les personnes qui accordent de l'importance au style, \u00e0 la rapidit\u00e9 et \u00e0 la fonctionnalit\u00e9. Fabriqu\u00e9e avec pr\u00e9cision et dot\u00e9e d'un design \u00e9l\u00e9gant, elle est fabriqu\u00e9e \u00e0 partir d'un m\u00e9tal de haute qualit\u00e9. Sa fabrication exquise n'est pas seulement magnifique, mais aussi exceptionnelle dans la main, ce qui en fait un accessoire qui se d\u00e9marque \u00e0 la fois pour un usage personnel et dans un cadre professionnel.<\/p>\n\n\n\n<div class=\"wp-block-columns is-layout-flex wp-container-core-columns-is-layout-1 wp-block-columns-is-layout-flex\">\n<div class=\"wp-block-column is-vertically-aligned-center is-layout-flow wp-block-column-is-layout-flow\">\n<ul class=\"wp-block-list\">\n<li><strong>Performance USB 3.0 ultra-rapide :<\/strong> \u00c9quip\u00e9e de la technologie USB 3.0, cette cl\u00e9 USB offre des vitesses de transfert fulgurantes allant jusqu'\u00e0 5 Gbps. Qu'il s'agisse de d\u00e9placer des fichiers volumineux, de sauvegarder des donn\u00e9es importantes ou de travailler \u00e0 distance, cette cl\u00e9 USB garantit des performances efficaces et fiables.<\/li>\n\n\n\n<li><strong>Double port Compatibilit\u00e9 sans couture :<\/strong> Dot\u00e9 de ports USB-A et Type-C, compatible avec les smartphones, les tablettes, les ordinateurs portables et les ordinateurs de bureau. Aucun adaptateur n'est n\u00e9cessaire : il suffit de brancher et de jouer pour des transferts de fichiers sans effort.<\/li>\n\n\n\n<li><strong>Design personnalisable en or rose<\/strong>: Ajoutez votre logo exclusif ou votre gravure sur la surface lisse en or rose pour un style vraiment unique. Qu'il s'agisse de cadeaux d'entreprise, de cadeaux promotionnels ou d'un usage personnel, cette cl\u00e9 USB vous permet de mettre en valeur votre marque ou votre personnalit\u00e9 de mani\u00e8re \u00e9l\u00e9gante.<\/li>\n<\/ul>\n<\/div>\n\n\n\n<div class=\"wp-block-column is-layout-flow wp-block-column-is-layout-flow\">\n<figure class=\"wp-block-image size-full\"><img fetchpriority=\"high\" decoding=\"async\" width=\"800\" height=\"800\" src=\"https:\/\/www.yousanusb.com\/wp-content\/uploads\/2025\/01\/rose-gold-Dual-Interface-USB3.0Type-c-USB-Flash-Drive-for-Android-Phone-Computer.webp\" alt=\"\" class=\"wp-image-19286\" srcset=\"https:\/\/www.yousanusb.com\/wp-content\/uploads\/2025\/01\/rose-gold-Dual-Interface-USB3.0Type-c-USB-Flash-Drive-for-Android-Phone-Computer.webp 800w, https:\/\/www.yousanusb.com\/wp-content\/uploads\/2025\/01\/rose-gold-Dual-Interface-USB3.0Type-c-USB-Flash-Drive-for-Android-Phone-Computer-300x300.webp 300w, https:\/\/www.yousanusb.com\/wp-content\/uploads\/2025\/01\/rose-gold-Dual-Interface-USB3.0Type-c-USB-Flash-Drive-for-Android-Phone-Computer-150x150.webp 150w, https:\/\/www.yousanusb.com\/wp-content\/uploads\/2025\/01\/rose-gold-Dual-Interface-USB3.0Type-c-USB-Flash-Drive-for-Android-Phone-Computer-768x768.webp 768w, https:\/\/www.yousanusb.com\/wp-content\/uploads\/2025\/01\/rose-gold-Dual-Interface-USB3.0Type-c-USB-Flash-Drive-for-Android-Phone-Computer-12x12.webp 12w, https:\/\/www.yousanusb.com\/wp-content\/uploads\/2025\/01\/rose-gold-Dual-Interface-USB3.0Type-c-USB-Flash-Drive-for-Android-Phone-Computer-600x600.webp 600w, https:\/\/www.yousanusb.com\/wp-content\/uploads\/2025\/01\/rose-gold-Dual-Interface-USB3.0Type-c-USB-Flash-Drive-for-Android-Phone-Computer-100x100.webp 100w\" sizes=\"(max-width: 800px) 100vw, 800px\" \/><\/figure>\n<\/div>\n<\/div>","protected":false},"excerpt":{"rendered":"<ul>\n<li>Nouveau style et coque m\u00e9tallique<\/li>\n<li>Interfaces USB a et USB C<\/li>\n<li>Utilisation de l'ordinateur et du t\u00e9l\u00e9phone portable<\/li>\n<li>MOQ:100pcs<\/li>\n<li>USB3.0 haut d\u00e9bit<\/li>\n<li>Logo personnalis\u00e9<\/li>\n<\/ul>","protected":false},"featured_media":13331,"comment_status":"open","ping_status":"closed","template":"","meta":{"_seopress_robots_primary_cat":"none","_seopress_titles_title":"Rose Gold Type c Cell Phone USB Flash Drive Computer Dual Use 64g128g256g","_seopress_titles_desc":"The Rose Gold Type-C Cell Phone USB Flash Drive is more than just a storage device\u2014it\u2019s a statement of sophistication and innovation.Whether for work,travel,or everyday use,this flash drive combines luxury and practicality in one stunning package.","_seopress_robots_index":""},"class_list":["post-13326","product","type-product","status-publish","has-post-thumbnail","hentry","product_cat-usb30-flash-drive","product_cat-rotating-usb-flash-drive","product_cat-otg-usb-flash-drive","product_tag-rose-gold-usb-flash-drive","product_tag-otg-usb-flash-drive","product_tag-buy-metal-leather-usb-flash-drive"],"_links":{"self":[{"href":"https:\/\/www.yousanusb.com\/fr\/wp-json\/wp\/v2\/product\/13326"}],"collection":[{"href":"https:\/\/www.yousanusb.com\/fr\/wp-json\/wp\/v2\/product"}],"about":[{"href":"https:\/\/www.yousanusb.com\/fr\/wp-json\/wp\/v2\/types\/product"}],"replies":[{"embeddable":true,"href":"https:\/\/www.yousanusb.com\/fr\/wp-json\/wp\/v2\/comments?post=13326"}],"wp:featuredmedia":[{"embeddable":true,"href":"https:\/\/www.yousanusb.com\/fr\/wp-json\/wp\/v2\/media\/13331"}],"wp:attachment":[{"href":"https:\/\/www.yousanusb.com\/fr\/wp-json\/wp\/v2\/media?parent=13326"}],"curies":[{"name":"wp","href":"https:\/\/api.w.org\/{rel}","templated":true}]}}