{"id":13333,"date":"2025-01-04T06:30:46","date_gmt":"2025-01-04T06:30:46","guid":{"rendered":"https:\/\/yousanusb.com\/?post_type=product&#038;p=13333"},"modified":"2025-10-06T00:26:19","modified_gmt":"2025-10-06T00:26:19","slug":"zinc-alloy-rotating-metal-usb-type-c-flash-drive","status":"publish","type":"product","link":"https:\/\/www.yousanusb.com\/fr\/produit\/zinc-alloy-rotating-metal-usb-type-c-flash-drive\/","title":{"rendered":"cl\u00e9 usb a et usb c en alliage de zinc et m\u00e9tal rotatif"},"content":{"rendered":"<div class=\"wp-block-columns is-layout-flex wp-container-core-columns-is-layout-1 wp-block-columns-is-layout-flex\">\n<div class=\"wp-block-column is-layout-flow wp-block-column-is-layout-flow\">\n<figure class=\"wp-block-image size-full\"><img fetchpriority=\"high\" decoding=\"async\" width=\"800\" height=\"800\" src=\"https:\/\/www.yousanusb.com\/wp-content\/uploads\/2025\/01\/zinc-alloy-rotating-metal-usb-type-c-flash-drive.jpg\" alt=\"cl\u00e9 usb de type c en m\u00e9tal rotatif en alliage de zinc\" class=\"wp-image-13327\" srcset=\"https:\/\/www.yousanusb.com\/wp-content\/uploads\/2025\/01\/zinc-alloy-rotating-metal-usb-type-c-flash-drive.jpg 800w, https:\/\/www.yousanusb.com\/wp-content\/uploads\/2025\/01\/zinc-alloy-rotating-metal-usb-type-c-flash-drive-300x300.jpg 300w, https:\/\/www.yousanusb.com\/wp-content\/uploads\/2025\/01\/zinc-alloy-rotating-metal-usb-type-c-flash-drive-150x150.jpg 150w, https:\/\/www.yousanusb.com\/wp-content\/uploads\/2025\/01\/zinc-alloy-rotating-metal-usb-type-c-flash-drive-768x768.jpg 768w, https:\/\/www.yousanusb.com\/wp-content\/uploads\/2025\/01\/zinc-alloy-rotating-metal-usb-type-c-flash-drive-12x12.jpg 12w, https:\/\/www.yousanusb.com\/wp-content\/uploads\/2025\/01\/zinc-alloy-rotating-metal-usb-type-c-flash-drive-600x600.jpg 600w, https:\/\/www.yousanusb.com\/wp-content\/uploads\/2025\/01\/zinc-alloy-rotating-metal-usb-type-c-flash-drive-100x100.jpg 100w\" sizes=\"(max-width: 800px) 100vw, 800px\" \/><\/figure>\n<\/div>\n\n\n\n<div class=\"wp-block-column is-vertically-aligned-center is-layout-flow wp-block-column-is-layout-flow\">\n<p>Cette cl\u00e9 USB Type-C en alliage de zinc \u00e0 rotation m\u00e9tallique est con\u00e7ue pour ceux qui exigent l'excellence. Fabriqu\u00e9e \u00e0 partir d'un corps robuste en alliage de zinc, elle b\u00e9n\u00e9ficie d'une r\u00e9sistance exceptionnelle et d'une apparence luxueuse. Son design rotatif \u00e9l\u00e9gant offre non seulement une esth\u00e9tique \u00e9poustouflante, mais assure \u00e9galement une commutation transparente entre les ports USB-A et Type-C, ce qui la rend compatible avec les ordinateurs et les appareils mobiles. Dot\u00e9 de la technologie USB 3.0, ce disque offre des vitesses de transfert fulgurantes pouvant atteindre 5 Gbps. Qu'il s'agisse de transf\u00e9rer des fichiers volumineux, de sauvegarder des donn\u00e9es ou de travailler en d\u00e9placement, cette cl\u00e9 USB garantit une efficacit\u00e9 sans compromis.<\/p>\n<\/div>\n<\/div>\n\n\n\n<div class=\"wp-block-columns is-layout-flex wp-container-core-columns-is-layout-2 wp-block-columns-is-layout-flex\">\n<div class=\"wp-block-column is-vertically-aligned-center is-layout-flow wp-block-column-is-layout-flow\">\n<p>La conception rotative innovante est son principal avantage. \u00c9liminant le probl\u00e8me courant de la perte des capuchons des cl\u00e9s USB traditionnelles, son m\u00e9canisme de rotation souple permet de changer et de prot\u00e9ger l'interface sans effort, d'une simple pichenette. Compacte et portable, cette cl\u00e9 USB est facile \u00e0 transporter partout. La prise en charge de la personnalisation du logo est une caract\u00e9ristique encore plus convaincante. Les entreprises peuvent y apposer leur logo afin d'am\u00e9liorer la visibilit\u00e9 de leur marque en tant que cadeau d'entreprise, tandis que les particuliers peuvent choisir leur IP, leur motif ou leur texte pr\u00e9f\u00e9r\u00e9 pour cr\u00e9er un accessoire num\u00e9rique unique et tendance.<br><\/p>\n<\/div>\n\n\n\n<div class=\"wp-block-column is-layout-flow wp-block-column-is-layout-flow\">\n<figure class=\"wp-block-image size-full\"><img decoding=\"async\" width=\"800\" height=\"800\" src=\"https:\/\/www.yousanusb.com\/wp-content\/uploads\/2025\/01\/zinc-alloy-rotating-metal-usb-type-c-flash-drive-wholesale.jpg\" alt=\"cl\u00e9 usb de type c en alliage de zinc - vente en gros\" class=\"wp-image-13329\" srcset=\"https:\/\/www.yousanusb.com\/wp-content\/uploads\/2025\/01\/zinc-alloy-rotating-metal-usb-type-c-flash-drive-wholesale.jpg 800w, https:\/\/www.yousanusb.com\/wp-content\/uploads\/2025\/01\/zinc-alloy-rotating-metal-usb-type-c-flash-drive-wholesale-300x300.jpg 300w, https:\/\/www.yousanusb.com\/wp-content\/uploads\/2025\/01\/zinc-alloy-rotating-metal-usb-type-c-flash-drive-wholesale-150x150.jpg 150w, https:\/\/www.yousanusb.com\/wp-content\/uploads\/2025\/01\/zinc-alloy-rotating-metal-usb-type-c-flash-drive-wholesale-768x768.jpg 768w, https:\/\/www.yousanusb.com\/wp-content\/uploads\/2025\/01\/zinc-alloy-rotating-metal-usb-type-c-flash-drive-wholesale-12x12.jpg 12w, https:\/\/www.yousanusb.com\/wp-content\/uploads\/2025\/01\/zinc-alloy-rotating-metal-usb-type-c-flash-drive-wholesale-600x600.jpg 600w, https:\/\/www.yousanusb.com\/wp-content\/uploads\/2025\/01\/zinc-alloy-rotating-metal-usb-type-c-flash-drive-wholesale-100x100.jpg 100w\" sizes=\"(max-width: 800px) 100vw, 800px\" \/><\/figure>\n<\/div>\n<\/div>","protected":false},"excerpt":{"rendered":"<ul>\n<li>Nouveau style et coque en alliage de zinc<\/li>\n<li>Interfaces USB A et USB C<\/li>\n<li>Utilisation de l'ordinateur et du t\u00e9l\u00e9phone portable<\/li>\n<li>USB3.0 haut d\u00e9bit<\/li>\n<li>Logo personnalis\u00e9<\/li>\n<li>MOQ:100pcs<\/li>\n<\/ul>","protected":false},"featured_media":13327,"comment_status":"open","ping_status":"closed","template":"","meta":{"_seopress_robots_primary_cat":"none","_seopress_titles_title":"zinc alloy rotating metal usb type c flash drive","_seopress_titles_desc":"Introducing the Zinc Alloy Rotating Metal USB Type-C Flash Drive, the ultimate blend of durability, style, and performance. Designed for those who demand the best, this flash drive combines premium materials, cutting-edge technology, and customizable features to meet your every need.","_seopress_robots_index":""},"class_list":["post-13333","product","type-product","status-publish","has-post-thumbnail","hentry","product_cat-usb30-flash-drive","product_cat-rotating-usb-flash-drive","product_cat-otg-usb-flash-drive","product_tag-rose-gold-usb-flash-drive","product_tag-custom-metal-keychain-usb-flash-drive","product_tag-otg-usb-flash-drive","product_tag-buy-metal-leather-usb-flash-drive"],"_links":{"self":[{"href":"https:\/\/www.yousanusb.com\/fr\/wp-json\/wp\/v2\/product\/13333"}],"collection":[{"href":"https:\/\/www.yousanusb.com\/fr\/wp-json\/wp\/v2\/product"}],"about":[{"href":"https:\/\/www.yousanusb.com\/fr\/wp-json\/wp\/v2\/types\/product"}],"replies":[{"embeddable":true,"href":"https:\/\/www.yousanusb.com\/fr\/wp-json\/wp\/v2\/comments?post=13333"}],"wp:featuredmedia":[{"embeddable":true,"href":"https:\/\/www.yousanusb.com\/fr\/wp-json\/wp\/v2\/media\/13327"}],"wp:attachment":[{"href":"https:\/\/www.yousanusb.com\/fr\/wp-json\/wp\/v2\/media?parent=13333"}],"curies":[{"name":"wp","href":"https:\/\/api.w.org\/{rel}","templated":true}]}}