{"id":13409,"date":"2025-01-05T05:49:23","date_gmt":"2025-01-05T05:49:23","guid":{"rendered":"https:\/\/yousanusb.com\/?post_type=product&#038;p=13409"},"modified":"2025-11-12T04:14:53","modified_gmt":"2025-11-12T04:14:53","slug":"classic-mini-rotary-usb-flash-drive","status":"publish","type":"product","link":"https:\/\/www.yousanusb.com\/fr\/produit\/classic-mini-rotary-usb-flash-drive\/","title":{"rendered":"Cl\u00e9 USB rotative miniature classique"},"content":{"rendered":"<div class=\"wp-block-columns is-layout-flex wp-container-core-columns-is-layout-1 wp-block-columns-is-layout-flex\">\n<div class=\"wp-block-column is-layout-flow wp-block-column-is-layout-flow\">\n<figure class=\"wp-block-image size-full\"><img fetchpriority=\"high\" decoding=\"async\" width=\"800\" height=\"800\" src=\"https:\/\/www.yousanusb.com\/wp-content\/uploads\/2025\/01\/red-Classic-rotating-mini-USB-flash-drive.jpg\" alt=\"cl\u00e9 USB miniature rotative rouge-Classique\" class=\"wp-image-13413\" srcset=\"https:\/\/www.yousanusb.com\/wp-content\/uploads\/2025\/01\/red-Classic-rotating-mini-USB-flash-drive.jpg 800w, https:\/\/www.yousanusb.com\/wp-content\/uploads\/2025\/01\/red-Classic-rotating-mini-USB-flash-drive-300x300.jpg 300w, https:\/\/www.yousanusb.com\/wp-content\/uploads\/2025\/01\/red-Classic-rotating-mini-USB-flash-drive-150x150.jpg 150w, https:\/\/www.yousanusb.com\/wp-content\/uploads\/2025\/01\/red-Classic-rotating-mini-USB-flash-drive-768x768.jpg 768w, https:\/\/www.yousanusb.com\/wp-content\/uploads\/2025\/01\/red-Classic-rotating-mini-USB-flash-drive-12x12.jpg 12w, https:\/\/www.yousanusb.com\/wp-content\/uploads\/2025\/01\/red-Classic-rotating-mini-USB-flash-drive-600x600.jpg 600w, https:\/\/www.yousanusb.com\/wp-content\/uploads\/2025\/01\/red-Classic-rotating-mini-USB-flash-drive-100x100.jpg 100w\" sizes=\"(max-width: 800px) 100vw, 800px\" \/><\/figure>\n<\/div>\n\n\n\n<div class=\"wp-block-column is-vertically-aligned-center is-layout-flow wp-block-column-is-layout-flow\">\n<p>Cl\u00e9 USB Classic Mini Swivel : Un design intemporel pour une durabilit\u00e9 moderne<\/p>\n\n\n\n<p>Nous vous pr\u00e9sentons notre cl\u00e9 USB Classic Mini Swivel, un produit qui reste en vogue depuis plus d'une d\u00e9cennie. Il ne s'agit pas d'une cl\u00e9 USB comme les autres, mais d'un m\u00e9lange de style durable et de fonctionnalit\u00e9 pratique, qui se classe r\u00e9guli\u00e8rement parmi les mod\u00e8les de cl\u00e9s USB les plus populaires. La vedette de ce produit est son bo\u00eetier en alliage d'aluminium.<\/p>\n\n\n\n<p><br>L'alliage d'aluminium est r\u00e9put\u00e9 pour sa l\u00e9g\u00e8ret\u00e9 et sa robustesse, ce qui permet \u00e0 votre cl\u00e9 USB de r\u00e9sister aux rigueurs d'une utilisation quotidienne, qu'elle soit gliss\u00e9e dans un sac \u00e0 dos, rang\u00e9e dans une poche ou utilis\u00e9e en d\u00e9placement. Mais les avantages ne s'arr\u00eatent pas l\u00e0. Le bo\u00eetier en alliage d'aluminium peut \u00eatre oxyd\u00e9 dans une pl\u00e9thore de couleurs.<br><\/p>\n<\/div>\n<\/div>\n\n\n\n\n\n<div class=\"wp-block-columns is-layout-flex wp-container-core-columns-is-layout-2 wp-block-columns-is-layout-flex\">\n<div class=\"wp-block-column is-vertically-aligned-center is-layout-flow wp-block-column-is-layout-flow\">\n<p>De l'argent \u00e9l\u00e9gant pour un look minimaliste et professionnel aux teintes vives comme le rouge audacieux ou le bleu \u00e9lectrique pour ceux qui veulent s'affirmer, il y a une couleur qui convient \u00e0 tous les go\u00fbts et \u00e0 toutes les occasions. Le design pivotant n'est pas seulement une caract\u00e9ristique \u00e9l\u00e9gante, mais aussi une caract\u00e9ristique pratique. Il prot\u00e8ge le connecteur USB, l'emp\u00eachant d'\u00eatre endommag\u00e9 lorsqu'il n'est pas utilis\u00e9.<\/p>\n\n\n\n<p><br>Il suffit d'une simple rotation pour transf\u00e9rer vos fichiers, photos, musiques ou documents importants. Depuis plus de dix ans, cette cl\u00e9 USB Classic Mini Swivel a fait ses preuves sur le march\u00e9. Son design intemporel, associ\u00e9 \u00e0 la polyvalence de son bo\u00eetier en alliage d'aluminium oxydable, en fait la cl\u00e9 pr\u00e9f\u00e9r\u00e9e des \u00e9tudiants, des professionnels et des passionn\u00e9s de num\u00e9rique.<\/p>\n\n\n\n<p><br>Que vous ayez besoin de stocker des donn\u00e9es pour le travail, l'\u00e9cole ou un usage personnel, cette cl\u00e9 USB est un choix fiable et \u00e9l\u00e9gant.<\/p>\n<\/div>\n\n\n\n<div class=\"wp-block-column is-layout-flow wp-block-column-is-layout-flow\">\n<figure class=\"wp-block-image size-full\"><img decoding=\"async\" width=\"800\" height=\"800\" src=\"https:\/\/www.yousanusb.com\/wp-content\/uploads\/2025\/01\/pink-Classic-mini-rotary-USB-flash-drive.jpg\" alt=\"Cl\u00e9 USB rotative miniature pink-Classic\" class=\"wp-image-13412\" srcset=\"https:\/\/www.yousanusb.com\/wp-content\/uploads\/2025\/01\/pink-Classic-mini-rotary-USB-flash-drive.jpg 800w, https:\/\/www.yousanusb.com\/wp-content\/uploads\/2025\/01\/pink-Classic-mini-rotary-USB-flash-drive-300x300.jpg 300w, https:\/\/www.yousanusb.com\/wp-content\/uploads\/2025\/01\/pink-Classic-mini-rotary-USB-flash-drive-150x150.jpg 150w, https:\/\/www.yousanusb.com\/wp-content\/uploads\/2025\/01\/pink-Classic-mini-rotary-USB-flash-drive-768x768.jpg 768w, https:\/\/www.yousanusb.com\/wp-content\/uploads\/2025\/01\/pink-Classic-mini-rotary-USB-flash-drive-12x12.jpg 12w, https:\/\/www.yousanusb.com\/wp-content\/uploads\/2025\/01\/pink-Classic-mini-rotary-USB-flash-drive-600x600.jpg 600w, https:\/\/www.yousanusb.com\/wp-content\/uploads\/2025\/01\/pink-Classic-mini-rotary-USB-flash-drive-100x100.jpg 100w\" sizes=\"(max-width: 800px) 100vw, 800px\" \/><\/figure>\n<\/div>\n<\/div>\n\n\n\n<p><\/p>","protected":false},"excerpt":{"rendered":"<ul>\n<li>Bo\u00eetier en alliage d'aluminium<\/li>\n<li>Style classique<\/li>\n<li>10 ans de style popupar<\/li>\n<li>Plusieurs couleurs au choix<\/li>\n<li>Mini corps<\/li>\n<li>Logo personnalis\u00e9<\/li>\n<li>MOQ:100pcs<\/li>\n<\/ul>","protected":false},"featured_media":13413,"comment_status":"open","ping_status":"closed","template":"","meta":{"_seopress_robots_primary_cat":"none","_seopress_titles_title":"Classic Mini Swivel USB Flash Drive: Timeless Design Meets Modern Durability","_seopress_titles_desc":"Introducing our Classic Mini Swivel USB Flash Drive, a product that has remained in vogue for over a decade. This isn't just any USB drive; it's a blend of enduring style and practical functionality","_seopress_robots_index":""},"class_list":["post-13409","product","type-product","status-publish","has-post-thumbnail","hentry","product_cat-usb-flash-drive","product_cat-mini-usb-flash-drive"],"_links":{"self":[{"href":"https:\/\/www.yousanusb.com\/fr\/wp-json\/wp\/v2\/product\/13409"}],"collection":[{"href":"https:\/\/www.yousanusb.com\/fr\/wp-json\/wp\/v2\/product"}],"about":[{"href":"https:\/\/www.yousanusb.com\/fr\/wp-json\/wp\/v2\/types\/product"}],"replies":[{"embeddable":true,"href":"https:\/\/www.yousanusb.com\/fr\/wp-json\/wp\/v2\/comments?post=13409"}],"wp:featuredmedia":[{"embeddable":true,"href":"https:\/\/www.yousanusb.com\/fr\/wp-json\/wp\/v2\/media\/13413"}],"wp:attachment":[{"href":"https:\/\/www.yousanusb.com\/fr\/wp-json\/wp\/v2\/media?parent=13409"}],"curies":[{"name":"wp","href":"https:\/\/api.w.org\/{rel}","templated":true}]}}