{"id":13414,"date":"2025-01-05T05:59:05","date_gmt":"2025-01-05T05:59:05","guid":{"rendered":"https:\/\/yousanusb.com\/?post_type=product&#038;p=13414"},"modified":"2025-10-05T05:35:16","modified_gmt":"2025-10-05T05:35:16","slug":"metal-panda-shaped-usb-flash-drive","status":"publish","type":"product","link":"https:\/\/www.yousanusb.com\/fr\/produit\/metal-panda-shaped-usb-flash-drive\/","title":{"rendered":"Panda en m\u00e9tal - cl\u00e9 USB en forme"},"content":{"rendered":"<p><strong>Cl\u00e9 USB en forme de panda en m\u00e9tal : Un m\u00e9lange charmant de gentillesse et de durabilit\u00e9<\/strong><br \/>\nNous vous pr\u00e9sentons notre derni\u00e8re cr\u00e9ation, la cl\u00e9 USB en forme de panda en m\u00e9tal, un ajout charmant \u00e0 notre collection de cl\u00e9s USB qui est rapidement devenu l'un des mod\u00e8les les plus populaires.<br \/>\nFabriqu\u00e9e en alliage de zinc, cette cl\u00e9 USB n'est pas seulement mignonne, elle est aussi con\u00e7ue pour durer. L'alliage de zinc offre une durabilit\u00e9 exceptionnelle, garantissant que votre cl\u00e9 en forme de panda bien-aim\u00e9 peut r\u00e9sister aux chocs et aux bousculades de l'utilisation quotidienne. Qu'elle soit jet\u00e9e dans un sac \u00e0 dos, transport\u00e9e dans une poche ou utilis\u00e9e fr\u00e9quemment pour des transferts de donn\u00e9es, le robuste bo\u00eetier en alliage de zinc prot\u00e8ge les composants internes.<br \/>\nLa star du spectacle est, bien s\u00fbr, son adorable forme de panda. Chaque d\u00e9tail du panda a \u00e9t\u00e9 m\u00e9ticuleusement con\u00e7u, de la combinaison de couleurs noir et blanc qui imite le panda r\u00e9el aux mignonnes oreilles arrondies et \u00e0 l'expression attachante. Ce n'est pas seulement un dispositif de stockage ; c'est une charmante \u0153uvre d'art qui sert \u00e9galement \u00e0 engager la conversation.<br \/>\nCette cl\u00e9 USB d'un nouveau genre est parfaite pour tous, qu'il s'agisse d'amateurs de panda, de personnes \u00e0 la recherche d'une solution de stockage unique et attrayante, ou de parents \u00e0 la recherche d'une cl\u00e9 attrayante pour leurs enfants. Elle allie la fonctionnalit\u00e9 d'une cl\u00e9 USB de haute qualit\u00e9 au charme d'un animal bien-aim\u00e9. Avec son m\u00e9lange de beaut\u00e9 et de durabilit\u00e9, il n'est pas \u00e9tonnant que notre cl\u00e9 USB en forme de panda en m\u00e9tal ait conquis le c\u0153ur de tant de personnes et soit devenue un choix de premier ordre parmi les options de cl\u00e9s USB.<\/p>","protected":false},"excerpt":{"rendered":"<ul>\n<li>Bo\u00eetier en alliage de zinc<\/li>\n<li>Style en forme de panda<\/li>\n<li>Nouveau style de design<\/li>\n<li>MOQ:100PCS<\/li>\n<li>Logo personnalis\u00e9<\/li>\n<\/ul>","protected":false},"featured_media":13418,"comment_status":"open","ping_status":"closed","template":"","meta":{"_seopress_robots_primary_cat":"","_seopress_titles_title":"Metal Panda - shaped USB Flash Drive: A Charming Blend of Cuteness and Durability","_seopress_titles_desc":"Introducing our latest creation, the Metal Panda - shaped USB Flash Drive, a delightful addition to our USB drive collection that has quickly become one of the most popular models.","_seopress_robots_index":""},"class_list":["post-13414","product","type-product","status-publish","has-post-thumbnail","hentry","product_cat-metal-usb-flash-drive","product_tag-panda-usb-flash-drive","product_tag-buy-metal-leather-usb-flash-drive"],"_links":{"self":[{"href":"https:\/\/www.yousanusb.com\/fr\/wp-json\/wp\/v2\/product\/13414"}],"collection":[{"href":"https:\/\/www.yousanusb.com\/fr\/wp-json\/wp\/v2\/product"}],"about":[{"href":"https:\/\/www.yousanusb.com\/fr\/wp-json\/wp\/v2\/types\/product"}],"replies":[{"embeddable":true,"href":"https:\/\/www.yousanusb.com\/fr\/wp-json\/wp\/v2\/comments?post=13414"}],"wp:featuredmedia":[{"embeddable":true,"href":"https:\/\/www.yousanusb.com\/fr\/wp-json\/wp\/v2\/media\/13418"}],"wp:attachment":[{"href":"https:\/\/www.yousanusb.com\/fr\/wp-json\/wp\/v2\/media?parent=13414"}],"curies":[{"name":"wp","href":"https:\/\/api.w.org\/{rel}","templated":true}]}}