{"id":13578,"date":"2025-02-06T06:45:44","date_gmt":"2025-02-06T06:45:44","guid":{"rendered":"https:\/\/yousanusb.com\/?post_type=product&#038;p=13578"},"modified":"2025-10-06T00:24:49","modified_gmt":"2025-10-06T00:24:49","slug":"best-metal-flower-notebook-with-usb-flash-drive","status":"publish","type":"product","link":"https:\/\/www.yousanusb.com\/fr\/produit\/best-metal-flower-notebook-with-usb-flash-drive\/","title":{"rendered":"Best Metal Flower Notebook with USB Flash Drive"},"content":{"rendered":"<p>1. Design exquis \uff1aOur Best Metal Flower Notebook with USB Flash Drive pr\u00e9sente un design unique et charmant de fleur en m\u00e9tal. La d\u00e9licate fleur en m\u00e9tal ajoute non seulement une touche \u00e9l\u00e9gante, mais met \u00e9galement en \u00e9vidence un savoir-faire sup\u00e9rieur. C'est un produit qui combine la fonctionnalit\u00e9 de la prise de notes et du stockage de donn\u00e9es d'une mani\u00e8re \u00e9l\u00e9gante.<br \/>\n2. Personnalisation sur mesure \uff1aEn tant qu'usine, nous offrons des options de personnalisation \u00e9tendues. Vous pouvez personnaliser la couverture de l'ordinateur portable avec diff\u00e9rentes couleurs, motifs, ou embosser votre logo. La cl\u00e9 USB peut \u00e9galement \u00eatre personnalis\u00e9e avec des \u00e9tiquettes personnalis\u00e9es ou un contenu pr\u00e9charg\u00e9. Elle est donc parfaite pour les cadeaux d'entreprise, les \u00e9v\u00e9nements promotionnels ou l'usage personnel.<br \/>\n3. Options polyvalentes \uff1aIl existe une grande vari\u00e9t\u00e9 de styles disponibles pour le carnet. Que vous pr\u00e9f\u00e9riez les pages lign\u00e9es pour une \u00e9criture soign\u00e9e, les pages vierges pour le dessin ou les pages quadrill\u00e9es pour des notes plus structur\u00e9es, nous avons tout ce qu'il vous faut. De plus, la cl\u00e9 USB est propos\u00e9e avec plusieurs capacit\u00e9s, de 8 Go \u00e0 128 Go, pour r\u00e9pondre \u00e0 vos divers besoins en mati\u00e8re de stockage de donn\u00e9es.<br \/>\n4. Avantages de l'achat direct \uff1aL'achat direct aupr\u00e8s de notre usine vous permet de r\u00e9aliser d'importantes \u00e9conomies. Nous \u00e9liminons la marge des interm\u00e9diaires et vous fournissons des produits de haute qualit\u00e9 \u00e0 des prix directs d'usine. Pour les commandes personnalis\u00e9es \u00e0 petite \u00e9chelle et les achats de gros volumes, nous assurons une production efficace et une livraison dans les d\u00e9lais.<\/p>","protected":false},"excerpt":{"rendered":"<ul>\n<li>Cl\u00e9 USB pour agenda A5<\/li>\n<li>En forme de fleur<\/li>\n<li>L'or et l'argent peuvent choisir<\/li>\n<li>Si vous avez besoin d'un ordinateur portable\uff0ccontactez-nous<\/li>\n<li>LOGO personnalis\u00e9<\/li>\n<\/ul>","protected":false},"featured_media":13579,"comment_status":"open","ping_status":"closed","template":"","meta":{"_seopress_robots_primary_cat":"none","_seopress_titles_title":"New Design Notebook Button Metal USB Flash Drive","_seopress_titles_desc":"Looking for a standout giveaway or corporate gift? Our Best Metal Flower Notebook with USB Flash Drive fits the bill! As a factory, we offer custom logo printing and bulk - order discounts. Fast production. Contact us for unique, high - quality stationery solutions now!","_seopress_robots_index":""},"class_list":["post-13578","product","type-product","status-publish","has-post-thumbnail","hentry","product_cat-usb-flash-drive-with-notebook","product_tag-a5-notebook-with-usb-flash-drive","product_tag-custom-metal-keychain-usb-flash-drive","product_tag-buy-metal-leather-usb-flash-drive"],"_links":{"self":[{"href":"https:\/\/www.yousanusb.com\/fr\/wp-json\/wp\/v2\/product\/13578"}],"collection":[{"href":"https:\/\/www.yousanusb.com\/fr\/wp-json\/wp\/v2\/product"}],"about":[{"href":"https:\/\/www.yousanusb.com\/fr\/wp-json\/wp\/v2\/types\/product"}],"replies":[{"embeddable":true,"href":"https:\/\/www.yousanusb.com\/fr\/wp-json\/wp\/v2\/comments?post=13578"}],"wp:featuredmedia":[{"embeddable":true,"href":"https:\/\/www.yousanusb.com\/fr\/wp-json\/wp\/v2\/media\/13579"}],"wp:attachment":[{"href":"https:\/\/www.yousanusb.com\/fr\/wp-json\/wp\/v2\/media?parent=13578"}],"curies":[{"name":"wp","href":"https:\/\/api.w.org\/{rel}","templated":true}]}}