{"id":13704,"date":"2025-02-10T00:53:35","date_gmt":"2025-02-10T00:53:35","guid":{"rendered":"https:\/\/yousanusb.com\/?post_type=product&#038;p=13704"},"modified":"2025-02-10T00:53:35","modified_gmt":"2025-02-10T00:53:35","slug":"notebook-with-usb-flash-drive-memory-disk","status":"publish","type":"product","link":"https:\/\/www.yousanusb.com\/fr\/produit\/notebook-with-usb-flash-drive-memory-disk\/","title":{"rendered":"Ordinateur portable avec cl\u00e9 USB Disque m\u00e9moire"},"content":{"rendered":"<p><strong>Carnet de notes intelligent avec cl\u00e9 USB int\u00e9gr\u00e9e - Organisez vos notes de mani\u00e8re num\u00e9rique et s\u00e9curis\u00e9e<\/strong><\/p>\n<p>Am\u00e9liorez votre prise de notes avec cet ordinateur portable 2-en-1 innovant dot\u00e9 d'une cl\u00e9 USB \u00e0 disque m\u00e9moire !<br \/>\nParfait pour les \u00e9tudiants, les professionnels et les cr\u00e9atifs, il associe un carnet de notes haut de gamme de 120 pages en papier pointill\u00e9 \u00e0 une cl\u00e9 USB 3.0 de 16 Go (dissimul\u00e9e dans le dos). Num\u00e9risez instantan\u00e9ment vos notes manuscrites, stockez vos fichiers ou sauvegardez vos donn\u00e9es lors de vos d\u00e9placements.<img fetchpriority=\"high\" decoding=\"async\" class=\"size-full wp-image-13714 aligncenter\" src=\"https:\/\/yousanusb.com\/wp-content\/uploads\/2025\/02\/USB-memory-disk-notebook.png\" alt=\"\" width=\"600\" height=\"600\" srcset=\"https:\/\/www.yousanusb.com\/wp-content\/uploads\/2025\/02\/USB-memory-disk-notebook.png 600w, https:\/\/www.yousanusb.com\/wp-content\/uploads\/2025\/02\/USB-memory-disk-notebook-300x300.png 300w, https:\/\/www.yousanusb.com\/wp-content\/uploads\/2025\/02\/USB-memory-disk-notebook-150x150.png 150w, https:\/\/www.yousanusb.com\/wp-content\/uploads\/2025\/02\/USB-memory-disk-notebook-12x12.png 12w, https:\/\/www.yousanusb.com\/wp-content\/uploads\/2025\/02\/USB-memory-disk-notebook-100x100.png 100w\" sizes=\"(max-width: 600px) 100vw, 600px\" \/><\/p>\n<p>La conception \u00e9l\u00e9gante et durable comprend un porte-stylo, une fermeture \u00e9lastique et une protection par mot de passe pour la cl\u00e9 USB. Id\u00e9al pour les r\u00e9unions, les voyages ou l'usage quotidien - ne perdez plus jamais vos id\u00e9es ! Augmentez votre productivit\u00e9 gr\u00e2ce \u00e0 un flux de travail analogique-num\u00e9rique transparent. Achetez d\u00e8s maintenant l'ordinateur portable intelligent par excellence !<\/p>\n<p><img decoding=\"async\" class=\"size-full wp-image-13712 aligncenter\" src=\"https:\/\/yousanusb.com\/wp-content\/uploads\/2025\/02\/portable-storage-notebook.png\" alt=\"\" width=\"600\" height=\"600\" srcset=\"https:\/\/www.yousanusb.com\/wp-content\/uploads\/2025\/02\/portable-storage-notebook.png 600w, https:\/\/www.yousanusb.com\/wp-content\/uploads\/2025\/02\/portable-storage-notebook-300x300.png 300w, https:\/\/www.yousanusb.com\/wp-content\/uploads\/2025\/02\/portable-storage-notebook-150x150.png 150w, https:\/\/www.yousanusb.com\/wp-content\/uploads\/2025\/02\/portable-storage-notebook-12x12.png 12w, https:\/\/www.yousanusb.com\/wp-content\/uploads\/2025\/02\/portable-storage-notebook-100x100.png 100w\" sizes=\"(max-width: 600px) 100vw, 600px\" \/><\/p>\n<p>Mots-cl\u00e9s : ordinateur portable avec cl\u00e9 USB, ordinateur portable \u00e0 disque m\u00e9moire USB, prise de notes num\u00e9rique, ordinateur portable intelligent, ordinateur portable de stockage.<\/p>\n<p><img decoding=\"async\" class=\"size-full wp-image-13707 aligncenter\" src=\"https:\/\/yousanusb.com\/wp-content\/uploads\/2025\/02\/digital-note-taking-smart-notebook.png\" alt=\"\" width=\"600\" height=\"664\" srcset=\"https:\/\/www.yousanusb.com\/wp-content\/uploads\/2025\/02\/digital-note-taking-smart-notebook.png 600w, https:\/\/www.yousanusb.com\/wp-content\/uploads\/2025\/02\/digital-note-taking-smart-notebook-271x300.png 271w, https:\/\/www.yousanusb.com\/wp-content\/uploads\/2025\/02\/digital-note-taking-smart-notebook-11x12.png 11w\" sizes=\"(max-width: 600px) 100vw, 600px\" \/><\/p>","protected":false},"excerpt":{"rendered":"<ul>\n<li>Ordinateur portable 2 en 1<\/li>\n<li>Avec cl\u00e9 USB Disque m\u00e9moire<\/li>\n<li>A5 240 pages<\/li>\n<li>Plusieurs couleurs au choix<\/li>\n<li>LOGO personnalis\u00e9<\/li>\n<\/ul>","protected":false},"featured_media":13708,"comment_status":"open","ping_status":"closed","template":"","meta":{"_seopress_robots_primary_cat":"","_seopress_titles_title":"Notebook with USB Flash Drive Memory Disk","_seopress_titles_desc":"Upgrade your note-taking with this innovative 2-in-1 Notebook with USB Flash Drive Memory Disk! Perfect for students, professionals, and creatives","_seopress_robots_index":""},"class_list":["post-13704","product","type-product","status-publish","has-post-thumbnail","hentry","product_cat-usb-flash-drive-with-notebook","product_tag-notebook-with-usb-flash-drive"],"_links":{"self":[{"href":"https:\/\/www.yousanusb.com\/fr\/wp-json\/wp\/v2\/product\/13704"}],"collection":[{"href":"https:\/\/www.yousanusb.com\/fr\/wp-json\/wp\/v2\/product"}],"about":[{"href":"https:\/\/www.yousanusb.com\/fr\/wp-json\/wp\/v2\/types\/product"}],"replies":[{"embeddable":true,"href":"https:\/\/www.yousanusb.com\/fr\/wp-json\/wp\/v2\/comments?post=13704"}],"wp:featuredmedia":[{"embeddable":true,"href":"https:\/\/www.yousanusb.com\/fr\/wp-json\/wp\/v2\/media\/13708"}],"wp:attachment":[{"href":"https:\/\/www.yousanusb.com\/fr\/wp-json\/wp\/v2\/media?parent=13704"}],"curies":[{"name":"wp","href":"https:\/\/api.w.org\/{rel}","templated":true}]}}