{"id":13801,"date":"2025-02-12T01:14:52","date_gmt":"2025-02-12T01:14:52","guid":{"rendered":"https:\/\/yousanusb.com\/?post_type=product&#038;p=13801"},"modified":"2025-12-13T13:25:36","modified_gmt":"2025-12-13T13:25:36","slug":"credit-card-usb-flash-drive-with-logo","status":"publish","type":"product","link":"https:\/\/www.yousanusb.com\/fr\/produit\/credit-card-usb-flash-drive-with-logo\/","title":{"rendered":"Cl\u00e9 USB avec logo pour carte de cr\u00e9dit"},"content":{"rendered":"<h2 class=\"wp-block-heading\"><strong>Design de carte de cr\u00e9dit et logo personnalisable<\/strong><\/h2>\n\n\n\n<div class=\"wp-block-columns is-layout-flex wp-container-core-columns-is-layout-1 wp-block-columns-is-layout-flex\">\n<div class=\"wp-block-column is-vertically-aligned-center is-layout-flow wp-block-column-is-layout-flow\">\n<p>La cl\u00e9 USB carte de cr\u00e9dit pr\u00e9sente un design \u00e9l\u00e9gant et ultra-mince qui imite la taille et la forme d'une carte de cr\u00e9dit standard, ce qui la rend extr\u00eamement portable et pratique.<\/p>\n\n\n\n<p>Sa forme compacte est parfaite pour \u00eatre transport\u00e9e dans un portefeuille ou une poche. La surface de la cl\u00e9 USB peut \u00eatre enti\u00e8rement personnalis\u00e9e avec votre logo ou votre dessin, offrant ainsi une opportunit\u00e9 unique de marquage pour les entreprises ou une touche personnalis\u00e9e pour les cadeaux.<\/p>\n<\/div>\n\n\n\n<div class=\"wp-block-column is-layout-flow wp-block-column-is-layout-flow\">\n<figure class=\"wp-block-image size-full\"><img fetchpriority=\"high\" decoding=\"async\" width=\"800\" height=\"800\" src=\"https:\/\/www.yousanusb.com\/wp-content\/uploads\/2025\/02\/credit-card-usb-flash-drive-size.webp\" alt=\"\" class=\"wp-image-18710\" srcset=\"https:\/\/www.yousanusb.com\/wp-content\/uploads\/2025\/02\/credit-card-usb-flash-drive-size.webp 800w, https:\/\/www.yousanusb.com\/wp-content\/uploads\/2025\/02\/credit-card-usb-flash-drive-size-300x300.webp 300w, https:\/\/www.yousanusb.com\/wp-content\/uploads\/2025\/02\/credit-card-usb-flash-drive-size-150x150.webp 150w, https:\/\/www.yousanusb.com\/wp-content\/uploads\/2025\/02\/credit-card-usb-flash-drive-size-768x768.webp 768w, https:\/\/www.yousanusb.com\/wp-content\/uploads\/2025\/02\/credit-card-usb-flash-drive-size-12x12.webp 12w, https:\/\/www.yousanusb.com\/wp-content\/uploads\/2025\/02\/credit-card-usb-flash-drive-size-600x600.webp 600w, https:\/\/www.yousanusb.com\/wp-content\/uploads\/2025\/02\/credit-card-usb-flash-drive-size-100x100.webp 100w\" sizes=\"(max-width: 800px) 100vw, 800px\" \/><\/figure>\n<\/div>\n<\/div>\n\n\n\n<h2 class=\"wp-block-heading\"><strong>Impression UV de haute qualit\u00e9 pour les dessins complexes<\/strong><\/h2>\n\n\n\n<div class=\"wp-block-columns is-layout-flex wp-container-core-columns-is-layout-2 wp-block-columns-is-layout-flex\">\n<div class=\"wp-block-column is-layout-flow wp-block-column-is-layout-flow\">\n<figure class=\"wp-block-image size-full\"><img decoding=\"async\" width=\"800\" height=\"800\" src=\"https:\/\/www.yousanusb.com\/wp-content\/uploads\/2025\/02\/low-minimum-credit-card-usb-flash-drive-with-logo.webp\" alt=\"\" class=\"wp-image-18715\" srcset=\"https:\/\/www.yousanusb.com\/wp-content\/uploads\/2025\/02\/low-minimum-credit-card-usb-flash-drive-with-logo.webp 800w, https:\/\/www.yousanusb.com\/wp-content\/uploads\/2025\/02\/low-minimum-credit-card-usb-flash-drive-with-logo-300x300.webp 300w, https:\/\/www.yousanusb.com\/wp-content\/uploads\/2025\/02\/low-minimum-credit-card-usb-flash-drive-with-logo-150x150.webp 150w, https:\/\/www.yousanusb.com\/wp-content\/uploads\/2025\/02\/low-minimum-credit-card-usb-flash-drive-with-logo-768x768.webp 768w, https:\/\/www.yousanusb.com\/wp-content\/uploads\/2025\/02\/low-minimum-credit-card-usb-flash-drive-with-logo-12x12.webp 12w, https:\/\/www.yousanusb.com\/wp-content\/uploads\/2025\/02\/low-minimum-credit-card-usb-flash-drive-with-logo-600x600.webp 600w, https:\/\/www.yousanusb.com\/wp-content\/uploads\/2025\/02\/low-minimum-credit-card-usb-flash-drive-with-logo-100x100.webp 100w\" sizes=\"(max-width: 800px) 100vw, 800px\" \/><\/figure>\n<\/div>\n\n\n\n<div class=\"wp-block-column is-vertically-aligned-center is-layout-flow wp-block-column-is-layout-flow\">\n<p>This USB flash drive uses advanced UV printing technology to produce complex patterns, vibrant colors, and detailed graphics with exceptional precision. Whether it&#8217;s a company logo, promotional design, or custom illustration, the printing results ensure durability and a professional appearance, with colors that won&#8217;t fade over time.<\/p>\n<\/div>\n<\/div>\n\n\n\n<h2 class=\"wp-block-heading\"><strong>Options USB 2.0 et USB 3.0<\/strong><\/h2>\n\n\n\n<p>The card USB flash drive has USB 2.0 and USB 3.0 interfaces. USB 2.0 is slower (about 480 Mbps) and is better suited for small files, while USB 3.0 is faster (about 5 Gbps) and is better suited for large files.<\/p>\n\n\n\n<div class=\"wp-block-columns is-layout-flex wp-container-core-columns-is-layout-3 wp-block-columns-is-layout-flex\">\n<div class=\"wp-block-column is-layout-flow wp-block-column-is-layout-flow\"><div class=\"wp-block-image\">\n<figure class=\"aligncenter size-full\"><img decoding=\"async\" width=\"800\" height=\"800\" src=\"https:\/\/www.yousanusb.com\/wp-content\/uploads\/2025\/02\/USB-2.0-card-usb-flash-drive.png\" alt=\"\" class=\"wp-image-18713\" srcset=\"https:\/\/www.yousanusb.com\/wp-content\/uploads\/2025\/02\/USB-2.0-card-usb-flash-drive.png 800w, https:\/\/www.yousanusb.com\/wp-content\/uploads\/2025\/02\/USB-2.0-card-usb-flash-drive-300x300.png 300w, https:\/\/www.yousanusb.com\/wp-content\/uploads\/2025\/02\/USB-2.0-card-usb-flash-drive-150x150.png 150w, https:\/\/www.yousanusb.com\/wp-content\/uploads\/2025\/02\/USB-2.0-card-usb-flash-drive-768x768.png 768w, https:\/\/www.yousanusb.com\/wp-content\/uploads\/2025\/02\/USB-2.0-card-usb-flash-drive-12x12.png 12w, https:\/\/www.yousanusb.com\/wp-content\/uploads\/2025\/02\/USB-2.0-card-usb-flash-drive-600x600.png 600w, https:\/\/www.yousanusb.com\/wp-content\/uploads\/2025\/02\/USB-2.0-card-usb-flash-drive-100x100.png 100w\" sizes=\"(max-width: 800px) 100vw, 800px\" \/><figcaption class=\"wp-element-caption\">USB 2.0<\/figcaption><\/figure><\/div><\/div>\n\n\n\n<div class=\"wp-block-column is-layout-flow wp-block-column-is-layout-flow\"><div class=\"wp-block-image\">\n<figure class=\"aligncenter size-full\"><img loading=\"lazy\" decoding=\"async\" width=\"800\" height=\"800\" src=\"https:\/\/www.yousanusb.com\/wp-content\/uploads\/2025\/02\/usb-3.0-card-usb-drive.png\" alt=\"\" class=\"wp-image-18714\" srcset=\"https:\/\/www.yousanusb.com\/wp-content\/uploads\/2025\/02\/usb-3.0-card-usb-drive.png 800w, https:\/\/www.yousanusb.com\/wp-content\/uploads\/2025\/02\/usb-3.0-card-usb-drive-300x300.png 300w, https:\/\/www.yousanusb.com\/wp-content\/uploads\/2025\/02\/usb-3.0-card-usb-drive-150x150.png 150w, https:\/\/www.yousanusb.com\/wp-content\/uploads\/2025\/02\/usb-3.0-card-usb-drive-768x768.png 768w, https:\/\/www.yousanusb.com\/wp-content\/uploads\/2025\/02\/usb-3.0-card-usb-drive-12x12.png 12w, https:\/\/www.yousanusb.com\/wp-content\/uploads\/2025\/02\/usb-3.0-card-usb-drive-600x600.png 600w, https:\/\/www.yousanusb.com\/wp-content\/uploads\/2025\/02\/usb-3.0-card-usb-drive-100x100.png 100w\" sizes=\"(max-width: 800px) 100vw, 800px\" \/><figcaption class=\"wp-element-caption\">USB 3.0<\/figcaption><\/figure><\/div><\/div>\n<\/div>","protected":false},"excerpt":{"rendered":"<ul>\n<li>Style de carte de cr\u00e9dit<\/li>\n<li>Personnalisez votre LOGO<\/li>\n<li>MOQ:100pcs<\/li>\n<li>Choix entre USB2.0 et USB3.0<\/li>\n<li>Paquet personnalis\u00e9<\/li>\n<\/ul>","protected":false},"featured_media":13805,"comment_status":"open","ping_status":"closed","template":"","meta":{"_seopress_robots_primary_cat":"none","_seopress_titles_title":"Credit Card USB Flash Drive with Logo","_seopress_titles_desc":"Promote your brand with sleek Credit Card USB Flash Drives! Custom logo printing, ultra-slim design, perfect for corporate gifts or marketing. Durable, portable, and budget-friendly. Order branded USB drives today!","_seopress_robots_index":""},"class_list":["post-13801","product","type-product","status-publish","has-post-thumbnail","hentry","product_cat-card-usb-flash-drive","product_tag-plastic-card-usb-flash-drive"],"_links":{"self":[{"href":"https:\/\/www.yousanusb.com\/fr\/wp-json\/wp\/v2\/product\/13801"}],"collection":[{"href":"https:\/\/www.yousanusb.com\/fr\/wp-json\/wp\/v2\/product"}],"about":[{"href":"https:\/\/www.yousanusb.com\/fr\/wp-json\/wp\/v2\/types\/product"}],"replies":[{"embeddable":true,"href":"https:\/\/www.yousanusb.com\/fr\/wp-json\/wp\/v2\/comments?post=13801"}],"wp:featuredmedia":[{"embeddable":true,"href":"https:\/\/www.yousanusb.com\/fr\/wp-json\/wp\/v2\/media\/13805"}],"wp:attachment":[{"href":"https:\/\/www.yousanusb.com\/fr\/wp-json\/wp\/v2\/media?parent=13801"}],"curies":[{"name":"wp","href":"https:\/\/api.w.org\/{rel}","templated":true}]}}