{"id":1466,"date":"2021-06-09T15:36:51","date_gmt":"2021-06-09T15:36:51","guid":{"rendered":"https:\/\/yousanusb.com\/?post_type=product&#038;p=1466"},"modified":"2025-10-12T04:18:51","modified_gmt":"2025-10-12T04:18:51","slug":"silicone-bracelet-wrist-usb-flash-drive","status":"publish","type":"product","link":"https:\/\/www.yousanusb.com\/fr\/produit\/silicone-bracelet-wrist-usb-flash-drive\/","title":{"rendered":"Bracelet promotionnel classique en caoutchouc Cl\u00e9 USB"},"content":{"rendered":"<p>La cl\u00e9 USB bracelet est un dispositif de stockage exceptionnellement cr\u00e9atif qui combine ing\u00e9nieusement la fonctionnalit\u00e9 d'une cl\u00e9 USB et la forme d'un bracelet. Dans le secteur des cadeaux promotionnels, il s'agit d'un mod\u00e8le de cl\u00e9 USB tr\u00e8s populaire. Cette cl\u00e9 USB est non seulement facile \u00e0 transporter, mais aussi tr\u00e8s pratique, ce qui en fait l'une des cl\u00e9s pr\u00e9f\u00e9r\u00e9es des utilisateurs.<\/p>\n\n\n\n<h2 class=\"wp-block-heading\">Pourquoi la cl\u00e9 USB \u00e0 bracelet classique est-elle la plus populaire ?<\/h2>\n\n\n\n<p>Sa conception unique est essentielle. Il positionne astucieusement le port USB \u00e0 l'une des extr\u00e9mit\u00e9s du bracelet, ce qui permet aux utilisateurs de le porter sans effort au poignet et de l'utiliser rapidement comme cl\u00e9 USB en cas de besoin. Ce design est \u00e0 la fois \u00e9l\u00e9gant et pratique, offrant aux utilisateurs une grande commodit\u00e9 dans la vie quotidienne et au travail.<\/p>\n\n\n\n<div class=\"wp-block-columns is-layout-flex wp-container-core-columns-is-layout-1 wp-block-columns-is-layout-flex\">\n<div class=\"wp-block-column is-layout-flow wp-block-column-is-layout-flow\">\n<figure class=\"wp-block-image size-full\"><img fetchpriority=\"high\" decoding=\"async\" width=\"800\" height=\"800\" src=\"https:\/\/www.yousanusb.com\/wp-content\/uploads\/2021\/06\/Silicone-Bracelet-WristBand-pendrive-USB-2.0-USB-Memory-Stick.webp\" alt=\"\" class=\"wp-image-20380\" srcset=\"https:\/\/www.yousanusb.com\/wp-content\/uploads\/2021\/06\/Silicone-Bracelet-WristBand-pendrive-USB-2.0-USB-Memory-Stick.webp 800w, https:\/\/www.yousanusb.com\/wp-content\/uploads\/2021\/06\/Silicone-Bracelet-WristBand-pendrive-USB-2.0-USB-Memory-Stick-300x300.webp 300w, https:\/\/www.yousanusb.com\/wp-content\/uploads\/2021\/06\/Silicone-Bracelet-WristBand-pendrive-USB-2.0-USB-Memory-Stick-150x150.webp 150w, https:\/\/www.yousanusb.com\/wp-content\/uploads\/2021\/06\/Silicone-Bracelet-WristBand-pendrive-USB-2.0-USB-Memory-Stick-768x768.webp 768w, https:\/\/www.yousanusb.com\/wp-content\/uploads\/2021\/06\/Silicone-Bracelet-WristBand-pendrive-USB-2.0-USB-Memory-Stick-12x12.webp 12w, https:\/\/www.yousanusb.com\/wp-content\/uploads\/2021\/06\/Silicone-Bracelet-WristBand-pendrive-USB-2.0-USB-Memory-Stick-600x600.webp 600w, https:\/\/www.yousanusb.com\/wp-content\/uploads\/2021\/06\/Silicone-Bracelet-WristBand-pendrive-USB-2.0-USB-Memory-Stick-100x100.webp 100w\" sizes=\"(max-width: 800px) 100vw, 800px\" \/><\/figure>\n<\/div>\n\n\n\n<div class=\"wp-block-column is-layout-flow wp-block-column-is-layout-flow\">\n<figure class=\"wp-block-image size-full\"><img decoding=\"async\" width=\"800\" height=\"800\" src=\"https:\/\/www.yousanusb.com\/wp-content\/uploads\/2021\/06\/Wristband-USB-Flash-Drive-factory.webp\" alt=\"\" class=\"wp-image-20381\" srcset=\"https:\/\/www.yousanusb.com\/wp-content\/uploads\/2021\/06\/Wristband-USB-Flash-Drive-factory.webp 800w, https:\/\/www.yousanusb.com\/wp-content\/uploads\/2021\/06\/Wristband-USB-Flash-Drive-factory-300x300.webp 300w, https:\/\/www.yousanusb.com\/wp-content\/uploads\/2021\/06\/Wristband-USB-Flash-Drive-factory-150x150.webp 150w, https:\/\/www.yousanusb.com\/wp-content\/uploads\/2021\/06\/Wristband-USB-Flash-Drive-factory-768x768.webp 768w, https:\/\/www.yousanusb.com\/wp-content\/uploads\/2021\/06\/Wristband-USB-Flash-Drive-factory-12x12.webp 12w, https:\/\/www.yousanusb.com\/wp-content\/uploads\/2021\/06\/Wristband-USB-Flash-Drive-factory-600x600.webp 600w, https:\/\/www.yousanusb.com\/wp-content\/uploads\/2021\/06\/Wristband-USB-Flash-Drive-factory-100x100.webp 100w\" sizes=\"(max-width: 800px) 100vw, 800px\" \/><\/figure>\n<\/div>\n<\/div>\n\n\n\n<h2 class=\"wp-block-heading\">Quels sont les mat\u00e9riaux de la cl\u00e9 USB \u00e0 bracelet ?<\/h2>\n\n\n\n<p>Les cl\u00e9s USB \u00e0 bracelet sont g\u00e9n\u00e9ralement fabriqu\u00e9es \u00e0 partir de deux mat\u00e9riaux. L'un est le caoutchouc souple PVC, pr\u00e9f\u00e9r\u00e9 par environ 90% des clients en raison de son faible co\u00fbt, de sa texture douce et de son excellente durabilit\u00e9. L'autre est le silicone, qui, bien que plus cher, offre une flexibilit\u00e9 sup\u00e9rieure et est plus respectueux de l'environnement, ce qui en fait un choix id\u00e9al pour les clients ayant des exigences sp\u00e9cifiques. Qu'il s'agisse de production de masse par les fabricants ou de commandes personnalis\u00e9es par les clients, le mat\u00e9riau appropri\u00e9 peut \u00eatre s\u00e9lectionn\u00e9 en fonction des besoins individuels.<br>Les couleurs les plus vendues pour les cl\u00e9s USB sont : rouge, jaune, bleu, vert, blanc, noir, bleu fonc\u00e9 et rose.<\/p>\n\n\n\n<div class=\"wp-block-columns is-layout-flex wp-container-core-columns-is-layout-5 wp-block-columns-is-layout-flex\">\n<div class=\"wp-block-column is-layout-flow wp-block-column-is-layout-flow\">\n<div class=\"wp-block-columns is-layout-flex wp-container-core-columns-is-layout-4 wp-block-columns-is-layout-flex\">\n<div class=\"wp-block-column is-layout-flow wp-block-column-is-layout-flow\">\n<div class=\"wp-block-columns is-layout-flex wp-container-core-columns-is-layout-2 wp-block-columns-is-layout-flex\">\n<div class=\"wp-block-column is-layout-flow wp-block-column-is-layout-flow\">\n<figure class=\"wp-block-image size-full\"><img decoding=\"async\" width=\"640\" height=\"640\" src=\"https:\/\/www.yousanusb.com\/wp-content\/uploads\/2021\/06\/yellow-wristband-USB-flash-drive.webp\" alt=\"\" class=\"wp-image-20389\" srcset=\"https:\/\/www.yousanusb.com\/wp-content\/uploads\/2021\/06\/yellow-wristband-USB-flash-drive.webp 640w, https:\/\/www.yousanusb.com\/wp-content\/uploads\/2021\/06\/yellow-wristband-USB-flash-drive-300x300.webp 300w, https:\/\/www.yousanusb.com\/wp-content\/uploads\/2021\/06\/yellow-wristband-USB-flash-drive-150x150.webp 150w, https:\/\/www.yousanusb.com\/wp-content\/uploads\/2021\/06\/yellow-wristband-USB-flash-drive-12x12.webp 12w, https:\/\/www.yousanusb.com\/wp-content\/uploads\/2021\/06\/yellow-wristband-USB-flash-drive-600x600.webp 600w, https:\/\/www.yousanusb.com\/wp-content\/uploads\/2021\/06\/yellow-wristband-USB-flash-drive-100x100.webp 100w\" sizes=\"(max-width: 640px) 100vw, 640px\" \/><\/figure>\n<\/div>\n\n\n\n<div class=\"wp-block-column is-layout-flow wp-block-column-is-layout-flow\">\n<figure class=\"wp-block-image size-full\"><img loading=\"lazy\" decoding=\"async\" width=\"640\" height=\"640\" src=\"https:\/\/www.yousanusb.com\/wp-content\/uploads\/2021\/06\/red-wristband-USB-flash-drive.webp\" alt=\"\" class=\"wp-image-20388\" srcset=\"https:\/\/www.yousanusb.com\/wp-content\/uploads\/2021\/06\/red-wristband-USB-flash-drive.webp 640w, https:\/\/www.yousanusb.com\/wp-content\/uploads\/2021\/06\/red-wristband-USB-flash-drive-300x300.webp 300w, https:\/\/www.yousanusb.com\/wp-content\/uploads\/2021\/06\/red-wristband-USB-flash-drive-150x150.webp 150w, https:\/\/www.yousanusb.com\/wp-content\/uploads\/2021\/06\/red-wristband-USB-flash-drive-12x12.webp 12w, https:\/\/www.yousanusb.com\/wp-content\/uploads\/2021\/06\/red-wristband-USB-flash-drive-600x600.webp 600w, https:\/\/www.yousanusb.com\/wp-content\/uploads\/2021\/06\/red-wristband-USB-flash-drive-100x100.webp 100w\" sizes=\"(max-width: 640px) 100vw, 640px\" \/><\/figure>\n<\/div>\n<\/div>\n<\/div>\n\n\n\n<div class=\"wp-block-column is-layout-flow wp-block-column-is-layout-flow\">\n<div class=\"wp-block-columns is-layout-flex wp-container-core-columns-is-layout-3 wp-block-columns-is-layout-flex\">\n<div class=\"wp-block-column is-layout-flow wp-block-column-is-layout-flow\">\n<figure class=\"wp-block-image size-full\"><img loading=\"lazy\" decoding=\"async\" width=\"640\" height=\"640\" src=\"https:\/\/www.yousanusb.com\/wp-content\/uploads\/2021\/06\/purple-wristband-USB-flash-drive.webp\" alt=\"\" class=\"wp-image-20387\" srcset=\"https:\/\/www.yousanusb.com\/wp-content\/uploads\/2021\/06\/purple-wristband-USB-flash-drive.webp 640w, https:\/\/www.yousanusb.com\/wp-content\/uploads\/2021\/06\/purple-wristband-USB-flash-drive-300x300.webp 300w, https:\/\/www.yousanusb.com\/wp-content\/uploads\/2021\/06\/purple-wristband-USB-flash-drive-150x150.webp 150w, https:\/\/www.yousanusb.com\/wp-content\/uploads\/2021\/06\/purple-wristband-USB-flash-drive-12x12.webp 12w, https:\/\/www.yousanusb.com\/wp-content\/uploads\/2021\/06\/purple-wristband-USB-flash-drive-600x600.webp 600w, https:\/\/www.yousanusb.com\/wp-content\/uploads\/2021\/06\/purple-wristband-USB-flash-drive-100x100.webp 100w\" sizes=\"(max-width: 640px) 100vw, 640px\" \/><\/figure>\n<\/div>\n\n\n\n<div class=\"wp-block-column is-layout-flow wp-block-column-is-layout-flow\">\n<figure class=\"wp-block-image size-full\"><img loading=\"lazy\" decoding=\"async\" width=\"640\" height=\"640\" src=\"https:\/\/www.yousanusb.com\/wp-content\/uploads\/2021\/06\/pink-wristband-USB-flash-drive.webp\" alt=\"\" class=\"wp-image-20386\" srcset=\"https:\/\/www.yousanusb.com\/wp-content\/uploads\/2021\/06\/pink-wristband-USB-flash-drive.webp 640w, https:\/\/www.yousanusb.com\/wp-content\/uploads\/2021\/06\/pink-wristband-USB-flash-drive-300x300.webp 300w, https:\/\/www.yousanusb.com\/wp-content\/uploads\/2021\/06\/pink-wristband-USB-flash-drive-150x150.webp 150w, https:\/\/www.yousanusb.com\/wp-content\/uploads\/2021\/06\/pink-wristband-USB-flash-drive-12x12.webp 12w, https:\/\/www.yousanusb.com\/wp-content\/uploads\/2021\/06\/pink-wristband-USB-flash-drive-600x600.webp 600w, https:\/\/www.yousanusb.com\/wp-content\/uploads\/2021\/06\/pink-wristband-USB-flash-drive-100x100.webp 100w\" sizes=\"(max-width: 640px) 100vw, 640px\" \/><\/figure>\n<\/div>\n<\/div>\n<\/div>\n<\/div>\n<\/div>\n<\/div>\n\n\n\n<div class=\"wp-block-columns is-layout-flex wp-container-core-columns-is-layout-8 wp-block-columns-is-layout-flex\">\n<div class=\"wp-block-column is-layout-flow wp-block-column-is-layout-flow\">\n<div class=\"wp-block-columns is-layout-flex wp-container-core-columns-is-layout-6 wp-block-columns-is-layout-flex\">\n<div class=\"wp-block-column is-layout-flow wp-block-column-is-layout-flow\">\n<figure class=\"wp-block-image size-full\"><img loading=\"lazy\" decoding=\"async\" width=\"640\" height=\"640\" src=\"https:\/\/www.yousanusb.com\/wp-content\/uploads\/2021\/06\/green-wristband-USB-flash-drive.webp\" alt=\"\" class=\"wp-image-20385\" srcset=\"https:\/\/www.yousanusb.com\/wp-content\/uploads\/2021\/06\/green-wristband-USB-flash-drive.webp 640w, https:\/\/www.yousanusb.com\/wp-content\/uploads\/2021\/06\/green-wristband-USB-flash-drive-300x300.webp 300w, https:\/\/www.yousanusb.com\/wp-content\/uploads\/2021\/06\/green-wristband-USB-flash-drive-150x150.webp 150w, https:\/\/www.yousanusb.com\/wp-content\/uploads\/2021\/06\/green-wristband-USB-flash-drive-12x12.webp 12w, https:\/\/www.yousanusb.com\/wp-content\/uploads\/2021\/06\/green-wristband-USB-flash-drive-600x600.webp 600w, https:\/\/www.yousanusb.com\/wp-content\/uploads\/2021\/06\/green-wristband-USB-flash-drive-100x100.webp 100w\" sizes=\"(max-width: 640px) 100vw, 640px\" \/><\/figure>\n<\/div>\n\n\n\n<div class=\"wp-block-column is-layout-flow wp-block-column-is-layout-flow\">\n<figure class=\"wp-block-image size-full\"><img loading=\"lazy\" decoding=\"async\" width=\"640\" height=\"640\" src=\"https:\/\/www.yousanusb.com\/wp-content\/uploads\/2021\/06\/dark-blue-wristband-USB-flash-drive.webp\" alt=\"\" class=\"wp-image-20384\" srcset=\"https:\/\/www.yousanusb.com\/wp-content\/uploads\/2021\/06\/dark-blue-wristband-USB-flash-drive.webp 640w, https:\/\/www.yousanusb.com\/wp-content\/uploads\/2021\/06\/dark-blue-wristband-USB-flash-drive-300x300.webp 300w, https:\/\/www.yousanusb.com\/wp-content\/uploads\/2021\/06\/dark-blue-wristband-USB-flash-drive-150x150.webp 150w, https:\/\/www.yousanusb.com\/wp-content\/uploads\/2021\/06\/dark-blue-wristband-USB-flash-drive-12x12.webp 12w, https:\/\/www.yousanusb.com\/wp-content\/uploads\/2021\/06\/dark-blue-wristband-USB-flash-drive-600x600.webp 600w, https:\/\/www.yousanusb.com\/wp-content\/uploads\/2021\/06\/dark-blue-wristband-USB-flash-drive-100x100.webp 100w\" sizes=\"(max-width: 640px) 100vw, 640px\" \/><\/figure>\n<\/div>\n<\/div>\n<\/div>\n\n\n\n<div class=\"wp-block-column is-layout-flow wp-block-column-is-layout-flow\">\n<div class=\"wp-block-columns is-layout-flex wp-container-core-columns-is-layout-7 wp-block-columns-is-layout-flex\">\n<div class=\"wp-block-column is-layout-flow wp-block-column-is-layout-flow\">\n<figure class=\"wp-block-image size-full\"><img loading=\"lazy\" decoding=\"async\" width=\"640\" height=\"640\" src=\"https:\/\/www.yousanusb.com\/wp-content\/uploads\/2021\/06\/blue-wristband-usb-drive.webp\" alt=\"\" class=\"wp-image-20383\" srcset=\"https:\/\/www.yousanusb.com\/wp-content\/uploads\/2021\/06\/blue-wristband-usb-drive.webp 640w, https:\/\/www.yousanusb.com\/wp-content\/uploads\/2021\/06\/blue-wristband-usb-drive-300x300.webp 300w, https:\/\/www.yousanusb.com\/wp-content\/uploads\/2021\/06\/blue-wristband-usb-drive-150x150.webp 150w, https:\/\/www.yousanusb.com\/wp-content\/uploads\/2021\/06\/blue-wristband-usb-drive-12x12.webp 12w, https:\/\/www.yousanusb.com\/wp-content\/uploads\/2021\/06\/blue-wristband-usb-drive-600x600.webp 600w, https:\/\/www.yousanusb.com\/wp-content\/uploads\/2021\/06\/blue-wristband-usb-drive-100x100.webp 100w\" sizes=\"(max-width: 640px) 100vw, 640px\" \/><\/figure>\n<\/div>\n\n\n\n<div class=\"wp-block-column is-layout-flow wp-block-column-is-layout-flow\">\n<figure class=\"wp-block-image size-full\"><img loading=\"lazy\" decoding=\"async\" width=\"640\" height=\"640\" src=\"https:\/\/www.yousanusb.com\/wp-content\/uploads\/2021\/06\/black-usb-wristband.webp\" alt=\"\" class=\"wp-image-20382\" srcset=\"https:\/\/www.yousanusb.com\/wp-content\/uploads\/2021\/06\/black-usb-wristband.webp 640w, https:\/\/www.yousanusb.com\/wp-content\/uploads\/2021\/06\/black-usb-wristband-300x300.webp 300w, https:\/\/www.yousanusb.com\/wp-content\/uploads\/2021\/06\/black-usb-wristband-150x150.webp 150w, https:\/\/www.yousanusb.com\/wp-content\/uploads\/2021\/06\/black-usb-wristband-12x12.webp 12w, https:\/\/www.yousanusb.com\/wp-content\/uploads\/2021\/06\/black-usb-wristband-600x600.webp 600w, https:\/\/www.yousanusb.com\/wp-content\/uploads\/2021\/06\/black-usb-wristband-100x100.webp 100w\" sizes=\"(max-width: 640px) 100vw, 640px\" \/><\/figure>\n<\/div>\n<\/div>\n<\/div>\n<\/div>\n\n\n\n<h2 class=\"wp-block-heading\">La cl\u00e9 USB \u00e0 bracelet peut-elle \u00eatre personnalis\u00e9e avec un logo ?<\/h2>\n\n\n\n<div class=\"wp-block-columns is-layout-flex wp-container-core-columns-is-layout-9 wp-block-columns-is-layout-flex\">\n<div class=\"wp-block-column is-layout-flow wp-block-column-is-layout-flow\">\n<figure class=\"wp-block-image size-full\"><img loading=\"lazy\" decoding=\"async\" width=\"800\" height=\"800\" src=\"https:\/\/www.yousanusb.com\/wp-content\/uploads\/2021\/06\/Custom-Wristband-USB-Flash-Drive.webp\" alt=\"\" class=\"wp-image-20378\" srcset=\"https:\/\/www.yousanusb.com\/wp-content\/uploads\/2021\/06\/Custom-Wristband-USB-Flash-Drive.webp 800w, https:\/\/www.yousanusb.com\/wp-content\/uploads\/2021\/06\/Custom-Wristband-USB-Flash-Drive-300x300.webp 300w, https:\/\/www.yousanusb.com\/wp-content\/uploads\/2021\/06\/Custom-Wristband-USB-Flash-Drive-150x150.webp 150w, https:\/\/www.yousanusb.com\/wp-content\/uploads\/2021\/06\/Custom-Wristband-USB-Flash-Drive-768x768.webp 768w, https:\/\/www.yousanusb.com\/wp-content\/uploads\/2021\/06\/Custom-Wristband-USB-Flash-Drive-12x12.webp 12w, https:\/\/www.yousanusb.com\/wp-content\/uploads\/2021\/06\/Custom-Wristband-USB-Flash-Drive-600x600.webp 600w, https:\/\/www.yousanusb.com\/wp-content\/uploads\/2021\/06\/Custom-Wristband-USB-Flash-Drive-100x100.webp 100w\" sizes=\"(max-width: 800px) 100vw, 800px\" \/><\/figure>\n<\/div>\n\n\n\n<div class=\"wp-block-column is-vertically-aligned-center is-layout-flow wp-block-column-is-layout-flow\">\n<p>La r\u00e9ponse est oui. Vous pouvez opter pour une impression en quadrichromie sur l'ensemble du bracelet, avec des logos et des dessins sur toute la surface pour un aspect hautement personnalis\u00e9. Si vous pr\u00e9f\u00e9rez une esth\u00e9tique plus \u00e9pur\u00e9e, vous pouvez \u00e9galement choisir d'imprimer votre logo uniquement au niveau du point de connexion du bracelet, ce qui est subtil tout en v\u00e9hiculant l'identit\u00e9 de votre marque. Que vous souhaitiez une personnalisation en masse \u00e0 l'\u00e9chelle de l'usine ou des commandes personnelles en petites quantit\u00e9s, nous pouvons r\u00e9pondre \u00e0 vos besoins.<\/p>\n<\/div>\n<\/div>","protected":false},"excerpt":{"rendered":"<ul>\n<li>Personnalisable, vente en gros uniquement<\/li>\n<li>Bracelet<\/li>\n<li>Plus de 20 couleurs<\/li>\n<li>Pour tout \u00e9v\u00e9nement promotionnel<\/li>\n<li>MOQ\uff1a100pcs<\/li>\n<\/ul>","protected":false},"featured_media":8703,"comment_status":"open","ping_status":"closed","template":"","meta":{"_seopress_robots_primary_cat":"none","_seopress_titles_title":"Silicone Bracelet Wrist USB Flash Drive","_seopress_titles_desc":"Popular Silicone Wrist USB Flash Drive Bracelet With Customized Rubber Profile and Logo.","_seopress_robots_index":""},"class_list":["post-1466","product","type-product","status-publish","has-post-thumbnail","hentry","product_cat-bracelet-pen-drive","product_tag-silicone-bracelet-usb"],"_links":{"self":[{"href":"https:\/\/www.yousanusb.com\/fr\/wp-json\/wp\/v2\/product\/1466"}],"collection":[{"href":"https:\/\/www.yousanusb.com\/fr\/wp-json\/wp\/v2\/product"}],"about":[{"href":"https:\/\/www.yousanusb.com\/fr\/wp-json\/wp\/v2\/types\/product"}],"replies":[{"embeddable":true,"href":"https:\/\/www.yousanusb.com\/fr\/wp-json\/wp\/v2\/comments?post=1466"}],"wp:featuredmedia":[{"embeddable":true,"href":"https:\/\/www.yousanusb.com\/fr\/wp-json\/wp\/v2\/media\/8703"}],"wp:attachment":[{"href":"https:\/\/www.yousanusb.com\/fr\/wp-json\/wp\/v2\/media?parent=1466"}],"curies":[{"name":"wp","href":"https:\/\/api.w.org\/{rel}","templated":true}]}}