{"id":14951,"date":"2025-05-13T08:06:07","date_gmt":"2025-05-13T08:06:07","guid":{"rendered":"https:\/\/yousanusb.com\/?post_type=product&#038;p=14951"},"modified":"2025-05-13T08:50:14","modified_gmt":"2025-05-13T08:50:14","slug":"usb2-0-type-c-udp-flash-chip-mini","status":"publish","type":"product","link":"https:\/\/www.yousanusb.com\/fr\/produit\/usb2-0-type-c-udp-flash-chip-mini\/","title":{"rendered":"USB2.0 TYPE-C UDP Flash Chip Mini"},"content":{"rendered":"<p>La puce flash USB 2.0 TYPE-C UDP Mini est un contr\u00f4leur h\u00f4te compact et \u00e9conomique et une solution de m\u00e9moire flash adapt\u00e9e aux p\u00e9riph\u00e9riques de stockage USB Type-C. Con\u00e7ue pour les applications peu encombrantes,cette puce miniaturis\u00e9e int\u00e8gre des fonctionnalit\u00e9s essentielles telles que le code correcteur d'erreurs (ECC), la prise en charge de la commande TRIM et la gestion adaptative de l'alimentation pour optimiser les performances, la long\u00e9vit\u00e9 et l'efficacit\u00e9 \u00e9nerg\u00e9tique.<\/p>\r\n\r\n\r\n\r\n<figure class=\"wp-block-table\">\r\n<table class=\"has-fixed-layout\">\r\n<tbody>\r\n<tr>\r\n<td><strong>Capacit\u00e9 USB 2.0<\/strong><\/td>\r\n<td>4GB\/8GB\/16GB\/32GB\/64GB\/128GB<\/td>\r\n<\/tr>\r\n<tr>\r\n<td><strong>Taille du produit<\/strong><\/td>\r\n<td>26,2*11,3*1,42mm<\/td>\r\n<\/tr>\r\n<tr>\r\n<td><strong>Poids<\/strong><\/td>\r\n<td>2g<\/td>\r\n<\/tr>\r\n<tr>\r\n<td><strong>Couleur<\/strong><\/td>\r\n<td>Noir<\/td>\r\n<\/tr>\r\n<tr>\r\n<td><strong>Mat\u00e9riau<\/strong><\/td>\r\n<td>Plastique<\/td>\r\n<\/tr>\r\n<tr>\r\n<td><strong>Interface<\/strong><\/td>\r\n<td>USB 2.0<\/td>\r\n<\/tr>\r\n<tr>\r\n<td><strong>Vitesse d'\u00e9criture USB 2.0<\/strong><\/td>\r\n<td>4-10MB\/S<\/td>\r\n<\/tr>\r\n<tr>\r\n<td><strong>Vitesse de lecture USB 2.0<\/strong><\/td>\r\n<td>15-18MB\/S<\/td>\r\n<\/tr>\r\n<\/tbody>\r\n<\/table>\r\n<\/figure>\r\n\r\n\r\n\r\n<div class=\"wp-block-columns is-layout-flex wp-container-core-columns-is-layout-1 wp-block-columns-is-layout-flex\">\r\n<div class=\"wp-block-column is-layout-flow wp-block-column-is-layout-flow\">\r\n<figure class=\"wp-block-image size-full\"><img fetchpriority=\"high\" decoding=\"async\" width=\"800\" height=\"800\" class=\"wp-image-14960\" src=\"https:\/\/yousanusb.com\/wp-content\/uploads\/2025\/05\/a.jpg\" alt=\"\" srcset=\"https:\/\/www.yousanusb.com\/wp-content\/uploads\/2025\/05\/a.jpg 800w, https:\/\/www.yousanusb.com\/wp-content\/uploads\/2025\/05\/a-300x300.jpg 300w, https:\/\/www.yousanusb.com\/wp-content\/uploads\/2025\/05\/a-150x150.jpg 150w, https:\/\/www.yousanusb.com\/wp-content\/uploads\/2025\/05\/a-768x768.jpg 768w, https:\/\/www.yousanusb.com\/wp-content\/uploads\/2025\/05\/a-12x12.jpg 12w, https:\/\/www.yousanusb.com\/wp-content\/uploads\/2025\/05\/a-600x600.jpg 600w, https:\/\/www.yousanusb.com\/wp-content\/uploads\/2025\/05\/a-100x100.jpg 100w\" sizes=\"(max-width: 800px) 100vw, 800px\" \/><\/figure>\r\n<\/div>\r\n\r\n\r\n\r\n<div class=\"wp-block-column is-layout-flow wp-block-column-is-layout-flow\">\r\n<figure class=\"wp-block-image size-full\"><img decoding=\"async\" width=\"800\" height=\"800\" class=\"wp-image-14959\" src=\"https:\/\/yousanusb.com\/wp-content\/uploads\/2025\/05\/7855214.jpg\" alt=\"\" srcset=\"https:\/\/www.yousanusb.com\/wp-content\/uploads\/2025\/05\/7855214.jpg 800w, https:\/\/www.yousanusb.com\/wp-content\/uploads\/2025\/05\/7855214-300x300.jpg 300w, https:\/\/www.yousanusb.com\/wp-content\/uploads\/2025\/05\/7855214-150x150.jpg 150w, https:\/\/www.yousanusb.com\/wp-content\/uploads\/2025\/05\/7855214-768x768.jpg 768w, https:\/\/www.yousanusb.com\/wp-content\/uploads\/2025\/05\/7855214-12x12.jpg 12w, https:\/\/www.yousanusb.com\/wp-content\/uploads\/2025\/05\/7855214-600x600.jpg 600w, https:\/\/www.yousanusb.com\/wp-content\/uploads\/2025\/05\/7855214-100x100.jpg 100w\" sizes=\"(max-width: 800px) 100vw, 800px\" \/><\/figure>\r\n<\/div>\r\n\r\n\r\n\r\n<div class=\"wp-block-column is-layout-flow wp-block-column-is-layout-flow\">\r\n<figure class=\"wp-block-image size-full\"><img decoding=\"async\" width=\"800\" height=\"800\" class=\"wp-image-14958\" src=\"https:\/\/yousanusb.com\/wp-content\/uploads\/2025\/05\/7855213.jpg\" alt=\"\" srcset=\"https:\/\/www.yousanusb.com\/wp-content\/uploads\/2025\/05\/7855213.jpg 800w, https:\/\/www.yousanusb.com\/wp-content\/uploads\/2025\/05\/7855213-300x300.jpg 300w, https:\/\/www.yousanusb.com\/wp-content\/uploads\/2025\/05\/7855213-150x150.jpg 150w, https:\/\/www.yousanusb.com\/wp-content\/uploads\/2025\/05\/7855213-768x768.jpg 768w, https:\/\/www.yousanusb.com\/wp-content\/uploads\/2025\/05\/7855213-12x12.jpg 12w, https:\/\/www.yousanusb.com\/wp-content\/uploads\/2025\/05\/7855213-600x600.jpg 600w, https:\/\/www.yousanusb.com\/wp-content\/uploads\/2025\/05\/7855213-100x100.jpg 100w\" sizes=\"(max-width: 800px) 100vw, 800px\" \/><\/figure>\r\n<\/div>\r\n<\/div>\r\n\r\n\r\n\r\n<p>Avec un facteur de forme compact de type A, ces puces sont optimis\u00e9es pour les applications \u00e0 espace limit\u00e9 telles que les UFD (cl\u00e9s USB) grand public, les modules IoT industriels, les kiosques commerciaux et les solutions OEM personnalis\u00e9es.Leur conception robuste comprend une protection anti-surtension, une stabilisation thermique et un cryptage AES mat\u00e9riel en option, ce qui les rend adapt\u00e9es aux environnements \u00e0 forte demande tels que les d\u00e9ploiements d'entreprise, les kiosques de vente au d\u00e9tail et les appareils de sant\u00e9.Disponible par le biais de programmes d'achat en gros, cette solution offre des \u00e9conomies significatives, des configurations personnalisables et des performances fiables pour la mise \u00e0 l'\u00e9chelle des volumes de production de mani\u00e8re efficace.<\/p>\r\n\r\n\r\n\r\n<p>&nbsp;<\/p>","protected":false},"excerpt":{"rendered":"<p>Capacit\u00e9 : 8GB\/16GB\/32GB\/64GB\/128GB\/256GB\/512GB Taille du produit:57.5*12*4.5mm Poids:2g Couleur:Noir Mat\u00e9riau:Plastique Interface:USB 2.0 Vitesse d'\u00e9criture:4-10MB\/S Vitesse de lecture:15-18MB\/S<\/p>","protected":false},"featured_media":14958,"comment_status":"open","ping_status":"closed","template":"","meta":{"_seopress_robots_primary_cat":"","_seopress_titles_title":"USB2.0 TYPE-C UDP Flash Chip Mini","_seopress_titles_desc":"","_seopress_robots_index":""},"class_list":["post-14951","product","type-product","status-publish","has-post-thumbnail","hentry","product_cat-usb-flash-drive-chips"],"_links":{"self":[{"href":"https:\/\/www.yousanusb.com\/fr\/wp-json\/wp\/v2\/product\/14951"}],"collection":[{"href":"https:\/\/www.yousanusb.com\/fr\/wp-json\/wp\/v2\/product"}],"about":[{"href":"https:\/\/www.yousanusb.com\/fr\/wp-json\/wp\/v2\/types\/product"}],"replies":[{"embeddable":true,"href":"https:\/\/www.yousanusb.com\/fr\/wp-json\/wp\/v2\/comments?post=14951"}],"wp:featuredmedia":[{"embeddable":true,"href":"https:\/\/www.yousanusb.com\/fr\/wp-json\/wp\/v2\/media\/14958"}],"wp:attachment":[{"href":"https:\/\/www.yousanusb.com\/fr\/wp-json\/wp\/v2\/media?parent=14951"}],"curies":[{"name":"wp","href":"https:\/\/api.w.org\/{rel}","templated":true}]}}