{"id":16684,"date":"2025-06-09T07:02:44","date_gmt":"2025-06-09T07:02:44","guid":{"rendered":"https:\/\/yousanusb.com\/?post_type=product&#038;p=16684"},"modified":"2025-10-04T11:36:20","modified_gmt":"2025-10-04T11:36:20","slug":"usb-3-0-metal-card-flash-drive-specifications","status":"publish","type":"product","link":"https:\/\/www.yousanusb.com\/fr\/produit\/usb-3-0-metal-card-flash-drive-specifications\/","title":{"rendered":"Cl\u00e9 USB 3.0 en m\u00e9tal avec logo"},"content":{"rendered":"<figure class=\"wp-block-table\"><table class=\"has-fixed-layout\"><tbody><tr><td>\u200b<strong>Nom du produit<\/strong>\uff1a<\/td><td>Cl\u00e9 USB 3.0 en m\u00e9tal<\/td><\/tr><tr><td>\u200b<strong>Mat\u00e9riau<\/strong>\uff1a<\/td><td>M\u00e9tal (alliage de zinc\/acier inoxydable)<\/td><\/tr><tr><td>\u200b<strong>Poids<\/strong>\uff1a<\/td><td>22g<\/td><\/tr><tr><td><strong>Vitesse de transfert<\/strong>\uff1a<\/td><td>Jusqu'\u00e0 8000 Mo\/s (interface USB 3.0)<\/td><\/tr><tr><td><strong>Dimensions<\/strong>\uff1a<\/td><td>83 \u00d7 52 mm (format carte de cr\u00e9dit)<\/td><\/tr><tr><td>\u200b<strong>Options de capacit\u00e9<\/strong>\uff1a<\/td><td>8GB\/16GB\/32GB\/64GB\/128GB <\/td><\/tr><tr><td>\u200b<strong>Options de couleur<\/strong>\uff1a<\/td><td>Plusieurs couleurs disponibles<\/td><\/tr><tr><td>\u200b<strong>Interface<\/strong>\uff1a<\/td><td>USB 3.0 (Type-A)<\/td><\/tr><tr><td>\u200b<strong>Caract\u00e9ristiques sp\u00e9ciales<\/strong>\uff1a<\/td><td>R\u00e9sistant aux chocs \/ R\u00e9sistant \u00e0 l'eau \/ Anti-EMI<\/td><\/tr><\/tbody><\/table><\/figure>\n\n\n\n<div class=\"wp-block-columns is-layout-flex wp-container-core-columns-is-layout-1 wp-block-columns-is-layout-flex\">\n<div class=\"wp-block-column is-layout-flow wp-block-column-is-layout-flow\">\n<p>Cette cl\u00e9 USB 3.0 en m\u00e9tal est fabriqu\u00e9e \u00e0 partir d'un alliage d'aluminium \u00e0 faible densit\u00e9 et \u00e0 haute r\u00e9sistance. Cela conf\u00e8re \u00e0 la cl\u00e9 un corps l\u00e9ger et une excellente r\u00e9sistance aux chocs. Elle a subi des processus d'emboutissage et d'oxydation.<\/p>\n\n\n<div class=\"wp-block-image\">\n<figure class=\"aligncenter size-full\"><img fetchpriority=\"high\" decoding=\"async\" width=\"800\" height=\"800\" src=\"https:\/\/yousanusb.com\/wp-content\/uploads\/2025\/06\/oem-metal-card-usb-flash-drive.jpg\" alt=\"oem metal card usb flash drive\" class=\"wp-image-16703\" srcset=\"https:\/\/www.yousanusb.com\/wp-content\/uploads\/2025\/06\/oem-metal-card-usb-flash-drive.jpg 800w, https:\/\/www.yousanusb.com\/wp-content\/uploads\/2025\/06\/oem-metal-card-usb-flash-drive-300x300.jpg 300w, https:\/\/www.yousanusb.com\/wp-content\/uploads\/2025\/06\/oem-metal-card-usb-flash-drive-150x150.jpg 150w, https:\/\/www.yousanusb.com\/wp-content\/uploads\/2025\/06\/oem-metal-card-usb-flash-drive-768x768.jpg 768w, https:\/\/www.yousanusb.com\/wp-content\/uploads\/2025\/06\/oem-metal-card-usb-flash-drive-12x12.jpg 12w, https:\/\/www.yousanusb.com\/wp-content\/uploads\/2025\/06\/oem-metal-card-usb-flash-drive-600x600.jpg 600w, https:\/\/www.yousanusb.com\/wp-content\/uploads\/2025\/06\/oem-metal-card-usb-flash-drive-100x100.jpg 100w\" sizes=\"(max-width: 800px) 100vw, 800px\" \/><figcaption class=\"wp-element-caption\">Oem metal card usb flash drive 3.0 interface<\/figcaption><\/figure><\/div><\/div>\n\n\n\n<div class=\"wp-block-column is-layout-flow wp-block-column-is-layout-flow\">\n<p>Il est r\u00e9sistant \u00e0 l'usure et \u00e0 la corrosion et se d\u00e9cline dans de superbes couleurs, comme le gris spatial et l'or rose. Son design est tr\u00e8s fin et son \u00e9paisseur n'est que de 1 mm. Il concilie portabilit\u00e9 et texture haut de gamme, ce qui permet de l'utiliser dans de nombreux sc\u00e9narios.<\/p>\n\n\n<div class=\"wp-block-image\">\n<figure class=\"aligncenter size-full\"><img decoding=\"async\" width=\"800\" height=\"800\" src=\"https:\/\/yousanusb.com\/wp-content\/uploads\/2025\/06\/metal-usb-micro-sd-card-reader.jpg\" alt=\"lecteur de carte usb micro sd en m\u00e9tal\" class=\"wp-image-16701\" srcset=\"https:\/\/www.yousanusb.com\/wp-content\/uploads\/2025\/06\/metal-usb-micro-sd-card-reader.jpg 800w, https:\/\/www.yousanusb.com\/wp-content\/uploads\/2025\/06\/metal-usb-micro-sd-card-reader-300x300.jpg 300w, https:\/\/www.yousanusb.com\/wp-content\/uploads\/2025\/06\/metal-usb-micro-sd-card-reader-150x150.jpg 150w, https:\/\/www.yousanusb.com\/wp-content\/uploads\/2025\/06\/metal-usb-micro-sd-card-reader-768x768.jpg 768w, https:\/\/www.yousanusb.com\/wp-content\/uploads\/2025\/06\/metal-usb-micro-sd-card-reader-12x12.jpg 12w, https:\/\/www.yousanusb.com\/wp-content\/uploads\/2025\/06\/metal-usb-micro-sd-card-reader-600x600.jpg 600w, https:\/\/www.yousanusb.com\/wp-content\/uploads\/2025\/06\/metal-usb-micro-sd-card-reader-100x100.jpg 100w\" sizes=\"(max-width: 800px) 100vw, 800px\" \/><figcaption class=\"wp-element-caption\">Carte de visite plastique usb3.0 <\/figcaption><\/figure><\/div><\/div>\n\n\n\n<div class=\"wp-block-column is-layout-flow wp-block-column-is-layout-flow\">\n<p>Disponible en<strong>8GB, 16GB, 32GB, 64GB et 128GB<\/strong>pour stocker toutes vos photos, vos documents, votre musique et vos vid\u00e9os. Plusieurs couleurs m\u00e9talliques \u00e9l\u00e9gantes et un design de carte ultra-mince allient fonctionnalit\u00e9 et esth\u00e9tique.<\/p>\n\n\n<div class=\"wp-block-image\">\n<figure class=\"aligncenter size-full\"><img decoding=\"async\" width=\"800\" height=\"800\" src=\"https:\/\/yousanusb.com\/wp-content\/uploads\/2025\/06\/metal-credit-card-usb.jpg\" alt=\"carte de cr\u00e9dit m\u00e9tal usb\" class=\"wp-image-16698\" srcset=\"https:\/\/www.yousanusb.com\/wp-content\/uploads\/2025\/06\/metal-credit-card-usb.jpg 800w, https:\/\/www.yousanusb.com\/wp-content\/uploads\/2025\/06\/metal-credit-card-usb-300x300.jpg 300w, https:\/\/www.yousanusb.com\/wp-content\/uploads\/2025\/06\/metal-credit-card-usb-150x150.jpg 150w, https:\/\/www.yousanusb.com\/wp-content\/uploads\/2025\/06\/metal-credit-card-usb-768x768.jpg 768w, https:\/\/www.yousanusb.com\/wp-content\/uploads\/2025\/06\/metal-credit-card-usb-12x12.jpg 12w, https:\/\/www.yousanusb.com\/wp-content\/uploads\/2025\/06\/metal-credit-card-usb-600x600.jpg 600w, https:\/\/www.yousanusb.com\/wp-content\/uploads\/2025\/06\/metal-credit-card-usb-100x100.jpg 100w\" sizes=\"(max-width: 800px) 100vw, 800px\" \/><figcaption class=\"wp-element-caption\">ABS 3.0 Carte de cr\u00e9dit USB<\/figcaption><\/figure><\/div><\/div>\n<\/div>\n\n\n\n<h2 class=\"wp-block-heading\">Quelle est la diff\u00e9rence entre la surface brillante et la surface bross\u00e9e d'une cl\u00e9 USB \u00e0 carte m\u00e9tallique ?<\/h2>\n\n\n\n<p>Les principales diff\u00e9rences entre les surfaces brillantes et bross\u00e9es des cl\u00e9s USB \u00e0 carte m\u00e9tallique r\u00e9sident dans la qualit\u00e9 de fabrication et les performances :<\/p>\n\n\n\n<ul class=\"wp-block-list\">\n<li><strong>Surface brillante<\/strong>: Obtenu par polissage et galvanoplastie, il pr\u00e9sente un effet miroir avec une brillance de plus de 80\u00b0, des couleurs \u00e9clatantes (par exemple, la r\u00e9flectivit\u00e9 de l'or rose &gt;90%). Cependant, la duret\u00e9 de sa surface n'est que de 2H, elle est sujette aux empreintes digitales (taux de r\u00e9sidus d'empreintes digitales ~75%) et son indice de r\u00e9sistance \u00e0 l'usure est inf\u00e9rieur \u00e0 300 cycles de frottement. Cependant, cette surface est tr\u00e8s lisse, ce qui signifie qu'elle peut facilement \u00eatre ray\u00e9e ou marqu\u00e9e par les empreintes digitales. Pour conserver un aspect propre, un nettoyage r\u00e9gulier est n\u00e9cessaire.<\/li>\n\n\n\n<li><strong>Surface bross\u00e9e<\/strong>: Form\u00e9 par sablage ou brossage pour cr\u00e9er des textures d'une profondeur de 0,02 \u00e0 0,05 mm, il pr\u00e9sente une finition mate avec une brillance &lt;20\u00b0 (par exemple, r\u00e9flectivit\u00e9 du gris spatial &lt;15%). Avec une duret\u00e9 de surface de 4H, il r\u00e9siste aux empreintes digitales (taux de r\u00e9sidus 2000 cycles de frottement. Sa friction de pr\u00e9hension est sup\u00e9rieure de 40%. Il n'est pas facilement ray\u00e9 ou tach\u00e9 par les empreintes digitales ou la poussi\u00e8re. Il est facile \u00e0 nettoyer. Il convient mieux aux sc\u00e9narios d'utilisation \u00e0 haute fr\u00e9quence.<\/li>\n<\/ul>\n\n\n\n<h2 class=\"wp-block-heading\">Quelle est la couleur de la cl\u00e9 USB 3.0 la plus populaire ?<\/h2>\n\n\n\n<p><br>La popularit\u00e9 des couleurs pour les cl\u00e9s USB \u00e0 carte 3.0 varie selon les cas, mais les tons neutres classiques comme le gris spatial et le noir mat sont actuellement les plus pris\u00e9s. Avec des finitions bross\u00e9es\/sabl\u00e9es, ces couleurs pr\u00e9sentent une brillance de &lt;20\u00b0, un taux de r\u00e9sistance aux empreintes digitales de &lt;20% et une r\u00e9sistance \u00e0 l&#039;usure sup\u00e9rieure \u00e0 2 000 cycles de frottement, \u00e9quilibrant professionnalisme discret et durabilit\u00e9 - elles repr\u00e9sentent plus de 60% de la personnalisation des entreprises et de l&#039;approvisionnement des bureaux. <\/p>\n\n\n\n<p>Ensuite, l'argent chrom\u00e9 et l'or champagne, d'une grande brillance (&gt;80%) gr\u00e2ce au polissage et \u00e0 la galvanoplastie, dominent environ 35% du march\u00e9 des cadeaux, en particulier sur les march\u00e9s asiatiques de l'\u00e9lectronique grand public. Les couleurs \u00e0 la mode comme l'or rose et le bronze \u00e0 canon, qui s'appuient sur des processus innovants (par exemple, rev\u00eatement PVD, brossage fin), ont connu une augmentation de 45% d'une ann\u00e9e sur l'autre dans les recherches de commerce \u00e9lectronique parmi les jeunes utilisateurs et dans les secteurs de la culture\/du divertissement et des sports \u00e9lectroniques, bien que les tons classiques restent le courant dominant du march\u00e9.<\/p>\n\n\n\n<div class=\"wp-block-columns is-layout-flex wp-container-core-columns-is-layout-2 wp-block-columns-is-layout-flex\">\n<div class=\"wp-block-column is-layout-flow wp-block-column-is-layout-flow\">\n<figure class=\"wp-block-image alignfull size-full\"><img loading=\"lazy\" decoding=\"async\" width=\"800\" height=\"800\" src=\"https:\/\/yousanusb.com\/wp-content\/uploads\/2025\/06\/china-metal-card-usb-flash-drive.jpg\" alt=\"china metal card usb flash drive\" class=\"wp-image-16694\" srcset=\"https:\/\/www.yousanusb.com\/wp-content\/uploads\/2025\/06\/china-metal-card-usb-flash-drive.jpg 800w, https:\/\/www.yousanusb.com\/wp-content\/uploads\/2025\/06\/china-metal-card-usb-flash-drive-300x300.jpg 300w, https:\/\/www.yousanusb.com\/wp-content\/uploads\/2025\/06\/china-metal-card-usb-flash-drive-150x150.jpg 150w, https:\/\/www.yousanusb.com\/wp-content\/uploads\/2025\/06\/china-metal-card-usb-flash-drive-768x768.jpg 768w, https:\/\/www.yousanusb.com\/wp-content\/uploads\/2025\/06\/china-metal-card-usb-flash-drive-12x12.jpg 12w, https:\/\/www.yousanusb.com\/wp-content\/uploads\/2025\/06\/china-metal-card-usb-flash-drive-600x600.jpg 600w, https:\/\/www.yousanusb.com\/wp-content\/uploads\/2025\/06\/china-metal-card-usb-flash-drive-100x100.jpg 100w\" sizes=\"(max-width: 800px) 100vw, 800px\" \/><\/figure>\n<\/div>\n\n\n\n<div class=\"wp-block-column is-layout-flow wp-block-column-is-layout-flow\">\n<figure class=\"wp-block-image alignfull size-full\"><img loading=\"lazy\" decoding=\"async\" width=\"800\" height=\"800\" src=\"https:\/\/yousanusb.com\/wp-content\/uploads\/2025\/06\/china-metal-card-usb-flash-drive-supplier.jpg\" alt=\"\" class=\"wp-image-16693\" srcset=\"https:\/\/www.yousanusb.com\/wp-content\/uploads\/2025\/06\/china-metal-card-usb-flash-drive-supplier.jpg 800w, https:\/\/www.yousanusb.com\/wp-content\/uploads\/2025\/06\/china-metal-card-usb-flash-drive-supplier-300x300.jpg 300w, https:\/\/www.yousanusb.com\/wp-content\/uploads\/2025\/06\/china-metal-card-usb-flash-drive-supplier-150x150.jpg 150w, https:\/\/www.yousanusb.com\/wp-content\/uploads\/2025\/06\/china-metal-card-usb-flash-drive-supplier-768x768.jpg 768w, https:\/\/www.yousanusb.com\/wp-content\/uploads\/2025\/06\/china-metal-card-usb-flash-drive-supplier-12x12.jpg 12w, https:\/\/www.yousanusb.com\/wp-content\/uploads\/2025\/06\/china-metal-card-usb-flash-drive-supplier-600x600.jpg 600w, https:\/\/www.yousanusb.com\/wp-content\/uploads\/2025\/06\/china-metal-card-usb-flash-drive-supplier-100x100.jpg 100w\" sizes=\"(max-width: 800px) 100vw, 800px\" \/><\/figure>\n<\/div>\n\n\n\n<div class=\"wp-block-column is-layout-flow wp-block-column-is-layout-flow\">\n<figure class=\"wp-block-image alignfull size-full\"><img loading=\"lazy\" decoding=\"async\" width=\"800\" height=\"800\" src=\"https:\/\/yousanusb.com\/wp-content\/uploads\/2025\/06\/china-metal-card-usb-flash-drive-factory.jpg\" alt=\"\" class=\"wp-image-16692\" srcset=\"https:\/\/www.yousanusb.com\/wp-content\/uploads\/2025\/06\/china-metal-card-usb-flash-drive-factory.jpg 800w, https:\/\/www.yousanusb.com\/wp-content\/uploads\/2025\/06\/china-metal-card-usb-flash-drive-factory-300x300.jpg 300w, https:\/\/www.yousanusb.com\/wp-content\/uploads\/2025\/06\/china-metal-card-usb-flash-drive-factory-150x150.jpg 150w, https:\/\/www.yousanusb.com\/wp-content\/uploads\/2025\/06\/china-metal-card-usb-flash-drive-factory-768x768.jpg 768w, https:\/\/www.yousanusb.com\/wp-content\/uploads\/2025\/06\/china-metal-card-usb-flash-drive-factory-12x12.jpg 12w, https:\/\/www.yousanusb.com\/wp-content\/uploads\/2025\/06\/china-metal-card-usb-flash-drive-factory-600x600.jpg 600w, https:\/\/www.yousanusb.com\/wp-content\/uploads\/2025\/06\/china-metal-card-usb-flash-drive-factory-100x100.jpg 100w\" sizes=\"(max-width: 800px) 100vw, 800px\" \/><\/figure>\n<\/div>\n<\/div>\n\n\n\n<p>\u200b<\/p>\n\n\n\n<h2 class=\"wp-block-heading\">Puis-je le personnaliser avec le logo de mon entreprise ou de ma personne ? <\/h2>\n\n\n\n<p>Le recto et le verso de la carte m\u00e9tallique peuvent \u00eatre personnalis\u00e9s :<\/p>\n\n\n\n<ul class=\"wp-block-list\">\n<li><strong>Impression en couleur.<\/strong>Technologie multicolore avanc\u00e9e pour des logos \u00e9clatants et photor\u00e9alistes avec des d\u00e9grad\u00e9s et des dessins complexes.<\/li>\n\n\n\n<li><strong>Gravure laser du logo :<\/strong>La gravure au laser de logos sur des cl\u00e9s USB en m\u00e9tal utilise une technologie laser de haute pr\u00e9cision pour graver des motifs ou du texte sur la surface m\u00e9tallique, cr\u00e9ant ainsi des marques permanentes et r\u00e9sistantes \u00e0 l'usure, avec des d\u00e9tails fins et une finition \u00e9l\u00e9gante et professionnelle. Ce proc\u00e9d\u00e9 garantit que le logo reste clair et intact m\u00eame apr\u00e8s une utilisation prolong\u00e9e, ce qui renforce la reconnaissance de la marque et l'attrait esth\u00e9tique du produit.<\/li>\n<\/ul>\n\n\n\n<div class=\"wp-block-columns is-layout-flex wp-container-core-columns-is-layout-3 wp-block-columns-is-layout-flex\">\n<div class=\"wp-block-column is-layout-flow wp-block-column-is-layout-flow\"><div class=\"wp-block-image\">\n<figure class=\"aligncenter size-full\"><img loading=\"lazy\" decoding=\"async\" width=\"800\" height=\"800\" src=\"https:\/\/yousanusb.com\/wp-content\/uploads\/2025\/06\/oem-metal-card-usb-flash-drive-china-factory.jpg\" alt=\"oem metal card usb flash drive china factory\" class=\"wp-image-16702\" srcset=\"https:\/\/www.yousanusb.com\/wp-content\/uploads\/2025\/06\/oem-metal-card-usb-flash-drive-china-factory.jpg 800w, https:\/\/www.yousanusb.com\/wp-content\/uploads\/2025\/06\/oem-metal-card-usb-flash-drive-china-factory-300x300.jpg 300w, https:\/\/www.yousanusb.com\/wp-content\/uploads\/2025\/06\/oem-metal-card-usb-flash-drive-china-factory-150x150.jpg 150w, https:\/\/www.yousanusb.com\/wp-content\/uploads\/2025\/06\/oem-metal-card-usb-flash-drive-china-factory-768x768.jpg 768w, https:\/\/www.yousanusb.com\/wp-content\/uploads\/2025\/06\/oem-metal-card-usb-flash-drive-china-factory-12x12.jpg 12w, https:\/\/www.yousanusb.com\/wp-content\/uploads\/2025\/06\/oem-metal-card-usb-flash-drive-china-factory-600x600.jpg 600w, https:\/\/www.yousanusb.com\/wp-content\/uploads\/2025\/06\/oem-metal-card-usb-flash-drive-china-factory-100x100.jpg 100w\" sizes=\"(max-width: 800px) 100vw, 800px\" \/><figcaption class=\"wp-element-caption\">Impression en couleur du logo<\/figcaption><\/figure><\/div><\/div>\n\n\n\n<div class=\"wp-block-column is-layout-flow wp-block-column-is-layout-flow\"><div class=\"wp-block-image\">\n<figure class=\"aligncenter size-full\"><img loading=\"lazy\" decoding=\"async\" width=\"800\" height=\"800\" src=\"https:\/\/yousanusb.com\/wp-content\/uploads\/2025\/06\/samsung-metal-otg-usb-card.jpg\" alt=\"carte usb samsung metal otg\" class=\"wp-image-16704\" srcset=\"https:\/\/www.yousanusb.com\/wp-content\/uploads\/2025\/06\/samsung-metal-otg-usb-card.jpg 800w, https:\/\/www.yousanusb.com\/wp-content\/uploads\/2025\/06\/samsung-metal-otg-usb-card-300x300.jpg 300w, https:\/\/www.yousanusb.com\/wp-content\/uploads\/2025\/06\/samsung-metal-otg-usb-card-150x150.jpg 150w, https:\/\/www.yousanusb.com\/wp-content\/uploads\/2025\/06\/samsung-metal-otg-usb-card-768x768.jpg 768w, https:\/\/www.yousanusb.com\/wp-content\/uploads\/2025\/06\/samsung-metal-otg-usb-card-12x12.jpg 12w, https:\/\/www.yousanusb.com\/wp-content\/uploads\/2025\/06\/samsung-metal-otg-usb-card-600x600.jpg 600w, https:\/\/www.yousanusb.com\/wp-content\/uploads\/2025\/06\/samsung-metal-otg-usb-card-100x100.jpg 100w\" sizes=\"(max-width: 800px) 100vw, 800px\" \/><figcaption class=\"wp-element-caption\">Gravure laser du logo<\/figcaption><\/figure><\/div><\/div>\n<\/div>\n\n\n\n<h2 class=\"wp-block-heading\">\u00c9tudes de cas de logos personnalis\u00e9s sur des cl\u00e9s USB 3.0 \u00e0 carte m\u00e9tallique<\/h2>\n\n\n\n<p>\u00c0 l'occasion du lancement d'un smartphone, une entreprise technologique a distribu\u00e9 des cl\u00e9s USB en m\u00e9tal portant le logo de sa marque gr\u00e2ce \u00e0 une gravure laser de pr\u00e9cision. Ces cl\u00e9s ont servi de cadeaux de choix pour les m\u00e9dias et les participants, renfor\u00e7ant ainsi la visibilit\u00e9 de la marque lors de la promotion du produit.<\/p>\n\n\n\n<div class=\"wp-block-columns is-layout-flex wp-container-core-columns-is-layout-4 wp-block-columns-is-layout-flex\">\n<div class=\"wp-block-column is-layout-flow wp-block-column-is-layout-flow\">\n<figure class=\"wp-block-image size-full\"><img loading=\"lazy\" decoding=\"async\" width=\"800\" height=\"800\" src=\"https:\/\/yousanusb.com\/wp-content\/uploads\/2025\/06\/custom-metal-card-usb-flash-drive.jpg\" alt=\"carte m\u00e9tal personnalis\u00e9e cl\u00e9 usb\" class=\"wp-image-16695\" srcset=\"https:\/\/www.yousanusb.com\/wp-content\/uploads\/2025\/06\/custom-metal-card-usb-flash-drive.jpg 800w, https:\/\/www.yousanusb.com\/wp-content\/uploads\/2025\/06\/custom-metal-card-usb-flash-drive-300x300.jpg 300w, https:\/\/www.yousanusb.com\/wp-content\/uploads\/2025\/06\/custom-metal-card-usb-flash-drive-150x150.jpg 150w, https:\/\/www.yousanusb.com\/wp-content\/uploads\/2025\/06\/custom-metal-card-usb-flash-drive-768x768.jpg 768w, https:\/\/www.yousanusb.com\/wp-content\/uploads\/2025\/06\/custom-metal-card-usb-flash-drive-12x12.jpg 12w, https:\/\/www.yousanusb.com\/wp-content\/uploads\/2025\/06\/custom-metal-card-usb-flash-drive-600x600.jpg 600w, https:\/\/www.yousanusb.com\/wp-content\/uploads\/2025\/06\/custom-metal-card-usb-flash-drive-100x100.jpg 100w\" sizes=\"(max-width: 800px) 100vw, 800px\" \/><\/figure>\n<\/div>\n\n\n\n<div class=\"wp-block-column is-layout-flow wp-block-column-is-layout-flow\">\n<figure class=\"wp-block-image size-full\"><img loading=\"lazy\" decoding=\"async\" width=\"800\" height=\"800\" src=\"https:\/\/yousanusb.com\/wp-content\/uploads\/2025\/06\/metal-usb-business-card.jpg\" alt=\"\" class=\"wp-image-16699\" srcset=\"https:\/\/www.yousanusb.com\/wp-content\/uploads\/2025\/06\/metal-usb-business-card.jpg 800w, https:\/\/www.yousanusb.com\/wp-content\/uploads\/2025\/06\/metal-usb-business-card-300x300.jpg 300w, https:\/\/www.yousanusb.com\/wp-content\/uploads\/2025\/06\/metal-usb-business-card-150x150.jpg 150w, https:\/\/www.yousanusb.com\/wp-content\/uploads\/2025\/06\/metal-usb-business-card-768x768.jpg 768w, https:\/\/www.yousanusb.com\/wp-content\/uploads\/2025\/06\/metal-usb-business-card-12x12.jpg 12w, https:\/\/www.yousanusb.com\/wp-content\/uploads\/2025\/06\/metal-usb-business-card-600x600.jpg 600w, https:\/\/www.yousanusb.com\/wp-content\/uploads\/2025\/06\/metal-usb-business-card-100x100.jpg 100w\" sizes=\"(max-width: 800px) 100vw, 800px\" \/><\/figure>\n<\/div>\n\n\n\n<div class=\"wp-block-column is-layout-flow wp-block-column-is-layout-flow\">\n<figure class=\"wp-block-image size-full\"><img loading=\"lazy\" decoding=\"async\" width=\"800\" height=\"800\" src=\"https:\/\/yousanusb.com\/wp-content\/uploads\/2025\/06\/Metal-Card-USB-Flash-Drive-Usage-Diagram.jpg\" alt=\"Diagramme d&#039;utilisation de la cl\u00e9 USB Metal Card\" class=\"wp-image-16696\" srcset=\"https:\/\/www.yousanusb.com\/wp-content\/uploads\/2025\/06\/Metal-Card-USB-Flash-Drive-Usage-Diagram.jpg 800w, https:\/\/www.yousanusb.com\/wp-content\/uploads\/2025\/06\/Metal-Card-USB-Flash-Drive-Usage-Diagram-300x300.jpg 300w, https:\/\/www.yousanusb.com\/wp-content\/uploads\/2025\/06\/Metal-Card-USB-Flash-Drive-Usage-Diagram-150x150.jpg 150w, https:\/\/www.yousanusb.com\/wp-content\/uploads\/2025\/06\/Metal-Card-USB-Flash-Drive-Usage-Diagram-768x768.jpg 768w, https:\/\/www.yousanusb.com\/wp-content\/uploads\/2025\/06\/Metal-Card-USB-Flash-Drive-Usage-Diagram-12x12.jpg 12w, https:\/\/www.yousanusb.com\/wp-content\/uploads\/2025\/06\/Metal-Card-USB-Flash-Drive-Usage-Diagram-600x600.jpg 600w, https:\/\/www.yousanusb.com\/wp-content\/uploads\/2025\/06\/Metal-Card-USB-Flash-Drive-Usage-Diagram-100x100.jpg 100w\" sizes=\"(max-width: 800px) 100vw, 800px\" \/><\/figure>\n<\/div>\n<\/div>\n\n\n\n<p>En r\u00e9sum\u00e9, cette cl\u00e9 USB 3.0 en m\u00e9tal avec puce longboard combine des vitesses fulgurantes (USB 3.0), une capacit\u00e9 g\u00e9n\u00e9reuse (8-128 Go), une durabilit\u00e9 robuste (construction en m\u00e9tal), des couleurs \u00e9l\u00e9gantes et un marquage personnalisable. Que ce soit pour une sauvegarde efficace des donn\u00e9es, un partage rapide des fichiers ou comme cadeau d'entreprise distinctif, c'est une solution de stockage portable fiable et attrayante qui sert \u00e9galement de carte de visite professionnelle !<\/p>","protected":false},"excerpt":{"rendered":"<ul>\n<li>Alliage d'aluminium<\/li>\n<li>La plupart des couleurs peuvent \u00eatre choisies.<\/li>\n<li>Bo\u00eetier m\u00e9tallique : finition bross\u00e9e et surface lisse<\/li>\n<li>Prise en charge de la gravure au laser<\/li>\n<li>MOQ:100pcs<\/li>\n<\/ul>","protected":false},"featured_media":16697,"comment_status":"open","ping_status":"closed","template":"","meta":{"_seopress_robots_primary_cat":"none","_seopress_titles_title":"","_seopress_titles_desc":"","_seopress_robots_index":""},"class_list":["post-16684","product","type-product","status-publish","has-post-thumbnail","hentry","product_cat-usb30-flash-drive","product_cat-card-usb-flash-drive","product_tag-aluminium-card-usb-flash-drive","product_tag-aluminum-flash-drive","product_tag-metal-card-usb-drive","product_tag-usb3-0-card-shaped-drive"],"_links":{"self":[{"href":"https:\/\/www.yousanusb.com\/fr\/wp-json\/wp\/v2\/product\/16684"}],"collection":[{"href":"https:\/\/www.yousanusb.com\/fr\/wp-json\/wp\/v2\/product"}],"about":[{"href":"https:\/\/www.yousanusb.com\/fr\/wp-json\/wp\/v2\/types\/product"}],"replies":[{"embeddable":true,"href":"https:\/\/www.yousanusb.com\/fr\/wp-json\/wp\/v2\/comments?post=16684"}],"wp:featuredmedia":[{"embeddable":true,"href":"https:\/\/www.yousanusb.com\/fr\/wp-json\/wp\/v2\/media\/16697"}],"wp:attachment":[{"href":"https:\/\/www.yousanusb.com\/fr\/wp-json\/wp\/v2\/media?parent=16684"}],"curies":[{"name":"wp","href":"https:\/\/api.w.org\/{rel}","templated":true}]}}