{"id":16984,"date":"2025-06-11T17:14:07","date_gmt":"2025-06-11T17:14:07","guid":{"rendered":"https:\/\/yousanusb.com\/?post_type=product&#038;p=16984"},"modified":"2025-10-16T13:34:04","modified_gmt":"2025-10-16T13:34:04","slug":"standard-degradable-rotating-usb-flash-drive","status":"publish","type":"product","link":"https:\/\/www.yousanusb.com\/fr\/produit\/standard-degradable-rotating-usb-flash-drive\/","title":{"rendered":"Cl\u00e9 USB rotative d\u00e9gradable standard"},"content":{"rendered":"<h2 class=\"wp-block-heading\">1. Qu'est-ce qu'une cl\u00e9 USB rotative d\u00e9gradable standard ?<\/h2>\n\n\n\n<div class=\"wp-block-columns is-layout-flex wp-container-core-columns-is-layout-1 wp-block-columns-is-layout-flex\">\n<div class=\"wp-block-column is-layout-flow wp-block-column-is-layout-flow\">\n<figure class=\"wp-block-image size-full\"><img fetchpriority=\"high\" decoding=\"async\" width=\"800\" height=\"800\" src=\"https:\/\/yousanusb.com\/wp-content\/uploads\/2025\/06\/Classic-Rotating-Biodegradable-USB-Drive.jpg\" alt=\"Cl\u00e9 USB biod\u00e9gradable rotative classique\" class=\"wp-image-16988\" srcset=\"https:\/\/www.yousanusb.com\/wp-content\/uploads\/2025\/06\/Classic-Rotating-Biodegradable-USB-Drive.jpg 800w, https:\/\/www.yousanusb.com\/wp-content\/uploads\/2025\/06\/Classic-Rotating-Biodegradable-USB-Drive-300x300.jpg 300w, https:\/\/www.yousanusb.com\/wp-content\/uploads\/2025\/06\/Classic-Rotating-Biodegradable-USB-Drive-150x150.jpg 150w, https:\/\/www.yousanusb.com\/wp-content\/uploads\/2025\/06\/Classic-Rotating-Biodegradable-USB-Drive-768x768.jpg 768w, https:\/\/www.yousanusb.com\/wp-content\/uploads\/2025\/06\/Classic-Rotating-Biodegradable-USB-Drive-12x12.jpg 12w, https:\/\/www.yousanusb.com\/wp-content\/uploads\/2025\/06\/Classic-Rotating-Biodegradable-USB-Drive-600x600.jpg 600w, https:\/\/www.yousanusb.com\/wp-content\/uploads\/2025\/06\/Classic-Rotating-Biodegradable-USB-Drive-100x100.jpg 100w\" sizes=\"(max-width: 800px) 100vw, 800px\" \/><\/figure>\n<\/div>\n\n\n\n<div class=\"wp-block-column is-vertically-aligned-center is-layout-flow wp-block-column-is-layout-flow\">\n<p>La cl\u00e9 USB rotative d\u00e9gradable est un classique am\u00e9lior\u00e9 \"respirant\" ! Reprenant le design bien aim\u00e9 du clip sans capuchon rotatif \u00e0 360\u00b0, la coque passe du plastique traditionnel au biopolym\u00e8re d\u00e9gradable 100%, fabriqu\u00e9 \u00e0 partir de plantes renouvelables telles que l'amidon de ma\u00efs et la paille de bl\u00e9. <\/p>\n\n\n\n<p>Il se d\u00e9compose naturellement dans les environnements de compostage industriel, r\u00e9duisant la pollution blanche de 80%. Tout en conservant la sensation de rotation douce et le look r\u00e9tro, ce design classique est revitalis\u00e9 par une vitalit\u00e9 \u00e9cologique, \u00e9quilibrant praticit\u00e9 et durabilit\u00e9 pour le stockage au bureau, les cadeaux d'affaires ou l'usage personnel.<\/p>\n<\/div>\n<\/div>\n\n\n\n<h2 class=\"wp-block-heading\">2. Configuration de l'interface de la cl\u00e9 USB d\u00e9gradable et param\u00e8tres de base  <\/h2>\n\n\n\n<p>Trois mod\u00e8les d'interface sont propos\u00e9s en fonction de la vitesse de transmission et des besoins de stockage, s'adaptant ainsi \u00e0 diff\u00e9rents sc\u00e9narios :<\/p>\n\n\n\n<div class=\"wp-block-columns is-layout-flex wp-container-core-columns-is-layout-2 wp-block-columns-is-layout-flex\">\n<div class=\"wp-block-column is-layout-flow wp-block-column-is-layout-flow\"><div class=\"wp-block-image\">\n<figure class=\"aligncenter size-full\"><img decoding=\"async\" width=\"800\" height=\"600\" src=\"https:\/\/yousanusb.com\/wp-content\/uploads\/2025\/06\/Rotating-Degradable-USB-Flash-Drive.jpg\" alt=\"Cl\u00e9 USB rotative d\u00e9gradable\" class=\"wp-image-16992\" srcset=\"https:\/\/www.yousanusb.com\/wp-content\/uploads\/2025\/06\/Rotating-Degradable-USB-Flash-Drive.jpg 800w, https:\/\/www.yousanusb.com\/wp-content\/uploads\/2025\/06\/Rotating-Degradable-USB-Flash-Drive-300x225.jpg 300w, https:\/\/www.yousanusb.com\/wp-content\/uploads\/2025\/06\/Rotating-Degradable-USB-Flash-Drive-768x576.jpg 768w, https:\/\/www.yousanusb.com\/wp-content\/uploads\/2025\/06\/Rotating-Degradable-USB-Flash-Drive-16x12.jpg 16w, https:\/\/www.yousanusb.com\/wp-content\/uploads\/2025\/06\/Rotating-Degradable-USB-Flash-Drive-600x450.jpg 600w\" sizes=\"(max-width: 800px) 100vw, 800px\" \/><figcaption class=\"wp-element-caption\">USB3.0<\/figcaption><\/figure><\/div><\/div>\n\n\n\n<div class=\"wp-block-column is-layout-flow wp-block-column-is-layout-flow\"><div class=\"wp-block-image\">\n<figure class=\"aligncenter size-full\"><img decoding=\"async\" width=\"800\" height=\"600\" src=\"https:\/\/yousanusb.com\/wp-content\/uploads\/2025\/06\/Standard-Degradable-Rotating-USB-Flash-Drive.jpg\" alt=\"Cl\u00e9 USB rotative d\u00e9gradable standard\" class=\"wp-image-16996\" srcset=\"https:\/\/www.yousanusb.com\/wp-content\/uploads\/2025\/06\/Standard-Degradable-Rotating-USB-Flash-Drive.jpg 800w, https:\/\/www.yousanusb.com\/wp-content\/uploads\/2025\/06\/Standard-Degradable-Rotating-USB-Flash-Drive-300x225.jpg 300w, https:\/\/www.yousanusb.com\/wp-content\/uploads\/2025\/06\/Standard-Degradable-Rotating-USB-Flash-Drive-768x576.jpg 768w, https:\/\/www.yousanusb.com\/wp-content\/uploads\/2025\/06\/Standard-Degradable-Rotating-USB-Flash-Drive-16x12.jpg 16w, https:\/\/www.yousanusb.com\/wp-content\/uploads\/2025\/06\/Standard-Degradable-Rotating-USB-Flash-Drive-600x450.jpg 600w\" sizes=\"(max-width: 800px) 100vw, 800px\" \/><figcaption class=\"wp-element-caption\">USB2.0<\/figcaption><\/figure><\/div><\/div>\n<\/div>\n\n\n\n<figure class=\"wp-block-table\"><table class=\"has-fixed-layout\"><tbody><tr><td>Mod\u00e8le<\/td><td>Mod\u00e8le de base USB 2.0<\/td><td>Mod\u00e8le USB 3.0 \u00e0 grande vitesse<\/td><td>Mod\u00e8le USB 3.1 ultra-rapide<\/td><\/tr><tr><td>Type d'interface<\/td><td>USB 2.0 (vitesse standard)<\/td><td>USB 3.0 (5 fois plus rapide)<\/td><td>USB 3.1 (10 fois plus rapide)<\/td><\/tr><tr><td>Capacit\u00e9 de stockage<\/td><td>8GB \/ 16GB \/ 32GB<\/td><td>16GB \/ 32GB \/ 64GB<\/td><td>32GB \/ 64GB \/ 128GB<\/td><\/tr><tr><td>Vitesse de lecture\/\u00e9criture<\/td><td>Lecture \u224815MB\/s \u00c9criture \u22485MB\/s<\/td><td>Lecture \u2248100MB\/s \u00c9criture \u224830MB\/s<\/td><td>Lecture \u2248150MB\/s \u00c9criture \u224850MB\/s<\/td><\/tr><tr><td>Dimensions<\/td><td>60mm\u00d717mm\u00d78mm<\/td><td>60mm\u00d717mm\u00d78mm<\/td><td>60mm\u00d717mm\u00d78mm<\/td><\/tr><tr><td>Poids<\/td><td>Environ 20 g (durable et l\u00e9ger)<\/td><td>Environ 20 g (portable)<\/td><td>Environ 20 g (conception l\u00e9g\u00e8re \u00e0 haute r\u00e9sistance)<\/td><\/tr><tr><td>Mat\u00e9riau de la coque<\/td><td>Biopolym\u00e8re d\u00e9gradable \u00e0 base d'amidon de ma\u00efs<\/td><td>Mat\u00e9riau composite d\u00e9gradable \u00e0 base de paille de bl\u00e9<\/td><td>Mat\u00e9riau d\u00e9gradable renforc\u00e9 de fibres v\u00e9g\u00e9tales<\/td><\/tr><tr><td>Appareils compatibles<\/td><td>Plug-and-play (Windows\/Mac\/Linux)<\/td><td>Prise en charge de la transmission vid\u00e9o HD rapide<\/td><td>Mat\u00e9riaux 4K professionnels \/ sauvegarde des donn\u00e9es volumineuses<\/td><\/tr><tr><td>Sc\u00e9narios d'application<\/td><td>Documents quotidiens \/ stockage des dossiers de base<\/td><td>Vid\u00e9os HD \/ transfert de fichiers de conception<\/td><td>Traitement des donn\u00e9es industrielles \/ sauvegarde ultra-rapide<\/td><\/tr><\/tbody><\/table><\/figure>\n\n\n\n<p><strong>Avantages communs<\/strong>: Tous les mod\u00e8les sont dot\u00e9s d'un clip rotatif \u00e0 360\u00b0, sont compatibles avec la fonction \"plug-and-play\" des ordinateurs et ont obtenu la double certification FSC (Forest Stewardship Council) et RoHS (Restriction of Hazardous Substances).<\/p>\n\n\n\n<div class=\"wp-block-columns is-layout-flex wp-container-core-columns-is-layout-3 wp-block-columns-is-layout-flex\">\n<div class=\"wp-block-column is-layout-flow wp-block-column-is-layout-flow\">\n<figure class=\"wp-block-image size-full\"><img loading=\"lazy\" decoding=\"async\" width=\"800\" height=\"800\" src=\"https:\/\/yousanusb.com\/wp-content\/uploads\/2025\/06\/Basic-Rotating-Biodegradable-USB-Memory-Stick.jpg\" alt=\"Cl\u00e9 USB biod\u00e9gradable rotative Basic\" class=\"wp-image-16987\" srcset=\"https:\/\/www.yousanusb.com\/wp-content\/uploads\/2025\/06\/Basic-Rotating-Biodegradable-USB-Memory-Stick.jpg 800w, https:\/\/www.yousanusb.com\/wp-content\/uploads\/2025\/06\/Basic-Rotating-Biodegradable-USB-Memory-Stick-300x300.jpg 300w, https:\/\/www.yousanusb.com\/wp-content\/uploads\/2025\/06\/Basic-Rotating-Biodegradable-USB-Memory-Stick-150x150.jpg 150w, https:\/\/www.yousanusb.com\/wp-content\/uploads\/2025\/06\/Basic-Rotating-Biodegradable-USB-Memory-Stick-768x768.jpg 768w, https:\/\/www.yousanusb.com\/wp-content\/uploads\/2025\/06\/Basic-Rotating-Biodegradable-USB-Memory-Stick-12x12.jpg 12w, https:\/\/www.yousanusb.com\/wp-content\/uploads\/2025\/06\/Basic-Rotating-Biodegradable-USB-Memory-Stick-600x600.jpg 600w, https:\/\/www.yousanusb.com\/wp-content\/uploads\/2025\/06\/Basic-Rotating-Biodegradable-USB-Memory-Stick-100x100.jpg 100w\" sizes=\"(max-width: 800px) 100vw, 800px\" \/><\/figure>\n<\/div>\n\n\n\n<div class=\"wp-block-column is-layout-flow wp-block-column-is-layout-flow\">\n<figure class=\"wp-block-image size-full\"><img loading=\"lazy\" decoding=\"async\" width=\"800\" height=\"800\" src=\"https:\/\/yousanusb.com\/wp-content\/uploads\/2025\/06\/Standard-Degradable-Rotating-USB-Flash-Drive-with-logo.jpg\" alt=\"Cl\u00e9 USB rotative d\u00e9gradable standard avec logo\" class=\"wp-image-16995\" srcset=\"https:\/\/www.yousanusb.com\/wp-content\/uploads\/2025\/06\/Standard-Degradable-Rotating-USB-Flash-Drive-with-logo.jpg 800w, https:\/\/www.yousanusb.com\/wp-content\/uploads\/2025\/06\/Standard-Degradable-Rotating-USB-Flash-Drive-with-logo-300x300.jpg 300w, https:\/\/www.yousanusb.com\/wp-content\/uploads\/2025\/06\/Standard-Degradable-Rotating-USB-Flash-Drive-with-logo-150x150.jpg 150w, https:\/\/www.yousanusb.com\/wp-content\/uploads\/2025\/06\/Standard-Degradable-Rotating-USB-Flash-Drive-with-logo-768x768.jpg 768w, https:\/\/www.yousanusb.com\/wp-content\/uploads\/2025\/06\/Standard-Degradable-Rotating-USB-Flash-Drive-with-logo-12x12.jpg 12w, https:\/\/www.yousanusb.com\/wp-content\/uploads\/2025\/06\/Standard-Degradable-Rotating-USB-Flash-Drive-with-logo-600x600.jpg 600w, https:\/\/www.yousanusb.com\/wp-content\/uploads\/2025\/06\/Standard-Degradable-Rotating-USB-Flash-Drive-with-logo-100x100.jpg 100w\" sizes=\"(max-width: 800px) 100vw, 800px\" \/><\/figure>\n<\/div>\n<\/div>\n\n\n\n<h2 class=\"wp-block-heading\">3. Pourquoi cette cl\u00e9 USB est-elle un \"cadeau id\u00e9al\" ? <\/h2>\n\n\n\n<p>Quatre avantages essentiels pour que les cadeaux fassent plus chaud au c\u0153ur<\/p>\n\n\n\n<h3 class=\"wp-block-heading\">(1) Clip rotatif classique<\/h3>\n\n\n\n<ul class=\"wp-block-list\">\n<li>La solution aux probl\u00e8mes de conception des capuchons : Le clip rotatif peut \u00eatre fix\u00e9 sur les cl\u00e9s, les sacs \u00e0 dos ou les ordinateurs portables pour un acc\u00e8s facile, ce qui permet de dire adieu aux probl\u00e8mes de \"perte de bouchons\". La forme classique convient aux utilisateurs de tous \u00e2ges.<\/li>\n\n\n\n<li>Durabilit\u00e9 test\u00e9e : Test\u00e9 \u00e0 plus de 10 000 reprises, l'arbre rotatif est bien serr\u00e9 et ne se desserre pas. Il reste lisse apr\u00e8s une utilisation prolong\u00e9e.<\/li>\n<\/ul>\n\n\n\n<h3 class=\"wp-block-heading\">(2) Mat\u00e9riaux respectueux de l'environnement et certifications reconnues<\/h3>\n\n\n\n<ul class=\"wp-block-list\">\n<li>Technologie noire d\u00e9gradable : Les mat\u00e9riaux Shell proviennent de la nature et retournent \u00e0 la nature, se d\u00e9composant progressivement en eau, en dioxyde de carbone et en biomasse dans un d\u00e9lai de 1 \u00e0 3 ans apr\u00e8s leur \u00e9limination, r\u00e9duisant ainsi la d\u00e9pendance \u00e0 l'\u00e9gard du plastique \u00e0 la source.<\/li>\n\n\n\n<li>Double certification : La certification FSC garantit un approvisionnement durable en mati\u00e8res premi\u00e8res et la certification RoHS \u00e9limine plus de 10 substances nocives telles que le plomb et le mercure, conform\u00e9ment aux normes environnementales europ\u00e9ennes et am\u00e9ricaines strictes, ce qui conf\u00e8re aux cadeaux un aspect plus haut de gamme et plus conforme.<\/li>\n<\/ul>\n\n\n\n<div class=\"wp-block-columns is-layout-flex wp-container-core-columns-is-layout-4 wp-block-columns-is-layout-flex\">\n<div class=\"wp-block-column is-layout-flow wp-block-column-is-layout-flow\">\n<figure class=\"wp-block-image size-full\"><img loading=\"lazy\" decoding=\"async\" width=\"800\" height=\"600\" src=\"https:\/\/yousanusb.com\/wp-content\/uploads\/2025\/06\/Degradable-USB-Flash-Drive.jpg\" alt=\"Cl\u00e9 USB d\u00e9gradable\" class=\"wp-image-16990\" srcset=\"https:\/\/www.yousanusb.com\/wp-content\/uploads\/2025\/06\/Degradable-USB-Flash-Drive.jpg 800w, https:\/\/www.yousanusb.com\/wp-content\/uploads\/2025\/06\/Degradable-USB-Flash-Drive-300x225.jpg 300w, https:\/\/www.yousanusb.com\/wp-content\/uploads\/2025\/06\/Degradable-USB-Flash-Drive-768x576.jpg 768w, https:\/\/www.yousanusb.com\/wp-content\/uploads\/2025\/06\/Degradable-USB-Flash-Drive-16x12.jpg 16w, https:\/\/www.yousanusb.com\/wp-content\/uploads\/2025\/06\/Degradable-USB-Flash-Drive-600x450.jpg 600w\" sizes=\"(max-width: 800px) 100vw, 800px\" \/><\/figure>\n<\/div>\n\n\n\n<div class=\"wp-block-column is-layout-flow wp-block-column-is-layout-flow\">\n<figure class=\"wp-block-image size-full\"><img loading=\"lazy\" decoding=\"async\" width=\"800\" height=\"600\" src=\"https:\/\/yousanusb.com\/wp-content\/uploads\/2025\/06\/Common-Rotating-Degradable-USB-Flash-Drive.jpg\" alt=\"Cl\u00e9 USB commune rotative d\u00e9gradable\" class=\"wp-image-16989\" srcset=\"https:\/\/www.yousanusb.com\/wp-content\/uploads\/2025\/06\/Common-Rotating-Degradable-USB-Flash-Drive.jpg 800w, https:\/\/www.yousanusb.com\/wp-content\/uploads\/2025\/06\/Common-Rotating-Degradable-USB-Flash-Drive-300x225.jpg 300w, https:\/\/www.yousanusb.com\/wp-content\/uploads\/2025\/06\/Common-Rotating-Degradable-USB-Flash-Drive-768x576.jpg 768w, https:\/\/www.yousanusb.com\/wp-content\/uploads\/2025\/06\/Common-Rotating-Degradable-USB-Flash-Drive-16x12.jpg 16w, https:\/\/www.yousanusb.com\/wp-content\/uploads\/2025\/06\/Common-Rotating-Degradable-USB-Flash-Drive-600x450.jpg 600w\" sizes=\"(max-width: 800px) 100vw, 800px\" \/><\/figure>\n<\/div>\n<\/div>\n\n\n\n<h3 class=\"wp-block-heading\">(3) Personnalisation complexe du logo<\/h3>\n\n\n\n<ul class=\"wp-block-list\">\n<li>Impression HD recto-verso : Prise en charge de l'impression sur soie (style monochrome minimaliste) et de l'impression couleur (haute pr\u00e9cision). Qu'il s'agisse d'un logo d'entreprise, d'un IP d'\u00e9v\u00e9nement ou d'un motif personnalis\u00e9, il peut \u00eatre pr\u00e9sent\u00e9 avec pr\u00e9cision, avec des d\u00e9tails clairs et sans d\u00e9coloration.<\/li>\n\n\n\n<li>Flexibilit\u00e9 de la personnalisation : Des petites entreprises en d\u00e9marrage aux marques internationales, des services de conception \u00e0 guichet unique sont fournis, avec une quantit\u00e9 minimale de commande de 100 pi\u00e8ces (les couleurs personnalis\u00e9es requi\u00e8rent une commande minimale de 1 000 pi\u00e8ces).<\/li>\n<\/ul>\n\n\n\n<h3 class=\"wp-block-heading\">(4) Emballage \u00e9cologique en option : Une proposition verte de l'int\u00e9rieur \u00e0 l'ext\u00e9rieur <\/h3>\n\n\n\n<ul class=\"wp-block-list\">\n<li>Emballage \u00e9cologique standard : Bo\u00eetes en fibre de paille d\u00e9gradables ou sacs en PP recyclables, dont la texture naturelle fait \u00e9cho au concept du produit.<\/li>\n\n\n\n<li>Emballage personnalis\u00e9 am\u00e9lior\u00e9 : Il prend en charge les bo\u00eetes en papier d\u00e9gradable exclusives \u00e0 la marque, les sacs en coton biologique ou les coffrets cadeaux haut de gamme. L'impression de l'emballage est \u00e9galement respectueuse de l'environnement, ce qui permet de cr\u00e9er une cha\u00eene compl\u00e8te de communication de la marque.<\/li>\n<\/ul>\n\n\n\n<div class=\"wp-block-columns is-layout-flex wp-container-core-columns-is-layout-5 wp-block-columns-is-layout-flex\">\n<div class=\"wp-block-column is-vertically-aligned-center is-layout-flow wp-block-column-is-layout-flow\">\n<figure class=\"wp-block-image size-full\"><img loading=\"lazy\" decoding=\"async\" width=\"600\" height=\"400\" src=\"https:\/\/yousanusb.com\/wp-content\/uploads\/2025\/06\/\u56fe\u5c42-1-2.jpg\" alt=\"Cl\u00e9 USB \u00e9co-d\u00e9gradable\" class=\"wp-image-16998\" srcset=\"https:\/\/www.yousanusb.com\/wp-content\/uploads\/2025\/06\/\u56fe\u5c42-1-2.jpg 600w, https:\/\/www.yousanusb.com\/wp-content\/uploads\/2025\/06\/\u56fe\u5c42-1-2-300x200.jpg 300w, https:\/\/www.yousanusb.com\/wp-content\/uploads\/2025\/06\/\u56fe\u5c42-1-2-18x12.jpg 18w\" sizes=\"(max-width: 600px) 100vw, 600px\" \/><\/figure>\n<\/div>\n\n\n\n<div class=\"wp-block-column is-layout-flow wp-block-column-is-layout-flow\">\n<figure class=\"wp-block-image size-full\"><img loading=\"lazy\" decoding=\"async\" width=\"800\" height=\"800\" src=\"https:\/\/yousanusb.com\/wp-content\/uploads\/2025\/06\/\u56fe\u5c42-20-1.jpg\" alt=\"Cl\u00e9 USB rotative d\u00e9gradable classique\" class=\"wp-image-16997\" srcset=\"https:\/\/www.yousanusb.com\/wp-content\/uploads\/2025\/06\/\u56fe\u5c42-20-1.jpg 800w, https:\/\/www.yousanusb.com\/wp-content\/uploads\/2025\/06\/\u56fe\u5c42-20-1-300x300.jpg 300w, https:\/\/www.yousanusb.com\/wp-content\/uploads\/2025\/06\/\u56fe\u5c42-20-1-150x150.jpg 150w, https:\/\/www.yousanusb.com\/wp-content\/uploads\/2025\/06\/\u56fe\u5c42-20-1-768x768.jpg 768w, https:\/\/www.yousanusb.com\/wp-content\/uploads\/2025\/06\/\u56fe\u5c42-20-1-12x12.jpg 12w, https:\/\/www.yousanusb.com\/wp-content\/uploads\/2025\/06\/\u56fe\u5c42-20-1-600x600.jpg 600w, https:\/\/www.yousanusb.com\/wp-content\/uploads\/2025\/06\/\u56fe\u5c42-20-1-100x100.jpg 100w\" sizes=\"(max-width: 800px) 100vw, 800px\" \/><\/figure>\n<\/div>\n<\/div>\n\n\n\n<h2 class=\"wp-block-heading\"><\/h2>\n\n\n\n<h2 class=\"wp-block-heading\">Q1 : La coque de la cl\u00e9 USB rotative d\u00e9gradable est-elle \u00e9tanche ? <\/h2>\n\n\n\n<p>R : Imperm\u00e9able \u00e0 l'eau et \u00e0 l'humidit\u00e9, sa durabilit\u00e9 d\u00e9passe de loin celle du plastique traditionnel ! La coque est fabriqu\u00e9e en biopolym\u00e8re haute densit\u00e9, trait\u00e9 avec une technologie sp\u00e9ciale pour r\u00e9sister aux \u00e9claboussures accidentelles, \u00e0 l'\u00e9rosion par la pluie ou aux environnements humides. La conception de la connexion de l'arbre rotatif scell\u00e9 garantit une meilleure s\u00e9curit\u00e9 des donn\u00e9es, ce qui le rend adapt\u00e9 au travail en ext\u00e9rieur ou aux voyages.<\/p>\n\n\n\n<h2 class=\"wp-block-heading\">Q2 : La couleur de la cl\u00e9 USB peut-elle \u00eatre personnalis\u00e9e ? Quelles sont les couleurs disponibles ? <\/h2>\n\n\n\n<p>R : La personnalisation est prise en charge, couvrant les sch\u00e9mas de couleurs classiques et les besoins personnalis\u00e9s !<\/p>\n\n\n\n<ul class=\"wp-block-list\">\n<li><strong>Couleurs optionnelles r\u00e9guli\u00e8res<\/strong>: Jaune paille (naturel et rustique, la couleur \u00e9cologique pr\u00e9f\u00e9r\u00e9e de 80% des utilisateurs), Blanc pur (simple et polyvalent, adapt\u00e9 aux marques de technologie\/mode) et Bleu profond (calme et professionnel, pr\u00e9f\u00e9r\u00e9 pour les cadeaux d'affaires).<\/li>\n\n\n\n<li><strong>Service de couleurs personnalis\u00e9es<\/strong>: Pour faire correspondre les couleurs Pantone de la marque ou des sch\u00e9mas de couleurs sp\u00e9ciaux, un plan de correspondance des couleurs d\u00e9di\u00e9 peut \u00eatre activ\u00e9 pour une commande de plus de 1 000 pi\u00e8ces afin de cr\u00e9er une identit\u00e9 visuelle unique.<\/li>\n<\/ul>\n\n\n\n<p><\/p>","protected":false},"excerpt":{"rendered":"<p>La cl\u00e9 USB rotative d\u00e9gradable est un classique am\u00e9lior\u00e9 \"respirant\" ! Reprenant le design bien aim\u00e9 du clip sans capuchon rotatif \u00e0 360\u00b0, la coque passe du plastique traditionnel au biopolym\u00e8re d\u00e9gradable 100%, fabriqu\u00e9 \u00e0 partir de plantes renouvelables telles que l'amidon de ma\u00efs et la paille de bl\u00e9.<\/p>","protected":false},"featured_media":16988,"comment_status":"open","ping_status":"closed","template":"","meta":{"_seopress_robots_primary_cat":"none","_seopress_titles_title":"","_seopress_titles_desc":"","_seopress_robots_index":""},"class_list":["post-16984","product","type-product","status-publish","has-post-thumbnail","hentry","product_cat-usb30-flash-drive","product_cat-biodegradable-usb-flash-disk","product_cat-rotating-usb-flash-drive","product_tag-degradable-rotating-usb-flash-drive"],"_links":{"self":[{"href":"https:\/\/www.yousanusb.com\/fr\/wp-json\/wp\/v2\/product\/16984"}],"collection":[{"href":"https:\/\/www.yousanusb.com\/fr\/wp-json\/wp\/v2\/product"}],"about":[{"href":"https:\/\/www.yousanusb.com\/fr\/wp-json\/wp\/v2\/types\/product"}],"replies":[{"embeddable":true,"href":"https:\/\/www.yousanusb.com\/fr\/wp-json\/wp\/v2\/comments?post=16984"}],"wp:featuredmedia":[{"embeddable":true,"href":"https:\/\/www.yousanusb.com\/fr\/wp-json\/wp\/v2\/media\/16988"}],"wp:attachment":[{"href":"https:\/\/www.yousanusb.com\/fr\/wp-json\/wp\/v2\/media?parent=16984"}],"curies":[{"name":"wp","href":"https:\/\/api.w.org\/{rel}","templated":true}]}}