{"id":17048,"date":"2025-06-12T09:22:55","date_gmt":"2025-06-12T09:22:55","guid":{"rendered":"https:\/\/yousanusb.com\/?post_type=product&#038;p=17048"},"modified":"2025-11-13T12:58:44","modified_gmt":"2025-11-13T12:58:44","slug":"four-corner-flat-expandable-metal-usb-drive","status":"publish","type":"product","link":"https:\/\/www.yousanusb.com\/fr\/produit\/four-corner-flat-expandable-metal-usb-drive\/","title":{"rendered":"Cl\u00e9 USB en m\u00e9tal extensible \u00e0 quatre coins plats"},"content":{"rendered":"<div class=\"wp-block-columns is-layout-flex wp-container-core-columns-is-layout-1 wp-block-columns-is-layout-flex\">\n<div class=\"wp-block-column is-layout-flow wp-block-column-is-layout-flow\">\n<figure class=\"wp-block-image size-full\"><img fetchpriority=\"high\" decoding=\"async\" width=\"800\" height=\"800\" src=\"https:\/\/yousanusb.com\/wp-content\/uploads\/2025\/06\/Four-Corner-Flat-Expandable-Metal-USB-Drive.jpg\" alt=\"Cl\u00e9 USB en m\u00e9tal extensible \u00e0 quatre coins plats\" class=\"wp-image-17053\" srcset=\"https:\/\/www.yousanusb.com\/wp-content\/uploads\/2025\/06\/Four-Corner-Flat-Expandable-Metal-USB-Drive.jpg 800w, https:\/\/www.yousanusb.com\/wp-content\/uploads\/2025\/06\/Four-Corner-Flat-Expandable-Metal-USB-Drive-300x300.jpg 300w, https:\/\/www.yousanusb.com\/wp-content\/uploads\/2025\/06\/Four-Corner-Flat-Expandable-Metal-USB-Drive-150x150.jpg 150w, https:\/\/www.yousanusb.com\/wp-content\/uploads\/2025\/06\/Four-Corner-Flat-Expandable-Metal-USB-Drive-768x768.jpg 768w, https:\/\/www.yousanusb.com\/wp-content\/uploads\/2025\/06\/Four-Corner-Flat-Expandable-Metal-USB-Drive-12x12.jpg 12w, https:\/\/www.yousanusb.com\/wp-content\/uploads\/2025\/06\/Four-Corner-Flat-Expandable-Metal-USB-Drive-600x600.jpg 600w, https:\/\/www.yousanusb.com\/wp-content\/uploads\/2025\/06\/Four-Corner-Flat-Expandable-Metal-USB-Drive-100x100.jpg 100w\" sizes=\"(max-width: 800px) 100vw, 800px\" \/><\/figure>\n<\/div>\n\n\n\n<div class=\"wp-block-column is-vertically-aligned-center is-layout-flow wp-block-column-is-layout-flow\">\n<h2 class=\"wp-block-heading\">Qu'est-ce que la cl\u00e9 USB en m\u00e9tal plat \u00e0 quatre coins ? <\/h2>\n\n\n\n<p>La cl\u00e9 USB m\u00e9tallique plate \u00e0 quatre coins est un outil de stockage de haute qualit\u00e9 ax\u00e9 sur un style minimaliste neutre. Le corps est fait d'un mat\u00e9riau m\u00e9tallique lisse et d\u00e9licat, trait\u00e9 avec une finition brillante pour pr\u00e9senter un \u00e9clat m\u00e9tallique unique, combinant la r\u00e9sistance \u00e0 l'usure et aux chutes avec une texture visuelle.<\/p>\n\n\n\n<p>Le design arrondi de la t\u00eate plate \u00e0 quatre coins ne pr\u00e9sente pas d'ar\u00eates vives, ce qui facilite non seulement les op\u00e9rations de branchement et de d\u00e9branchement, mais convient \u00e9galement \u00e0 la paume de la main pour les sc\u00e9narios d'utilisation \u00e0 haute fr\u00e9quence. Qu'il s'agisse de bureau, de sauvegarde de donn\u00e9es ou de personnalisation de cadeaux, il s'agit d'un choix qui concilie praticit\u00e9 et apparence, avec un look discret mais \u00e9l\u00e9gant.<\/p>\n<\/div>\n<\/div>\n\n\n\n<h2 class=\"wp-block-heading\">M\u00e9tal plat Type d'interface de la cl\u00e9 USB<\/h2>\n\n\n\n<p>Interface USB 3.0 \u00e0 haut d\u00e9bit (port bleu), compatible avec les p\u00e9riph\u00e9riques USB 2.0\/1.1, sans pilote suppl\u00e9mentaire, adapt\u00e9e aux syst\u00e8mes courants tels que Windows\/macOS\/Linux, et pouvant \u00eatre lue directement par des p\u00e9riph\u00e9riques tels que les autoradios, les t\u00e9l\u00e9viseurs intelligents et les projecteurs.<\/p>\n\n\n\n<figure class=\"wp-block-table\"><table class=\"has-fixed-layout\"><tbody><tr><td><strong>Cat\u00e9gorie de param\u00e8tres<\/strong><\/td><td><strong>Informations sp\u00e9cifiques<\/strong><\/td><\/tr><tr><td>Capacit\u00e9<\/td><td>Basic : 32GB\/64GB\/128GB\/256GB\/512GB\/1TB\/2TB <\/td><\/tr><tr><td>Dimensions<\/td><td>37MM\u00d712MM\u00d75MM (taille de la paume de la main, seulement 5MM d'\u00e9paisseur, facile \u00e0 ranger dans une poche ou un porte-cl\u00e9s)<\/td><\/tr><tr><td>Mat\u00e9riau<\/td><td>Corps enti\u00e8rement m\u00e9tallique (surface avec finition brillante, r\u00e9sistante aux rayures et \u00e0 l'usure)<\/td><\/tr><tr><td>Couleur <\/td><td>Argent,Gunmetal <\/td><\/tr><tr><td>Vitesse de lecture\/\u00e9criture<\/td><td>- Vitesse de lecture : 20 Mo\/s (interface USB 3.0) - Vitesse d'\u00e9criture : 10 Mo\/s (transmission stable sans d\u00e9calage)<\/td><\/tr><tr><td>Poids<\/td><td>20g <\/td><\/tr><\/tbody><\/table><\/figure>\n\n\n\n<h2 class=\"wp-block-heading\">Flat Metal USB Drive&nbsp;Colors and Capacities<\/h2>\n\n\n\n<p>- <strong>Argent<\/strong>: Comme de l'argent pur tremp\u00e9 dans la lumi\u00e8re du matin, le corps argent\u00e9 pr\u00e9sente un \u00e9clat m\u00e9tallique presque parfait avec une finition brillante au niveau du miroir, exsudant un ton argent\u00e9 chaud \u00e0 la lumi\u00e8re naturelle, cachant une texture luxueuse dans un style discret. Cette couleur \u00e9l\u00e9gante s'adapte parfaitement aux sc\u00e9narios formels tels que les r\u00e9unions d'affaires, les c\u00e9r\u00e9monies de signature et les forums haut de gamme, et para\u00eet encore plus raffin\u00e9e avec la gravure d'un logo.<\/p>\n\n\n\n<p>- <strong>Gunmetal<\/strong>: Une couleur m\u00e9tallique mate, profonde et froide avec une ambiance de technologie hardcore, le corps gunmetal utilise un processus de m\u00e9tal d\u00e9poli mat, avec une couleur profonde comme le rev\u00eatement dur et froid sur la surface d'une arme \u00e0 feu, offrant une touche d\u00e9licate sans perdre la texture. Gr\u00e2ce \u00e0 son ton gris-noir \u00e0 faible saturation, la couleur gunmetal cr\u00e9e une ambiance de technicit\u00e9 hardcore \"\u00e0 l'\u00e9cart\", se d\u00e9marquant dans la pile de produits num\u00e9riques, particuli\u00e8rement adapt\u00e9e aux groupes recherchant la personnalit\u00e9 et la fonctionnalit\u00e9, tels que les programmeurs, les designers et les joueurs d'e-sports.<\/p>\n\n\n\n<div class=\"wp-block-columns is-layout-flex wp-container-core-columns-is-layout-2 wp-block-columns-is-layout-flex\">\n<div class=\"wp-block-column is-layout-flow wp-block-column-is-layout-flow\"><div class=\"wp-block-image\">\n<figure class=\"aligncenter size-full is-resized\"><img decoding=\"async\" width=\"750\" height=\"750\" src=\"https:\/\/yousanusb.com\/wp-content\/uploads\/2025\/06\/Personalized-Metal-Thumb-Drive.jpg\" alt=\"Personalized Metal Thumb Drive\" class=\"wp-image-17055\" style=\"width:584px;height:auto\" srcset=\"https:\/\/www.yousanusb.com\/wp-content\/uploads\/2025\/06\/Personalized-Metal-Thumb-Drive.jpg 750w, https:\/\/www.yousanusb.com\/wp-content\/uploads\/2025\/06\/Personalized-Metal-Thumb-Drive-300x300.jpg 300w, https:\/\/www.yousanusb.com\/wp-content\/uploads\/2025\/06\/Personalized-Metal-Thumb-Drive-150x150.jpg 150w, https:\/\/www.yousanusb.com\/wp-content\/uploads\/2025\/06\/Personalized-Metal-Thumb-Drive-12x12.jpg 12w, https:\/\/www.yousanusb.com\/wp-content\/uploads\/2025\/06\/Personalized-Metal-Thumb-Drive-600x600.jpg 600w, https:\/\/www.yousanusb.com\/wp-content\/uploads\/2025\/06\/Personalized-Metal-Thumb-Drive-100x100.jpg 100w\" sizes=\"(max-width: 750px) 100vw, 750px\" \/><figcaption class=\"wp-element-caption\">Cl\u00e9 USB en m\u00e9tal plat \u00e0 quatre coins en argent<\/figcaption><\/figure><\/div><\/div>\n\n\n\n<div class=\"wp-block-column is-layout-flow wp-block-column-is-layout-flow\"><div class=\"wp-block-image\">\n<figure class=\"aligncenter size-full is-resized\"><img decoding=\"async\" width=\"750\" height=\"750\" src=\"https:\/\/yousanusb.com\/wp-content\/uploads\/2025\/06\/Four-Corner-Flat-Metal-USB-Drive.jpg\" alt=\"Cl\u00e9 USB en m\u00e9tal plat \u00e0 quatre coins Gunmetal\" class=\"wp-image-17054\" style=\"width:584px;height:auto\" srcset=\"https:\/\/www.yousanusb.com\/wp-content\/uploads\/2025\/06\/Four-Corner-Flat-Metal-USB-Drive.jpg 750w, https:\/\/www.yousanusb.com\/wp-content\/uploads\/2025\/06\/Four-Corner-Flat-Metal-USB-Drive-300x300.jpg 300w, https:\/\/www.yousanusb.com\/wp-content\/uploads\/2025\/06\/Four-Corner-Flat-Metal-USB-Drive-150x150.jpg 150w, https:\/\/www.yousanusb.com\/wp-content\/uploads\/2025\/06\/Four-Corner-Flat-Metal-USB-Drive-12x12.jpg 12w, https:\/\/www.yousanusb.com\/wp-content\/uploads\/2025\/06\/Four-Corner-Flat-Metal-USB-Drive-600x600.jpg 600w, https:\/\/www.yousanusb.com\/wp-content\/uploads\/2025\/06\/Four-Corner-Flat-Metal-USB-Drive-100x100.jpg 100w\" sizes=\"(max-width: 750px) 100vw, 750px\" \/><figcaption class=\"wp-element-caption\">Cl\u00e9 USB en m\u00e9tal plat \u00e0 quatre coins Gunmetal<\/figcaption><\/figure><\/div><\/div>\n<\/div>\n\n\n\n<h3 class=\"wp-block-heading\">Options d'extension de grande capacit\u00e9 <\/h3>\n\n\n\n<p>De la capacit\u00e9 de base de 32 Go (adapt\u00e9e au stockage de documents quotidiens) \u00e0 2 To (pouvant stocker plus de 500 films HD ou des dizaines de milliers de photos au format RAW), il est possible d'augmenter la capacit\u00e9 en fonction des besoins.<\/p>\n\n\n\n<p>Qu'il s'agisse de la sauvegarde des didacticiels des \u00e9tudiants, du stockage du mat\u00e9riel des concepteurs ou de l'archivage des donn\u00e9es par lots des entreprises, une solution adapt\u00e9e peut \u00eatre trouv\u00e9e gr\u00e2ce \u00e0 la \"technologie d'expansion\", ce qui permet d'\u00e9viter les probl\u00e8mes li\u00e9s au remplacement fr\u00e9quent des cl\u00e9s USB.<\/p>\n\n\n\n<h2 class=\"wp-block-heading\">Prise en charge de la gravure laser double face LOGO<strong> <\/strong><\/h2>\n\n\n\n<div class=\"wp-block-columns is-layout-flex wp-container-core-columns-is-layout-3 wp-block-columns-is-layout-flex\">\n<div class=\"wp-block-column is-layout-flow wp-block-column-is-layout-flow\">\n<figure class=\"wp-block-image size-full\"><img loading=\"lazy\" decoding=\"async\" width=\"800\" height=\"800\" src=\"https:\/\/yousanusb.com\/wp-content\/uploads\/2025\/06\/Expandable-Metal-USB-Drive.jpg\" alt=\"Expandable Metal USB Drive\" class=\"wp-image-17052\" srcset=\"https:\/\/www.yousanusb.com\/wp-content\/uploads\/2025\/06\/Expandable-Metal-USB-Drive.jpg 800w, https:\/\/www.yousanusb.com\/wp-content\/uploads\/2025\/06\/Expandable-Metal-USB-Drive-300x300.jpg 300w, https:\/\/www.yousanusb.com\/wp-content\/uploads\/2025\/06\/Expandable-Metal-USB-Drive-150x150.jpg 150w, https:\/\/www.yousanusb.com\/wp-content\/uploads\/2025\/06\/Expandable-Metal-USB-Drive-768x768.jpg 768w, https:\/\/www.yousanusb.com\/wp-content\/uploads\/2025\/06\/Expandable-Metal-USB-Drive-12x12.jpg 12w, https:\/\/www.yousanusb.com\/wp-content\/uploads\/2025\/06\/Expandable-Metal-USB-Drive-600x600.jpg 600w, https:\/\/www.yousanusb.com\/wp-content\/uploads\/2025\/06\/Expandable-Metal-USB-Drive-100x100.jpg 100w\" sizes=\"(max-width: 800px) 100vw, 800px\" \/><\/figure>\n<\/div>\n\n\n\n<div class=\"wp-block-column is-vertically-aligned-center is-layout-flow wp-block-column-is-layout-flow\">\n<p>- <strong>Personnalisation de la carrosserie<\/strong>: Le recto et le verso peuvent \u00eatre imprim\u00e9s avec des logos d'entreprise, des slogans de marque ou des motifs personnalis\u00e9s gr\u00e2ce \u00e0 la technologie de la gravure au laser, avec une pr\u00e9cision de 0,1 mm, et l'\u00e9criture est conserv\u00e9e de mani\u00e8re permanente sans s'estomper. La couleur de la base m\u00e9tallique et les lignes de gravure forment un contraste net, ce qui renforce la reconnaissance de la marque.<\/p>\n\n\n\n<p>- <strong>Personnalisation de l'emballage<\/strong>: Standard : Sac en PP (l\u00e9ger et respectueux de l'environnement, adapt\u00e9 aux sc\u00e9narios de vente au d\u00e9tail). Options suppl\u00e9mentaires : bo\u00eete en fer (r\u00e9sistante aux chocs et \u00e0 la pression, mettant en valeur la texture haut de gamme), bo\u00eete en papier personnalis\u00e9e (pouvant imprimer des informations sur la marque\/les param\u00e8tres du produit, adapt\u00e9e aux cadeaux). Qu'il s'agisse de cadeaux d'anniversaire d'entreprise, de cadeaux de remerciement \u00e0 des partenaires ou de cadeaux promotionnels pour des \u00e9v\u00e9nements, il est possible de cr\u00e9er des points de m\u00e9morisation uniques gr\u00e2ce \u00e0 la double personnalisation \"corps + emballage\".<\/p>\n<\/div>\n<\/div>\n\n\n\n<h2 class=\"wp-block-heading\">Q1 : La coque de la cl\u00e9 USB m\u00e9tallique plate \u00e0 quatre coins est-elle \u00e9tanche et r\u00e9sistante \u00e0 l'humidit\u00e9 ?<\/h2>\n\n\n\n<p>A1 : \u00c9tanch\u00e9it\u00e9 \u00e0 l'eau, \u00e0 l'humidit\u00e9 et \u00e0 la poussi\u00e8re, protection \u00e0 trois effets ! Le bo\u00eetier adopte une conception enti\u00e8rement m\u00e9tallique, avec un mat\u00e9riau dur et r\u00e9sistant aux chutes, qui peut r\u00e9sister aux \u00e9claboussures quotidiennes, \u00e0 l'\u00e9rosion par la pluie et aux environnements poussi\u00e9reux. M\u00eame s'il tombe accidentellement dans une tasse d'eau ou s'il est transport\u00e9 en montagne, la s\u00e9curit\u00e9 des donn\u00e9es peut \u00eatre assur\u00e9e (note : ne convient pas pour une immersion \u00e0 long terme, veuillez le s\u00e9cher \u00e0 temps).<\/p>\n\n\n\n<h3 class=\"wp-block-heading\">Q2 : Peut-on le porter sur un porte-cl\u00e9s ? <\/h3>\n\n\n\n<p>A2 : Porte-cl\u00e9s standard, pratique \u00e0 accrocher partout ! La cl\u00e9 USB est livr\u00e9e avec un porte-cl\u00e9s d\u00e9tachable, qui peut \u00eatre facilement accroch\u00e9 aux cl\u00e9s, aux portefeuilles et aux fermetures \u00e9clair des sacs \u00e0 dos, ce qui permet non seulement de r\u00e9soudre le probl\u00e8me de la perte facile des cl\u00e9s USB, mais aussi d'utiliser l'\u00e9clat du corps m\u00e9tallique comme d\u00e9coration pendante, combinant ainsi l'aspect pratique et la beaut\u00e9.<\/p>\n\n\n\n<h3 class=\"wp-block-heading\">Q3 : Les vitesses de lecture et d'\u00e9criture sont-elles diff\u00e9rentes selon les capacit\u00e9s ?<\/h3>\n\n\n\n<p>A3 : Vitesse stable, ind\u00e9pendamment de la capacit\u00e9 ! Qu'il s'agisse de 32 Go ou de 2 To, tous les disques utilisent une solution de puce unifi\u00e9e. Avec l'interface USB 3.0, la vitesse de lecture est stable \u00e0 20 Mo\/s et la vitesse d'\u00e9criture \u00e0 10 Mo\/s, sans que l'augmentation de la capacit\u00e9 ne r\u00e9duise l'efficacit\u00e9 de la transmission.<\/p>","protected":false},"excerpt":{"rendered":"<ul>\n<li>Neutral minimalist style<\/li>\n<li>Metal body<\/li>\n<li>Glossy finish<\/li>\n<li>Scratch-resistant and impact-resistant<\/li>\n<li>MOQ:100pcs<\/li>\n<\/ul>","protected":false},"featured_media":17053,"comment_status":"open","ping_status":"closed","template":"","meta":{"_seopress_robots_primary_cat":"none","_seopress_titles_title":"Four-Corner Flat Expandable Metal USB Drive","_seopress_titles_desc":"","_seopress_robots_index":""},"class_list":["post-17048","product","type-product","status-publish","has-post-thumbnail","hentry","product_cat-usb30-flash-drive","product_cat-metal-usb-flash-drive","product_cat-mini-usb-flash-drive","product_tag-four-corner-flat-metal-usb-drive","product_tag-custom-metal-keychain-usb-flash-drive","product_tag-buy-metal-leather-usb-flash-drive"],"_links":{"self":[{"href":"https:\/\/www.yousanusb.com\/fr\/wp-json\/wp\/v2\/product\/17048"}],"collection":[{"href":"https:\/\/www.yousanusb.com\/fr\/wp-json\/wp\/v2\/product"}],"about":[{"href":"https:\/\/www.yousanusb.com\/fr\/wp-json\/wp\/v2\/types\/product"}],"replies":[{"embeddable":true,"href":"https:\/\/www.yousanusb.com\/fr\/wp-json\/wp\/v2\/comments?post=17048"}],"wp:featuredmedia":[{"embeddable":true,"href":"https:\/\/www.yousanusb.com\/fr\/wp-json\/wp\/v2\/media\/17053"}],"wp:attachment":[{"href":"https:\/\/www.yousanusb.com\/fr\/wp-json\/wp\/v2\/media?parent=17048"}],"curies":[{"name":"wp","href":"https:\/\/api.w.org\/{rel}","templated":true}]}}