{"id":17058,"date":"2025-06-12T17:19:45","date_gmt":"2025-06-12T17:19:45","guid":{"rendered":"https:\/\/yousanusb.com\/?post_type=product&#038;p=17058"},"modified":"2025-10-06T00:24:20","modified_gmt":"2025-10-06T00:24:20","slug":"metal-usb-flash-drive-with-keyring","status":"publish","type":"product","link":"https:\/\/www.yousanusb.com\/fr\/produit\/metal-usb-flash-drive-with-keyring\/","title":{"rendered":"\u00a0Cl\u00e9 USB en m\u00e9tal avec porte-cl\u00e9s"},"content":{"rendered":"<p>La cl\u00e9 USB en m\u00e9tal avec porte-cl\u00e9s est un produit innovant qui int\u00e8gre profond\u00e9ment le design minimaliste et la texture m\u00e9tallique. Sa boucle iconique dessine une silhouette esth\u00e9tique moderne avec des arcs lisses, associ\u00e9e \u00e0 un corps en m\u00e9tal lisse poli par 12 proc\u00e9d\u00e9s pr\u00e9cis. <\/p>\n\n\n\n<p>Il permet non seulement de remplir la fonction pratique \"accrocher partout, transporter facilement\", mais aussi de red\u00e9finir les crit\u00e8res esth\u00e9tiques des dispositifs de stockage mobiles gr\u00e2ce \u00e0 l'\u00e9clat froid unique et au toucher d\u00e9licat du m\u00e9tal.<\/p>\n\n\n\n<h2 class=\"wp-block-heading\">L'interface et les param\u00e8tres de la cl\u00e9 USB en m\u00e9tal<\/h2>\n\n\n\n<p><\/p>\n\n\n\n<figure class=\"wp-block-table\"><table class=\"has-fixed-layout\"><tbody><tr><td><strong>Nom<\/strong><\/td><td><strong>Sp\u00e9cifications sp\u00e9cifiques<\/strong><\/td><\/tr><tr><td>Type d'interface<\/td><td>USB 2.0\/USB3.0<\/td><\/tr><tr><td>Capacit\u00e9<\/td><td>4GB\/8GB\/16GB\/32GB\/64GB\/128GB\/256GB\/512GB<\/td><\/tr><tr><td>Tailles<\/td><td>40\u00d712\u00d75mm (L\u00d7L\u00d7H)<\/td><\/tr><tr><td>Poids<\/td><td>18g<\/td><\/tr><tr><td>Vitesse de lecture\/\u00e9criture<\/td><td>Vitesse de lecture : \u224860MB\/sVitesse d'\u00e9criture : \u224825MB\/s<\/td><\/tr><tr><td>Mat\u00e9riaux et proc\u00e9d\u00e9s<\/td><td>Alliage d'aluminium de qualit\u00e9 a\u00e9ronautique<\/td><\/tr><tr><td>Niveau de protection<\/td><td>IP54 (\u00e9tanche \u00e0 l'eau et \u00e0 la poussi\u00e8re)<\/td><\/tr><tr><td>Temp\u00e9rature de fonctionnement<\/td><td>0\u2103~60\u2103<\/td><\/tr><tr><td>Temp\u00e9rature de stockage<\/td><td>-20\u2103~85\u2103<\/td><\/tr><\/tbody><\/table><\/figure>\n\n\n\n<div style=\"height:50px\" aria-hidden=\"true\" class=\"wp-block-spacer\"><\/div>\n\n\n\n<h2 class=\"wp-block-heading\">Cl\u00e9 USB en m\u00e9tal Couleurs<\/h2>\n\n\n\n<p>Cette cl\u00e9 USB en m\u00e9tal, fabriqu\u00e9e \u00e0 partir d'un alliage d'aluminium de qualit\u00e9 a\u00e9ronautique, pr\u00e9sente trois couleurs classiques gr\u00e2ce \u00e0 des techniques pr\u00e9cises de traitement du m\u00e9tal. Chaque couleur interpr\u00e8te profond\u00e9ment le charme unique des mat\u00e9riaux m\u00e9talliques, transformant l'outil de stockage en une \"\u0153uvre d'art m\u00e9tallique portable\" :<\/p>\n\n\n\n<div class=\"wp-block-columns is-layout-flex wp-container-core-columns-is-layout-1 wp-block-columns-is-layout-flex\">\n<div class=\"wp-block-column is-layout-flow wp-block-column-is-layout-flow\"><div class=\"wp-block-image\">\n<figure class=\"aligncenter size-full is-resized\"><img fetchpriority=\"high\" decoding=\"async\" width=\"1000\" height=\"1000\" src=\"https:\/\/yousanusb.com\/wp-content\/uploads\/2025\/06\/Gold-Metal-USB-Flash-Drive.jpg\" alt=\"Cl\u00e9 USB en m\u00e9tal dor\u00e9\" class=\"wp-image-17064\" style=\"width:450px\" srcset=\"https:\/\/www.yousanusb.com\/wp-content\/uploads\/2025\/06\/Gold-Metal-USB-Flash-Drive.jpg 1000w, https:\/\/www.yousanusb.com\/wp-content\/uploads\/2025\/06\/Gold-Metal-USB-Flash-Drive-300x300.jpg 300w, https:\/\/www.yousanusb.com\/wp-content\/uploads\/2025\/06\/Gold-Metal-USB-Flash-Drive-150x150.jpg 150w, https:\/\/www.yousanusb.com\/wp-content\/uploads\/2025\/06\/Gold-Metal-USB-Flash-Drive-768x768.jpg 768w, https:\/\/www.yousanusb.com\/wp-content\/uploads\/2025\/06\/Gold-Metal-USB-Flash-Drive-12x12.jpg 12w, https:\/\/www.yousanusb.com\/wp-content\/uploads\/2025\/06\/Gold-Metal-USB-Flash-Drive-600x600.jpg 600w, https:\/\/www.yousanusb.com\/wp-content\/uploads\/2025\/06\/Gold-Metal-USB-Flash-Drive-100x100.jpg 100w\" sizes=\"(max-width: 1000px) 100vw, 1000px\" \/><\/figure><\/div><\/div>\n\n\n\n<div class=\"wp-block-column is-vertically-aligned-center is-layout-flow wp-block-column-is-layout-flow\">\n<h3 class=\"wp-block-heading\">1. L'or rose <\/h3>\n\n\n\n<p>Contrairement aux couleurs monotones des mat\u00e9riaux plastiques traditionnels, l'or rose m\u00e9tallique pr\u00e9sente des changements subtils sous diff\u00e9rentes lumi\u00e8res - un or champagne doux \u00e0 la lumi\u00e8re naturelle et un l\u00e9ger ton rose \u00e0 la lumi\u00e8re chaude.<\/p>\n\n\n\n<p>Le contact froid du m\u00e9tal et le lustre chaud cr\u00e9ent un contraste adorable, ce qui en fait un accessoire de finition pour les tenues \u00e0 la mode. Il convient aux femmes en col blanc qui accordent de l'importance \u00e0 la qualit\u00e9 de vie, aux blogueuses beaut\u00e9 ou aux sc\u00e9narios de cadeaux de luxe l\u00e9gers.<\/p>\n<\/div>\n<\/div>\n\n\n\n<div class=\"wp-block-columns are-vertically-aligned-center is-layout-flex wp-container-core-columns-is-layout-2 wp-block-columns-is-layout-flex\">\n<div class=\"wp-block-column is-vertically-aligned-center is-layout-flow wp-block-column-is-layout-flow\">\n<h3 class=\"wp-block-heading\">2. Noir obsidien <\/h3>\n\n\n\n<p>Le film d'oxyde noir p\u00e9n\u00e8tre profond\u00e9ment dans le substrat m\u00e9tallique au lieu d'\u00eatre peint en surface, ce qui \u00e9limine le risque d'\u00e9caillage de la peinture et permet de conserver un noir pur et profond apr\u00e8s une utilisation prolong\u00e9e. La surface mate absorbe efficacement les traces de doigts, ce qui permet de conserver une apparence propre m\u00eame en cas de branchements et d\u00e9branchements fr\u00e9quents.<\/p>\n\n\n\n<p>Les lignes froides et dures du m\u00e9tal sont plus nettes sur la base noire, avec une ing\u00e9niosit\u00e9 d\u00e9licate cach\u00e9e dans l'atmosph\u00e8re des affaires. C'est le premier choix pour les occasions formelles telles que les r\u00e9unions d'affaires et les signatures de contrats. Le corps en m\u00e9tal noir s'accorde naturellement avec les costumes et les porte-documents, v\u00e9hiculant une image professionnelle et fiable.<\/p>\n<\/div>\n\n\n\n<div class=\"wp-block-column is-vertically-aligned-center is-layout-flow wp-block-column-is-layout-flow\">\n<figure class=\"wp-block-image size-full is-resized\"><img decoding=\"async\" width=\"1000\" height=\"1000\" src=\"https:\/\/yousanusb.com\/wp-content\/uploads\/2025\/06\/Black-Metal-USB-Flash-Drive.jpg\" alt=\"Cl\u00e9 USB en m\u00e9tal noir\" class=\"wp-image-17061\" style=\"width:450px\" srcset=\"https:\/\/www.yousanusb.com\/wp-content\/uploads\/2025\/06\/Black-Metal-USB-Flash-Drive.jpg 1000w, https:\/\/www.yousanusb.com\/wp-content\/uploads\/2025\/06\/Black-Metal-USB-Flash-Drive-300x300.jpg 300w, https:\/\/www.yousanusb.com\/wp-content\/uploads\/2025\/06\/Black-Metal-USB-Flash-Drive-150x150.jpg 150w, https:\/\/www.yousanusb.com\/wp-content\/uploads\/2025\/06\/Black-Metal-USB-Flash-Drive-768x768.jpg 768w, https:\/\/www.yousanusb.com\/wp-content\/uploads\/2025\/06\/Black-Metal-USB-Flash-Drive-12x12.jpg 12w, https:\/\/www.yousanusb.com\/wp-content\/uploads\/2025\/06\/Black-Metal-USB-Flash-Drive-600x600.jpg 600w, https:\/\/www.yousanusb.com\/wp-content\/uploads\/2025\/06\/Black-Metal-USB-Flash-Drive-100x100.jpg 100w\" sizes=\"(max-width: 1000px) 100vw, 1000px\" \/><\/figure>\n<\/div>\n<\/div>\n\n\n\n<div class=\"wp-block-columns is-layout-flex wp-container-core-columns-is-layout-3 wp-block-columns-is-layout-flex\">\n<div class=\"wp-block-column is-layout-flow wp-block-column-is-layout-flow\">\n<figure class=\"wp-block-image size-full is-resized\"><img decoding=\"async\" width=\"1000\" height=\"1000\" src=\"https:\/\/yousanusb.com\/wp-content\/uploads\/2025\/06\/Silver-Metal-USB-Flash-Drive.jpg\" alt=\"Cl\u00e9 USB en m\u00e9tal argent\u00e9\" class=\"wp-image-17068\" style=\"width:450px\" srcset=\"https:\/\/www.yousanusb.com\/wp-content\/uploads\/2025\/06\/Silver-Metal-USB-Flash-Drive.jpg 1000w, https:\/\/www.yousanusb.com\/wp-content\/uploads\/2025\/06\/Silver-Metal-USB-Flash-Drive-300x300.jpg 300w, https:\/\/www.yousanusb.com\/wp-content\/uploads\/2025\/06\/Silver-Metal-USB-Flash-Drive-150x150.jpg 150w, https:\/\/www.yousanusb.com\/wp-content\/uploads\/2025\/06\/Silver-Metal-USB-Flash-Drive-768x768.jpg 768w, https:\/\/www.yousanusb.com\/wp-content\/uploads\/2025\/06\/Silver-Metal-USB-Flash-Drive-12x12.jpg 12w, https:\/\/www.yousanusb.com\/wp-content\/uploads\/2025\/06\/Silver-Metal-USB-Flash-Drive-600x600.jpg 600w, https:\/\/www.yousanusb.com\/wp-content\/uploads\/2025\/06\/Silver-Metal-USB-Flash-Drive-100x100.jpg 100w\" sizes=\"(max-width: 1000px) 100vw, 1000px\" \/><\/figure>\n<\/div>\n\n\n\n<div class=\"wp-block-column is-vertically-aligned-center is-layout-flow wp-block-column-is-layout-flow\">\n<h3 class=\"wp-block-heading\">3. Argent glacier <\/h3>\n\n\n\n<p>Apr\u00e8s 12 processus de polissage du miroir, il forme un effet r\u00e9fl\u00e9chissant semblable \u00e0 celui d'un miroir. La surface est recouverte d'un rev\u00eatement anti-traces de doigts \u00e0 l'\u00e9chelle nanom\u00e9trique, qui peut \u00eatre facilement nettoy\u00e9 pour conserver longtemps l'aspect neuf d'un produit qui vient juste d'\u00eatre d\u00e9ball\u00e9.<\/p>\n\n\n\n<p>L'argent pur met parfaitement en valeur la beaut\u00e9 originelle du m\u00e9tal, refl\u00e9tant un \u00e9clat froid semblable \u00e0 celui des glaciers sous la lumi\u00e8re, \u00e0 la fois simple et sophistiqu\u00e9. Le corps m\u00e9tallique ultra-l\u00e9ger de 15 g offre une prise en main \u00e9quilibr\u00e9e, avec \u00e0 la fois une sensation de poids et d'absence de pression dans la main.<\/p>\n<\/div>\n<\/div>\n\n\n\n<h3 class=\"wp-block-heading\"><\/h3>\n\n\n\n<p><\/p>\n\n\n\n<h2 class=\"wp-block-heading\">Logo exclusif personnalis\u00e9 <\/h2>\n\n\n\n<div class=\"wp-block-columns is-layout-flex wp-container-core-columns-is-layout-4 wp-block-columns-is-layout-flex\">\n<div class=\"wp-block-column is-layout-flow wp-block-column-is-layout-flow\">\n<figure class=\"wp-block-image size-large is-resized\"><img loading=\"lazy\" decoding=\"async\" width=\"1024\" height=\"1024\" src=\"https:\/\/yousanusb.com\/wp-content\/uploads\/2025\/06\/Metal-USB-Flash-Drive-with-Keyring-1024x1024.jpg\" alt=\"Cl\u00e9 USB en m\u00e9tal avec porte-cl\u00e9s\" class=\"wp-image-17065\" style=\"width:450px\" srcset=\"https:\/\/www.yousanusb.com\/wp-content\/uploads\/2025\/06\/Metal-USB-Flash-Drive-with-Keyring-1024x1024.jpg 1024w, https:\/\/www.yousanusb.com\/wp-content\/uploads\/2025\/06\/Metal-USB-Flash-Drive-with-Keyring-300x300.jpg 300w, https:\/\/www.yousanusb.com\/wp-content\/uploads\/2025\/06\/Metal-USB-Flash-Drive-with-Keyring-150x150.jpg 150w, https:\/\/www.yousanusb.com\/wp-content\/uploads\/2025\/06\/Metal-USB-Flash-Drive-with-Keyring-768x768.jpg 768w, https:\/\/www.yousanusb.com\/wp-content\/uploads\/2025\/06\/Metal-USB-Flash-Drive-with-Keyring-12x12.jpg 12w, https:\/\/www.yousanusb.com\/wp-content\/uploads\/2025\/06\/Metal-USB-Flash-Drive-with-Keyring-600x600.jpg 600w, https:\/\/www.yousanusb.com\/wp-content\/uploads\/2025\/06\/Metal-USB-Flash-Drive-with-Keyring-100x100.jpg 100w, https:\/\/www.yousanusb.com\/wp-content\/uploads\/2025\/06\/Metal-USB-Flash-Drive-with-Keyring.jpg 1500w\" sizes=\"(max-width: 1024px) 100vw, 1024px\" \/><\/figure>\n<\/div>\n\n\n\n<div class=\"wp-block-column is-vertically-aligned-center is-layout-flow wp-block-column-is-layout-flow\">\n<p>La technologie de gravure au laser permet de personnaliser le logo \u00e0 l'avant et \u00e0 l'arri\u00e8re de la cl\u00e9 USB avec une pr\u00e9cision pouvant atteindre 0,1 mm. La profondeur de la gravure p\u00e9n\u00e8tre dans la couche d'oxyde m\u00e9tallique, ce qui garantit que le motif ne s'estompe pas et ne s'use pas de fa\u00e7on permanente.<\/p>\n\n\n\n<p> Le contraste clair-obscur naturel entre le mat\u00e9riau m\u00e9tallique et les lignes de gravure met clairement en \u00e9vidence les logos d'entreprises, les motifs th\u00e9matiques d'\u00e9v\u00e9nements ou les signatures personnelles, alliant ainsi praticit\u00e9 et signification comm\u00e9morative.<\/p>\n<\/div>\n<\/div>\n\n\n\n<h2 class=\"wp-block-heading\"><\/h2>\n\n\n\n<h2 class=\"wp-block-heading\">La cl\u00e9 USB avec porte-cl\u00e9s est-elle \u00e9tanche ?<\/h2>\n\n\n\n<p>R : Il offre une protection contre l'eau et la poussi\u00e8re de niveau IP54 ! Le bo\u00eetier adopte une conception enti\u00e8rement m\u00e9tallique et \u00e9tanche, qui peut r\u00e9sister aux \u00e9claboussures quotidiennes, \u00e0 l'\u00e9rosion par la pluie ou \u00e0 une immersion de courte dur\u00e9e dans l'eau (par exemple en tombant dans un gobelet d'eau ou dans un \u00e9vier). Il est recommand\u00e9 de retirer l'appareil dans la minute qui suit l'immersion dans l'eau et de s\u00e9cher la surface avec un chiffon sec ; la s\u00e9curit\u00e9 des donn\u00e9es n'en sera pas affect\u00e9e. <\/p>\n\n\n\n<p><em>Remarque : il n'est pas possible de l'immerger dans des eaux profondes telles que les piscines ou les machines \u00e0 laver, afin d'\u00e9viter que les circuits internes ne soient endommag\u00e9s par la pression de l'eau.<\/em><\/p>\n\n\n\n<h2 class=\"wp-block-heading\">Le design du porte-cl\u00e9s est-il facile \u00e0 casser ? Le transport quotidien risque-t-il d'endommager la cl\u00e9 USB ? <\/h2>\n\n\n\n<p>R : Il n'y a aucune raison de s'inqui\u00e9ter d'une \u00e9ventuelle rupture ! Le porte-cl\u00e9s est fabriqu\u00e9 en acier inoxydable tr\u00e8s r\u00e9sistant et a subi plus de 10 000 tests de r\u00e9sistance (suspension soutenue d'objets lourds de 1 kg pendant 24 heures sans d\u00e9formation), avec une dur\u00e9e de vie normale de 5 ans ou plus. La connexion entre la cl\u00e9 USB et l'anneau est int\u00e9gralement coul\u00e9e en m\u00e9tal, avec un angle de r\u00e9sistance \u00e0 la flexion de 180\u00b0 sans rupture. M\u00eame si elle se balance avec le sac sur le porte-cl\u00e9s, la coque m\u00e9tallique peut amortir efficacement les forces d'impact externes pour prot\u00e9ger la puce interne.<\/p>\n\n\n\n<div class=\"wp-block-columns is-layout-flex wp-container-core-columns-is-layout-5 wp-block-columns-is-layout-flex\">\n<div class=\"wp-block-column is-layout-flow wp-block-column-is-layout-flow\">\n<figure class=\"wp-block-image size-large\"><img loading=\"lazy\" decoding=\"async\" width=\"1024\" height=\"1024\" src=\"https:\/\/yousanusb.com\/wp-content\/uploads\/2025\/06\/Metal-USB-Flash-Drive-1024x1024.jpg\" alt=\"Cl\u00e9 USB en m\u00e9tal\" class=\"wp-image-17066\" srcset=\"https:\/\/www.yousanusb.com\/wp-content\/uploads\/2025\/06\/Metal-USB-Flash-Drive-1024x1024.jpg 1024w, https:\/\/www.yousanusb.com\/wp-content\/uploads\/2025\/06\/Metal-USB-Flash-Drive-300x300.jpg 300w, https:\/\/www.yousanusb.com\/wp-content\/uploads\/2025\/06\/Metal-USB-Flash-Drive-150x150.jpg 150w, https:\/\/www.yousanusb.com\/wp-content\/uploads\/2025\/06\/Metal-USB-Flash-Drive-768x768.jpg 768w, https:\/\/www.yousanusb.com\/wp-content\/uploads\/2025\/06\/Metal-USB-Flash-Drive-12x12.jpg 12w, https:\/\/www.yousanusb.com\/wp-content\/uploads\/2025\/06\/Metal-USB-Flash-Drive-600x600.jpg 600w, https:\/\/www.yousanusb.com\/wp-content\/uploads\/2025\/06\/Metal-USB-Flash-Drive-100x100.jpg 100w, https:\/\/www.yousanusb.com\/wp-content\/uploads\/2025\/06\/Metal-USB-Flash-Drive.jpg 1500w\" sizes=\"(max-width: 1024px) 100vw, 1024px\" \/><\/figure>\n<\/div>\n\n\n\n<div class=\"wp-block-column is-layout-flow wp-block-column-is-layout-flow\">\n<figure class=\"wp-block-image size-large\"><img loading=\"lazy\" decoding=\"async\" width=\"1024\" height=\"1024\" src=\"https:\/\/yousanusb.com\/wp-content\/uploads\/2025\/06\/Car-mounted-Metal-USB-Flash-Drive-1024x1024.jpg\" alt=\"Cl\u00e9 USB en m\u00e9tal mont\u00e9e sur la voiture\" class=\"wp-image-17062\" srcset=\"https:\/\/www.yousanusb.com\/wp-content\/uploads\/2025\/06\/Car-mounted-Metal-USB-Flash-Drive-1024x1024.jpg 1024w, https:\/\/www.yousanusb.com\/wp-content\/uploads\/2025\/06\/Car-mounted-Metal-USB-Flash-Drive-300x300.jpg 300w, https:\/\/www.yousanusb.com\/wp-content\/uploads\/2025\/06\/Car-mounted-Metal-USB-Flash-Drive-150x150.jpg 150w, https:\/\/www.yousanusb.com\/wp-content\/uploads\/2025\/06\/Car-mounted-Metal-USB-Flash-Drive-768x768.jpg 768w, https:\/\/www.yousanusb.com\/wp-content\/uploads\/2025\/06\/Car-mounted-Metal-USB-Flash-Drive-12x12.jpg 12w, https:\/\/www.yousanusb.com\/wp-content\/uploads\/2025\/06\/Car-mounted-Metal-USB-Flash-Drive-600x600.jpg 600w, https:\/\/www.yousanusb.com\/wp-content\/uploads\/2025\/06\/Car-mounted-Metal-USB-Flash-Drive-100x100.jpg 100w, https:\/\/www.yousanusb.com\/wp-content\/uploads\/2025\/06\/Car-mounted-Metal-USB-Flash-Drive.jpg 1500w\" sizes=\"(max-width: 1024px) 100vw, 1024px\" \/><\/figure>\n<\/div>\n<\/div>\n\n\n\n<p><\/p>\n\n\n\n<h2 class=\"wp-block-heading\">Les logos des entreprises peuvent-ils \u00eatre personnalis\u00e9s pour les cadeaux des clients ? <\/h2>\n\n\n\n<p>R : La personnalisation est possible et l'effet est durable ! Gr\u00e2ce \u00e0 la technologie de gravure au laser de qualit\u00e9 industrielle, les logos sont grav\u00e9s sur les deux faces de la cl\u00e9 USB ou autour du porte-cl\u00e9s avec une pr\u00e9cision de 0,1 mm (\u00e9quivalant \u00e0 1\/6 du diam\u00e8tre d'un cheveu), et la profondeur de gravure p\u00e9n\u00e8tre de 0,05 mm dans la couche d'oxyde m\u00e9tallique, ce qui garantit que le motif ne s'estompera pas en raison des frottements quotidiens.<\/p>\n\n\n\n<p>L'\u00e9clat naturel du m\u00e9tal et l'effet mat des lignes de gravure forment un contraste saisissant, rendant le logo clair et tridimensionnel. De pr\u00e8s ou de loin, il pr\u00e9sente une texture personnalis\u00e9e haut de gamme, ce qui en fait un excellent choix pour les entreprises qui souhaitent entretenir des relations avec leurs clients.<\/p>\n\n\n\n<p><\/p>","protected":false},"excerpt":{"rendered":"<ul>\n<li>La coque en mat\u00e9riau m\u00e9tallique<\/li>\n<li>Design simple avec porte-cl\u00e9s\u00a0<\/li>\n<li>Trois couleurs au choix<\/li>\n<li>Possibilit\u00e9 de personnaliser le logo<\/li>\n<li>MOQ:100PCS<\/li>\n<li>USB2.0 et USB3.0\u00a0<\/li>\n<\/ul>","protected":false},"featured_media":17065,"comment_status":"open","ping_status":"closed","template":"","meta":{"_seopress_robots_primary_cat":"none","_seopress_titles_title":"Metal USB Flash Drive with Keyring","_seopress_titles_desc":"","_seopress_robots_index":""},"class_list":["post-17058","product","type-product","status-publish","has-post-thumbnail","hentry","product_cat-usb30-flash-drive","product_cat-metal-usb-flash-drive","product_tag-metal-usb-flash-drive-with-keyring","product_tag-custom-metal-keychain-usb-flash-drive","product_tag-buy-metal-leather-usb-flash-drive"],"_links":{"self":[{"href":"https:\/\/www.yousanusb.com\/fr\/wp-json\/wp\/v2\/product\/17058"}],"collection":[{"href":"https:\/\/www.yousanusb.com\/fr\/wp-json\/wp\/v2\/product"}],"about":[{"href":"https:\/\/www.yousanusb.com\/fr\/wp-json\/wp\/v2\/types\/product"}],"replies":[{"embeddable":true,"href":"https:\/\/www.yousanusb.com\/fr\/wp-json\/wp\/v2\/comments?post=17058"}],"wp:featuredmedia":[{"embeddable":true,"href":"https:\/\/www.yousanusb.com\/fr\/wp-json\/wp\/v2\/media\/17065"}],"wp:attachment":[{"href":"https:\/\/www.yousanusb.com\/fr\/wp-json\/wp\/v2\/media?parent=17058"}],"curies":[{"name":"wp","href":"https:\/\/api.w.org\/{rel}","templated":true}]}}