{"id":17186,"date":"2025-06-16T05:26:16","date_gmt":"2025-06-16T05:26:16","guid":{"rendered":"https:\/\/yousanusb.com\/?post_type=product&#038;p=17186"},"modified":"2025-10-06T00:24:13","modified_gmt":"2025-10-06T00:24:13","slug":"whistle-metal-usb-flash-drive","status":"publish","type":"product","link":"https:\/\/www.yousanusb.com\/fr\/produit\/whistle-metal-usb-flash-drive\/","title":{"rendered":"Cl\u00e9 USB en m\u00e9tal avec sifflet"},"content":{"rendered":"<h2 class=\"wp-block-heading\">Qu'est-ce qu'une cl\u00e9 USB Whistle Metal ? <\/h2>\n\n\n\n<div class=\"wp-block-columns is-layout-flex wp-container-core-columns-is-layout-1 wp-block-columns-is-layout-flex\">\n<div class=\"wp-block-column is-layout-flow wp-block-column-is-layout-flow\"><div class=\"wp-block-image\">\n<figure class=\"aligncenter size-full is-resized\"><img fetchpriority=\"high\" decoding=\"async\" width=\"800\" height=\"800\" src=\"https:\/\/yousanusb.com\/wp-content\/uploads\/2025\/06\/Silver-Whistle-Metal-USB-Flash-Drive.jpg\" alt=\"Cl\u00e9 USB en m\u00e9tal avec sifflet argent\u00e9\" class=\"wp-image-17194\" style=\"width:450px\" srcset=\"https:\/\/www.yousanusb.com\/wp-content\/uploads\/2025\/06\/Silver-Whistle-Metal-USB-Flash-Drive.jpg 800w, https:\/\/www.yousanusb.com\/wp-content\/uploads\/2025\/06\/Silver-Whistle-Metal-USB-Flash-Drive-300x300.jpg 300w, https:\/\/www.yousanusb.com\/wp-content\/uploads\/2025\/06\/Silver-Whistle-Metal-USB-Flash-Drive-150x150.jpg 150w, https:\/\/www.yousanusb.com\/wp-content\/uploads\/2025\/06\/Silver-Whistle-Metal-USB-Flash-Drive-768x768.jpg 768w, https:\/\/www.yousanusb.com\/wp-content\/uploads\/2025\/06\/Silver-Whistle-Metal-USB-Flash-Drive-12x12.jpg 12w, https:\/\/www.yousanusb.com\/wp-content\/uploads\/2025\/06\/Silver-Whistle-Metal-USB-Flash-Drive-600x600.jpg 600w, https:\/\/www.yousanusb.com\/wp-content\/uploads\/2025\/06\/Silver-Whistle-Metal-USB-Flash-Drive-100x100.jpg 100w\" sizes=\"(max-width: 800px) 100vw, 800px\" \/><\/figure><\/div><\/div>\n\n\n\n<div class=\"wp-block-column is-vertically-aligned-center is-layout-flow wp-block-column-is-layout-flow\">\n<p>Le nom de la cl\u00e9 USB \"whistle metal\" provient de la \"forme de sifflet\" - le corps m\u00e9tallique int\u00e9gr\u00e9 et profil\u00e9 ressemble \u00e0 un sifflet soigneusement poli, avec un anneau de boucle rond tridimensionnel int\u00e9gr\u00e9 \u00e0 une extr\u00e9mit\u00e9 (ressemblant \u00e0 un trou de lani\u00e8re de sifflet), qui non seulement fait \u00e9cho \u00e0 l'image du \"sifflet\", mais remplit \u00e9galement une fonction portable.<\/p>\n\n\n\n<p>Elle est int\u00e9gralement forg\u00e9e \u00e0 partir d'un alliage d'aluminium de qualit\u00e9 a\u00e9ronautique et sa surface est trait\u00e9e par polissage miroir + passivation, avec un toucher aussi doux que la glace, ce qui permet de dire adieu \u00e0 la \"sensation de fragilit\u00e9 et de bon march\u00e9\" des cl\u00e9s USB en plastique, et les propri\u00e9t\u00e9s anti-chute et de r\u00e9sistance \u00e0 l'usure sont totales. Du bureau aux voyages d'affaires en plein air, c'est non seulement un outil de stockage efficace, mais aussi un objet technologique \u00e0 la mode que l'on peut \"mettre dans sa poche\".<\/p>\n<\/div>\n<\/div>\n\n\n\n<h2 class=\"wp-block-heading\">Le style du design de la cl\u00e9 USB en m\u00e9tal \u00e0 sifflet<\/h2>\n\n\n\n<p>Cette cl\u00e9 USB met en \u0153uvre le \"style industriel minimaliste\" dans les moindres d\u00e9tails. Les lignes g\u00e9om\u00e9triques sont aussi nettes qu'un scalpel. La longueur de 40 mm correspond \u00e0 l'arc de pr\u00e9hension du doigt, la largeur de 12 mm est adapt\u00e9e aux poches et aux porte-cl\u00e9s, et l'\u00e9paisseur de 11 mm \u00e9quilibre la \"finesse\" et la \"sensation de prise en main\" ;<\/p>\n\n\n\n<p>Le trou de suspension en forme d'anneau n'est pas seulement une d\u00e9coration mais aussi un \"point d'appui\" - lorsqu'elle est suspendue \u00e0 une corde, la cl\u00e9 USB ne glisse pas facilement lorsqu'elle est tenue, et lorsqu'elle est suspendue \u00e0 un porte-cl\u00e9s, la rainure du trou s'adapte parfaitement \u00e0 l'anneau du porte-cl\u00e9s (anti-balancement) ;<\/p>\n\n\n\n<p>Le m\u00e9tal argent\u00e9 est accompagn\u00e9 d'un \"filtre technologique froid et dur\". Dans l'entrelacement d'ombres et de lumi\u00e8res mates et miroitantes, il s'accorde non seulement avec le ton professionnel du bureau, mais souligne \u00e9galement les caract\u00e9ristiques \"r\u00e9sistantes\" des sc\u00e8nes ext\u00e9rieures, interpr\u00e9tant parfaitement la formule \"design industriel = fonction \u00d7 esth\u00e9tique\".<\/p>\n\n\n\n<div class=\"wp-block-columns is-layout-flex wp-container-core-columns-is-layout-2 wp-block-columns-is-layout-flex\">\n<div class=\"wp-block-column is-layout-flow wp-block-column-is-layout-flow\"><div class=\"wp-block-image\">\n<figure class=\"aligncenter size-full is-resized\"><img decoding=\"async\" width=\"691\" height=\"691\" src=\"https:\/\/yousanusb.com\/wp-content\/uploads\/2025\/06\/Silver-Metallic-Whistle-Style-USB-Flash-Drive.jpg\" alt=\"Cl\u00e9 USB argent m\u00e9tallis\u00e9 style sifflet\" class=\"wp-image-17193\" style=\"width:450px\" srcset=\"https:\/\/www.yousanusb.com\/wp-content\/uploads\/2025\/06\/Silver-Metallic-Whistle-Style-USB-Flash-Drive.jpg 691w, https:\/\/www.yousanusb.com\/wp-content\/uploads\/2025\/06\/Silver-Metallic-Whistle-Style-USB-Flash-Drive-300x300.jpg 300w, https:\/\/www.yousanusb.com\/wp-content\/uploads\/2025\/06\/Silver-Metallic-Whistle-Style-USB-Flash-Drive-150x150.jpg 150w, https:\/\/www.yousanusb.com\/wp-content\/uploads\/2025\/06\/Silver-Metallic-Whistle-Style-USB-Flash-Drive-12x12.jpg 12w, https:\/\/www.yousanusb.com\/wp-content\/uploads\/2025\/06\/Silver-Metallic-Whistle-Style-USB-Flash-Drive-600x600.jpg 600w, https:\/\/www.yousanusb.com\/wp-content\/uploads\/2025\/06\/Silver-Metallic-Whistle-Style-USB-Flash-Drive-100x100.jpg 100w\" sizes=\"(max-width: 691px) 100vw, 691px\" \/><\/figure><\/div><\/div>\n\n\n\n<div class=\"wp-block-column is-layout-flow wp-block-column-is-layout-flow\"><div class=\"wp-block-image\">\n<figure class=\"aligncenter size-full\"><img decoding=\"async\" width=\"551\" height=\"454\" src=\"https:\/\/yousanusb.com\/wp-content\/uploads\/2025\/06\/Whistle-Metal-USB-Flash-Drive-Size.jpg\" alt=\"Cl\u00e9 USB en m\u00e9tal avec sifflet Taille\" class=\"wp-image-17195\" srcset=\"https:\/\/www.yousanusb.com\/wp-content\/uploads\/2025\/06\/Whistle-Metal-USB-Flash-Drive-Size.jpg 551w, https:\/\/www.yousanusb.com\/wp-content\/uploads\/2025\/06\/Whistle-Metal-USB-Flash-Drive-Size-300x247.jpg 300w, https:\/\/www.yousanusb.com\/wp-content\/uploads\/2025\/06\/Whistle-Metal-USB-Flash-Drive-Size-15x12.jpg 15w\" sizes=\"(max-width: 551px) 100vw, 551px\" \/><\/figure><\/div><\/div>\n<\/div>\n\n\n\n<div style=\"height:50px\" aria-hidden=\"true\" class=\"wp-block-spacer\"><\/div>\n\n\n\n<h2 class=\"wp-block-heading\">La cl\u00e9 USB \u00e0 sifflet Interface et param\u00e8tres de base <\/h2>\n\n\n\n<figure class=\"wp-block-table\"><table class=\"has-fixed-layout\"><tbody><tr><td>Objet<\/td><td>D\u00e9tails<\/td><td>Interpr\u00e9tation des sc\u00e8nes<\/td><\/tr><tr><td>Capacit\u00e9<\/td><td>8GB \/ 16GB \/ 32GB \/ 64GB \/ 128GB<\/td><td>8 Go : Stockage de contrats\/curriculum vitae (environ 2 000 documents Word);32 Go : Installation de didacticiels + photos de t\u00e9l\u00e9phones portables (environ 8 000 pi\u00e8ces);128 Go : Stockage de vid\u00e9os 4K (environ 20 films) + donn\u00e9es de sauvegarde<\/td><\/tr><tr><td>Taille<\/td><td>40\u00d712\u00d711mm (L\u00d7L\u00d7T)<\/td><td>Longueur\u2248milieu de l'index, largeur\u2248diam\u00e8tre d'une pi\u00e8ce de 1 yuan, \u00e9paisseur\u2248empilement de 2 pi\u00e8ces, pas de contrainte de transport.<\/td><\/tr><tr><td>Poids<\/td><td>10g<\/td><td>Pas de chute des mains lors de l'accrochage des porte-cl\u00e9s, pas d'encombrement lors du rangement des portefeuilles<\/td><\/tr><tr><td>Type d'interface<\/td><td>USB 3.0 Type-A (compatible avec les dispositifs USB 2.0)<\/td><td>Compatible avec les ordinateurs, les tablettes (n\u00e9cessite un adaptateur OTG), les t\u00e9l\u00e9viseurs intelligents, plug and play<\/td><\/tr><tr><td>Vitesse de lecture<\/td><td>Jusqu'\u00e0 150 Mo\/s<\/td><td>Film de 1 Go lu en 10 secondes, 5 fois plus rapide que l'USB 2.0<\/td><\/tr><tr><td>Vitesse d'\u00e9criture<\/td><td>Jusqu'\u00e0 30 Mo\/s<\/td><td>Fichier de 500MB\u2248stock\u00e9 en 17 secondes, d\u00e9passant de loin les cl\u00e9s USB ordinaires (\u00e9criture USB 2.0\u224810MB\/s)<\/td><\/tr><\/tbody><\/table><\/figure>\n\n\n\n<h2 class=\"wp-block-heading\"><strong>&nbsp;<\/strong><\/h2>\n\n\n\n<h2 class=\"wp-block-heading\">La couleur argent\u00e9e de la cl\u00e9 USB en m\u00e9tal \u00e0 sifflet <\/h2>\n\n\n\n<div class=\"wp-block-columns is-layout-flex wp-container-core-columns-is-layout-3 wp-block-columns-is-layout-flex\">\n<div class=\"wp-block-column is-layout-flow wp-block-column-is-layout-flow\"><div class=\"wp-block-image\">\n<figure class=\"aligncenter size-full is-resized\"><img loading=\"lazy\" decoding=\"async\" width=\"1000\" height=\"1000\" src=\"https:\/\/yousanusb.com\/wp-content\/uploads\/2025\/06\/Whistle-Metal-USB-Flash-Drive-with-Custom-Logo.jpg\" alt=\"Cl\u00e9 USB en m\u00e9tal avec sifflet et logo personnalis\u00e9\" class=\"wp-image-17196\" style=\"width:450px\" srcset=\"https:\/\/www.yousanusb.com\/wp-content\/uploads\/2025\/06\/Whistle-Metal-USB-Flash-Drive-with-Custom-Logo.jpg 1000w, https:\/\/www.yousanusb.com\/wp-content\/uploads\/2025\/06\/Whistle-Metal-USB-Flash-Drive-with-Custom-Logo-300x300.jpg 300w, https:\/\/www.yousanusb.com\/wp-content\/uploads\/2025\/06\/Whistle-Metal-USB-Flash-Drive-with-Custom-Logo-150x150.jpg 150w, https:\/\/www.yousanusb.com\/wp-content\/uploads\/2025\/06\/Whistle-Metal-USB-Flash-Drive-with-Custom-Logo-768x768.jpg 768w, https:\/\/www.yousanusb.com\/wp-content\/uploads\/2025\/06\/Whistle-Metal-USB-Flash-Drive-with-Custom-Logo-12x12.jpg 12w, https:\/\/www.yousanusb.com\/wp-content\/uploads\/2025\/06\/Whistle-Metal-USB-Flash-Drive-with-Custom-Logo-600x600.jpg 600w, https:\/\/www.yousanusb.com\/wp-content\/uploads\/2025\/06\/Whistle-Metal-USB-Flash-Drive-with-Custom-Logo-100x100.jpg 100w\" sizes=\"(max-width: 1000px) 100vw, 1000px\" \/><\/figure><\/div><\/div>\n\n\n\n<div class=\"wp-block-column is-vertically-aligned-center is-layout-flow wp-block-column-is-layout-flow\">\n<p>Gr\u00e2ce au processus de \"polissage miroir en neuf \u00e9tapes + couche de scellement par oxydation anodique\", la surface de la cl\u00e9 USB en m\u00e9tal est aussi transparente qu'un miroir, mais gr\u00e2ce au film d'oxyde, elle r\u00e9siste \u00e0 l'\u00e9rosion due aux empreintes digitales et \u00e0 la sueur, et reste \"brillante et neuve\" apr\u00e8s une utilisation de longue dur\u00e9e ;<\/p>\n\n\n\n<p>Le ton argent\u00e9 froid est accompagn\u00e9 d'un \"filtre futuriste\" - lorsqu'il est \u00e9clair\u00e9, les bords refl\u00e8tent des reflets nets, et la surface incurv\u00e9e est teint\u00e9e de doux d\u00e9grad\u00e9s, comme un \"clair de lune envelopp\u00e9 de technologie\", ce qui montre le style dans les occasions professionnelles et met en valeur la personnalit\u00e9 dans l'utilisation quotidienne ;<\/p>\n\n\n\n<p>La \"texture froide et lisse\" unique du m\u00e9tal constitue un point de m\u00e9moire - le tenir en \u00e9t\u00e9, c'est comme toucher de la soie de glace, et bien qu'il soit froid en hiver, il devient un partenaire fiable dans les sc\u00e8nes ext\u00e9rieures gr\u00e2ce \u00e0 sa \"propri\u00e9t\u00e9 de r\u00e9sistance au gel\".<\/p>\n<\/div>\n<\/div>\n\n\n\n<h2 class=\"wp-block-heading\">La cl\u00e9 USB en m\u00e9tal \u00e0 sifflet peut \u00eatre personnalis\u00e9e avec le logo. <\/h2>\n\n\n\n<p>- Gravure du LOGO : Le logo de la cl\u00e9 USB en m\u00e9tal adopte la technologie de gravure au laser, et la surface m\u00e9tallique est grav\u00e9e avec une texture mate, formant un fort contraste avec la couleur de base brillante, et le LOGO est clair et tridimensionnel, ne s'effa\u00e7ant jamais ; l'avant et l'arri\u00e8re de la cl\u00e9 USB peuvent \u00eatre grav\u00e9s avec des logos. Les entreprises peuvent graver des logos de marque, et les particuliers peuvent graver des noms\/mottos.<\/p>\n\n\n\n<p>- Personnalisation de l'emballage :<\/p>\n\n\n\n<p>Mod\u00e8le de base : Sac en PP (\u00e9paisseur 0,1 mm, r\u00e9sistant \u00e0 la poussi\u00e8re et \u00e0 l'usure) ;<\/p>\n\n\n\n<p>\u25e6 Mod\u00e8le am\u00e9lior\u00e9 : bo\u00eete en fer blanc ou bo\u00eete en papier d'art (estampage d'or\/impression UV\/relief, adapt\u00e9 aux cadeaux haut de gamme) ;<\/p>\n\n\n\n<div class=\"wp-block-columns is-layout-flex wp-container-core-columns-is-layout-4 wp-block-columns-is-layout-flex\">\n<div class=\"wp-block-column is-layout-flow wp-block-column-is-layout-flow\"><div class=\"wp-block-image\">\n<figure class=\"aligncenter size-full\"><img loading=\"lazy\" decoding=\"async\" width=\"355\" height=\"355\" src=\"https:\/\/yousanusb.com\/wp-content\/uploads\/2025\/06\/Whistle-Metal-USB-Flash-Drive-with-Logo.jpg\" alt=\"Cl\u00e9 USB en m\u00e9tal avec logo\" class=\"wp-image-17197\" srcset=\"https:\/\/www.yousanusb.com\/wp-content\/uploads\/2025\/06\/Whistle-Metal-USB-Flash-Drive-with-Logo.jpg 355w, https:\/\/www.yousanusb.com\/wp-content\/uploads\/2025\/06\/Whistle-Metal-USB-Flash-Drive-with-Logo-300x300.jpg 300w, https:\/\/www.yousanusb.com\/wp-content\/uploads\/2025\/06\/Whistle-Metal-USB-Flash-Drive-with-Logo-150x150.jpg 150w, https:\/\/www.yousanusb.com\/wp-content\/uploads\/2025\/06\/Whistle-Metal-USB-Flash-Drive-with-Logo-12x12.jpg 12w, https:\/\/www.yousanusb.com\/wp-content\/uploads\/2025\/06\/Whistle-Metal-USB-Flash-Drive-with-Logo-100x100.jpg 100w\" sizes=\"(max-width: 355px) 100vw, 355px\" \/><\/figure><\/div><\/div>\n\n\n\n<div class=\"wp-block-column is-layout-flow wp-block-column-is-layout-flow\"><div class=\"wp-block-image\">\n<figure class=\"aligncenter size-full is-resized\"><img loading=\"lazy\" decoding=\"async\" width=\"1000\" height=\"667\" src=\"https:\/\/yousanusb.com\/wp-content\/uploads\/2025\/06\/Metallic-Whistle-Style-USB-Flash-Drive.jpg\" alt=\"Cl\u00e9 USB en forme de sifflet m\u00e9tallique\" class=\"wp-image-17192\" style=\"width:500px\" srcset=\"https:\/\/www.yousanusb.com\/wp-content\/uploads\/2025\/06\/Metallic-Whistle-Style-USB-Flash-Drive.jpg 1000w, https:\/\/www.yousanusb.com\/wp-content\/uploads\/2025\/06\/Metallic-Whistle-Style-USB-Flash-Drive-300x200.jpg 300w, https:\/\/www.yousanusb.com\/wp-content\/uploads\/2025\/06\/Metallic-Whistle-Style-USB-Flash-Drive-768x512.jpg 768w, https:\/\/www.yousanusb.com\/wp-content\/uploads\/2025\/06\/Metallic-Whistle-Style-USB-Flash-Drive-18x12.jpg 18w, https:\/\/www.yousanusb.com\/wp-content\/uploads\/2025\/06\/Metallic-Whistle-Style-USB-Flash-Drive-600x400.jpg 600w\" sizes=\"(max-width: 1000px) 100vw, 1000px\" \/><\/figure><\/div><\/div>\n<\/div>\n\n\n\n<h3 class=\"wp-block-heading\">Q1 : La coque de la cl\u00e9 USB en m\u00e9tal est-elle \u00e9tanche et r\u00e9sistante aux chocs ? <\/h3>\n\n\n\n<div class=\"wp-block-columns is-layout-flex wp-container-core-columns-is-layout-5 wp-block-columns-is-layout-flex\">\n<div class=\"wp-block-column is-layout-flow wp-block-column-is-layout-flow\"><div class=\"wp-block-image\">\n<figure class=\"aligncenter size-full is-resized\"><img loading=\"lazy\" decoding=\"async\" width=\"800\" height=\"1000\" src=\"https:\/\/yousanusb.com\/wp-content\/uploads\/2025\/06\/Metallic-Whistle-Style-USB-Flash-Drive-from-Factory.jpg\" alt=\"Cl\u00e9 USB en forme de sifflet m\u00e9tallique d&#039;usine\" class=\"wp-image-17190\" style=\"width:300px\" srcset=\"https:\/\/www.yousanusb.com\/wp-content\/uploads\/2025\/06\/Metallic-Whistle-Style-USB-Flash-Drive-from-Factory.jpg 800w, https:\/\/www.yousanusb.com\/wp-content\/uploads\/2025\/06\/Metallic-Whistle-Style-USB-Flash-Drive-from-Factory-240x300.jpg 240w, https:\/\/www.yousanusb.com\/wp-content\/uploads\/2025\/06\/Metallic-Whistle-Style-USB-Flash-Drive-from-Factory-768x960.jpg 768w, https:\/\/www.yousanusb.com\/wp-content\/uploads\/2025\/06\/Metallic-Whistle-Style-USB-Flash-Drive-from-Factory-10x12.jpg 10w, https:\/\/www.yousanusb.com\/wp-content\/uploads\/2025\/06\/Metallic-Whistle-Style-USB-Flash-Drive-from-Factory-600x750.jpg 600w\" sizes=\"(max-width: 800px) 100vw, 800px\" \/><\/figure><\/div><\/div>\n\n\n\n<div class=\"wp-block-column is-vertically-aligned-center is-layout-flow wp-block-column-is-layout-flow\">\n<p>R : La protection est bien meilleure que celle des cl\u00e9s USB ordinaires !<\/p>\n\n\n\n<p>&nbsp;\u00c9tanche : Atteint le niveau IPX4 (r\u00e9sistant aux \u00e9claboussures) - il peut faire face calmement \u00e0 des sc\u00e8nes telles que les \u00e9claboussures de pluie et de caf\u00e9 (mais ne se trempe pas !);<\/p>\n\n\n\n<p>R\u00e9sistant aux chocs : La structure m\u00e9tallique int\u00e9gr\u00e9e peut r\u00e9sister aux chutes quotidiennes (jusqu'\u00e0 1,2 m\u00e8tre) et aux chocs, et peut \u00e9galement prot\u00e9ger les donn\u00e9es dans les environnements ext\u00e9rieurs cahoteux ;<\/p>\n\n\n\n<p>Additional buff : Il poss\u00e8de \u00e9galement les caract\u00e9ristiques de r\u00e9sistance \u00e0 la temp\u00e9rature de -20\u2103~60\u2103, d'anti-magn\u00e9tique et d'anti-rayons X, et peut fonctionner de mani\u00e8re stable dans des sc\u00e8nes extr\u00eames (telles que les plateaux, les salles d'ordinateurs).<\/p>\n<\/div>\n<\/div>\n\n\n\n<div style=\"height:30px\" aria-hidden=\"true\" class=\"wp-block-spacer\"><\/div>\n\n\n\n<h3 class=\"wp-block-heading\">Q2 : La cl\u00e9 USB en m\u00e9tal avec sifflet peut-elle \u00eatre accroch\u00e9e \u00e0 un porte-cl\u00e9s ? <\/h3>\n\n\n\n<p>R : La conception du trou de l'anneau de la cl\u00e9 USB en m\u00e9tal convient \u00e0 99% des porte-cl\u00e9s\/lanyards ; le bord du trou est chanfrein\u00e9, ce qui ne coupe pas les mains lors de l'accrochage, et la conception de la rainure rend le porte-cl\u00e9s \"stable et in\u00e9branlable\", ce qui permet de dire adieu \u00e0 l'embarras de \"la cl\u00e9 USB est perdue dans un coin et accumule la poussi\u00e8re\".<\/p>\n\n\n\n<h3 class=\"wp-block-heading\">Q3 : La coque m\u00e9tallique va-t-elle conduire l'\u00e9lectricit\u00e9 et fuir l'\u00e9lectricit\u00e9 ? Est-elle s\u00fbre ? <\/h3>\n\n\n\n<p>R : S\u00fbre ! Le circuit interne de la cl\u00e9 USB est isol\u00e9 de la coque m\u00e9tallique et ne transmet des donn\u00e9es ou de l'\u00e9nergie que par l'interface USB (basse tension de 5 V, bien inf\u00e9rieure au seuil de s\u00e9curit\u00e9) ; la coque m\u00e9tallique cache \u00e9galement un \"dispositif de lib\u00e9ration de l'\u00e9lectricit\u00e9 statique\" - l'\u00e9lectricit\u00e9 statique humaine peut \u00eatre \u00e9vacu\u00e9e par la coque, ce qui prot\u00e8ge la dur\u00e9e de vie de la puce ; la cl\u00e9 USB est en fait plus \"antistatique\" que les cl\u00e9s USB en plastique.<\/p>\n\n\n\n<p><\/p>","protected":false},"excerpt":{"rendered":"<ul>\n<li>Conception du trou de l'anneau<\/li>\n<li>Mat\u00e9riau m\u00e9tallique<\/li>\n<li>Imperm\u00e9able et durable<\/li>\n<li>Vitesse plus rapide et haute qualit\u00e9<\/li>\n<li>Fiabilit\u00e9 et s\u00e9curit\u00e9<\/li>\n<li>Id\u00e9al pour tous les usages<\/li>\n<\/ul>","protected":false},"featured_media":17196,"comment_status":"open","ping_status":"closed","template":"","meta":{"_seopress_robots_primary_cat":"none","_seopress_titles_title":"Whistle Metal USB Flash Drive","_seopress_titles_desc":"Whistle Metal USB Flash Drive","_seopress_robots_index":""},"class_list":["post-17186","product","type-product","status-publish","has-post-thumbnail","hentry","product_cat-usb30-flash-drive","product_cat-metal-usb-flash-drive","product_tag-custom-metal-keychain-usb-flash-drive","product_tag-buy-metal-leather-usb-flash-drive"],"_links":{"self":[{"href":"https:\/\/www.yousanusb.com\/fr\/wp-json\/wp\/v2\/product\/17186"}],"collection":[{"href":"https:\/\/www.yousanusb.com\/fr\/wp-json\/wp\/v2\/product"}],"about":[{"href":"https:\/\/www.yousanusb.com\/fr\/wp-json\/wp\/v2\/types\/product"}],"replies":[{"embeddable":true,"href":"https:\/\/www.yousanusb.com\/fr\/wp-json\/wp\/v2\/comments?post=17186"}],"wp:featuredmedia":[{"embeddable":true,"href":"https:\/\/www.yousanusb.com\/fr\/wp-json\/wp\/v2\/media\/17196"}],"wp:attachment":[{"href":"https:\/\/www.yousanusb.com\/fr\/wp-json\/wp\/v2\/media?parent=17186"}],"curies":[{"name":"wp","href":"https:\/\/api.w.org\/{rel}","templated":true}]}}