{"id":17245,"date":"2025-06-16T09:13:54","date_gmt":"2025-06-16T09:13:54","guid":{"rendered":"https:\/\/yousanusb.com\/?post_type=product&#038;p=17245"},"modified":"2025-10-06T00:24:06","modified_gmt":"2025-10-06T00:24:06","slug":"metal-carabiner-usb-flash-drive","status":"publish","type":"product","link":"https:\/\/www.yousanusb.com\/fr\/produit\/metal-carabiner-usb-flash-drive\/","title":{"rendered":"Cl\u00e9 USB \u00e0 mousqueton en m\u00e9tal"},"content":{"rendered":"<h2 class=\"wp-block-heading\">Qu'est-ce qu'une cl\u00e9 USB \u00e0 mousqueton en m\u00e9tal ? <\/h2>\n\n\n\n<div class=\"wp-block-columns is-layout-flex wp-container-core-columns-is-layout-1 wp-block-columns-is-layout-flex\">\n<div class=\"wp-block-column is-layout-flow wp-block-column-is-layout-flow\"><div class=\"wp-block-image\">\n<figure class=\"aligncenter size-full is-resized\"><img fetchpriority=\"high\" decoding=\"async\" width=\"660\" height=\"660\" src=\"https:\/\/yousanusb.com\/wp-content\/uploads\/2025\/06\/Carabiner-Style-Metal-USB-Drive.jpg\" alt=\"Mousqueton - Style cl\u00e9 USB en m\u00e9tal\" class=\"wp-image-17257\" style=\"width:450px\" srcset=\"https:\/\/www.yousanusb.com\/wp-content\/uploads\/2025\/06\/Carabiner-Style-Metal-USB-Drive.jpg 660w, https:\/\/www.yousanusb.com\/wp-content\/uploads\/2025\/06\/Carabiner-Style-Metal-USB-Drive-300x300.jpg 300w, https:\/\/www.yousanusb.com\/wp-content\/uploads\/2025\/06\/Carabiner-Style-Metal-USB-Drive-150x150.jpg 150w, https:\/\/www.yousanusb.com\/wp-content\/uploads\/2025\/06\/Carabiner-Style-Metal-USB-Drive-12x12.jpg 12w, https:\/\/www.yousanusb.com\/wp-content\/uploads\/2025\/06\/Carabiner-Style-Metal-USB-Drive-600x600.jpg 600w, https:\/\/www.yousanusb.com\/wp-content\/uploads\/2025\/06\/Carabiner-Style-Metal-USB-Drive-100x100.jpg 100w\" sizes=\"(max-width: 660px) 100vw, 660px\" \/><\/figure><\/div><\/div>\n\n\n\n<div class=\"wp-block-column is-vertically-aligned-center is-layout-flow wp-block-column-is-layout-flow\">\n<p>La cl\u00e9 USB \u00e0 mousqueton en m\u00e9tal est int\u00e9gralement form\u00e9e d'un alliage d'aluminium de qualit\u00e9 a\u00e9ronautique et d'acier inoxydable, poli par des proc\u00e9d\u00e9s de sculpture de pr\u00e9cision CNC et d'oxydation anodique. Sa surface est aussi lisse qu'un miroir et r\u00e9siste aux rayures et \u00e0 l'abrasion.<\/p>\n\n\n\n<p>L'une des extr\u00e9mit\u00e9s est int\u00e9gr\u00e9e \u00e0 une structure m\u00e9tallique en forme de mousqueton. La boucle s'ouvre et se ferme en douceur (appuyer avec le pouce pour ouvrir, se bloque automatiquement lorsqu'elle est rel\u00e2ch\u00e9e), ce qui permet de l'attacher facilement \u00e0 un porte-cl\u00e9s, \u00e0 la sangle d'un sac \u00e0 dos ou m\u00eame \u00e0 l'anneau d'un porte-documents d'affaires.<\/p>\n<\/div>\n<\/div>\n\n\n\n<h2 class=\"wp-block-heading\">Design de la cl\u00e9 USB \u00e0 mousqueton en m\u00e9tal <\/h2>\n\n\n\n<div class=\"wp-block-columns is-layout-flex wp-container-core-columns-is-layout-2 wp-block-columns-is-layout-flex\">\n<div class=\"wp-block-column is-vertically-aligned-center is-layout-flow wp-block-column-is-layout-flow\">\n<p>Le mat\u00e9riau m\u00e9tallique pr\u00e9sente une texture froide et \u00e9l\u00e9gante, qui conf\u00e8re un sentiment d'\"autorit\u00e9 professionnelle\", en accord avec la fiabilit\u00e9 exig\u00e9e dans les situations professionnelles. Avec un poids de 15 g, il ne donne pas l'impression d'\u00eatre fragile tout en restant l\u00e9ger.<\/p>\n\n\n\n<p>La combinaison g\u00e9om\u00e9trique d'un corps rectangulaire et d'une boucle ovale, aux lignes minimalistes, int\u00e8gre des consid\u00e9rations ergonomiques - les bords chanfrein\u00e9s garantissent une prise en main confortable. Ses dimensions fines s'ins\u00e8rent sans effort dans les trousses \u00e0 crayons ou s'accrochent aux cl\u00e9s sans encombrement.&nbsp;<\/p>\n<\/div>\n\n\n\n<div class=\"wp-block-column is-layout-flow wp-block-column-is-layout-flow\"><div class=\"wp-block-image\">\n<figure class=\"aligncenter size-full is-resized\"><img decoding=\"async\" width=\"1000\" height=\"1000\" src=\"https:\/\/yousanusb.com\/wp-content\/uploads\/2025\/06\/Silver-Metallic-Carabiner-USB-Flash-Drive.jpg\" alt=\"Cl\u00e9 USB \u00e0 mousqueton en m\u00e9tal argent\u00e9\" class=\"wp-image-17265\" style=\"width:450px\" srcset=\"https:\/\/www.yousanusb.com\/wp-content\/uploads\/2025\/06\/Silver-Metallic-Carabiner-USB-Flash-Drive.jpg 1000w, https:\/\/www.yousanusb.com\/wp-content\/uploads\/2025\/06\/Silver-Metallic-Carabiner-USB-Flash-Drive-300x300.jpg 300w, https:\/\/www.yousanusb.com\/wp-content\/uploads\/2025\/06\/Silver-Metallic-Carabiner-USB-Flash-Drive-150x150.jpg 150w, https:\/\/www.yousanusb.com\/wp-content\/uploads\/2025\/06\/Silver-Metallic-Carabiner-USB-Flash-Drive-768x768.jpg 768w, https:\/\/www.yousanusb.com\/wp-content\/uploads\/2025\/06\/Silver-Metallic-Carabiner-USB-Flash-Drive-12x12.jpg 12w, https:\/\/www.yousanusb.com\/wp-content\/uploads\/2025\/06\/Silver-Metallic-Carabiner-USB-Flash-Drive-600x600.jpg 600w, https:\/\/www.yousanusb.com\/wp-content\/uploads\/2025\/06\/Silver-Metallic-Carabiner-USB-Flash-Drive-100x100.jpg 100w\" sizes=\"(max-width: 1000px) 100vw, 1000px\" \/><\/figure><\/div><\/div>\n<\/div>\n\n\n\n<h2 class=\"wp-block-heading\">Interface et param\u00e8tres de la cl\u00e9 USB \u00e0 mousqueton en m\u00e9tal <\/h2>\n\n\n\n<figure class=\"wp-block-table\"><table class=\"has-fixed-layout\"><tbody><tr><td>Objet<\/td><td>USB2.0<\/td><td>USB3.0<\/td><\/tr><tr><td>Norme d'interface<\/td><td>Interface USB 2.0 \u00e0 haut d\u00e9bit<\/td><td>Interface USB 3.0 \u00e0 haut d\u00e9bit<\/td><\/tr><tr><td>Capacit\u00e9s disponibles<\/td><td>8G\/16G\/32G\/64G\/128G<\/td><td>8G\/16G\/32G\/64G\/128G<\/td><\/tr><tr><td>Dimensions<\/td><td>47,7\u00d712,27\u00d74,6mm<\/td><td>47,7\u00d712,27\u00d74,6mm<\/td><\/tr><tr><td>Poids<\/td><td>15g<\/td><td>15g<\/td><\/tr><tr><td>Vitesse de lecture<\/td><td>Environ 15~25MB\/s (Max. 25MB\/s)<\/td><td>Environ 80~150MB\/s (Max. 150MB\/s)<\/td><\/tr><tr><td>Vitesse d'\u00e9criture<\/td><td>Environ 8~15MB\/s (Max. 15MB\/s)<\/td><td>Environ 20~60MB\/s (Max. 60MB\/s)<\/td><\/tr><\/tbody><\/table><\/figure>\n\n\n\n<div style=\"height:50px\" aria-hidden=\"true\" class=\"wp-block-spacer\"><\/div>\n\n\n\n<h2 class=\"wp-block-heading\">Quelle est la couleur de la cl\u00e9 USB \u00e0 mousqueton en m\u00e9tal ?<\/h2>\n\n\n\n<div class=\"wp-block-columns is-layout-flex wp-container-core-columns-is-layout-3 wp-block-columns-is-layout-flex\">\n<div class=\"wp-block-column is-layout-flow wp-block-column-is-layout-flow\">\n<figure class=\"wp-block-image size-full is-resized\"><img decoding=\"async\" width=\"800\" height=\"800\" src=\"https:\/\/yousanusb.com\/wp-content\/uploads\/2025\/06\/Carabiner-Style-Metal-USB-Drive-from-Factory.png\" alt=\"Mousqueton - Cl\u00e9 USB en m\u00e9tal de l&#039;usine\" class=\"wp-image-17256\" style=\"width:450px\" srcset=\"https:\/\/www.yousanusb.com\/wp-content\/uploads\/2025\/06\/Carabiner-Style-Metal-USB-Drive-from-Factory.png 800w, https:\/\/www.yousanusb.com\/wp-content\/uploads\/2025\/06\/Carabiner-Style-Metal-USB-Drive-from-Factory-300x300.png 300w, https:\/\/www.yousanusb.com\/wp-content\/uploads\/2025\/06\/Carabiner-Style-Metal-USB-Drive-from-Factory-150x150.png 150w, https:\/\/www.yousanusb.com\/wp-content\/uploads\/2025\/06\/Carabiner-Style-Metal-USB-Drive-from-Factory-768x768.png 768w, https:\/\/www.yousanusb.com\/wp-content\/uploads\/2025\/06\/Carabiner-Style-Metal-USB-Drive-from-Factory-12x12.png 12w, https:\/\/www.yousanusb.com\/wp-content\/uploads\/2025\/06\/Carabiner-Style-Metal-USB-Drive-from-Factory-600x600.png 600w, https:\/\/www.yousanusb.com\/wp-content\/uploads\/2025\/06\/Carabiner-Style-Metal-USB-Drive-from-Factory-100x100.png 100w\" sizes=\"(max-width: 800px) 100vw, 800px\" \/><\/figure>\n<\/div>\n\n\n\n<div class=\"wp-block-column is-vertically-aligned-center is-layout-flow wp-block-column-is-layout-flow\">\n<p>La cl\u00e9 USB \u00e0 mousqueton en m\u00e9tal pr\u00e9sente un design enti\u00e8rement argent\u00e9, avec des couches d'artisanat technologique derri\u00e8re cet \"argent\" :<\/p>\n\n\n\n<p>L'alliage d'aluminium de qualit\u00e9 a\u00e9ronautique offre intrins\u00e8quement un \u00e9clat m\u00e9tallique, ce qui donne un ton \"technophile\".<\/p>\n\n\n\n<p>Gr\u00e2ce au processus d'oxydation anodique, l'argent pr\u00e9sente une \"finition miroir froide\", r\u00e9fl\u00e9chissant la lumi\u00e8re comme un miroir argent\u00e9 tout en \u00e9vitant l'aspect plastique bon march\u00e9 gr\u00e2ce \u00e0 sa texture m\u00e9tallique.<\/p>\n\n\n\n<p>Une technologie de rev\u00eatement sp\u00e9ciale garantit l'absence d'oxydation ou de d\u00e9coloration apr\u00e8s 3 \u00e0 5 ans d'utilisation quotidienne.<\/p>\n<\/div>\n<\/div>\n\n\n\n<h2 class=\"wp-block-heading\">La cl\u00e9 USB \u00e0 mousqueton en m\u00e9tal peut-elle \u00eatre personnalis\u00e9e avec un logo ?<strong> <\/strong><\/h2>\n\n\n\n<p>La cl\u00e9 USB \u00e0 mousqueton en m\u00e9tal permet de personnaliser le logo de bout en bout, tant pour la cl\u00e9 que pour l'emballage, ce qui en fait un \"atout\" pour les cadeaux d'entreprise et la promotion de la marque. L'avant et l'arri\u00e8re de la cl\u00e9 USB peuvent \u00eatre personnalis\u00e9s avec des logos par gravure laser, s\u00e9rigraphie ou impression couleur :<\/p>\n\n\n\n<div class=\"wp-block-columns is-layout-flex wp-container-core-columns-is-layout-4 wp-block-columns-is-layout-flex\">\n<div class=\"wp-block-column is-vertically-aligned-center is-layout-flow wp-block-column-is-layout-flow\">\n<p>Gravure au laser : Convient pour les logos\/textes minimalistes, avec une grande pr\u00e9cision et une durabilit\u00e9 permanente (cr\u00e9e des empreintes sur la surface du m\u00e9tal, id\u00e9al pour les logos d'entreprise).<\/p>\n\n\n\n<p>S\u00e9rigraphie : Convient aux motifs color\u00e9s, avec une couverture d'encre uniforme et une grande pr\u00e9cision des couleurs (remarque : peut s'user en cas de frottement prolong\u00e9, convient pour les campagnes \u00e0 court terme).<\/p>\n\n\n\n<p>Impression couleur : Prise en charge des d\u00e9grad\u00e9s et des dessins complexes, avec une grande pr\u00e9cision des d\u00e9tails (similaire \u00e0 l'impression d'\u00e9tuis de t\u00e9l\u00e9phone, n\u00e9cessite un rev\u00eatement protecteur pour la r\u00e9sistance aux rayures, id\u00e9al pour les marques cr\u00e9atives).<\/p>\n<\/div>\n\n\n\n<div class=\"wp-block-column is-layout-flow wp-block-column-is-layout-flow\">\n<figure class=\"wp-block-image size-full is-resized\"><img loading=\"lazy\" decoding=\"async\" width=\"800\" height=\"800\" src=\"https:\/\/yousanusb.com\/wp-content\/uploads\/2025\/06\/Metallic-Carabiner-USB-Flash-Drive-with-Logo.png\" alt=\"Cl\u00e9 USB \u00e0 logo avec mousqueton m\u00e9tallique\" class=\"wp-image-17262\" style=\"width:450px\" srcset=\"https:\/\/www.yousanusb.com\/wp-content\/uploads\/2025\/06\/Metallic-Carabiner-USB-Flash-Drive-with-Logo.png 800w, https:\/\/www.yousanusb.com\/wp-content\/uploads\/2025\/06\/Metallic-Carabiner-USB-Flash-Drive-with-Logo-300x300.png 300w, https:\/\/www.yousanusb.com\/wp-content\/uploads\/2025\/06\/Metallic-Carabiner-USB-Flash-Drive-with-Logo-150x150.png 150w, https:\/\/www.yousanusb.com\/wp-content\/uploads\/2025\/06\/Metallic-Carabiner-USB-Flash-Drive-with-Logo-768x768.png 768w, https:\/\/www.yousanusb.com\/wp-content\/uploads\/2025\/06\/Metallic-Carabiner-USB-Flash-Drive-with-Logo-12x12.png 12w, https:\/\/www.yousanusb.com\/wp-content\/uploads\/2025\/06\/Metallic-Carabiner-USB-Flash-Drive-with-Logo-600x600.png 600w, https:\/\/www.yousanusb.com\/wp-content\/uploads\/2025\/06\/Metallic-Carabiner-USB-Flash-Drive-with-Logo-100x100.png 100w\" sizes=\"(max-width: 800px) 100vw, 800px\" \/><\/figure>\n<\/div>\n<\/div>\n\n\n\n<h2 class=\"wp-block-heading\">Quel type d'emballage la cl\u00e9 USB peut-elle avoir ?<\/h2>\n\n\n\n<p>L'emballage de la cl\u00e9 USB comprend des sacs en PP, des bo\u00eetes en fer ou des bo\u00eetes en papier, tous personnalisables avec des logos :<\/p>\n\n\n\n<div class=\"wp-block-columns is-layout-flex wp-container-core-columns-is-layout-5 wp-block-columns-is-layout-flex\">\n<div class=\"wp-block-column is-layout-flow wp-block-column-is-layout-flow\">\n<figure class=\"wp-block-image size-full is-resized\"><img loading=\"lazy\" decoding=\"async\" width=\"717\" height=\"717\" src=\"https:\/\/yousanusb.com\/wp-content\/uploads\/2025\/06\/Carabiner-Clasp-Metal-USB-Flash-Drive-Package-Box.png\" alt=\"Mousqueton - Clapet M\u00e9tallique Cl\u00e9 USB Bo\u00eete d&#039;emballage\" class=\"wp-image-17254\" style=\"width:450px\" srcset=\"https:\/\/www.yousanusb.com\/wp-content\/uploads\/2025\/06\/Carabiner-Clasp-Metal-USB-Flash-Drive-Package-Box.png 717w, https:\/\/www.yousanusb.com\/wp-content\/uploads\/2025\/06\/Carabiner-Clasp-Metal-USB-Flash-Drive-Package-Box-300x300.png 300w, https:\/\/www.yousanusb.com\/wp-content\/uploads\/2025\/06\/Carabiner-Clasp-Metal-USB-Flash-Drive-Package-Box-150x150.png 150w, https:\/\/www.yousanusb.com\/wp-content\/uploads\/2025\/06\/Carabiner-Clasp-Metal-USB-Flash-Drive-Package-Box-12x12.png 12w, https:\/\/www.yousanusb.com\/wp-content\/uploads\/2025\/06\/Carabiner-Clasp-Metal-USB-Flash-Drive-Package-Box-600x600.png 600w, https:\/\/www.yousanusb.com\/wp-content\/uploads\/2025\/06\/Carabiner-Clasp-Metal-USB-Flash-Drive-Package-Box-100x100.png 100w\" sizes=\"(max-width: 717px) 100vw, 717px\" \/><\/figure>\n<\/div>\n\n\n\n<div class=\"wp-block-column is-vertically-aligned-center is-layout-flow wp-block-column-is-layout-flow\">\n<p>Sac en PP transparent : L\u00e9ger et \u00e9conomique (convient \u00e0 l'usage personnel\/aux petits lots).<\/p>\n\n\n\n<p>Bo\u00eete en fer : La bo\u00eete en fer est assortie \u00e0 la texture m\u00e9tallique de la cl\u00e9 USB, ce qui lui conf\u00e8re une grande \u00e9l\u00e9gance (id\u00e9ale pour les cadeaux d'entreprise VIP ou les coffrets cadeaux haut de gamme).<\/p>\n\n\n\n<p>Bo\u00eete en papier : Permet de cr\u00e9er des motifs exquis, \u00e0 un co\u00fbt mod\u00e9r\u00e9 (convient aux cadeaux d'exposition ou aux souvenirs de r\u00e9unions annuelles, plus rentable en vrac).<\/p>\n<\/div>\n<\/div>\n\n\n\n<div style=\"height:40px\" aria-hidden=\"true\" class=\"wp-block-spacer\"><\/div>\n\n\n\n<h3 class=\"wp-block-heading\">Q1 : Le bo\u00eetier de la cl\u00e9 USB \u00e0 mousqueton m\u00e9tallique est-il \u00e9tanche et r\u00e9sistant aux chocs ? <\/h3>\n\n\n\n<p>R : Son bo\u00eetier m\u00e9tallique est un \"guerrier hexagonal protecteur\" :<\/p>\n\n\n\n<p>\u00c9tanche : Conforme \u00e0 l'\u00e9tanch\u00e9it\u00e9 quotidienne de niveau IPX4 (r\u00e9siste aux \u00e9claboussures et aux gouttes de pluie, mais ne s'immerge pas dans l'eau pour ne pas l'endommager).<\/p>\n\n\n\n<p>R\u00e9sistant aux chocs : Test de chute libre de 1,5 m (simulant des chutes de bureau ou de poche, la structure m\u00e9tallique amortissant efficacement les impacts).<\/p>\n\n\n\n<p>R\u00e9sistant \u00e0 la temp\u00e9rature : Fonctionne de mani\u00e8re stable de -20\u2103 (hiver en ext\u00e9rieur) \u00e0 60\u2103 (v\u00e9hicules \u00e0 haute temp\u00e9rature), garantissant l'int\u00e9grit\u00e9 des donn\u00e9es.<\/p>\n\n\n\n<p>R\u00e9sistant aux interf\u00e9rences : Le bo\u00eetier m\u00e9tallique est naturellement magn\u00e9tique et r\u00e9sistant aux rayons X (sans danger pour les contr\u00f4les de s\u00e9curit\u00e9 dans les a\u00e9roports ou \u00e0 proximit\u00e9 d'aimants). En bref : il r\u00e9siste aux \"accidents mineurs\" quotidiens, mais une immersion intentionnelle dans l'eau causera toujours des dommages !<\/p>\n\n\n\n<div class=\"wp-block-columns is-layout-flex wp-container-core-columns-is-layout-6 wp-block-columns-is-layout-flex\">\n<div class=\"wp-block-column is-layout-flow wp-block-column-is-layout-flow\">\n<figure class=\"wp-block-image size-full is-resized\"><img loading=\"lazy\" decoding=\"async\" width=\"800\" height=\"800\" src=\"https:\/\/yousanusb.com\/wp-content\/uploads\/2025\/06\/O1CN01scS8DC1sM0ny3zxeS_2682275751-0-cib.jpg_.webp.jpg\" alt=\"Mini cl\u00e9 USB \u00e0 mousqueton m\u00e9tallique\" class=\"wp-image-17264\" style=\"width:450px\" srcset=\"https:\/\/www.yousanusb.com\/wp-content\/uploads\/2025\/06\/O1CN01scS8DC1sM0ny3zxeS_2682275751-0-cib.jpg_.webp.jpg 800w, https:\/\/www.yousanusb.com\/wp-content\/uploads\/2025\/06\/O1CN01scS8DC1sM0ny3zxeS_2682275751-0-cib.jpg_.webp-300x300.jpg 300w, https:\/\/www.yousanusb.com\/wp-content\/uploads\/2025\/06\/O1CN01scS8DC1sM0ny3zxeS_2682275751-0-cib.jpg_.webp-150x150.jpg 150w, https:\/\/www.yousanusb.com\/wp-content\/uploads\/2025\/06\/O1CN01scS8DC1sM0ny3zxeS_2682275751-0-cib.jpg_.webp-768x768.jpg 768w, https:\/\/www.yousanusb.com\/wp-content\/uploads\/2025\/06\/O1CN01scS8DC1sM0ny3zxeS_2682275751-0-cib.jpg_.webp-12x12.jpg 12w, https:\/\/www.yousanusb.com\/wp-content\/uploads\/2025\/06\/O1CN01scS8DC1sM0ny3zxeS_2682275751-0-cib.jpg_.webp-600x600.jpg 600w, https:\/\/www.yousanusb.com\/wp-content\/uploads\/2025\/06\/O1CN01scS8DC1sM0ny3zxeS_2682275751-0-cib.jpg_.webp-100x100.jpg 100w\" sizes=\"(max-width: 800px) 100vw, 800px\" \/><\/figure>\n<\/div>\n\n\n\n<div class=\"wp-block-column is-layout-flow wp-block-column-is-layout-flow\"><div class=\"wp-block-image\">\n<figure class=\"aligncenter size-full is-resized\"><img loading=\"lazy\" decoding=\"async\" width=\"790\" height=\"825\" src=\"https:\/\/yousanusb.com\/wp-content\/uploads\/2025\/06\/Carabiner-Clasp-Metal-USB-Flash-Drive.png\" alt=\"Mousqueton - Clapet en m\u00e9tal Cl\u00e9 USB\" class=\"wp-image-17255\" style=\"width:400px\" srcset=\"https:\/\/www.yousanusb.com\/wp-content\/uploads\/2025\/06\/Carabiner-Clasp-Metal-USB-Flash-Drive.png 790w, https:\/\/www.yousanusb.com\/wp-content\/uploads\/2025\/06\/Carabiner-Clasp-Metal-USB-Flash-Drive-287x300.png 287w, https:\/\/www.yousanusb.com\/wp-content\/uploads\/2025\/06\/Carabiner-Clasp-Metal-USB-Flash-Drive-768x802.png 768w, https:\/\/www.yousanusb.com\/wp-content\/uploads\/2025\/06\/Carabiner-Clasp-Metal-USB-Flash-Drive-11x12.png 11w, https:\/\/www.yousanusb.com\/wp-content\/uploads\/2025\/06\/Carabiner-Clasp-Metal-USB-Flash-Drive-600x627.png 600w\" sizes=\"(max-width: 790px) 100vw, 790px\" \/><\/figure><\/div><\/div>\n<\/div>\n\n\n\n<div style=\"height:40px\" aria-hidden=\"true\" class=\"wp-block-spacer\"><\/div>\n\n\n\n<h3 class=\"wp-block-heading\">Q2 : La cl\u00e9 USB \u00e0 mousqueton m\u00e9tallique peut-elle \u00eatre accroch\u00e9e \u00e0 un porte-cl\u00e9s ? <\/h3>\n\n\n\n<p>R : Absolument ! Le design du mousqueton int\u00e8gre trois caract\u00e9ristiques astucieuses :<\/p>\n\n\n\n<p>Support de charge tr\u00e8s r\u00e9sistant : La boucle peut supporter environ 500 g, ce qui convient aux porte-cl\u00e9s quotidiens et aux petits pendentifs.<\/p>\n\n\n\n<p>Fonctionnement en douceur : Adopte une structure de boucle \u00e0 ressort, permettant une ouverture\/fermeture d'une seule main, assurant une fixation facile et emp\u00eachant un d\u00e9tachement accidentel.<\/p>\n\n\n\n<p>Logique antiperte : Le fait de lier la cl\u00e9 USB \u00e0 des cl\u00e9s signifie que la perte des cl\u00e9s sera imm\u00e9diatement remarqu\u00e9e, ce qui permet de garder la cl\u00e9 USB en s\u00e9curit\u00e9 - dites adieu \u00e0 la trag\u00e9die de la perte de la cl\u00e9 USB seule !<\/p>\n\n\n\n<div class=\"wp-block-columns is-layout-flex wp-container-core-columns-is-layout-7 wp-block-columns-is-layout-flex\">\n<div class=\"wp-block-column is-layout-flow wp-block-column-is-layout-flow\"><\/div>\n<\/div>\n\n\n\n<p><\/p>","protected":false},"excerpt":{"rendered":"<ul>\n<li>Structure du mousqueton Conception<\/li>\n<li>Mat\u00e9riau m\u00e9tallique<\/li>\n<li>Imperm\u00e9able et durable<\/li>\n<li>Vitesse plus rapide et haute qualit\u00e9<\/li>\n<li>Fiabilit\u00e9 et s\u00e9curit\u00e9<\/li>\n<li>Id\u00e9al pour tous les usages<\/li>\n<\/ul>","protected":false},"featured_media":17263,"comment_status":"open","ping_status":"closed","template":"","meta":{"_seopress_robots_primary_cat":"","_seopress_titles_title":"Metal Carabiner USB Flash Drive","_seopress_titles_desc":"","_seopress_robots_index":""},"class_list":["post-17245","product","type-product","status-publish","has-post-thumbnail","hentry","product_cat-usb30-flash-drive","product_cat-metal-usb-flash-drive","product_tag-metal-carabiner-usb-flash-drive","product_tag-custom-metal-keychain-usb-flash-drive","product_tag-buy-metal-leather-usb-flash-drive"],"_links":{"self":[{"href":"https:\/\/www.yousanusb.com\/fr\/wp-json\/wp\/v2\/product\/17245"}],"collection":[{"href":"https:\/\/www.yousanusb.com\/fr\/wp-json\/wp\/v2\/product"}],"about":[{"href":"https:\/\/www.yousanusb.com\/fr\/wp-json\/wp\/v2\/types\/product"}],"replies":[{"embeddable":true,"href":"https:\/\/www.yousanusb.com\/fr\/wp-json\/wp\/v2\/comments?post=17245"}],"wp:featuredmedia":[{"embeddable":true,"href":"https:\/\/www.yousanusb.com\/fr\/wp-json\/wp\/v2\/media\/17263"}],"wp:attachment":[{"href":"https:\/\/www.yousanusb.com\/fr\/wp-json\/wp\/v2\/media?parent=17245"}],"curies":[{"name":"wp","href":"https:\/\/api.w.org\/{rel}","templated":true}]}}